{"id":949,"date":"2024-12-02T14:14:08","date_gmt":"2024-12-02T14:14:08","guid":{"rendered":"https:\/\/ludoan125.com\/?page_id=949"},"modified":"2024-12-19T07:12:25","modified_gmt":"2024-12-19T07:12:25","slug":"tai-lieu-thiet-che-van-hoa-co-so","status":"publish","type":"page","link":"https:\/\/ludoan125.com\/index.php\/trang-chu\/van-hoa-co-so\/tai-lieu-thiet-che-van-hoa-co-so\/","title":{"rendered":"4. T\u00e0i li\u1ec7u thi\u1ebft ch\u1ebf v\u0103n h\u00f3a c\u01a1 s\u1edf"},"content":{"rendered":"<p style=\"text-align: center;\"><span style=\"font-family: helvetica, arial, sans-serif; color: #0000ff;\"><span style=\"font-size: 21.6px;\"><b>\u00a0T\u00e0i li\u1ec7u thi\u1ebft ch\u1ebf v\u0103n h\u00f3a c\u01a1 s\u1edf<\/b><\/span><\/span><\/p>\n<div class=\"text-center\"><div class=\"is-divider divider clearfix\" style=\"margin-top:30px;margin-bottom:30px;max-width:200px;background-color:rgb(175, 23, 64);\"><\/div><\/div>\n<div class=\"row\"  id=\"row-271452399\">\n\n\t<div id=\"col-1395738978\" class=\"col small-12 large-12\"  >\n\t\t\t\t<div class=\"col-inner\" style=\"background-color:rgb(204, 43, 82);\" >\n\t\t\t\n\t\t\t\n<p style=\"text-align: center;\"><a href=\"https:\/\/3s0745-my.sharepoint.com\/:f:\/g\/personal\/vancong_3s0745_onmicrosoft_com\/En5x9sXgd4VPno5n8wEhM7EBGIUBs_7r-D4VB4oNFMVOMQ?e=97d1bo\" target=\"_blank\" rel=\"noopener\"><span style=\"font-family: helvetica, arial, sans-serif; font-size: 130%; color: #ffffff;\"><strong><span style=\"font-size: 105%;\">T\u00e0i li\u1ec7u: &#8220;Thi\u1ebft ch\u1ebf H\u1ed9i tr\u01b0\u1eddng&#8221;<\/span><br \/><\/strong>(Nh\u1ea5n v\u00e0o \u0111\u00e2y \u0111\u1ec3 xem v\u00e0 t\u1ea3i v\u1ec1)<\/span><\/a><\/p>\n\t\t<\/div>\n\t\t\t\t\n<style>\n#col-1395738978 > .col-inner {\n  padding: 20px 0px 5px 0px;\n  border-radius: 10px;\n}\n<\/style>\n\t<\/div>\n\n\t\n<\/div>\n<div class=\"row\"  id=\"row-1544374488\">\n\n\t<div id=\"col-1621032012\" class=\"col small-12 large-12\"  >\n\t\t\t\t<div class=\"col-inner\" style=\"background-color:rgb(231, 64, 56);\" >\n\t\t\t\n\t\t\t\n<p style=\"text-align: center;\"><a href=\"https:\/\/3s0745-my.sharepoint.com\/:f:\/g\/personal\/vancong_3s0745_onmicrosoft_com\/EvES7cnCanhGrZz7V0nLtbQBZLntmiD9-y6L1SuVCqgLKQ?e=ogGqX6\" target=\"_blank\" rel=\"noopener\"><span style=\"font-family: helvetica, arial, sans-serif; font-size: 130%; color: #ffffff;\"><strong><span style=\"font-size: 105%;\">T\u00e0i li\u1ec7u: &#8220;Thi\u1ebft ch\u1ebf Th\u01b0 vi\u1ec7n&#8221;<\/span><br \/><\/strong>(Nh\u1ea5n v\u00e0o \u0111\u00e2y \u0111\u1ec3 xem v\u00e0 t\u1ea3i v\u1ec1)<\/span><\/a><\/p>\n\t\t<\/div>\n\t\t\t\t\n<style>\n#col-1621032012 > .col-inner {\n  padding: 20px 0px 5px 0px;\n  border-radius: 10px;\n}\n<\/style>\n\t<\/div>\n\n\t\n<\/div>\n<div class=\"row\"  id=\"row-896813346\">\n\n\t<div id=\"col-859742709\" class=\"col small-12 large-12\"  >\n\t\t\t\t<div class=\"col-inner\" style=\"background-color:rgb(120, 32, 110);\" >\n\t\t\t\n\t\t\t\n<p style=\"text-align: center;\"><a href=\"https:\/\/3s0745-my.sharepoint.com\/:f:\/g\/personal\/vancong_3s0745_onmicrosoft_com\/EmJ4MnEydRJPtiplunFFhSoBZtYtDuQ2yIZcqu7auhmGTA?e=bscksY\" target=\"_blank\" rel=\"noopener\"><span style=\"font-family: helvetica, arial, sans-serif; font-size: 130%; color: #ffffff;\"><strong><span style=\"font-size: 100%;\">T\u00e0i li\u1ec7u: &#8220;Thi\u1ebft ch\u1ebf ph\u00f2ng HCM&#8221;<\/span><br \/><\/strong>(Nh\u1ea5n v\u00e0o \u0111\u00e2y \u0111\u1ec3 xem v\u00e0 t\u1ea3i v\u1ec1)<\/span><\/a><\/p>\n\t\t<\/div>\n\t\t\t\t\n<style>\n#col-859742709 > .col-inner {\n  padding: 20px 0px 5px 0px;\n  border-radius: 10px;\n}\n<\/style>\n\t<\/div>\n\n\t\n<\/div>\n<div class=\"row\"  id=\"row-239823752\">\n\n\t<div id=\"col-1720855641\" class=\"col small-12 large-12\"  >\n\t\t\t\t<div class=\"col-inner\" style=\"background-color:rgb(204, 43, 82);\" >\n\t\t\t\n\t\t\t\n<p style=\"text-align: center;\"><a href=\"https:\/\/3s0745-my.sharepoint.com\/:f:\/g\/personal\/vancong_3s0745_onmicrosoft_com\/ErbpbkbQjfpFgiWqZyHs6uwByKpulFcfGVdJLp5cKeav7g?e=VmhPkx\" target=\"_blank\" rel=\"noopener\"><span style=\"font-family: helvetica, arial, sans-serif; font-size: 130%; color: #ffffff;\"><strong><span style=\"font-size: 100%;\">T\u00e0i li\u1ec7u: &#8220;Thi\u1ebft ch\u1ebf ph\u00f2ng SHC&#8221;<\/span><br \/><\/strong>(Nh\u1ea5n v\u00e0o \u0111\u00e2y \u0111\u1ec3 xem v\u00e0 t\u1ea3i v\u1ec1)<\/span><\/a><\/p>\n\t\t<\/div>\n\t\t\t\t\n<style>\n#col-1720855641 > .col-inner {\n  padding: 20px 0px 5px 0px;\n  border-radius: 10px;\n}\n<\/style>\n\t<\/div>\n\n\t\n<\/div>\n","protected":false},"excerpt":{"rendered":"<p>\u00a0T\u00e0i li\u1ec7u thi\u1ebft ch\u1ebf v\u0103n h\u00f3a c\u01a1 s\u1edf<\/p>\n","protected":false},"author":1,"featured_media":0,"parent":344,"menu_order":0,"comment_status":"closed","ping_status":"closed","template":"","meta":{"footnotes":""},"class_list":["post-949","page","type-page","status-publish","hentry"],"_links":{"self":[{"href":"https:\/\/ludoan125.com\/index.php\/wp-json\/wp\/v2\/pages\/949","targetHints":{"allow":["GET"]}}],"collection":[{"href":"https:\/\/ludoan125.com\/index.php\/wp-json\/wp\/v2\/pages"}],"about":[{"href":"https:\/\/ludoan125.com\/index.php\/wp-json\/wp\/v2\/types\/page"}],"author":[{"embeddable":true,"href":"https:\/\/ludoan125.com\/index.php\/wp-json\/wp\/v2\/users\/1"}],"replies":[{"embeddable":true,"href":"https:\/\/ludoan125.com\/index.php\/wp-json\/wp\/v2\/comments?post=949"}],"version-history":[{"count":20,"href":"https:\/\/ludoan125.com\/index.php\/wp-json\/wp\/v2\/pages\/949\/revisions"}],"predecessor-version":[{"id":1332,"href":"https:\/\/ludoan125.com\/index.php\/wp-json\/wp\/v2\/pages\/949\/revisions\/1332"}],"up":[{"embeddable":true,"href":"https:\/\/ludoan125.com\/index.php\/wp-json\/wp\/v2\/pages\/344"}],"wp:attachment":[{"href":"https:\/\/ludoan125.com\/index.php\/wp-json\/wp\/v2\/media?parent=949"}],"curies":[{"name":"wp","href":"https:\/\/api.w.org\/{rel}","templated":true}]}}