{"id":874,"date":"2024-12-02T13:04:00","date_gmt":"2024-12-02T13:04:00","guid":{"rendered":"https:\/\/ludoan125.com\/?page_id=874"},"modified":"2024-12-25T17:07:09","modified_gmt":"2024-12-25T17:07:09","slug":"1-quoc-te-ca","status":"publish","type":"page","link":"https:\/\/ludoan125.com\/index.php\/trang-chu\/van-hoa-co-so\/3-van-hoa-van-nghe\/15-bai-hat-quy-dinh-trong-quan-doi\/1-quoc-te-ca\/","title":{"rendered":"1. Qu\u1ed1c t\u1ebf ca"},"content":{"rendered":"<p style=\"text-align: center;\"><span style=\"font-size: 140%; color: #0000ff;\"><strong><span style=\"font-size: 110%; font-family: helvetica, arial, sans-serif;\">B\u00e0i h\u00e1t: Qu\u1ed1c t\u1ebf ca<\/span><br \/><\/strong><\/span><\/p>\n<div class=\"text-center\"><div class=\"is-divider divider clearfix\" style=\"margin-top:30px;margin-bottom:30px;max-width:200px;background-color:rgb(175, 23, 64);\"><\/div><\/div>\n<div class=\"row\"  id=\"row-1742429565\">\n\n\t<div id=\"col-1274128265\" class=\"col small-12 large-12\"  >\n\t\t\t\t<div class=\"col-inner\" style=\"background-color:rgb(120, 32, 110);\" >\n\t\t\t\n\t\t\t\n<p style=\"text-align: center;\"><span style=\"color: #ffffff;\"><strong><span style=\"font-family: helvetica, arial, sans-serif; font-size: 140%;\">File nh\u1ea1c kh\u00f4ng l\u1eddi<\/span><\/strong><\/span><\/p>\n\t\t<\/div>\n\t\t\t\t\n<style>\n#col-1274128265 > .col-inner {\n  padding: 20px 0px 5px 0px;\n  border-radius: 10px;\n}\n<\/style>\n\t<\/div>\n\n\t\n<\/div>\n<audio class=\"wp-audio-shortcode\" id=\"audio-874-1\" preload=\"none\" style=\"width: 100%;\" controls=\"controls\"><source type=\"audio\/mpeg\" src=\"http:\/\/ludoan125.com\/wp-content\/uploads\/2024\/12\/Quoc-Te-Ca-khong-loi.mp3?_=1\" \/><a href=\"http:\/\/ludoan125.com\/wp-content\/uploads\/2024\/12\/Quoc-Te-Ca-khong-loi.mp3\">http:\/\/ludoan125.com\/wp-content\/uploads\/2024\/12\/Quoc-Te-Ca-khong-loi.mp3<\/a><\/audio>\n<p>\u00a0<\/p>\n<div class=\"row\"  id=\"row-264780698\">\n\n\t<div id=\"col-541978312\" class=\"col small-12 large-12\"  >\n\t\t\t\t<div class=\"col-inner\" style=\"background-color:rgb(0, 160, 210);\" >\n\t\t\t\n\t\t\t\n<p style=\"text-align: center;\"><span style=\"color: #ffffff;\"><strong><span style=\"font-family: helvetica, arial, sans-serif; font-size: 140%;\">File nh\u1ea1c c\u00f3 l\u1eddi<\/span><\/strong><\/span><\/p>\n\t\t<\/div>\n\t\t\t\t\n<style>\n#col-541978312 > .col-inner {\n  padding: 20px 0px 5px 0px;\n  border-radius: 10px;\n}\n<\/style>\n\t<\/div>\n\n\t\n<\/div>\n<audio class=\"wp-audio-shortcode\" id=\"audio-874-2\" preload=\"none\" style=\"width: 100%;\" controls=\"controls\"><source type=\"audio\/mpeg\" src=\"http:\/\/ludoan125.com\/wp-content\/uploads\/2024\/12\/quocteca-co-loi2.mp3?_=2\" \/><a href=\"http:\/\/ludoan125.com\/wp-content\/uploads\/2024\/12\/quocteca-co-loi2.mp3\">http:\/\/ludoan125.com\/wp-content\/uploads\/2024\/12\/quocteca-co-loi2.mp3<\/a><\/audio>\n<p>\u00a0<\/p>\n<p style=\"text-align: center;\"><span style=\"color: #000000; font-family: helvetica, arial, sans-serif; font-size: 100%;\"><span style=\"color: #0000ff; font-family: helvetica, arial, sans-serif;\"><span style=\"font-size: 20.16px;\"><b>L\u1eddi b\u00e0i h\u00e1t: Qu\u1ed1c t\u1ebf ca<\/b><\/span><\/span><\/span><\/p>\n<p style=\"text-align: justify;\"><span style=\"color: #000000; font-family: helvetica, arial, sans-serif; font-size: 100%;\">Nh\u1ea1c: P. Degeyter<\/span><\/p>\n<p style=\"text-align: justify;\"><span style=\"color: #000000; font-family: helvetica, arial, sans-serif; font-size: 100%;\">L\u1eddi: Eug\u00e8ne Pottier<\/span><\/p>\n<p style=\"text-align: justify;\"><span style=\"color: #000000; font-family: helvetica, arial, sans-serif; font-size: 100%;\">V\u00f9ng l\u00ean h\u1ee1i c\u00e1c n\u00f4 l\u1ec7 \u1edf th\u1ebf gian, v\u00f9ng l\u00ean h\u1ee1i ai c\u1ef1c kh\u1ed5 b\u1ea7n h\u00e0n. S\u1ee5c s\u00f4i nhi\u1ec7t huy\u1ebft trong t\u00e2m \u0111\u1ea7y ch\u1ee9a r\u1ed3i. Quy\u1ebft phen n\u00e0y s\u1ed1ng ch\u1ebft m\u00e0 th\u00f4i. Ch\u1ebf \u0111\u1ed9 x\u01b0a ta mau ph\u00e1 s\u1ea1ch tan t\u00e0nh. To\u00e0n n\u00f4 l\u1ec7 v\u00f9ng \u0111\u1ee9ng l\u00ean \u0111i. Nay mai cu\u1ed9c \u0111\u1eddi c\u1ee7a to\u00e0n d\u00e2n kh\u00e1c x\u01b0a, bao nhi\u00eau l\u1ee3i quy\u1ec1n t\u1ea5t qua tay m\u00ecnh.<\/span><\/p>\n<p style=\"text-align: justify;\"><span style=\"color: #000000; font-family: helvetica, arial, sans-serif; font-size: 100%;\">\u0110\u1ea5u tranh n\u00e0y l\u00e0 tr\u1eadn cu\u1ed1i c\u00f9ng, k\u1ebft \u0111o\u00e0n l\u1ea1i \u0111\u1ec3 ng\u00e0y mai. \u201cL\u2019In \u2013 ter \u2013 na \u2013 ti \u2013 o \u2013 na &#8211; le s\u1ebd l\u00e0 x\u00e3 h\u1ed9i t\u01b0\u01a1ng lai.<\/span><\/p>\n<p style=\"text-align: justify;\"><span style=\"color: #000000; font-family: helvetica, arial, sans-serif; font-size: 100%;\">\u0110\u1ea5u tranh n\u00e0y l\u00e0 tr\u1eadn cu\u1ed1i c\u00f9ng, k\u1ebft \u0111o\u00e0n l\u1ea1i \u0111\u1ec3 ng\u00e0y mai .L\u2019In \u2013 ter \u2013 na \u2013 ti \u2013 on &#8211; le s\u1ebd l\u00e0 x\u00e3 h\u1ed9i t\u01b0\u01a1ng lai.<\/span><\/p>\n<div class=\"text-center\"><div class=\"is-divider divider clearfix\" style=\"margin-top:30px;margin-bottom:30px;max-width:200px;background-color:rgb(175, 23, 64);\"><\/div><\/div>\n<p style=\"text-align: center;\"><span style=\"color: #000000; font-family: helvetica, arial, sans-serif; font-size: 100%;\"><span style=\"color: #0000ff; font-family: helvetica, arial, sans-serif;\"><span style=\"font-size: 20.16px;\"><b>S\u01a1 l\u01b0\u1ee3c v\u1ec1 t\u00e1c gi\u1ea3 v\u00e0 t\u00e1c ph\u1ea9m<\/b><\/span><\/span><\/span><\/p>\n\t<div class=\"box has-hover   has-hover box-text-bottom\" >\n\n\t\t<div class=\"box-image\" >\n\t\t\t\t\t\t<div class=\"\" >\n\t\t\t\t<img loading=\"lazy\" decoding=\"async\" width=\"720\" height=\"960\" src=\"https:\/\/ludoan125.com\/wp-content\/uploads\/2024\/12\/quocteca2.jpg\" class=\"attachment- size-\" alt=\"\" srcset=\"https:\/\/ludoan125.com\/wp-content\/uploads\/2024\/12\/quocteca2.jpg 720w, https:\/\/ludoan125.com\/wp-content\/uploads\/2024\/12\/quocteca2-225x300.jpg 225w\" sizes=\"auto, (max-width: 720px) 100vw, 720px\" \/>\t\t\t\t\t\t\t\t\t\t\t<\/div>\n\t\t\t\t\t<\/div>\n\n\t\t<div class=\"box-text text-center\" >\n\t\t\t<div class=\"box-text-inner\">\n\t\t\t\t\n<p style=\"text-align: center;\"><span style=\"color: #0000ff; font-family: helvetica, arial, sans-serif; font-size: 140%;\">Eug\u00e8ne Pottier (1816\u20131887)<\/span><\/p>\n\t\t\t<\/div>\n\t\t<\/div>\n\t<\/div>\n\t\n<p style=\"text-align: justify;\"><span style=\"font-family: helvetica, arial, sans-serif; font-size: 105%; color: #000000;\">Eug\u00e8ne Potier, m\u1ed9t nh\u00e0 th\u01a1 l\u1edbn, ng\u01b0\u1eddi chi\u1ebfn s\u0129 trung ki\u00ean c\u1ee7a c\u00e1ch m\u1ea1ng v\u00f4 s\u1ea3n Ph\u00e1p. Lenin g\u1ecdi Eug\u00e8ne Potier l\u00e0 \u201cnh\u00e0 tuy\u00ean truy\u1ec1n v\u0129 \u0111\u1ea1i c\u1ee7a c\u00e1ch m\u1ea1ng v\u00f4 s\u1ea3n\u201d. \u00d4ng sinh n\u0103m 1816, trong m\u1ed9t gia \u0111\u00ecnh ngh\u00e8o kh\u1ed5 \u1edf Paris. T\u1eeb b\u00e9, \u00f4ng \u0111\u00e3 ph\u1ea3i s\u1ed1ng cu\u1ed9c s\u1ed1ng kh\u1ed5 c\u1ef1c v\u00ec \u0111\u00f3i kh\u00e1t v\u00e0 th\u1ea5t h\u1ecdc. L\u1edbn l\u00ean trong giai \u0111o\u1ea1n b\u00e3o t\u00e1p \u0111\u1ea5u tranh giai c\u1ea5p \u1edf ch\u00e2u \u00c2u cu\u1ed1i th\u1ebf k\u1ef7 19, phong tr\u00e0o c\u00e1ch m\u1ea1ng s\u00f4i n\u1ed5i c\u1ee7a Ph\u00e1p l\u00fac b\u1ea5y gi\u1edd \u0111\u00e3 t\u00e1c \u0111\u1ed9ng \u0111\u1ebfn Potier. \u00d4ng s\u1edbm ti\u1ebfp thu t\u01b0 t\u01b0\u1edfng c\u1ee7a Marx v\u00e0 Engels, \u0111\u00e3 tham gia \u0111\u1ea5u tranh tr\u00ean c\u1ea3 m\u1eb7t tr\u1eadn t\u01b0 t\u01b0\u1edfng v\u00e0 l\u00e0 ng\u01b0\u1eddi chi\u1ebfn s\u0129 c\u1ea5m s\u00fang chi\u1ebfn \u0111\u1ea5u cho \u0111\u1ebfn ph\u00fat cu\u1ed1i c\u00f9ng trong \u201cTu\u1ea7n l\u1ec5 th\u00e1ng 5 \u0111\u1eabm m\u00e1u\u201d.<\/span><\/p>\n<p style=\"text-align: justify;\"><span style=\"font-family: helvetica, arial, sans-serif; font-size: 105%; color: #000000;\">Trong th\u1eddi k\u1ef3 C\u00f4ng x\u00e3 Paris, \u00f4ng l\u00e0 th\u00e0nh vi\u00ean c\u1ee7a H\u1ed9i \u0111\u1ed3ng c\u00f4ng x\u00e3 c\u1ee7a th\u00e0nh ph\u1ed1, l\u00e0m \u1ee7y vi\u00ean \u1ee6y ban ph\u00fac l\u1ee3i x\u00e3 h\u1ed9i v\u00e0 ph\u1ee5 tr\u00e1ch c\u00f4ng t\u00e1c l\u00e3nh \u0111\u1ea1o Hi\u1ec7p h\u1ed9i c\u00f4ng nh\u00e2n v\u00e0 Hi\u1ec7p h\u1ed9i c\u00e1c nh\u00e0 ngh\u1ec7 thu\u1eadt. B\u00e0i th\u01a1 L\u2019Internationale, d\u1ecbch ngh\u0129a l\u00e0 \u201cQu\u1ed1c t\u1ebf\u201d \u0111\u01b0\u1ee3c Potier vi\u1ebft n\u0103m 1871, sau khi C\u00f4ng x\u00e3 Paris b\u1ecb \u0111\u00e0n \u00e1p d\u1eabn \u0111\u1ebfn th\u1ea5t b\u1ea1i, ch\u1ea5t ch\u1ee9a n\u1ed7i x\u00f3t th\u01b0\u01a1ng h\u00e0ng tri\u1ec7u ng\u01b0\u1eddi n\u00f4 l\u1ec7 tr\u00ean th\u1ebf gi\u1edbi \u0111ang ph\u1ea3i s\u1ed1ng trong \u0111\u00f3i r\u00e9t. T\u1eeb qu\u00e1 tr\u00ecnh chi\u1ebfn \u0111\u1ea5u c\u1ee7a m\u00ecnh, \u00f4ng li\u00ean t\u01b0\u1edfng \u0111\u1ebfn nh\u1eefng ng\u01b0\u1eddi \u0111\u1ed3ng ch\u00ed v\u00ec theo \u0111u\u1ed5i ch\u00e2n l{ m\u00e0 d\u1ed1c c\u1ea1n b\u1ea7u nhi\u1ec7t huy\u1ebft. T\u1eeb nh\u1eefng ng\u00e0y vui s\u01b0\u1edbng giai c\u1ea5p c\u00f4ng nh\u00e2n \u0111\u01b0\u1ee3c l\u00e0m ch\u1ee7, \u00f4ng li\u00ean t\u01b0\u1edfng \u0111\u1ebfn c\u1ea3nh huy ho\u00e0ng khi giai c\u1ea5p v\u00f4 s\u1ea3n th\u1ebf gi\u1edbi \u0111\u01b0\u1ee3c ho\u00e0n to\u00e0n gi\u1ea3i ph\u00f3ng. C\u00f4ng x\u00e3 \u0111\u00e3 th\u1ea5t b\u1ea1i nh\u01b0ng c\u00e1ch m\u1ea1ng s\u1ebd ti\u1ebfp t\u1ee5c. Nh\u1ea5t \u0111\u1ecbnh ph\u1ea3i r\u00fat ra b\u00e0i h\u1ecdc, n\u1eafm l\u1ea5y th\u1eddi c\u01a1, gi\u00e0nh l\u1ea1i th\u00e0nh qu\u1ea3 lao \u0111\u1ed9ng. N\u0103m 1888, nh\u1ea1c s\u0129 ng\u01b0\u1eddi Ph\u00e1p Pierre Degayter, ng\u01b0\u1eddi ph\u1ee5 tr\u00e1ch \u0110\u1ed9i h\u1ee3p x\u01b0\u1edbng Ti\u1ebfng n\u00f3i C\u00f4ng nh\u00e2n \u1edf th\u00e0nh ph\u1ed1 Lille \u0111\u00e3 ph\u1ed5 nh\u1ea1c b\u00e0i th\u01a1 th\u00e0nh b\u00e0i h\u00e1t. Ng\u00e0y 23\/6\/1888, Ban \u0111\u1ed3ng ca c\u00f4ng nh\u00e2n c\u1ee7a th\u00e0nh ph\u1ed1 Lille \u0111\u00e3 bi\u1ec3u di\u1ec5n l\u1ea7n \u0111\u1ea7u ti\u00ean b\u00e0i ca \u201cQu\u1ed1c t\u1ebf\u201d trong Ng\u00e0y h\u1ed9i c\u00f4ng nh\u00e2n c\u1ee7a th\u00e0nh ph\u1ed1. Sau l\u1ea7n bi\u1ec3u di\u1ec5n \u0111\u1ea7u ti\u00ean, \u201cQu\u1ed1c t\u1ebf ca\u201d \u0111\u00e3 g\u00e2y \u0111\u01b0\u1ee3c ti\u1ebfng vang r\u1ea5t l\u1edbn trong c\u00f4ng nh\u00e2n. T\u1eeb \u0111\u00f3, n\u00f3 \u0111\u01b0\u1ee3c lan truy\u1ec1n r\u1ea5t nhanh \u1edf n\u01b0\u1edbc Ph\u00e1p v\u00e0 c\u00e1c n\u01a1i tr\u00ean th\u1ebf gi\u1edbi, tr\u1edf th\u00e0nh b\u00e0i ca ch\u00ednh th\u1ee9c c\u1ee7a giai c\u1ea5p v\u00f4 s\u1ea3n tr\u00ean th\u1ebf gi\u1edbi, l\u00e0 ti\u1ebfng k\u00e8n l\u1ec7nh chi\u1ebfn \u0111\u1ea5u c\u1ee7a c\u00e1c chi\u1ebfn s\u0129 c\u1ed9ng s\u1ea3n v\u00e0 nh\u00e2n d\u00e2n lao \u0111\u1ed9ng. S\u1ee9c truy\u1ec1n c\u1ea3m c\u1ee7a \u0111i\u1ec7u nh\u1ea1c v\u00e0 l\u1eddi ca \u0111\u00e3 c\u00f3 s\u1ee9c c\u1ed5 v\u0169, \u0111\u1ed9ng vi\u00ean, k\u00eau g\u1ecdi m\u1ea1nh m\u1ebd tinh th\u1ea7n \u201cv\u00f4 s\u1ea3n th\u1ebf gi\u1edbi \u0111o\u00e0n k\u1ebft l\u1ea1i\u201d, l\u1eadt \u0111\u1ed5 ch\u1ebf \u0111\u1ed9 b\u00f3c l\u1ed9t, mang s\u1ee9c ta m\u00e0 gi\u1ea3i ph\u00f3ng cho ta. \u0110\u1ea7u th\u1ebf k\u1ef7 20, c\u00e1c \u0111\u1ea1i bi\u1ec3u \u0111i d\u1ef1 Qu\u1ed1c t\u1ebf C\u1ed9ng s\u1ea3n \u0111\u00e3 h\u1ecdc thu\u1ed9c \u0111em v\u1ec1 ph\u1ed5 bi\u1ebfn \u1edf \u0111\u1ea5t n\u01b0\u1edbc m\u00ecnh. N\u0103m 1902, Qu\u1ed1c t\u1ebf ca \u0111\u01b0\u1ee3c d\u1ecbch ra ti\u1ebfng Nga..<\/span><\/p>\n<p style=\"text-align: justify;\"><span style=\"font-family: helvetica, arial, sans-serif; font-size: 105%; color: #000000;\">Sau C\u00e1ch m\u1ea1ng x\u00e3 h\u1ed9i ch\u1ee7 ngh\u0129a Th\u00e1ng M\u01b0\u1eddi Nga (n\u0103m 1917), \u201cQu\u1ed1c t\u1ebf ca\u201d \u0111\u01b0\u1ee3c l\u1ea5y l\u00e0m Qu\u1ed1c ca c\u1ee7a Li\u00ean X\u00f4. \u0110\u1ebfn n\u0103m 1944, sau khi th\u00f4ng qua b\u00e0i Qu\u1ed1c ca m\u1edbi, \u0110\u1ea3ng C\u1ed9ng s\u1ea3n Li\u00ean X\u00f4 quy\u1ebft ngh\u1ecb gi\u1eef b\u00e0i Qu\u1ed1c t\u1ebf ca l\u00e0m \u0110\u1ea3ng ca. \u1ede Vi\u1ec7t Nam, B\u00e1c H\u1ed3 l\u00e0 ng\u01b0\u1eddi \u0111\u1ea7u ti\u00ean ph\u1ecfng d\u1ecbch \u201cQu\u1ed1c t\u1ebf ca\u201d th\u00e0nh th\u01a1 l\u1ee5c b\u00e1t v\u00e0 gi\u1edbi thi\u1ec7u tr\u00ean m\u1ed9t s\u1ed1 t\u1edd b\u00e1o v\u00e0o n\u0103m 1927. Khi \u0110\u1ea3ng c\u1ed9ng s\u1ea3n \u0110\u00f4ng D\u01b0\u01a1ng th\u00e0nh l\u1eadp n\u0103m 1930, b\u00e0i \u201cQu\u1ed1c t\u1ebf ca\u201d \u0111\u01b0\u1ee3c b\u00ed m\u1eadt ph\u1ed5 bi\u1ebfn v\u00e0 sau \u0111\u00f3 \u0111\u01b0\u1ee3c h\u00e1t c\u00f4ng khai trong nh\u1eefng cu\u1ed9c bi\u1ec3u t\u00ecnh. Trong nh\u1eefng n\u0103m \u0111\u1ea5u tranh c\u00e1ch m\u1ea1ng gian kh\u1ed5, \u201cQu\u1ed1c t\u1ebf ca\u201d l\u00e0 ngu\u1ed3n an \u1ee7i, s\u1ef1 th\u00fac gi\u1ee5c g\u00f3p ph\u1ea7n gi\u1eef v\u1eefng \u00fd ch\u00ed chi\u1ebfn \u0111\u1ea5u cho bi\u1ebft bao chi\u1ebfn s\u0129 c\u00e1ch m\u1ea1ng trung ki\u00ean. B\u1ecb gi\u1eb7c b\u1eaft, h\u1ecd h\u00e1t \u201cQu\u1ed1c t\u1ebf ca\u201d. Khi ra tr\u01b0\u1edbc t\u00f2a \u00e1n, khi ra ph\u00e1p tr\u01b0\u1eddng, \u201cQu\u1ed1c t\u1ebf ca\u201d vang l\u00ean m\u1ed9t c\u00e1ch hi\u00ean ngang, b\u1ea5t khu\u1ea5t. Trong nh\u00e0 t\u00f9, h\u1ecd d\u1ea1y nhau h\u00e1t \u201cQu\u1ed1c t\u1ebf ca\u201d \u0111\u1ec3 gi\u1eef v\u1eefng tinh th\u1ea7n. Khi m\u00edt-tinh, bi\u1ec3u t\u00ecnh, \u201cQu\u1ed1c t\u1ebf ca\u201d vang l\u00ean \u0111\u1ec3 t\u1eadp h\u1ee3p qu\u1ea7n ch\u00fang \u0111\u1ea5u tranh, tr\u1edf th\u00e0nh m\u1ed9t v\u0169 kh\u00ed \u0111\u1ea5u tranh th\u1ef1c s\u1ef1 c\u1ee7a giai c\u1ea5p v\u00f4 s\u1ea3n.\/.<\/span><\/p>\n<p style=\"text-align: right;\"><span style=\"font-size: 95%; font-family: helvetica, arial, sans-serif; color: #0000ff;\"><em>S\u01b0u t\u1ea7m v\u00e0 bi\u00ean t\u1eadp: Ph\u1ea1m S\u01a1n H\u1ea3i &#8211; CT23.<\/em><\/span><\/p>\n","protected":false},"excerpt":{"rendered":"<p>B\u00e0i h\u00e1t: Qu\u1ed1c t\u1ebf ca \u00a0 \u00a0 L\u1eddi b\u00e0i h\u00e1t: Qu\u1ed1c t\u1ebf ca Nh\u1ea1c: P. Degeyter L\u1eddi: Eug\u00e8ne Pottier V\u00f9ng l\u00ean h\u1ee1i c\u00e1c n\u00f4 l\u1ec7 \u1edf th\u1ebf gian, v\u00f9ng l\u00ean h\u1ee1i ai c\u1ef1c kh\u1ed5 b\u1ea7n h\u00e0n. S\u1ee5c s\u00f4i nhi\u1ec7t huy\u1ebft trong t\u00e2m \u0111\u1ea7y ch\u1ee9a r\u1ed3i. Quy\u1ebft phen n\u00e0y s\u1ed1ng ch\u1ebft m\u00e0 th\u00f4i. Ch\u1ebf \u0111\u1ed9 x\u01b0a [&#8230;]\n","protected":false},"author":1,"featured_media":0,"parent":847,"menu_order":0,"comment_status":"closed","ping_status":"closed","template":"","meta":{"footnotes":""},"class_list":["post-874","page","type-page","status-publish","hentry"],"_links":{"self":[{"href":"https:\/\/ludoan125.com\/index.php\/wp-json\/wp\/v2\/pages\/874","targetHints":{"allow":["GET"]}}],"collection":[{"href":"https:\/\/ludoan125.com\/index.php\/wp-json\/wp\/v2\/pages"}],"about":[{"href":"https:\/\/ludoan125.com\/index.php\/wp-json\/wp\/v2\/types\/page"}],"author":[{"embeddable":true,"href":"https:\/\/ludoan125.com\/index.php\/wp-json\/wp\/v2\/users\/1"}],"replies":[{"embeddable":true,"href":"https:\/\/ludoan125.com\/index.php\/wp-json\/wp\/v2\/comments?post=874"}],"version-history":[{"count":50,"href":"https:\/\/ludoan125.com\/index.php\/wp-json\/wp\/v2\/pages\/874\/revisions"}],"predecessor-version":[{"id":1513,"href":"https:\/\/ludoan125.com\/index.php\/wp-json\/wp\/v2\/pages\/874\/revisions\/1513"}],"up":[{"embeddable":true,"href":"https:\/\/ludoan125.com\/index.php\/wp-json\/wp\/v2\/pages\/847"}],"wp:attachment":[{"href":"https:\/\/ludoan125.com\/index.php\/wp-json\/wp\/v2\/media?parent=874"}],"curies":[{"name":"wp","href":"https:\/\/api.w.org\/{rel}","templated":true}]}}