{"id":693,"date":"2024-11-24T13:02:45","date_gmt":"2024-11-24T13:02:45","guid":{"rendered":"https:\/\/ludoan125.com\/?page_id=693"},"modified":"2024-12-30T16:12:13","modified_gmt":"2024-12-30T16:12:13","slug":"tai-lieu-hoc-tap-chinh-tri","status":"publish","type":"page","link":"https:\/\/ludoan125.com\/index.php\/trang-chu\/giao-duc-chinh-tri\/1-giao-duc-chinh-tri\/tai-lieu-hoc-tap-chinh-tri\/","title":{"rendered":"T\u00e0i li\u1ec7u h\u1ecdc t\u1eadp ch\u00ednh tr\u1ecb"},"content":{"rendered":"<p style=\"text-align: center;\"><span style=\"font-family: helvetica, arial, sans-serif; font-size: 150%; color: #0000ff;\"><strong>T\u00e0i li\u1ec7u h\u1ecdc t\u1eadp ch\u00ednh tr\u1ecb<\/strong><\/span><\/p>\n<div class=\"text-center\"><div class=\"is-divider divider clearfix\" style=\"margin-top:30px;margin-bottom:30px;max-width:200px;background-color:rgb(175, 23, 64);\"><\/div><\/div>\n<div class=\"row\"  id=\"row-1698076355\">\n\n\t<div id=\"col-1951266078\" class=\"col small-12 large-12\"  >\n\t\t\t\t<div class=\"col-inner\" style=\"background-color:rgb(231, 64, 56);\" >\n\t\t\t\n\t\t\t\n<p style=\"text-align: center;\"><span style=\"font-size: 130%;\"><a href=\"https:\/\/3s0745-my.sharepoint.com\/:f:\/g\/personal\/vancong_3s0745_onmicrosoft_com\/EqeZ6Pcs7LtAtcozfMT2imgBEeFFxEp266Lkc0uqBonK0w?e=hwN3Wr\" target=\"_blank\" rel=\"noopener\"><span style=\"font-family: helvetica, arial, sans-serif; color: #ffffff;\"><strong>T\u00e0i li\u1ec7u h\u1ecdc t\u1eadp ch\u00ednh tr\u1ecb th\u00e1ng 01<br \/><\/strong>(Nh\u1ea5n v\u00e0o \u0111\u00e2y \u0111\u1ec3 xem v\u00e0 t\u1ea3i v\u1ec1)<\/span><\/a><\/span><\/p>\n\t\t<\/div>\n\t\t\t\t\n<style>\n#col-1951266078 > .col-inner {\n  padding: 20px 0px 5px 0px;\n  border-radius: 10px;\n}\n<\/style>\n\t<\/div>\n\n\t\n<\/div>\n<div class=\"row\"  id=\"row-929997937\">\n\n\t<div id=\"col-1293896928\" class=\"col small-12 large-12\"  >\n\t\t\t\t<div class=\"col-inner\" style=\"background-color:rgb(120, 32, 110);\" >\n\t\t\t\n\t\t\t\n<p style=\"text-align: center;\"><span style=\"font-size: 130%;\"><a href=\"https:\/\/3s0745-my.sharepoint.com\/:f:\/g\/personal\/vancong_3s0745_onmicrosoft_com\/EuiirCyP1HBNrfytwjSqpq0BejqQJqAadd46jZAVjgMoFg?e=cVb2fv\" target=\"_blank\" rel=\"noopener\"><span style=\"font-family: helvetica, arial, sans-serif; color: #ffffff;\"><strong>T\u00e0i li\u1ec7u h\u1ecdc t\u1eadp ch\u00ednh tr\u1ecb th\u00e1ng 02<br \/><\/strong>(Nh\u1ea5n v\u00e0o \u0111\u00e2y \u0111\u1ec3 xem v\u00e0 t\u1ea3i v\u1ec1)<\/span><\/a><\/span><\/p>\n\t\t<\/div>\n\t\t\t\t\n<style>\n#col-1293896928 > .col-inner {\n  padding: 20px 0px 5px 0px;\n  border-radius: 10px;\n}\n<\/style>\n\t<\/div>\n\n\t\n<\/div>\n<div class=\"row\"  id=\"row-494291717\">\n\n\t<div id=\"col-1420567154\" class=\"col small-12 large-12\"  >\n\t\t\t\t<div class=\"col-inner\" style=\"background-color:#e74038;\" >\n\t\t\t\n\t\t\t\n<p style=\"text-align: center;\"><span style=\"font-size: 130%;\"><a href=\"https:\/\/3s0745-my.sharepoint.com\/:f:\/g\/personal\/vancong_3s0745_onmicrosoft_com\/Ekaj622ONj9JrYHiWGfSykIBIpr7Na2gPzYE9coiJ3x_IQ?e=CClvtH\" target=\"_blank\" rel=\"noopener\"><span style=\"font-family: helvetica, arial, sans-serif; color: #ffffff;\"><strong>T\u00e0i li\u1ec7u h\u1ecdc t\u1eadp ch\u00ednh tr\u1ecb th\u00e1ng 3<br \/><\/strong>(Nh\u1ea5n v\u00e0o \u0111\u00e2y \u0111\u1ec3 xem v\u00e0 t\u1ea3i v\u1ec1)<\/span><\/a><\/span><\/p>\n\t\t<\/div>\n\t\t\t\t\n<style>\n#col-1420567154 > .col-inner {\n  padding: 20px 0px 5px 0px;\n  border-radius: 10px;\n}\n<\/style>\n\t<\/div>\n\n\t\n<\/div>\n<div class=\"row\"  id=\"row-1520012278\">\n\n\t<div id=\"col-1941004284\" class=\"col small-12 large-12\"  >\n\t\t\t\t<div class=\"col-inner\" style=\"background-color:rgb(120, 32, 110);\" >\n\t\t\t\n\t\t\t\n<p style=\"text-align: center;\"><span style=\"font-size: 130%;\"><a href=\"https:\/\/3s0745-my.sharepoint.com\/:f:\/g\/personal\/vancong_3s0745_onmicrosoft_com\/EnNlsQXrqshPh1l3vCQ8wW4B6kFX7GvHTCZ5plVJcLauVQ?e=pcC6Ff\" target=\"_blank\" rel=\"noopener\"><span style=\"font-family: helvetica, arial, sans-serif; color: #ffffff;\"><strong>T\u00e0i li\u1ec7u h\u1ecdc t\u1eadp ch\u00ednh tr\u1ecb th\u00e1ng 4<br \/><\/strong>(Nh\u1ea5n v\u00e0o \u0111\u00e2y \u0111\u1ec3 xem v\u00e0 t\u1ea3i v\u1ec1)<\/span><\/a><\/span><\/p>\n\t\t<\/div>\n\t\t\t\t\n<style>\n#col-1941004284 > .col-inner {\n  padding: 20px 0px 5px 0px;\n  border-radius: 10px;\n}\n<\/style>\n\t<\/div>\n\n\t\n<\/div>\n<div class=\"row\"  id=\"row-599106651\">\n\n\t<div id=\"col-234916105\" class=\"col small-12 large-12\"  >\n\t\t\t\t<div class=\"col-inner\" style=\"background-color:#e74038;\" >\n\t\t\t\n\t\t\t\n<p style=\"text-align: center;\"><span style=\"font-size: 130%;\"><a href=\"https:\/\/3s0745-my.sharepoint.com\/:f:\/g\/personal\/vancong_3s0745_onmicrosoft_com\/EsX8143R7xBEo3HWakgIe98BJtxhZ2AMyn6FDVhnmbyWqA?e=TOA3b4\" target=\"_blank\" rel=\"noopener\"><span style=\"font-family: helvetica, arial, sans-serif; color: #ffffff;\"><strong>T\u00e0i li\u1ec7u h\u1ecdc t\u1eadp ch\u00ednh tr\u1ecb th\u00e1ng 5<br \/><\/strong>(Nh\u1ea5n v\u00e0o \u0111\u00e2y \u0111\u1ec3 xem v\u00e0 t\u1ea3i v\u1ec1)<\/span><\/a><\/span><\/p>\n\t\t<\/div>\n\t\t\t\t\n<style>\n#col-234916105 > .col-inner {\n  padding: 20px 0px 5px 0px;\n  border-radius: 10px;\n}\n<\/style>\n\t<\/div>\n\n\t\n<\/div>\n<div class=\"row\"  id=\"row-1955888909\">\n\n\t<div id=\"col-429590481\" class=\"col small-12 large-12\"  >\n\t\t\t\t<div class=\"col-inner\" style=\"background-color:rgb(120, 32, 110);\" >\n\t\t\t\n\t\t\t\n<p style=\"text-align: center;\"><span style=\"font-size: 130%;\"><a href=\"https:\/\/3s0745-my.sharepoint.com\/:f:\/g\/personal\/vancong_3s0745_onmicrosoft_com\/EmQD4r1Upl1Mm74x46akJxkBVzJjlIqqQ135rx17i842hw?e=oCoaVe\" target=\"_blank\" rel=\"noopener\"><span style=\"font-family: helvetica, arial, sans-serif; color: #ffffff;\"><strong>T\u00e0i li\u1ec7u h\u1ecdc t\u1eadp ch\u00ednh tr\u1ecb th\u00e1ng 6<br \/><\/strong>(Nh\u1ea5n v\u00e0o \u0111\u00e2y \u0111\u1ec3 xem v\u00e0 t\u1ea3i v\u1ec1)<\/span><\/a><\/span><\/p>\n\t\t<\/div>\n\t\t\t\t\n<style>\n#col-429590481 > .col-inner {\n  padding: 20px 0px 5px 0px;\n  border-radius: 10px;\n}\n<\/style>\n\t<\/div>\n\n\t\n<\/div>\n<div class=\"row\"  id=\"row-891722367\">\n\n\t<div id=\"col-1322122153\" class=\"col small-12 large-12\"  >\n\t\t\t\t<div class=\"col-inner\" style=\"background-color:#e74038;\" >\n\t\t\t\n\t\t\t\n<p style=\"text-align: center;\"><span style=\"font-size: 130%;\"><a href=\"https:\/\/3s0745-my.sharepoint.com\/:f:\/g\/personal\/vancong_3s0745_onmicrosoft_com\/EoSi1HykQbxHtssmX-aN5CIB4A55_3SRqjlQsh3i0mAnLw?e=jRQZ8o\" target=\"_blank\" rel=\"noopener\"><span style=\"font-family: helvetica, arial, sans-serif; color: #ffffff;\"><strong>T\u00e0i li\u1ec7u h\u1ecdc t\u1eadp ch\u00ednh tr\u1ecb th\u00e1ng 7<br \/><\/strong>(Nh\u1ea5n v\u00e0o \u0111\u00e2y \u0111\u1ec3 xem v\u00e0 t\u1ea3i v\u1ec1)<\/span><\/a><\/span><\/p>\n\t\t<\/div>\n\t\t\t\t\n<style>\n#col-1322122153 > .col-inner {\n  padding: 20px 0px 5px 0px;\n  border-radius: 10px;\n}\n<\/style>\n\t<\/div>\n\n\t\n<\/div>\n<div class=\"row\"  id=\"row-799750450\">\n\n\t<div id=\"col-1001535263\" class=\"col small-12 large-12\"  >\n\t\t\t\t<div class=\"col-inner\" style=\"background-color:rgb(120, 32, 110);\" >\n\t\t\t\n\t\t\t\n<p style=\"text-align: center;\"><span style=\"font-size: 130%;\"><a href=\"https:\/\/3s0745-my.sharepoint.com\/:f:\/g\/personal\/vancong_3s0745_onmicrosoft_com\/EoaNpsOYfChIqZQsffTUGrYBz-0NEIKTkLFPWJiYrRngWg?e=BdpN34\" target=\"_blank\" rel=\"noopener\"><span style=\"font-family: helvetica, arial, sans-serif; color: #ffffff;\"><strong>T\u00e0i li\u1ec7u h\u1ecdc t\u1eadp ch\u00ednh tr\u1ecb th\u00e1ng 8<br \/><\/strong>(Nh\u1ea5n v\u00e0o \u0111\u00e2y \u0111\u1ec3 xem v\u00e0 t\u1ea3i v\u1ec1)<\/span><\/a><\/span><\/p>\n\t\t<\/div>\n\t\t\t\t\n<style>\n#col-1001535263 > .col-inner {\n  padding: 20px 0px 5px 0px;\n  border-radius: 10px;\n}\n<\/style>\n\t<\/div>\n\n\t\n<\/div>\n<div class=\"row\"  id=\"row-889191337\">\n\n\t<div id=\"col-1115809254\" class=\"col small-12 large-12\"  >\n\t\t\t\t<div class=\"col-inner\" style=\"background-color:#e74038;\" >\n\t\t\t\n\t\t\t\n<p style=\"text-align: center;\"><span style=\"font-size: 130%;\"><a href=\"https:\/\/3s0745-my.sharepoint.com\/:f:\/g\/personal\/vancong_3s0745_onmicrosoft_com\/Eq6-g3_bowxFokwfsqsthb0Bvx4xNlzYio_Tpmi94w26xw?e=aC8N0Y\" target=\"_blank\" rel=\"noopener\"><span style=\"font-family: helvetica, arial, sans-serif; color: #ffffff;\"><strong>T\u00e0i li\u1ec7u h\u1ecdc t\u1eadp ch\u00ednh tr\u1ecb th\u00e1ng 9<br \/><\/strong>(Nh\u1ea5n v\u00e0o \u0111\u00e2y \u0111\u1ec3 xem v\u00e0 t\u1ea3i v\u1ec1)<\/span><\/a><\/span><\/p>\n\t\t<\/div>\n\t\t\t\t\n<style>\n#col-1115809254 > .col-inner {\n  padding: 20px 0px 5px 0px;\n  border-radius: 10px;\n}\n<\/style>\n\t<\/div>\n\n\t\n<\/div>\n<div class=\"row\"  id=\"row-1785143450\">\n\n\t<div id=\"col-101364922\" class=\"col small-12 large-12\"  >\n\t\t\t\t<div class=\"col-inner\" style=\"background-color:rgb(120, 32, 110);\" >\n\t\t\t\n\t\t\t\n<p style=\"text-align: center;\"><span style=\"font-size: 130%;\"><a href=\"https:\/\/3s0745-my.sharepoint.com\/:f:\/g\/personal\/vancong_3s0745_onmicrosoft_com\/Er9k6n_Dx9VKv8QkwVNjonQBPYffjExaA99I2FaxEULhVw?e=3xG187\" target=\"_blank\" rel=\"noopener\"><span style=\"font-family: helvetica, arial, sans-serif; color: #ffffff;\"><strong>T\u00e0i li\u1ec7u h\u1ecdc t\u1eadp ch\u00ednh tr\u1ecb th\u00e1ng 10<br \/><\/strong>(Nh\u1ea5n v\u00e0o \u0111\u00e2y \u0111\u1ec3 xem v\u00e0 t\u1ea3i v\u1ec1)<\/span><\/a><\/span><\/p>\n\t\t<\/div>\n\t\t\t\t\n<style>\n#col-101364922 > .col-inner {\n  padding: 20px 0px 5px 0px;\n  border-radius: 10px;\n}\n<\/style>\n\t<\/div>\n\n\t\n<\/div>\n<div class=\"row\"  id=\"row-877346150\">\n\n\t<div id=\"col-867784339\" class=\"col small-12 large-12\"  >\n\t\t\t\t<div class=\"col-inner\" style=\"background-color:#e74038;\" >\n\t\t\t\n\t\t\t\n<p style=\"text-align: center;\"><span style=\"font-size: 130%;\"><a href=\"https:\/\/3s0745-my.sharepoint.com\/:f:\/g\/personal\/vancong_3s0745_onmicrosoft_com\/EqEa55ufRcFOjvt--L1HqXcBdlTMXo0UOQOVZnkPyTOLfQ?e=CspRYj\" target=\"_blank\" rel=\"noopener\"><span style=\"font-family: helvetica, arial, sans-serif; color: #ffffff;\"><strong>T\u00e0i li\u1ec7u h\u1ecdc t\u1eadp ch\u00ednh tr\u1ecb th\u00e1ng 11<br \/><\/strong>(Nh\u1ea5n v\u00e0o \u0111\u00e2y \u0111\u1ec3 xem v\u00e0 t\u1ea3i v\u1ec1)<\/span><\/a><\/span><\/p>\n\t\t<\/div>\n\t\t\t\t\n<style>\n#col-867784339 > .col-inner {\n  padding: 20px 0px 5px 0px;\n  border-radius: 10px;\n}\n<\/style>\n\t<\/div>\n\n\t\n<\/div>\n<div class=\"row\"  id=\"row-1385811742\">\n\n\t<div id=\"col-12230109\" class=\"col small-12 large-12\"  >\n\t\t\t\t<div class=\"col-inner\" style=\"background-color:rgb(120, 32, 110);\" >\n\t\t\t\n\t\t\t\n<p style=\"text-align: center;\"><span style=\"font-size: 130%;\"><a href=\"https:\/\/3s0745-my.sharepoint.com\/:f:\/g\/personal\/vancong_3s0745_onmicrosoft_com\/ErdL6GxSF0VBjehHhbKuA7sBmwDHNVpISDup_hi2JDdFyg?e=LVehYT\" target=\"_blank\" rel=\"noopener\"><span style=\"font-family: helvetica, arial, sans-serif; color: #ffffff;\"><strong>T\u00e0i li\u1ec7u h\u1ecdc t\u1eadp ch\u00ednh tr\u1ecb th\u00e1ng 12<br \/><\/strong>(Nh\u1ea5n v\u00e0o \u0111\u00e2y \u0111\u1ec3 xem v\u00e0 t\u1ea3i v\u1ec1)<\/span><\/a><\/span><\/p>\n\t\t<\/div>\n\t\t\t\t\n<style>\n#col-12230109 > .col-inner {\n  padding: 20px 0px 5px 0px;\n  border-radius: 10px;\n}\n<\/style>\n\t<\/div>\n\n\t\n<\/div>\n","protected":false},"excerpt":{"rendered":"<p>T\u00e0i li\u1ec7u h\u1ecdc t\u1eadp ch\u00ednh tr\u1ecb<\/p>\n","protected":false},"author":1,"featured_media":0,"parent":183,"menu_order":0,"comment_status":"closed","ping_status":"closed","template":"","meta":{"footnotes":""},"class_list":["post-693","page","type-page","status-publish","hentry"],"_links":{"self":[{"href":"https:\/\/ludoan125.com\/index.php\/wp-json\/wp\/v2\/pages\/693","targetHints":{"allow":["GET"]}}],"collection":[{"href":"https:\/\/ludoan125.com\/index.php\/wp-json\/wp\/v2\/pages"}],"about":[{"href":"https:\/\/ludoan125.com\/index.php\/wp-json\/wp\/v2\/types\/page"}],"author":[{"embeddable":true,"href":"https:\/\/ludoan125.com\/index.php\/wp-json\/wp\/v2\/users\/1"}],"replies":[{"embeddable":true,"href":"https:\/\/ludoan125.com\/index.php\/wp-json\/wp\/v2\/comments?post=693"}],"version-history":[{"count":38,"href":"https:\/\/ludoan125.com\/index.php\/wp-json\/wp\/v2\/pages\/693\/revisions"}],"predecessor-version":[{"id":1640,"href":"https:\/\/ludoan125.com\/index.php\/wp-json\/wp\/v2\/pages\/693\/revisions\/1640"}],"up":[{"embeddable":true,"href":"https:\/\/ludoan125.com\/index.php\/wp-json\/wp\/v2\/pages\/183"}],"wp:attachment":[{"href":"https:\/\/ludoan125.com\/index.php\/wp-json\/wp\/v2\/media?parent=693"}],"curies":[{"name":"wp","href":"https:\/\/api.w.org\/{rel}","templated":true}]}}