{"id":678,"date":"2024-11-24T12:47:25","date_gmt":"2024-11-24T12:47:25","guid":{"rendered":"https:\/\/ludoan125.com\/?page_id=678"},"modified":"2024-12-29T01:43:27","modified_gmt":"2024-12-29T01:43:27","slug":"1-1-kiem-tra-bai-cu-truc-tuyen","status":"publish","type":"page","link":"https:\/\/ludoan125.com\/index.php\/trang-chu\/giao-duc-chinh-tri\/1-giao-duc-chinh-tri\/1-1-kiem-tra-bai-cu-truc-tuyen\/","title":{"rendered":"1.1. Ki\u1ec3m tra b\u00e0i c\u0169 tr\u1ef1c tuy\u1ebfn"},"content":{"rendered":"<p style=\"text-align: center;\"><span style=\"font-family: helvetica, arial, sans-serif; font-size: 150%; color: #0000ff;\"><strong>Ki\u1ec3m tra tr\u1eafc nghi\u1ec7m gi\u00e1o d\u1ee5c ch\u00ednh tr\u1ecb tr\u1ef1c tuy\u1ebfn<\/strong><\/span><\/p>\n<div class=\"text-center\"><div class=\"is-divider divider clearfix\" style=\"margin-top:30px;margin-bottom:30px;max-width:200px;background-color:rgb(175, 23, 64);\"><\/div><\/div>\n\t<div id=\"text-200836269\" class=\"text\">\n\t\t\n<p><span style=\"font-family: helvetica, arial, sans-serif; font-size: 105%; color: #0000ff;\">\u0110\u1ec3 tham gia ki\u1ec3m tra b\u00e0i c\u0169 &#8220;B\u00e0i: Th\u00e2n th\u1ebf v\u00e0 s\u1ef1 nghi\u1ec7p c\u1ee7a Ch\u1ee7 t\u1ecbch H\u1ed3 Ch\u00ed Minh&#8221; (b\u1eb1ng h\u00ecnh th\u1ee9c tr\u1eafc nghi\u1ec7m tr\u1ef1c tuy\u1ebfn), m\u1eddi c\u00e1c \u0111\u1ed3ng ch\u00ed truy c\u1eadp \u0111\u01b0\u1eddng link b\u00ean d\u01b0\u1edbi:<\/span><\/p>\n\t\t\n<style>\n#text-200836269 {\n  text-align: center;\n}\n<\/style>\n\t<\/div>\n\t\n\t<section class=\"section\" id=\"section_2026486452\">\n\t\t<div class=\"bg section-bg fill bg-fill  bg-loaded\" >\n\n\t\t\t\n\t\t\t\n\t\t\t\n\n\t\t<\/div>\n\n\t\t\n\n\t\t<div class=\"section-content relative\">\n\t\t\t\n<div class=\"row\"  id=\"row-324690635\">\n\n\t<div id=\"col-688168963\" class=\"col small-12 large-12\"  >\n\t\t\t\t<div class=\"col-inner text-center\" style=\"background-color:rgb(231, 64, 56);\" >\n\t\t\t\n\t\t\t\n<p style=\"text-align: center;\"><a href=\"https:\/\/myaloha.vn\/cuoc-thi\/kiem-tra-bai-cu-100121\" target=\"_blank\" rel=\"noopener\"><strong><span style=\"font-family: helvetica, arial, sans-serif; font-size: 150%; color: #ffffff;\">Nh\u1ea5n v\u00e0o \u0111\u00e2y<\/span><\/strong><\/a><\/p>\n\t\t<\/div>\n\t\t\t\t\n<style>\n#col-688168963 > .col-inner {\n  padding: 20px 0px 5px 0px;\n  border-radius: 30px;\n}\n<\/style>\n\t<\/div>\n\n\t\n<\/div>\n<p style=\"text-align: center;\"><span style=\"font-family: helvetica, arial, sans-serif; font-size: 110%; color: #0000ff;\">Ho\u1eb7c c\u00f3 th\u1ec3 qu\u00e9t m\u00e3 QR d\u01b0\u1edbi \u0111\u00e2y <br \/>\u0111\u1ec3 tham gia ki\u1ec3m tra b\u00e0i c\u0169<\/span><\/p>\n\t\t<\/div>\n\n\t\t\n<style>\n#section_2026486452 {\n  padding-top: 0px;\n  padding-bottom: 0px;\n  min-height: 0px;\n}\n<\/style>\n\t<\/section>\n\t\n\t<div class=\"img has-hover x md-x lg-x y md-y lg-y\" id=\"image_674897220\">\n\t\t\t\t\t\t\t\t<div class=\"img-inner dark\" >\n\t\t\t<img loading=\"lazy\" decoding=\"async\" width=\"300\" height=\"300\" src=\"https:\/\/ludoan125.com\/wp-content\/uploads\/2024\/12\/KIEM-TRA-HCM.png\" class=\"attachment-large size-large\" alt=\"\" srcset=\"https:\/\/ludoan125.com\/wp-content\/uploads\/2024\/12\/KIEM-TRA-HCM.png 300w, https:\/\/ludoan125.com\/wp-content\/uploads\/2024\/12\/KIEM-TRA-HCM-150x150.png 150w\" sizes=\"auto, (max-width: 300px) 100vw, 300px\" \/>\t\t\t\t\t\t\n\t\t\t\t\t<\/div>\n\t\t\t\t\t\t\t\t\n<style>\n#image_674897220 {\n  width: 100%;\n}\n<\/style>\n\t<\/div>\n\t\n","protected":false},"excerpt":{"rendered":"<p>Ki\u1ec3m tra tr\u1eafc nghi\u1ec7m gi\u00e1o d\u1ee5c ch\u00ednh tr\u1ecb tr\u1ef1c tuy\u1ebfn<\/p>\n","protected":false},"author":1,"featured_media":0,"parent":183,"menu_order":0,"comment_status":"closed","ping_status":"closed","template":"","meta":{"footnotes":""},"class_list":["post-678","page","type-page","status-publish","hentry"],"_links":{"self":[{"href":"https:\/\/ludoan125.com\/index.php\/wp-json\/wp\/v2\/pages\/678","targetHints":{"allow":["GET"]}}],"collection":[{"href":"https:\/\/ludoan125.com\/index.php\/wp-json\/wp\/v2\/pages"}],"about":[{"href":"https:\/\/ludoan125.com\/index.php\/wp-json\/wp\/v2\/types\/page"}],"author":[{"embeddable":true,"href":"https:\/\/ludoan125.com\/index.php\/wp-json\/wp\/v2\/users\/1"}],"replies":[{"embeddable":true,"href":"https:\/\/ludoan125.com\/index.php\/wp-json\/wp\/v2\/comments?post=678"}],"version-history":[{"count":17,"href":"https:\/\/ludoan125.com\/index.php\/wp-json\/wp\/v2\/pages\/678\/revisions"}],"predecessor-version":[{"id":1625,"href":"https:\/\/ludoan125.com\/index.php\/wp-json\/wp\/v2\/pages\/678\/revisions\/1625"}],"up":[{"embeddable":true,"href":"https:\/\/ludoan125.com\/index.php\/wp-json\/wp\/v2\/pages\/183"}],"wp:attachment":[{"href":"https:\/\/ludoan125.com\/index.php\/wp-json\/wp\/v2\/media?parent=678"}],"curies":[{"name":"wp","href":"https:\/\/api.w.org\/{rel}","templated":true}]}}