{"id":618,"date":"2024-11-24T07:58:52","date_gmt":"2024-11-24T07:58:52","guid":{"rendered":"https:\/\/ludoan125.com\/?page_id=618"},"modified":"2024-12-29T01:41:34","modified_gmt":"2024-12-29T01:41:34","slug":"cuoc-thi-tim-hieu-truc-tuyen-do-lu-doan-to-chuc","status":"publish","type":"page","link":"https:\/\/ludoan125.com\/index.php\/trang-chu\/tuyen-truyen-co-dong\/2-cuoc-thi-truc-tuyen-do-lu-doan-hoac-cap-tren-to-chuc\/cuoc-thi-tim-hieu-truc-tuyen-do-lu-doan-to-chuc\/","title":{"rendered":"Cu\u1ed9c thi t\u00ecm hi\u1ec3u tr\u1ef1c tuy\u1ebfn do L\u1eef \u0111o\u00e0n t\u1ed5 ch\u1ee9c"},"content":{"rendered":"<p style=\"text-align: center;\"><span style=\"font-family: helvetica, arial, sans-serif; font-size: 150%; color: #0000ff;\"><strong>Cu\u1ed9c thi t\u00ecm hi\u1ec3u tr\u1ef1c tuy\u1ebfn <br \/>do L\u1eef \u0111o\u00e0n t\u1ed5 ch\u1ee9c<\/strong><\/span><\/p>\n<div class=\"text-center\"><div class=\"is-divider divider clearfix\" style=\"margin-top:30px;margin-bottom:30px;max-width:200px;background-color:rgb(175, 23, 64);\"><\/div><\/div>\n\t<div id=\"text-1288483568\" class=\"text\">\n\t\t\n<p style=\"text-align: center;\"><span style=\"font-family: helvetica, arial, sans-serif; font-size: 110%; color: #0000ff;\">\u0110\u1ec3 tham gia cu\u1ed9c thi tr\u1ef1c tuy\u1ebfn: &#8220;T\u00ecm hi\u1ec3u cu\u1ed9c \u0111\u1eddi v\u00e0 s\u1ef1 nghi\u1ec7p c\u1ee7a Ch\u1ee7 t\u1ecbch H\u1ed3 Ch\u00ed Minh&#8221;, m\u1eddi c\u00e1c \u0111\u1ed3ng ch\u00ed truy c\u1eadp \u0111\u01b0\u1eddng link b\u00ean d\u01b0\u1edbi:<\/span><\/p>\n\t\t\n<style>\n#text-1288483568 {\n  line-height: 1.35;\n  text-align: center;\n}\n<\/style>\n\t<\/div>\n\t\n\t<section class=\"section\" id=\"section_1375396636\">\n\t\t<div class=\"bg section-bg fill bg-fill  bg-loaded\" >\n\n\t\t\t\n\t\t\t\n\t\t\t\n\t<div class=\"is-border\"\n\t\tstyle=\"border-color:rgb(235, 235, 235);border-width:0px 0px 0px 0px;margin:0px 0px 0px 0px;\">\n\t<\/div>\n\n\t\t<\/div>\n\n\t\t\n\n\t\t<div class=\"section-content relative\">\n\t\t\t\n<div class=\"row align-center\"  id=\"row-1136269841\">\n\n\t<div id=\"col-1537111449\" class=\"col medium-10 small-12 large-10\"  >\n\t\t\t\t<div class=\"col-inner text-center\" style=\"background-color:rgb(231, 64, 56);\" >\n\t\t\t\n\t\t\t\n<p style=\"text-align: center;\"><strong><a href=\"https:\/\/myaloha.vn\/cuoc-thi\/tim-hieu-cuoc-doi-va-su-nghiep-cua-chu-tich-ho-chi-minh-100125\" target=\"_blank\" rel=\"noopener\"><span style=\"font-family: helvetica, arial, sans-serif; font-size: 150%; color: #ffffff;\">Nh\u1ea5n v\u00e0o \u0111\u00e2y<\/span><\/a><\/strong><\/p>\n\t\t<\/div>\n\t\t\t\t\n<style>\n#col-1537111449 > .col-inner {\n  padding: 20px 0px 1px 0px;\n  border-radius: 30px;\n}\n<\/style>\n\t<\/div>\n\n\t\n<\/div>\n\t\t<\/div>\n\n\t\t\n<style>\n#section_1375396636 {\n  padding-top: 0px;\n  padding-bottom: 0px;\n  margin-bottom: 0px;\n  min-height: 0px;\n}\n@media (min-width:550px) {\n  #section_1375396636 {\n    padding-top: 60px;\n    padding-bottom: 60px;\n    min-height: 300px;\n  }\n}\n<\/style>\n\t<\/section>\n\t\n\t<div id=\"text-3033572548\" class=\"text\">\n\t\t\n<p style=\"text-align: center;\"><span style=\"font-family: helvetica, arial, sans-serif; font-size: 110%; color: #0000ff;\">Ho\u1eb7c c\u00f3 th\u1ec3 qu\u00e9t m\u00e3 QR d\u01b0\u1edbi \u0111\u00e2y <br \/>\u0111\u1ec3 tham gia cu\u1ed9c thi<\/span><\/p>\n\t\t\n<style>\n#text-3033572548 {\n  line-height: 1.35;\n  text-align: center;\n}\n<\/style>\n\t<\/div>\n\t\n\t<div class=\"img has-hover x md-x lg-x y md-y lg-y\" id=\"image_945421040\">\n\t\t\t\t\t\t\t\t<div class=\"img-inner dark\" >\n\t\t\t<img loading=\"lazy\" decoding=\"async\" width=\"100\" height=\"100\" src=\"https:\/\/ludoan125.com\/wp-content\/uploads\/2024\/12\/THI-TRUC-TUYEN.png\" class=\"attachment-large size-large\" alt=\"\" \/>\t\t\t\t\t\t\n\t\t\t\t\t<\/div>\n\t\t\t\t\t\t\t\t\n<style>\n#image_945421040 {\n  width: 100%;\n}\n<\/style>\n\t<\/div>\n\t\n","protected":false},"excerpt":{"rendered":"<p>Cu\u1ed9c thi t\u00ecm hi\u1ec3u tr\u1ef1c tuy\u1ebfn do L\u1eef \u0111o\u00e0n t\u1ed5 ch\u1ee9c<\/p>\n","protected":false},"author":1,"featured_media":0,"parent":336,"menu_order":0,"comment_status":"closed","ping_status":"closed","template":"","meta":{"footnotes":""},"class_list":["post-618","page","type-page","status-publish","hentry"],"_links":{"self":[{"href":"https:\/\/ludoan125.com\/index.php\/wp-json\/wp\/v2\/pages\/618","targetHints":{"allow":["GET"]}}],"collection":[{"href":"https:\/\/ludoan125.com\/index.php\/wp-json\/wp\/v2\/pages"}],"about":[{"href":"https:\/\/ludoan125.com\/index.php\/wp-json\/wp\/v2\/types\/page"}],"author":[{"embeddable":true,"href":"https:\/\/ludoan125.com\/index.php\/wp-json\/wp\/v2\/users\/1"}],"replies":[{"embeddable":true,"href":"https:\/\/ludoan125.com\/index.php\/wp-json\/wp\/v2\/comments?post=618"}],"version-history":[{"count":13,"href":"https:\/\/ludoan125.com\/index.php\/wp-json\/wp\/v2\/pages\/618\/revisions"}],"predecessor-version":[{"id":1624,"href":"https:\/\/ludoan125.com\/index.php\/wp-json\/wp\/v2\/pages\/618\/revisions\/1624"}],"up":[{"embeddable":true,"href":"https:\/\/ludoan125.com\/index.php\/wp-json\/wp\/v2\/pages\/336"}],"wp:attachment":[{"href":"https:\/\/ludoan125.com\/index.php\/wp-json\/wp\/v2\/media?parent=618"}],"curies":[{"name":"wp","href":"https:\/\/api.w.org\/{rel}","templated":true}]}}