{"id":457,"date":"2024-11-22T10:11:25","date_gmt":"2024-11-22T10:11:25","guid":{"rendered":"https:\/\/ludoan125.com\/?page_id=457"},"modified":"2024-12-19T08:53:05","modified_gmt":"2024-12-19T08:53:05","slug":"4-kien-thuc-thuong-truc","status":"publish","type":"page","link":"https:\/\/ludoan125.com\/index.php\/trang-chu\/giao-duc-chinh-tri\/4-kien-thuc-thuong-truc\/","title":{"rendered":"4. Ki\u1ebfn th\u1ee9c th\u01b0\u1eddng tr\u1ef1c"},"content":{"rendered":"<p style=\"text-align: center;\"><span style=\"font-family: helvetica, arial, sans-serif; font-size: 130%; color: #0000ff;\"><strong>Ki\u1ebfn th\u1ee9c th\u01b0\u1eddng tr\u1ef1c n\u0103m 2025<\/strong><\/span><\/p>\n<div class=\"text-center\"><div class=\"is-divider divider clearfix\" style=\"margin-top:30px;margin-bottom:30px;max-width:200px;background-color:#cc2b52;\"><\/div><\/div>\n<p style=\"text-align: justify;\"><span style=\"color: #0000ff;\"><strong><span style=\"font-family: helvetica, arial, sans-serif; font-size: 110%;\">I. QU\u00c2N CH\u1ee6NG H\u1ea2I QU\u00c2N<\/span><\/strong><\/span><br \/><span style=\"font-family: helvetica, arial, sans-serif; font-size: 110%; color: #000000;\">1. Ng\u00e0y th\u00e0nh l\u1eadp: 07\/5\/1955 <\/span><br \/><span style=\"font-family: helvetica, arial, sans-serif; font-size: 110%; color: #000000;\">2. Truy\u1ec1n th\u1ed1ng: \u201cChi\u1ebfn \u0111\u1ea5u anh d\u0169ng; M\u01b0u tr\u00ed s\u00e1ng t\u1ea1o; L\u00e0m ch\u1ee7 v\u00f9ng bi\u1ec3n; Quy\u1ebft chi\u1ebfn, quy\u1ebft th\u1eafng\u201d.<\/span><br \/><span style=\"font-family: helvetica, arial, sans-serif; font-size: 110%; color: #000000;\">3. Qu\u00e2n ch\u1ee7ng H\u1ea3i qu\u00e2n \u0111\u00e3 vinh d\u1ef1 \u0111\u01b0\u1ee3c \u0110\u1ea3ng, Nh\u00e0 n\u01b0\u1edbc 02 l\u1ea7n tuy\u00ean d\u01b0\u01a1ng AHLLVTND (1989, 2015);&#8230;v\u00e0 nhi\u1ec1u danh hi\u1ec7u kh\u00e1c.<\/span><br \/><span style=\"font-family: helvetica, arial, sans-serif; font-size: 110%; color: #000000;\">4. 8 chi\u1ebfn c\u00f4ng ti\u00eau bi\u1ec3u c\u1ee7a HQNDVN: <\/span><br \/><span style=\"font-family: helvetica, arial, sans-serif; font-size: 110%; color: #000000;\">a) Chi\u1ebfn c\u00f4ng \u0111\u00e1nh th\u1eafng tr\u1eadn \u0111\u1ea7u c\u1ee7a HQNDVN ng\u00e0y 02 v\u00e0 05\/8\/1964 \u0111\u00e1nh \u0111u\u1ed5i t\u00e0u khu tr\u1ee5c Ma\u0111\u1ed1c x\u00e2m ph\u1ea1m v\u00f9ng bi\u1ec3n mi\u1ec1n B\u1eafc.<\/span><br \/><span style=\"font-family: helvetica, arial, sans-serif; font-size: 110%; color: #000000;\">b) G\u00f3p ph\u1ea7n l\u00e0m th\u1ea5t b\u1ea1i chi\u1ebfn tranh ph\u00e1 ho\u1ea1i mi\u1ec1n B\u1eafc b\u1eb1ng Kh\u00f4ng qu\u00e2n v\u00e0 H\u1ea3i qu\u00e2n c\u1ee7a M\u1ef9.<\/span><br \/><span style=\"font-family: helvetica, arial, sans-serif; font-size: 110%; color: #000000;\">c) \u0110\u00e1nh b\u1ea1i chi\u1ebfn d\u1ecbch phong t\u1ecfa b\u1eb1ng th\u1ee7y l\u00f4i, bom t\u1eeb tr\u01b0\u1eddng tr\u00ean s\u00f4ng bi\u1ec3n mi\u1ec1n B\u1eafc.<\/span><br \/><span style=\"font-family: helvetica, arial, sans-serif; font-size: 110%; color: #000000;\">d) M\u1edf \u0111\u01b0\u1eddng m\u00f2n H\u1ed3 Ch\u00ed Minh tr\u00ean bi\u1ec3n chi vi\u1ec7n cho chi\u1ebfn tr\u01b0\u1eddng mi\u1ec1n Nam.<\/span><br \/><span style=\"font-family: helvetica, arial, sans-serif; font-size: 110%; color: #000000;\">e) Chi\u1ebfn c\u00f4ng c\u1ee7a \u0110\u1eb7c c\u00f4ng H\u1ea3i qu\u00e2n tr\u00ean chi\u1ebfn tr\u01b0\u1eddng \u0110\u00f4ng H\u00e0 &#8211; Qu\u1ea3ng Tr\u1ecb.<\/span><br \/><span style=\"font-family: helvetica, arial, sans-serif; font-size: 110%; color: #000000;\">f) Tham gia gi\u1ea3i ph\u00f3ng qu\u1ea7n \u0111\u1ea3o T. Sa v\u00e0 g\u00f3p ph\u1ea7n v\u00e0o \u0111\u1ea1i th\u1eafng n\u0103m 1975.<\/span><br \/><span style=\"font-family: helvetica, arial, sans-serif; font-size: 110%; color: #000000;\">g) B\u1ea3o v\u1ec7 ch\u1ee7 quy\u1ec1n v\u00f9ng bi\u1ec3n T\u00e2y Nam v\u00e0 l\u00e0m t\u1ed1t nhi\u1ec7m v\u1ee5 qu\u1ed1c t\u1ebf.<\/span><br \/><span style=\"font-family: helvetica, arial, sans-serif; font-size: 110%; color: #000000;\">h) B\u1ea3o v\u1ec7 ch\u1ee7 quy\u1ec1n bi\u1ec3n, \u0111\u1ea3o, th\u1ec1m l\u1ee5c \u0111\u1ecba trong th\u1eddi k\u1ef3 m\u1edbi.<\/span><br \/><span style=\"color: #0000ff;\"><strong><span style=\"font-family: helvetica, arial, sans-serif; font-size: 110%;\">II. V\u00d9NG 2 H\u1ea2I QU\u00c2N<\/span><\/strong><\/span><br \/><span style=\"font-family: helvetica, arial, sans-serif; font-size: 110%; color: #000000;\">1. Ng\u00e0y th\u00e0nh l\u1eadp: 19\/3\/2009 <\/span><br \/><span style=\"font-family: helvetica, arial, sans-serif; font-size: 110%; color: #000000;\">2. Truy\u1ec1n th\u1ed1ng: \u201c\u0110o\u00e0n k\u1ebft, k\u1ef7 c\u01b0\u01a1ng; D\u0169ng c\u1ea3m ki\u00ean c\u01b0\u1eddng; Kh\u1eafc ph\u1ee5c kh\u00f3 kh\u0103n; L\u00e0m ch\u1ee7 v\u00f9ng bi\u1ec3n; Quy\u1ebft chi\u1ebfn, quy\u1ebft th\u1eafng\u201d.<\/span><br \/><span style=\"font-family: helvetica, arial, sans-serif; font-size: 110%; color: #000000;\">3. Ph\u1ea1m vi: Qu\u1ea3n l\u00fd, b\u1ea3o v\u1ec7 v\u00f9ng bi\u1ec3n t\u1eeb m\u0169i Ba Ki\u1ec7m\/H\u00e0m T\u00e2n\/B\u00ecnh Thu\u1eadn \u0111\u1ebfn c\u1eedas\u00f4ng G\u1ec1nh H\u00e0o\/B\u1ea1c Li\u00eau (g\u1ed3m 7 t\u1ec9nh) k\u00e9o \u0111\u1ebfn \u0110\u00f4ng B\u1eafc DK1\/9 (Ba K\u00e8) 25 h\u1ea3i l\u00fd \u0111\u1ebfn h\u1ebft v\u00f9ng \u0111\u1eb7c quy\u1ec1n kinh t\u1ebf 200 h\u1ea3i l\u00fd, khu v\u1ef1c th\u1ec1m l\u1ee5c \u0111\u1ecba k\u00e9o d\u00e0i c\u1ee7a ta v\u00e0 k\u00e9o d\u00e0i <\/span><span style=\"font-family: helvetica, arial, sans-serif; font-size: 110%; color: #000000;\">xu\u1ed1ng ph\u00eda Nam \u0111\u1ebfn \u0111i\u1ec3m ti\u1ebfp gi\u00e1p \u0111\u01b0\u1eddng ph\u00e2n \u0111\u1ecbnh gi\u1eefa 3 n\u01b0\u1edbc Vi\u1ec7t Nam-In\u0111\u00f4n\u00eaxia-Malaixia, bao g\u1ed3m c\u1ea3 khu v\u1ef1c DKI (di\u1ec7n t\u00edch bi\u1ec3n r\u1ed9ng g\u1ea7n 300.000km2). <\/span><br \/><span style=\"font-family: helvetica, arial, sans-serif; font-size: 110%; color: #000000;\">4. T\u1ed5 ch\u1ee9c, bi\u00ean ch\u1ebf: Bi\u00ean ch\u1ebf g\u1ed3m 3 ph\u00f2ng v\u00e0 9 \u0111\u01a1n v\u1ecb tr\u1ef1c thu\u1ed9c.<\/span><br \/><span style=\"color: #0000ff;\"><strong><span style=\"font-family: helvetica, arial, sans-serif; font-size: 110%;\">III. L\u1eee \u0110O\u00c0N 125 H\u1ea2I QU\u00c2N<\/span><\/strong><\/span><br \/><span style=\"font-family: helvetica, arial, sans-serif; font-size: 110%; color: #000000;\">1. Ng\u00e0y th\u00e0nh l\u1eadp: 23\/10\/1961<\/span><br \/><span style=\"font-family: helvetica, arial, sans-serif; font-size: 110%; color: #000000;\">2. T\u1ed5 ch\u1ee9c bi\u00ean ch\u1ebf: <\/span><br \/><span style=\"font-family: helvetica, arial, sans-serif; font-size: 110%; color: #000000;\">L\u1eef \u0111o\u00e0n g\u1ed3m: 03 ph\u00f2ng (Tham m\u01b0u, Ch\u00ednh tr\u1ecb, H\u1eadu C\u1ea7n- K\u1ef9 thu\u1eadt) v\u00e0 03 H\u1ea3i \u0111\u1ed9i&#8230;<\/span><\/p>\n<p style=\"text-align: center;\"><span style=\"font-size: 120%;\"><em><span style=\"font-family: helvetica, arial, sans-serif; color: #ff0000;\">\u0110ang ti\u1ebfp t\u1ee5c c\u1eadp nh\u1eadt d\u1eef li\u1ec7u&#8230;<\/span><\/em><\/span><\/p>\n","protected":false},"excerpt":{"rendered":"<p>Ki\u1ebfn th\u1ee9c th\u01b0\u1eddng tr\u1ef1c n\u0103m 2025 I. QU\u00c2N CH\u1ee6NG H\u1ea2I QU\u00c2N1. Ng\u00e0y th\u00e0nh l\u1eadp: 07\/5\/1955 2. Truy\u1ec1n th\u1ed1ng: \u201cChi\u1ebfn \u0111\u1ea5u anh d\u0169ng; M\u01b0u tr\u00ed s\u00e1ng t\u1ea1o; L\u00e0m ch\u1ee7 v\u00f9ng bi\u1ec3n; Quy\u1ebft chi\u1ebfn, quy\u1ebft th\u1eafng\u201d.3. Qu\u00e2n ch\u1ee7ng H\u1ea3i qu\u00e2n \u0111\u00e3 vinh d\u1ef1 \u0111\u01b0\u1ee3c \u0110\u1ea3ng, Nh\u00e0 n\u01b0\u1edbc 02 l\u1ea7n tuy\u00ean d\u01b0\u01a1ng AHLLVTND (1989, 2015);&#8230;v\u00e0 nhi\u1ec1u danh hi\u1ec7u [&#8230;]\n","protected":false},"author":1,"featured_media":0,"parent":106,"menu_order":0,"comment_status":"closed","ping_status":"closed","template":"","meta":{"footnotes":""},"class_list":["post-457","page","type-page","status-publish","hentry"],"_links":{"self":[{"href":"https:\/\/ludoan125.com\/index.php\/wp-json\/wp\/v2\/pages\/457","targetHints":{"allow":["GET"]}}],"collection":[{"href":"https:\/\/ludoan125.com\/index.php\/wp-json\/wp\/v2\/pages"}],"about":[{"href":"https:\/\/ludoan125.com\/index.php\/wp-json\/wp\/v2\/types\/page"}],"author":[{"embeddable":true,"href":"https:\/\/ludoan125.com\/index.php\/wp-json\/wp\/v2\/users\/1"}],"replies":[{"embeddable":true,"href":"https:\/\/ludoan125.com\/index.php\/wp-json\/wp\/v2\/comments?post=457"}],"version-history":[{"count":11,"href":"https:\/\/ludoan125.com\/index.php\/wp-json\/wp\/v2\/pages\/457\/revisions"}],"predecessor-version":[{"id":1369,"href":"https:\/\/ludoan125.com\/index.php\/wp-json\/wp\/v2\/pages\/457\/revisions\/1369"}],"up":[{"embeddable":true,"href":"https:\/\/ludoan125.com\/index.php\/wp-json\/wp\/v2\/pages\/106"}],"wp:attachment":[{"href":"https:\/\/ludoan125.com\/index.php\/wp-json\/wp\/v2\/media?parent=457"}],"curies":[{"name":"wp","href":"https:\/\/api.w.org\/{rel}","templated":true}]}}