{"id":366,"date":"2024-11-21T15:19:18","date_gmt":"2024-11-21T15:19:18","guid":{"rendered":"https:\/\/ludoan125.com\/?page_id=366"},"modified":"2024-12-31T16:57:34","modified_gmt":"2024-12-31T16:57:34","slug":"4-du-bao-thoi-tiet","status":"publish","type":"page","link":"https:\/\/ludoan125.com\/index.php\/trang-chu\/thong-tin-huu-ich\/4-du-bao-thoi-tiet\/","title":{"rendered":"4. N\u1ed9i dung \u0111\u00f3ng g\u00f3p, ph\u1ea3n h\u1ed3i"},"content":{"rendered":"<p style=\"text-align: center;\"><span style=\"font-family: helvetica, arial, sans-serif; font-size: 140%; color: #0000ff;\"><strong>N\u1ed9i dung \u0111\u00f3ng g\u00f3p, ph\u1ea3n h\u1ed3i<\/strong><\/span><\/p>\n<div class=\"text-center\"><div class=\"is-divider divider clearfix\" style=\"margin-top:30px;margin-bottom:30px;max-width:200px;background-color:rgb(204, 43, 82);\"><\/div><\/div>\n<p style=\"text-align: justify;\"><span style=\"color: #0000ff; font-family: helvetica, arial, sans-serif; font-size: 105%;\"><span style=\"font-family: helvetica, arial, sans-serif;\">T\u1ea5t c\u1ea3 c\u00e1c n\u1ed9i dung \u0111\u00f3ng g\u00f3p, ph\u1ea3n h\u1ed3i c\u1ee7a ng\u01b0\u1eddi d\u00f9ng v\u1ec1: &#8220;Trang th\u00f4ng tin \u0111i\u1ec7n t\u1eed Ng\u00e0nh Tuy\u00ean hu\u1ea5n&#8221; xin g\u1eedi v\u1ec1 \u0111\u1ecba ch\u1ec9 email: fagfapfap@gmail.com ho\u1eb7c c\u00f3 th\u1ec3 li\u00ean h\u1ec7, \u0111\u00f3ng g\u00f3p, ph\u1ea3n h\u1ed3i tr\u1ef1c ti\u1ebfp qua S\u0110T: 0385178275 (\u0111\/c C\u00f4ng). Tr\u00e2n tr\u1ecdng c\u1ea3m \u01a1n!<\/span><\/span><\/p>\n<div class=\"text-center\"><div class=\"is-divider divider clearfix\" style=\"margin-top:30px;margin-bottom:30px;max-width:200px;background-color:rgb(204, 43, 82);\"><\/div><\/div>\n<p style=\"text-align: justify;\"><span style=\"color: #0000ff; font-size: 105%; font-family: helvetica, arial, sans-serif;\"><strong>Ghi ch\u00fa:<\/strong> TRANG TH\u00d4NG TIN \u0110I\u1ec6N T\u1eec NG\u00c0NH TUY\u00caN HU\u1ea4N<\/span><\/p>\n<p style=\"text-align: justify;\"><span style=\"color: #0000ff; font-size: 105%; font-family: helvetica, arial, sans-serif;\">\u0110\u01b0\u1ee3c ch\u1ec9 \u0111\u1ea1o s\u1ea3n xu\u1ea5t b\u1edfi: \u0110\u1ea3ng \u1ee7y &#8211; Ch\u1ec9 huy H\u1ea3i \u0111\u1ed9i 1<\/span><\/p>\n<p style=\"text-align: justify;\"><span style=\"color: #0000ff; font-size: 105%; font-family: helvetica, arial, sans-serif;\">T\u1ed5 ch\u1ee9c s\u1ea3n xu\u1ea5t: V\u0103n C\u00f4ng, V\u0103n Anh, V\u0103n H\u1eadu<\/span><\/p>\n<p style=\"text-align: justify;\"><span style=\"color: #0000ff; font-size: 105%; font-family: helvetica, arial, sans-serif;\">Tr\u1ea1ng th\u00e1i hi\u1ec3n th\u1ecb: Trang th\u00f4ng tin \u0111i\u1ec7n t\u1eed ng\u00e0nh tuy\u00ean hu\u1ea5n hi\u1ec3n th\u1ecb t\u1ed1t tr\u00ean \u0110i\u1ec7n tho\u1ea1i Smartphone c\u00f3 k\u00edch c\u1ee1 m\u00e0n h\u00ecnh t\u1eeb 6.06 inch tr\u1edf l\u00ean.<\/span><\/p>\n","protected":false},"excerpt":{"rendered":"<p>N\u1ed9i dung \u0111\u00f3ng g\u00f3p, ph\u1ea3n h\u1ed3i T\u1ea5t c\u1ea3 c\u00e1c n\u1ed9i dung \u0111\u00f3ng g\u00f3p, ph\u1ea3n h\u1ed3i c\u1ee7a ng\u01b0\u1eddi d\u00f9ng v\u1ec1: &#8220;Trang th\u00f4ng tin \u0111i\u1ec7n t\u1eed Ng\u00e0nh Tuy\u00ean hu\u1ea5n&#8221; xin g\u1eedi v\u1ec1 \u0111\u1ecba ch\u1ec9 email: fagfapfap@gmail.com ho\u1eb7c c\u00f3 th\u1ec3 li\u00ean h\u1ec7, \u0111\u00f3ng g\u00f3p, ph\u1ea3n h\u1ed3i tr\u1ef1c ti\u1ebfp qua S\u0110T: 0385178275 (\u0111\/c C\u00f4ng). Tr\u00e2n tr\u1ecdng c\u1ea3m \u01a1n! Ghi [&#8230;]\n","protected":false},"author":1,"featured_media":0,"parent":358,"menu_order":0,"comment_status":"closed","ping_status":"closed","template":"","meta":{"footnotes":""},"class_list":["post-366","page","type-page","status-publish","hentry"],"_links":{"self":[{"href":"https:\/\/ludoan125.com\/index.php\/wp-json\/wp\/v2\/pages\/366","targetHints":{"allow":["GET"]}}],"collection":[{"href":"https:\/\/ludoan125.com\/index.php\/wp-json\/wp\/v2\/pages"}],"about":[{"href":"https:\/\/ludoan125.com\/index.php\/wp-json\/wp\/v2\/types\/page"}],"author":[{"embeddable":true,"href":"https:\/\/ludoan125.com\/index.php\/wp-json\/wp\/v2\/users\/1"}],"replies":[{"embeddable":true,"href":"https:\/\/ludoan125.com\/index.php\/wp-json\/wp\/v2\/comments?post=366"}],"version-history":[{"count":17,"href":"https:\/\/ludoan125.com\/index.php\/wp-json\/wp\/v2\/pages\/366\/revisions"}],"predecessor-version":[{"id":1691,"href":"https:\/\/ludoan125.com\/index.php\/wp-json\/wp\/v2\/pages\/366\/revisions\/1691"}],"up":[{"embeddable":true,"href":"https:\/\/ludoan125.com\/index.php\/wp-json\/wp\/v2\/pages\/358"}],"wp:attachment":[{"href":"https:\/\/ludoan125.com\/index.php\/wp-json\/wp\/v2\/media?parent=366"}],"curies":[{"name":"wp","href":"https:\/\/api.w.org\/{rel}","templated":true}]}}