{"id":362,"date":"2024-11-21T15:18:44","date_gmt":"2024-11-21T15:18:44","guid":{"rendered":"https:\/\/ludoan125.com\/?page_id=362"},"modified":"2024-12-31T16:44:23","modified_gmt":"2024-12-31T16:44:23","slug":"2-thong-tin-lien-he-cua-lanh-dao-cac-co-quan-don-vi","status":"publish","type":"page","link":"https:\/\/ludoan125.com\/index.php\/trang-chu\/thong-tin-huu-ich\/2-thong-tin-lien-he-cua-lanh-dao-cac-co-quan-don-vi\/","title":{"rendered":"2. Th\u00f4ng tin li\u00ean h\u1ec7"},"content":{"rendered":"<p style=\"text-align: center;\"><span style=\"font-family: helvetica, arial, sans-serif; font-size: 150%; color: #0000ff;\"><strong>Th\u00f4ng tin li\u00ean h\u1ec7<\/strong><\/span><\/p>\n<div class=\"text-center\"><div class=\"is-divider divider clearfix\" style=\"margin-top:30px;margin-bottom:30px;max-width:200px;background-color:rgb(175, 23, 64);\"><\/div><\/div>\n<p><span style=\"font-family: helvetica, arial, sans-serif; font-size: 105%; color: #0000ff;\">I. TH\u1ee6 TR\u01af\u1edeNG L\u1eee \u0110O\u00c0N<\/span><br \/><span style=\"font-family: helvetica, arial, sans-serif; font-size: 105%; color: #000000;\">1. \u0110\u1ed3ng ch\u00ed L\u1eef \u0111o\u00e0n tr\u01b0\u1edfng<\/span><br \/><span style=\"font-family: helvetica, arial, sans-serif; font-size: 105%; color: #000000;\">H\u1ecd v\u00e0 t\u00ean: Nguy\u1ec5n \u0110\u00ecnh L\u1ecbch<\/span><br \/><span style=\"font-family: helvetica, arial, sans-serif; font-size: 105%; color: #000000;\">C\u1ea5p b\u1eadc: \u0110\u1ea1i t\u00e1<\/span><br \/><span style=\"font-family: helvetica, arial, sans-serif; font-size: 105%; color: #000000;\">S\u0110T li\u00ean h\u1ec7: 0123.456.xxx<\/span><br \/><span style=\"font-family: helvetica, arial, sans-serif; font-size: 105%; color: #000000;\">2. \u0110\u1ed3ng ch\u00ed Ch\u00ednh \u1ee7y<\/span><br \/><span style=\"font-family: helvetica, arial, sans-serif; font-size: 105%; color: #000000;\">H\u1ecd v\u00e0 t\u00ean: Ph\u1ea1m Minh Chi\u1ebfn<\/span><br \/><span style=\"font-family: helvetica, arial, sans-serif; font-size: 105%; color: #000000;\">C\u1ea5p b\u1eadc: \u0110\u1ea1i t\u00e1<\/span><br \/><span style=\"font-family: helvetica, arial, sans-serif; font-size: 105%; color: #000000;\">S\u0110T li\u00ean h\u1ec7: 0123.456.xxx<\/span><br \/><span style=\"font-family: helvetica, arial, sans-serif; font-size: 105%; color: #000000;\">3. \u0110\u1ed3ng ch\u00ed Ph\u00f3 L\u1eef \u0111o\u00e0n tr\u01b0\u1edfng &#8211; TMT<\/span><br \/><span style=\"font-family: helvetica, arial, sans-serif; font-size: 105%; color: #000000;\">H\u1ecd v\u00e0 t\u00ean: L\u00ea Xu\u00e2n Y\u00ean<\/span><br \/><span style=\"font-family: helvetica, arial, sans-serif; font-size: 105%; color: #000000;\">C\u1ea5p b\u1eadc: Th\u01b0\u1ee3ng t\u00e1<\/span><br \/><span style=\"font-family: helvetica, arial, sans-serif; font-size: 105%; color: #000000;\">S\u0110T li\u00ean h\u1ec7: 0123.456.xxx<\/span><br \/><span style=\"font-family: helvetica, arial, sans-serif; font-size: 105%; color: #000000;\">4. \u0110\u1ed3ng ch\u00ed Ph\u00f3 L\u1eef \u0111o\u00e0n tr\u01b0\u1edfng<\/span><br \/><span style=\"font-family: helvetica, arial, sans-serif; font-size: 105%; color: #000000;\">H\u1ecd v\u00e0 t\u00ean: Phan Anh Tu\u1ea5n<\/span><br \/><span style=\"font-family: helvetica, arial, sans-serif; font-size: 105%; color: #000000;\">C\u1ea5p b\u1eadc: Th\u01b0\u1ee3ng t\u00e1<\/span><br \/><span style=\"font-family: helvetica, arial, sans-serif; font-size: 105%; color: #000000;\">S\u0110T li\u00ean h\u1ec7: 0123.456.xxx<\/span><br \/><span style=\"font-family: helvetica, arial, sans-serif; font-size: 105%; color: #000000;\">5. \u0110\u1ed3ng ch\u00ed Ph\u00f3 L\u1eef \u0111o\u00e0n tr\u01b0\u1edfng<\/span><br \/><span style=\"font-family: helvetica, arial, sans-serif; font-size: 105%; color: #000000;\">H\u1ecd v\u00e0 t\u00ean: L\u00ea Anh Ho\u00e0i<\/span><br \/><span style=\"font-family: helvetica, arial, sans-serif; font-size: 105%; color: #000000;\">C\u1ea5p b\u1eadc: Th\u01b0\u1ee3ng t\u00e1<\/span><br \/><span style=\"font-family: helvetica, arial, sans-serif; font-size: 105%; color: #000000;\">S\u0110T li\u00ean h\u1ec7: 0123.456.xxx<\/span><br \/><span style=\"font-family: helvetica, arial, sans-serif; font-size: 105%; color: #000000;\">6. \u0110\u1ed3ng ch\u00ed Ch\u00ednh \u1ee7y<\/span><br \/><span style=\"font-family: helvetica, arial, sans-serif; font-size: 105%; color: #000000;\">H\u1ecd v\u00e0 t\u00ean: L\u00ea H\u1ed3ng Quang<\/span><br \/><span style=\"font-family: helvetica, arial, sans-serif; font-size: 105%; color: #000000;\">C\u1ea5p b\u1eadc: Th\u01b0\u1ee3ng t\u00e1<\/span><br \/><span style=\"font-family: helvetica, arial, sans-serif; font-size: 105%; color: #000000;\">S\u0110T li\u00ean h\u1ec7: 0123.456.xxx<\/span><br \/><span style=\"font-family: helvetica, arial, sans-serif; font-size: 105%; color: #000000;\">7. \u0110\u1ed3ng ch\u00ed Ch\u00ednh \u1ee7y<\/span><br \/><span style=\"font-family: helvetica, arial, sans-serif; font-size: 105%; color: #000000;\">H\u1ecd v\u00e0 t\u00ean: H\u00e0 V\u0103n H\u1eadu<\/span><br \/><span style=\"font-family: helvetica, arial, sans-serif; font-size: 105%; color: #000000;\">C\u1ea5p b\u1eadc: Th\u01b0\u1ee3ng t\u00e1<\/span><br \/><span style=\"font-family: helvetica, arial, sans-serif; font-size: 105%; color: #000000;\">S\u0110T li\u00ean h\u1ec7: 0123.456.xxx<\/span><br \/><span style=\"font-family: helvetica, arial, sans-serif; font-size: 105%; color: #0000ff;\">II. CH\u1ec8 HUY C\u00c1C C\u01a0 QUAN, \u0110\u01a0N V\u1eca<\/span><br \/><span style=\"font-family: helvetica, arial, sans-serif; font-size: 105%; color: #000000;\">1. Ph\u00f2ng Tham m\u01b0u<\/span><br \/><span style=\"font-family: helvetica, arial, sans-serif; font-size: 105%; color: #000000;\">\u0110\/c Nguy\u1ec5n V\u0103n A (PTMT): 0345.678.xxx<\/span><br \/><span style=\"font-family: helvetica, arial, sans-serif; font-size: 105%; color: #000000;\">\u0110\/c Nguy\u1ec5n V\u0103n B (PTMT): 0345.679.xxx<\/span><br \/><span style=\"font-family: helvetica, arial, sans-serif; font-size: 105%; color: #000000;\">2. Ph\u00f2ng Ch\u00ednh tr\u1ecb<\/span><br \/><span style=\"font-family: helvetica, arial, sans-serif; font-size: 105%; color: #000000;\">\u0110\/c Nguy\u1ec5n V\u0103n A (CNCT): 0345.678.xxx<\/span><br \/><span style=\"font-family: helvetica, arial, sans-serif; font-size: 105%; color: #000000;\">\u0110\/c Nguy\u1ec5n V\u0103n B (PCNCT): 0345.679.xxx<\/span><br \/><span style=\"font-family: helvetica, arial, sans-serif; font-size: 105%; color: #000000;\">3. Ph\u00f2ng H\u1eadu c\u1ea7n \u2013 K\u1ef9 thu\u1eadt<\/span><br \/><span style=\"font-family: helvetica, arial, sans-serif; font-size: 105%; color: #000000;\">\u0110\/c Nguy\u1ec5n V\u0103n A (CN): 0345.678.xxx<\/span><br \/><span style=\"font-family: helvetica, arial, sans-serif; font-size: 105%; color: #000000;\">\u0110\/c Nguy\u1ec5n V\u0103n B (PCN): 0345.679.xxx<\/span><br \/><span style=\"font-family: helvetica, arial, sans-serif; font-size: 105%; color: #000000;\">4. H\u1ea3i \u0111\u1ed9i \u2026<\/span><br \/><span style=\"font-family: helvetica, arial, sans-serif; font-size: 105%; color: #000000;\">\u0110\/c Nguy\u1ec5n V\u0103n A (H\u0110T): 0345.678.xxx<\/span><br \/><span style=\"font-family: helvetica, arial, sans-serif; font-size: 105%; color: #000000;\">\u0110\/c Nguy\u1ec5n V\u0103n B (CTV): 0345.679.xxx<\/span><br \/><span style=\"font-family: helvetica, arial, sans-serif; font-size: 105%; color: #0000ff;\">III. \u0110\u1ed8I XE, C\u1ea2NG V\u1ee4, QU\u00c2N Y<\/span><br \/><span style=\"font-family: helvetica, arial, sans-serif; font-size: 105%; color: #000000;\">1. \u0110\u1ed9i xe<\/span><br \/><span style=\"font-family: helvetica, arial, sans-serif; font-size: 105%; color: #000000;\">\u0110\/c Nguy\u1ec5n V\u0103n A (\u0110T): 0345.678.xxx<\/span><br \/><span style=\"font-family: helvetica, arial, sans-serif; font-size: 105%; color: #000000;\">2. C\u1ea3ng v\u1ee5<\/span><br \/><span style=\"font-family: helvetica, arial, sans-serif; font-size: 105%; color: #000000;\">\u0110\/c Nguy\u1ec5n V\u0103n A (CVT): 0345.678.xxx<\/span><br \/><span style=\"font-family: helvetica, arial, sans-serif; font-size: 105%; color: #000000;\">3. Qu\u00e2n y<\/span><br \/><span style=\"font-family: helvetica, arial, sans-serif; font-size: 105%; color: #000000;\">\u0110\/c Nguy\u1ec5n V\u0103n A (CNQY): 0345.678.xxx<\/span><br \/><span style=\"font-family: helvetica, arial, sans-serif; font-size: 105%; color: #0000ff;\">IV. C\u00c1C T\u00c0U TRONG L\u1eee \u0110O\u00c0N<\/span><br \/><span style=\"font-family: helvetica, arial, sans-serif; font-size: 105%; color: #000000;\">1. T\u00e0u TS01<\/span><br \/><span style=\"font-family: helvetica, arial, sans-serif; font-size: 105%; color: #000000;\">\u0110\/c Nguy\u1ec5n V\u0103n A (TT): 0345.678.xxx<\/span><br \/><span style=\"font-family: helvetica, arial, sans-serif; font-size: 105%; color: #000000;\">\u0110\/c Nguy\u1ec5n V\u0103n B (CTV): 0345.679.xxx<\/span><br \/><span style=\"font-family: helvetica, arial, sans-serif; font-size: 105%; color: #000000;\">2. T\u00e0u TS02<\/span><br \/><span style=\"font-family: helvetica, arial, sans-serif; font-size: 105%; color: #000000;\">\u0110\/c Nguy\u1ec5n V\u0103n A (TT): 0345.678.xxx<\/span><br \/><span style=\"font-family: helvetica, arial, sans-serif; font-size: 105%; color: #000000;\">\u0110\/c Nguy\u1ec5n V\u0103n B (CTV): 0345.679.xxx<\/span><br \/><span style=\"font-family: helvetica, arial, sans-serif; font-size: 105%; color: #000000;\">3. T\u00e0u TS04<\/span><br \/><span style=\"font-family: helvetica, arial, sans-serif; font-size: 105%; color: #000000;\">\u0110\/c Nguy\u1ec5n V\u0103n A (TT): 0345.678.xxx<\/span><br \/><span style=\"font-family: helvetica, arial, sans-serif; font-size: 105%; color: #000000;\">\u0110\/c Nguy\u1ec5n V\u0103n B (CTV): 0345.679.xxx<\/span><\/p>\n<p style=\"text-align: center;\"><span style=\"font-size: 110%; font-family: helvetica, arial, sans-serif;\"><em><span style=\"color: #ff0000;\">N\u1ed9i dung \u0111ang ti\u1ebfp t\u1ee5c \u0111\u01b0\u1ee3c c\u1eadp nh\u1eadt&#8230;<\/span><\/em><\/span><\/p>\n","protected":false},"excerpt":{"rendered":"<p>Th\u00f4ng tin li\u00ean h\u1ec7 I. TH\u1ee6 TR\u01af\u1edeNG L\u1eee \u0110O\u00c0N1. \u0110\u1ed3ng ch\u00ed L\u1eef \u0111o\u00e0n tr\u01b0\u1edfngH\u1ecd v\u00e0 t\u00ean: Nguy\u1ec5n \u0110\u00ecnh L\u1ecbchC\u1ea5p b\u1eadc: \u0110\u1ea1i t\u00e1S\u0110T li\u00ean h\u1ec7: 0123.456.xxx2. \u0110\u1ed3ng ch\u00ed Ch\u00ednh \u1ee7yH\u1ecd v\u00e0 t\u00ean: Ph\u1ea1m Minh Chi\u1ebfnC\u1ea5p b\u1eadc: \u0110\u1ea1i t\u00e1S\u0110T li\u00ean h\u1ec7: 0123.456.xxx3. \u0110\u1ed3ng ch\u00ed Ph\u00f3 L\u1eef \u0111o\u00e0n tr\u01b0\u1edfng &#8211; TMTH\u1ecd v\u00e0 t\u00ean: L\u00ea Xu\u00e2n Y\u00eanC\u1ea5p b\u1eadc: Th\u01b0\u1ee3ng [&#8230;]\n","protected":false},"author":1,"featured_media":0,"parent":358,"menu_order":0,"comment_status":"closed","ping_status":"closed","template":"","meta":{"footnotes":""},"class_list":["post-362","page","type-page","status-publish","hentry"],"_links":{"self":[{"href":"https:\/\/ludoan125.com\/index.php\/wp-json\/wp\/v2\/pages\/362","targetHints":{"allow":["GET"]}}],"collection":[{"href":"https:\/\/ludoan125.com\/index.php\/wp-json\/wp\/v2\/pages"}],"about":[{"href":"https:\/\/ludoan125.com\/index.php\/wp-json\/wp\/v2\/types\/page"}],"author":[{"embeddable":true,"href":"https:\/\/ludoan125.com\/index.php\/wp-json\/wp\/v2\/users\/1"}],"replies":[{"embeddable":true,"href":"https:\/\/ludoan125.com\/index.php\/wp-json\/wp\/v2\/comments?post=362"}],"version-history":[{"count":13,"href":"https:\/\/ludoan125.com\/index.php\/wp-json\/wp\/v2\/pages\/362\/revisions"}],"predecessor-version":[{"id":1689,"href":"https:\/\/ludoan125.com\/index.php\/wp-json\/wp\/v2\/pages\/362\/revisions\/1689"}],"up":[{"embeddable":true,"href":"https:\/\/ludoan125.com\/index.php\/wp-json\/wp\/v2\/pages\/358"}],"wp:attachment":[{"href":"https:\/\/ludoan125.com\/index.php\/wp-json\/wp\/v2\/media?parent=362"}],"curies":[{"name":"wp","href":"https:\/\/api.w.org\/{rel}","templated":true}]}}