{"id":360,"date":"2024-11-21T15:18:27","date_gmt":"2024-11-21T15:18:27","guid":{"rendered":"https:\/\/ludoan125.com\/?page_id=360"},"modified":"2024-12-19T09:18:27","modified_gmt":"2024-12-19T09:18:27","slug":"1-huong-dan-su-dung-trang-thong-tin-dien-tu","status":"publish","type":"page","link":"https:\/\/ludoan125.com\/index.php\/trang-chu\/thong-tin-huu-ich\/1-huong-dan-su-dung-trang-thong-tin-dien-tu\/","title":{"rendered":"1. KH, HD c\u00f4ng t\u00e1c tuy\u00ean hu\u1ea5n"},"content":{"rendered":"<p style=\"text-align: center;\"><span style=\"font-family: helvetica, arial, sans-serif; color: #0000ff; font-size: 140%;\"><strong>KH, HD c\u00f4ng t\u00e1c tuy\u00ean hu\u1ea5n<\/strong><\/span><\/p>\n<div class=\"text-center\"><div class=\"is-divider divider clearfix\" style=\"margin-top:30px;margin-bottom:30px;max-width:200px;background-color:rgb(175, 23, 64);\"><\/div><\/div>\n<div class=\"row\"  id=\"row-1383149657\">\n\n\t<div id=\"col-1539713443\" class=\"col small-12 large-12\"  >\n\t\t\t\t<div class=\"col-inner\" style=\"background-color:rgb(175, 23, 64);\" >\n\t\t\t\n\t\t\t\n<p style=\"text-align: center;\"><a href=\"https:\/\/3s0745-my.sharepoint.com\/:f:\/g\/personal\/vancong_3s0745_onmicrosoft_com\/Egob80CmpKVMuHwjDPgC9WcBYzUglkmdfTcXmrnC7nGdnw?e=LWILwY\" target=\"_blank\" rel=\"noopener\"><span style=\"color: #ffffff;\"><span style=\"font-family: helvetica, arial, sans-serif; font-size: 140%;\"><strong>T\u00e0i li\u1ec7u K\u1ebf ho\u1ea1ch, H\u01b0\u1edbng d\u1eabn<br \/>c\u00f4ng t\u00e1c tuy\u00ean hu\u1ea5n th\u00e1ng 01<br \/><\/strong>(Nh\u1ea5n v\u00e0o \u0111\u00e2y \u0111\u1ec3 xem v\u00e0 t\u1ea3i v\u1ec1)<\/span><\/span><\/a><\/p>\n\t\t<\/div>\n\t\t\t\t\n<style>\n#col-1539713443 > .col-inner {\n  padding: 20px 0px 5px 0px;\n  border-radius: 10px;\n}\n<\/style>\n\t<\/div>\n\n\t\n<\/div>\n<div class=\"row\"  id=\"row-414474550\">\n\n\t<div id=\"col-754263334\" class=\"col small-12 large-12\"  >\n\t\t\t\t<div class=\"col-inner\" style=\"background-color:rgb(120, 32, 110);\" >\n\t\t\t\n\t\t\t\n<p style=\"text-align: center;\"><a href=\"https:\/\/3s0745-my.sharepoint.com\/:f:\/g\/personal\/vancong_3s0745_onmicrosoft_com\/EsoIepmBpmlCgeBBISYig_MBZavV_h3VTsUU6m8YNsOfgg?e=0OQjK4\" target=\"_blank\" rel=\"noopener\"><span style=\"color: #ffffff;\"><span style=\"font-family: helvetica, arial, sans-serif; font-size: 140%;\"><strong>T\u00e0i li\u1ec7u K\u1ebf ho\u1ea1ch, H\u01b0\u1edbng d\u1eabn <br \/>c\u00f4ng t\u00e1c tuy\u00ean hu\u1ea5n th\u00e1ng 02<br \/><\/strong>(Nh\u1ea5n v\u00e0o \u0111\u00e2y \u0111\u1ec3 xem v\u00e0 t\u1ea3i v\u1ec1)<\/span><\/span><\/a><\/p>\n\t\t<\/div>\n\t\t\t\t\n<style>\n#col-754263334 > .col-inner {\n  padding: 20px 0px 5px 0px;\n  border-radius: 10px;\n}\n<\/style>\n\t<\/div>\n\n\t\n<\/div>\n<div class=\"row\"  id=\"row-473652153\">\n\n\t<div id=\"col-1952998082\" class=\"col small-12 large-12\"  >\n\t\t\t\t<div class=\"col-inner\" style=\"background-color:rgb(175, 23, 64);\" >\n\t\t\t\n\t\t\t\n<p style=\"text-align: center;\"><a href=\"https:\/\/3s0745-my.sharepoint.com\/:f:\/g\/personal\/vancong_3s0745_onmicrosoft_com\/Em6xTb3MEBhLh8DLTV-jFgcBuzyOyRDoamU55ahfG5_Okw?e=vttwXn\" target=\"_blank\" rel=\"noopener\"><span style=\"color: #ffffff;\"><span style=\"font-family: helvetica, arial, sans-serif; font-size: 140%;\"><strong>T\u00e0i li\u1ec7u K\u1ebf ho\u1ea1ch, H\u01b0\u1edbng d\u1eabn <br \/>c\u00f4ng t\u00e1c tuy\u00ean hu\u1ea5n th\u00e1ng 3<br \/><\/strong>(Nh\u1ea5n v\u00e0o \u0111\u00e2y \u0111\u1ec3 xem v\u00e0 t\u1ea3i v\u1ec1)<\/span><\/span><\/a><\/p>\n\t\t<\/div>\n\t\t\t\t\n<style>\n#col-1952998082 > .col-inner {\n  padding: 20px 0px 5px 0px;\n  border-radius: 10px;\n}\n<\/style>\n\t<\/div>\n\n\t\n<\/div>\n<div class=\"row\"  id=\"row-2106379523\">\n\n\t<div id=\"col-1213136921\" class=\"col small-12 large-12\"  >\n\t\t\t\t<div class=\"col-inner\" style=\"background-color:#78206e;\" >\n\t\t\t\n\t\t\t\n<p style=\"text-align: center;\"><a href=\"https:\/\/3s0745-my.sharepoint.com\/:f:\/g\/personal\/vancong_3s0745_onmicrosoft_com\/Ej53cgEuIJdHpDQvu7_mFeoBOPljHXvboD490LRPV-3IGg?e=c2R1U9\" target=\"_blank\" rel=\"noopener\"><span style=\"color: #ffffff;\"><span style=\"font-family: helvetica, arial, sans-serif; font-size: 140%;\"><strong>T\u00e0i li\u1ec7u K\u1ebf ho\u1ea1ch, H\u01b0\u1edbng d\u1eabn <br \/>c\u00f4ng t\u00e1c tuy\u00ean hu\u1ea5n th\u00e1ng 4<br \/><\/strong>(Nh\u1ea5n v\u00e0o \u0111\u00e2y \u0111\u1ec3 xem v\u00e0 t\u1ea3i v\u1ec1)<\/span><\/span><\/a><\/p>\n\t\t<\/div>\n\t\t\t\t\n<style>\n#col-1213136921 > .col-inner {\n  padding: 20px 0px 5px 0px;\n  border-radius: 10px;\n}\n<\/style>\n\t<\/div>\n\n\t\n<\/div>\n<div class=\"row\"  id=\"row-1250230434\">\n\n\t<div id=\"col-1316067732\" class=\"col small-12 large-12\"  >\n\t\t\t\t<div class=\"col-inner\" style=\"background-color:rgb(175, 23, 64);\" >\n\t\t\t\n\t\t\t\n<p style=\"text-align: center;\"><a href=\"https:\/\/3s0745-my.sharepoint.com\/:f:\/g\/personal\/vancong_3s0745_onmicrosoft_com\/Eio8KYz5MulEvjFC2zeU89ABa6jA0dD_FwOJftoVho5hXg?e=jhI6G3\" target=\"_blank\" rel=\"noopener\"><span style=\"color: #ffffff;\"><span style=\"font-family: helvetica, arial, sans-serif; font-size: 140%;\"><strong>T\u00e0i li\u1ec7u K\u1ebf ho\u1ea1ch, H\u01b0\u1edbng d\u1eabn <br \/>c\u00f4ng t\u00e1c tuy\u00ean hu\u1ea5n th\u00e1ng 5<br \/><\/strong>(Nh\u1ea5n v\u00e0o \u0111\u00e2y \u0111\u1ec3 xem v\u00e0 t\u1ea3i v\u1ec1)<\/span><\/span><\/a><\/p>\n\t\t<\/div>\n\t\t\t\t\n<style>\n#col-1316067732 > .col-inner {\n  padding: 20px 0px 5px 0px;\n  border-radius: 10px;\n}\n<\/style>\n\t<\/div>\n\n\t\n<\/div>\n<div class=\"row\"  id=\"row-980730317\">\n\n\t<div id=\"col-1128480375\" class=\"col small-12 large-12\"  >\n\t\t\t\t<div class=\"col-inner\" style=\"background-color:#78206e;\" >\n\t\t\t\n\t\t\t\n<p style=\"text-align: center;\"><a href=\"https:\/\/3s0745-my.sharepoint.com\/:f:\/g\/personal\/vancong_3s0745_onmicrosoft_com\/EiMXlqVOu5hNjUJiKNJYaw8BJIP27i_hLWtzQAANVXKbXg?e=CUJer2\" target=\"_blank\" rel=\"noopener\"><span style=\"color: #ffffff;\"><span style=\"font-family: helvetica, arial, sans-serif; font-size: 140%;\"><strong>T\u00e0i li\u1ec7u K\u1ebf ho\u1ea1ch, H\u01b0\u1edbng d\u1eabn <br \/>c\u00f4ng t\u00e1c tuy\u00ean hu\u1ea5n th\u00e1ng 6<br \/><\/strong>(Nh\u1ea5n v\u00e0o \u0111\u00e2y \u0111\u1ec3 xem v\u00e0 t\u1ea3i v\u1ec1)<\/span><\/span><\/a><\/p>\n\t\t<\/div>\n\t\t\t\t\n<style>\n#col-1128480375 > .col-inner {\n  padding: 20px 0px 5px 0px;\n  border-radius: 10px;\n}\n<\/style>\n\t<\/div>\n\n\t\n<\/div>\n<div class=\"row\"  id=\"row-686230687\">\n\n\t<div id=\"col-1048076199\" class=\"col small-12 large-12\"  >\n\t\t\t\t<div class=\"col-inner\" style=\"background-color:rgb(175, 23, 64);\" >\n\t\t\t\n\t\t\t\n<p style=\"text-align: center;\"><a href=\"https:\/\/3s0745-my.sharepoint.com\/:f:\/g\/personal\/vancong_3s0745_onmicrosoft_com\/EjgksQw7sQxJs5IoiXESFlAB4R6TzWgJGZ3JXcgTAKAqRg?e=s7ROBK\" target=\"_blank\" rel=\"noopener\"><span style=\"color: #ffffff;\"><span style=\"font-family: helvetica, arial, sans-serif; font-size: 140%;\"><strong>T\u00e0i li\u1ec7u K\u1ebf ho\u1ea1ch, H\u01b0\u1edbng d\u1eabn <br \/>c\u00f4ng t\u00e1c tuy\u00ean hu\u1ea5n th\u00e1ng 7<br \/><\/strong>(Nh\u1ea5n v\u00e0o \u0111\u00e2y \u0111\u1ec3 xem v\u00e0 t\u1ea3i v\u1ec1)<\/span><\/span><\/a><\/p>\n\t\t<\/div>\n\t\t\t\t\n<style>\n#col-1048076199 > .col-inner {\n  padding: 20px 0px 5px 0px;\n  border-radius: 10px;\n}\n<\/style>\n\t<\/div>\n\n\t\n<\/div>\n<div class=\"row\"  id=\"row-2048497283\">\n\n\t<div id=\"col-2108572999\" class=\"col small-12 large-12\"  >\n\t\t\t\t<div class=\"col-inner\" style=\"background-color:#78206e;\" >\n\t\t\t\n\t\t\t\n<p style=\"text-align: center;\"><a href=\"https:\/\/3s0745-my.sharepoint.com\/:f:\/g\/personal\/vancong_3s0745_onmicrosoft_com\/EjUHWFtT4ChIkkz7NH0tfz8BnhtmJa50lqrz3E6ML9y-rQ?e=b4ggLA\" target=\"_blank\" rel=\"noopener\"><span style=\"color: #ffffff;\"><span style=\"font-family: helvetica, arial, sans-serif; font-size: 140%;\"><strong>T\u00e0i li\u1ec7u K\u1ebf ho\u1ea1ch, H\u01b0\u1edbng d\u1eabn <br \/>c\u00f4ng t\u00e1c tuy\u00ean hu\u1ea5n th\u00e1ng 8<br \/><\/strong>(Nh\u1ea5n v\u00e0o \u0111\u00e2y \u0111\u1ec3 xem v\u00e0 t\u1ea3i v\u1ec1)<\/span><\/span><\/a><\/p>\n\t\t<\/div>\n\t\t\t\t\n<style>\n#col-2108572999 > .col-inner {\n  padding: 20px 0px 5px 0px;\n  border-radius: 10px;\n}\n<\/style>\n\t<\/div>\n\n\t\n<\/div>\n<div class=\"row\"  id=\"row-1950220899\">\n\n\t<div id=\"col-1678426995\" class=\"col small-12 large-12\"  >\n\t\t\t\t<div class=\"col-inner\" style=\"background-color:rgb(175, 23, 64);\" >\n\t\t\t\n\t\t\t\n<p style=\"text-align: center;\"><a href=\"https:\/\/3s0745-my.sharepoint.com\/:f:\/g\/personal\/vancong_3s0745_onmicrosoft_com\/EqOymLJL6ppGmQ1mxqCT6NYBbIxhQh_C2k8Dnfms7hi7IQ?e=Or0noD\" target=\"_blank\" rel=\"noopener\"><span style=\"color: #ffffff;\"><span style=\"font-family: helvetica, arial, sans-serif; font-size: 140%;\"><strong>T\u00e0i li\u1ec7u K\u1ebf ho\u1ea1ch, H\u01b0\u1edbng d\u1eabn <br \/>c\u00f4ng t\u00e1c tuy\u00ean hu\u1ea5n th\u00e1ng 9<br \/><\/strong>(Nh\u1ea5n v\u00e0o \u0111\u00e2y \u0111\u1ec3 xem v\u00e0 t\u1ea3i v\u1ec1)<\/span><\/span><\/a><\/p>\n\t\t<\/div>\n\t\t\t\t\n<style>\n#col-1678426995 > .col-inner {\n  padding: 20px 0px 5px 0px;\n  border-radius: 10px;\n}\n<\/style>\n\t<\/div>\n\n\t\n<\/div>\n<div class=\"row\"  id=\"row-936087470\">\n\n\t<div id=\"col-946357160\" class=\"col small-12 large-12\"  >\n\t\t\t\t<div class=\"col-inner\" style=\"background-color:#78206e;\" >\n\t\t\t\n\t\t\t\n<p style=\"text-align: center;\"><a href=\"https:\/\/3s0745-my.sharepoint.com\/:f:\/g\/personal\/vancong_3s0745_onmicrosoft_com\/ErjSJWsGHHtHkdo-NYF8dWsB0pTmv1pdYEqT9C_sUSnUBQ?e=dG35nh\" target=\"_blank\" rel=\"noopener\"><span style=\"color: #ffffff;\"><span style=\"font-family: helvetica, arial, sans-serif; font-size: 140%;\"><strong>T\u00e0i li\u1ec7u K\u1ebf ho\u1ea1ch, H\u01b0\u1edbng d\u1eabn <br \/>c\u00f4ng t\u00e1c tuy\u00ean hu\u1ea5n th\u00e1ng 10<br \/><\/strong>(Nh\u1ea5n v\u00e0o \u0111\u00e2y \u0111\u1ec3 xem v\u00e0 t\u1ea3i v\u1ec1)<\/span><\/span><\/a><\/p>\n\t\t<\/div>\n\t\t\t\t\n<style>\n#col-946357160 > .col-inner {\n  padding: 20px 0px 5px 0px;\n  border-radius: 10px;\n}\n<\/style>\n\t<\/div>\n\n\t\n<\/div>\n<div class=\"row\"  id=\"row-1977260815\">\n\n\t<div id=\"col-461681723\" class=\"col small-12 large-12\"  >\n\t\t\t\t<div class=\"col-inner\" style=\"background-color:rgb(175, 23, 64);\" >\n\t\t\t\n\t\t\t\n<p style=\"text-align: center;\"><a href=\"https:\/\/3s0745-my.sharepoint.com\/:f:\/g\/personal\/vancong_3s0745_onmicrosoft_com\/Epo5QyD_dTRMvzye3rrusAEBcK45I-Bn0Pi6WoWQK90lDg?e=yivOfn\" target=\"_blank\" rel=\"noopener\"><span style=\"color: #ffffff;\"><span style=\"font-family: helvetica, arial, sans-serif; font-size: 140%;\"><strong>T\u00e0i li\u1ec7u K\u1ebf ho\u1ea1ch, H\u01b0\u1edbng d\u1eabn <br \/>c\u00f4ng t\u00e1c tuy\u00ean hu\u1ea5n th\u00e1ng 11<br \/><\/strong>(Nh\u1ea5n v\u00e0o \u0111\u00e2y \u0111\u1ec3 xem v\u00e0 t\u1ea3i v\u1ec1)<\/span><\/span><\/a><\/p>\n\t\t<\/div>\n\t\t\t\t\n<style>\n#col-461681723 > .col-inner {\n  padding: 20px 0px 5px 0px;\n  border-radius: 10px;\n}\n<\/style>\n\t<\/div>\n\n\t\n<\/div>\n<div class=\"row\"  id=\"row-1167654278\">\n\n\t<div id=\"col-1606115463\" class=\"col small-12 large-12\"  >\n\t\t\t\t<div class=\"col-inner\" style=\"background-color:#78206e;\" >\n\t\t\t\n\t\t\t\n<p style=\"text-align: center;\"><a href=\"https:\/\/3s0745-my.sharepoint.com\/:f:\/g\/personal\/vancong_3s0745_onmicrosoft_com\/EoJ5HLPm8JJBkdpGkmKQqwMB9nQIlfKtlRmQX6ckvh-PnQ?e=I7GAWY\" target=\"_blank\" rel=\"noopener\"><span style=\"color: #ffffff;\"><span style=\"font-family: helvetica, arial, sans-serif; font-size: 140%;\"><strong>T\u00e0i li\u1ec7u K\u1ebf ho\u1ea1ch, H\u01b0\u1edbng d\u1eabn <br \/>c\u00f4ng t\u00e1c tuy\u00ean hu\u1ea5n th\u00e1ng 12<br \/><\/strong>(Nh\u1ea5n v\u00e0o \u0111\u00e2y \u0111\u1ec3 xem v\u00e0 t\u1ea3i v\u1ec1)<\/span><\/span><\/a><\/p>\n\t\t<\/div>\n\t\t\t\t\n<style>\n#col-1606115463 > .col-inner {\n  padding: 20px 0px 5px 0px;\n  border-radius: 10px;\n}\n<\/style>\n\t<\/div>\n\n\t\n<\/div>\n","protected":false},"excerpt":{"rendered":"<p>KH, HD c\u00f4ng t\u00e1c tuy\u00ean hu\u1ea5n<\/p>\n","protected":false},"author":1,"featured_media":0,"parent":358,"menu_order":0,"comment_status":"closed","ping_status":"closed","template":"","meta":{"footnotes":""},"class_list":["post-360","page","type-page","status-publish","hentry"],"_links":{"self":[{"href":"https:\/\/ludoan125.com\/index.php\/wp-json\/wp\/v2\/pages\/360","targetHints":{"allow":["GET"]}}],"collection":[{"href":"https:\/\/ludoan125.com\/index.php\/wp-json\/wp\/v2\/pages"}],"about":[{"href":"https:\/\/ludoan125.com\/index.php\/wp-json\/wp\/v2\/types\/page"}],"author":[{"embeddable":true,"href":"https:\/\/ludoan125.com\/index.php\/wp-json\/wp\/v2\/users\/1"}],"replies":[{"embeddable":true,"href":"https:\/\/ludoan125.com\/index.php\/wp-json\/wp\/v2\/comments?post=360"}],"version-history":[{"count":26,"href":"https:\/\/ludoan125.com\/index.php\/wp-json\/wp\/v2\/pages\/360\/revisions"}],"predecessor-version":[{"id":1393,"href":"https:\/\/ludoan125.com\/index.php\/wp-json\/wp\/v2\/pages\/360\/revisions\/1393"}],"up":[{"embeddable":true,"href":"https:\/\/ludoan125.com\/index.php\/wp-json\/wp\/v2\/pages\/358"}],"wp:attachment":[{"href":"https:\/\/ludoan125.com\/index.php\/wp-json\/wp\/v2\/media?parent=360"}],"curies":[{"name":"wp","href":"https:\/\/api.w.org\/{rel}","templated":true}]}}