{"id":358,"date":"2024-11-21T15:18:10","date_gmt":"2024-11-21T15:18:10","guid":{"rendered":"https:\/\/ludoan125.com\/?page_id=358"},"modified":"2024-12-19T07:39:51","modified_gmt":"2024-12-19T07:39:51","slug":"thong-tin-huu-ich","status":"publish","type":"page","link":"https:\/\/ludoan125.com\/index.php\/trang-chu\/thong-tin-huu-ich\/","title":{"rendered":"Th\u00f4ng tin h\u1eefu \u00edch"},"content":{"rendered":"<p style=\"text-align: center;\"><span style=\"font-size: 160%; color: #0000ff;\"><strong><span style=\"font-family: helvetica, arial, sans-serif;\">Th\u00f4ng tin h\u1eefu \u00edch<\/span><\/strong><\/span><\/p>\n<div class=\"text-center\"><div class=\"is-divider divider clearfix\" style=\"margin-top:30px;margin-bottom:30px;max-width:200px;background-color:rgb(175, 23, 64);\"><\/div><\/div>\n<div class=\"row\"  id=\"row-1704787519\">\n\n\t<div id=\"col-1795436440\" class=\"col small-12 large-12\"  >\n\t\t\t\t<div class=\"col-inner\" style=\"background-color:rgb(204, 43, 82);\" >\n\t\t\t\n\t\t\t\n<p style=\"text-align: center;\"><a href=\"https:\/\/ludoan125.com\/index.php\/trang-chu\/thong-tin-huu-ich\/1-huong-dan-su-dung-trang-thong-tin-dien-tu\/\"><span style=\"font-family: helvetica, arial, sans-serif; font-size: 140%; color: #ffffff;\"><strong>KH, HD c\u00f4ng t\u00e1c tuy\u00ean hu\u1ea5n<\/strong><\/span><\/a><\/p>\n\t\t<\/div>\n\t\t\t\t\n<style>\n#col-1795436440 > .col-inner {\n  padding: 20px 0px 5px 0px;\n  border-radius: 10px;\n}\n<\/style>\n\t<\/div>\n\n\t\n<\/div>\n<div class=\"row\"  id=\"row-2006947515\">\n\n\t<div id=\"col-2001952706\" class=\"col small-12 large-12\"  >\n\t\t\t\t<div class=\"col-inner\" style=\"background-color:rgb(120, 32, 110);\" >\n\t\t\t\n\t\t\t\n<p style=\"text-align: center;\"><a href=\"https:\/\/ludoan125.com\/index.php\/trang-chu\/thong-tin-huu-ich\/2-thong-tin-lien-he-cua-lanh-dao-cac-co-quan-don-vi\/\"><span style=\"font-family: helvetica, arial, sans-serif; font-size: 150%; color: #ffffff;\"><strong>Th\u00f4ng tin li\u00ean h\u1ec7<\/strong><\/span><\/a><\/p>\n\t\t<\/div>\n\t\t\t\t\n<style>\n#col-2001952706 > .col-inner {\n  padding: 20px 0px 5px 0px;\n  border-radius: 10px;\n}\n<\/style>\n\t<\/div>\n\n\t\n<\/div>\n<div class=\"row\"  id=\"row-925230864\">\n\n\t<div id=\"col-2109082610\" class=\"col small-12 large-12\"  >\n\t\t\t\t<div class=\"col-inner\" style=\"background-color:rgb(204, 43, 82);\" >\n\t\t\t\n\t\t\t\n<p style=\"text-align: center;\"><a href=\"https:\/\/ludoan125.com\/index.php\/trang-chu\/thong-tin-huu-ich\/3-mot-so-van-ban-lien-quan-den-che-do-chinh-sach-va-quyen-loi-cua-bo-doi\/\"><span style=\"font-family: helvetica, arial, sans-serif; font-size: 150%; color: #ffffff;\"><strong>H\u01b0\u1edbng d\u1eabn s\u1eed d\u1ee5ng<\/strong><\/span><\/a><\/p>\n\t\t<\/div>\n\t\t\t\t\n<style>\n#col-2109082610 > .col-inner {\n  padding: 20px 0px 5px 0px;\n  border-radius: 10px;\n}\n<\/style>\n\t<\/div>\n\n\t\n<\/div>\n<div class=\"row\"  id=\"row-458675495\">\n\n\t<div id=\"col-186472777\" class=\"col small-12 large-12\"  >\n\t\t\t\t<div class=\"col-inner\" style=\"background-color:#78206e;\" >\n\t\t\t\n\t\t\t\n<p style=\"text-align: center;\"><a href=\"https:\/\/ludoan125.com\/index.php\/trang-chu\/thong-tin-huu-ich\/4-du-bao-thoi-tiet\/\"><span style=\"font-family: helvetica, arial, sans-serif; font-size: 140%; color: #ffffff;\"><strong>N\u1ed9i dung \u0111\u00f3ng g\u00f3p, ph\u1ea3n h\u1ed3i<\/strong><\/span><\/a><\/p>\n\t\t<\/div>\n\t\t\t\t\n<style>\n#col-186472777 > .col-inner {\n  padding: 20px 0px 5px 0px;\n  border-radius: 10px;\n}\n<\/style>\n\t<\/div>\n\n\t\n<\/div>\n","protected":false},"excerpt":{"rendered":"<p>Th\u00f4ng tin h\u1eefu \u00edch<\/p>\n","protected":false},"author":1,"featured_media":0,"parent":10,"menu_order":0,"comment_status":"closed","ping_status":"closed","template":"","meta":{"footnotes":""},"class_list":["post-358","page","type-page","status-publish","hentry"],"_links":{"self":[{"href":"https:\/\/ludoan125.com\/index.php\/wp-json\/wp\/v2\/pages\/358","targetHints":{"allow":["GET"]}}],"collection":[{"href":"https:\/\/ludoan125.com\/index.php\/wp-json\/wp\/v2\/pages"}],"about":[{"href":"https:\/\/ludoan125.com\/index.php\/wp-json\/wp\/v2\/types\/page"}],"author":[{"embeddable":true,"href":"https:\/\/ludoan125.com\/index.php\/wp-json\/wp\/v2\/users\/1"}],"replies":[{"embeddable":true,"href":"https:\/\/ludoan125.com\/index.php\/wp-json\/wp\/v2\/comments?post=358"}],"version-history":[{"count":17,"href":"https:\/\/ludoan125.com\/index.php\/wp-json\/wp\/v2\/pages\/358\/revisions"}],"predecessor-version":[{"id":1361,"href":"https:\/\/ludoan125.com\/index.php\/wp-json\/wp\/v2\/pages\/358\/revisions\/1361"}],"up":[{"embeddable":true,"href":"https:\/\/ludoan125.com\/index.php\/wp-json\/wp\/v2\/pages\/10"}],"wp:attachment":[{"href":"https:\/\/ludoan125.com\/index.php\/wp-json\/wp\/v2\/media?parent=358"}],"curies":[{"name":"wp","href":"https:\/\/api.w.org\/{rel}","templated":true}]}}