{"id":354,"date":"2024-11-21T15:17:15","date_gmt":"2024-11-21T15:17:15","guid":{"rendered":"https:\/\/ludoan125.com\/?page_id=354"},"modified":"2024-12-19T09:48:57","modified_gmt":"2024-12-19T09:48:57","slug":"1-guong-dien-hinh-tien-tien","status":"publish","type":"page","link":"https:\/\/ludoan125.com\/index.php\/trang-chu\/thi-dua-khen-thuong\/1-guong-dien-hinh-tien-tien\/","title":{"rendered":"1. G\u01b0\u01a1ng \u0111i\u1ec3n h\u00ecnh ti\u00ean ti\u1ebfn"},"content":{"rendered":"<p style=\"text-align: center;\"><span style=\"font-family: helvetica, arial, sans-serif; font-size: 140%; color: #0000ff;\"><strong>G\u01b0\u01a1ng \u0111i\u1ec3n h\u00ecnh ti\u00ean ti\u1ebfn<\/strong><\/span><\/p>\n<div class=\"text-center\"><div class=\"is-divider divider clearfix\" style=\"margin-top:30px;margin-bottom:30px;max-width:200px;background-color:rgb(175, 23, 64);\"><\/div><\/div>\n<div class=\"row\"  id=\"row-1005416219\">\n\n\t<div id=\"col-445206832\" class=\"col small-12 large-12\"  >\n\t\t\t\t<div class=\"col-inner\" style=\"background-color:rgb(204, 43, 82);\" >\n\t\t\t\n\t\t\t\n<p style=\"text-align: center;\"><a href=\"https:\/\/ludoan125.com\/index.php\/trang-chu\/thi-dua-khen-thuong\/1-guong-dien-hinh-tien-tien\/tap-the-dien-hinh-trong-pttdqt\/\"><span style=\"font-family: helvetica, arial, sans-serif; font-size: 140%; color: #ffffff;\"><strong>T\u1eadp th\u1ec3 \u0111i\u1ec3n h\u00ecnh<\/strong><\/span><\/a><\/p>\n\t\t<\/div>\n\t\t\t\t\n<style>\n#col-445206832 > .col-inner {\n  padding: 20px 0px 5px 0px;\n  border-radius: 10px;\n}\n<\/style>\n\t<\/div>\n\n\t\n<\/div>\n<div class=\"row\"  id=\"row-424293401\">\n\n\t<div id=\"col-8700220\" class=\"col small-12 large-12\"  >\n\t\t\t\t<div class=\"col-inner\" style=\"background-color:rgb(231, 64, 56);\" >\n\t\t\t\n\t\t\t\n<p style=\"text-align: center;\"><a href=\"https:\/\/ludoan125.com\/index.php\/trang-chu\/thi-dua-khen-thuong\/1-guong-dien-hinh-tien-tien\/ca-nhan-dien-hinh-trong-pttdqt\/\"><span style=\"font-family: helvetica, arial, sans-serif; font-size: 140%; color: #ffffff;\"><strong>C\u00e1 nh\u00e2n \u0111i\u1ec3n h\u00ecnh<\/strong><\/span><\/a><\/p>\n\t\t<\/div>\n\t\t\t\t\n<style>\n#col-8700220 > .col-inner {\n  padding: 20px 0px 5px 0px;\n  border-radius: 10px;\n}\n<\/style>\n\t<\/div>\n\n\t\n<\/div>\n","protected":false},"excerpt":{"rendered":"<p>G\u01b0\u01a1ng \u0111i\u1ec3n h\u00ecnh ti\u00ean ti\u1ebfn<\/p>\n","protected":false},"author":1,"featured_media":0,"parent":352,"menu_order":0,"comment_status":"closed","ping_status":"closed","template":"","meta":{"footnotes":""},"class_list":["post-354","page","type-page","status-publish","hentry"],"_links":{"self":[{"href":"https:\/\/ludoan125.com\/index.php\/wp-json\/wp\/v2\/pages\/354","targetHints":{"allow":["GET"]}}],"collection":[{"href":"https:\/\/ludoan125.com\/index.php\/wp-json\/wp\/v2\/pages"}],"about":[{"href":"https:\/\/ludoan125.com\/index.php\/wp-json\/wp\/v2\/types\/page"}],"author":[{"embeddable":true,"href":"https:\/\/ludoan125.com\/index.php\/wp-json\/wp\/v2\/users\/1"}],"replies":[{"embeddable":true,"href":"https:\/\/ludoan125.com\/index.php\/wp-json\/wp\/v2\/comments?post=354"}],"version-history":[{"count":10,"href":"https:\/\/ludoan125.com\/index.php\/wp-json\/wp\/v2\/pages\/354\/revisions"}],"predecessor-version":[{"id":1415,"href":"https:\/\/ludoan125.com\/index.php\/wp-json\/wp\/v2\/pages\/354\/revisions\/1415"}],"up":[{"embeddable":true,"href":"https:\/\/ludoan125.com\/index.php\/wp-json\/wp\/v2\/pages\/352"}],"wp:attachment":[{"href":"https:\/\/ludoan125.com\/index.php\/wp-json\/wp\/v2\/media?parent=354"}],"curies":[{"name":"wp","href":"https:\/\/api.w.org\/{rel}","templated":true}]}}