{"id":352,"date":"2024-11-21T15:16:55","date_gmt":"2024-11-21T15:16:55","guid":{"rendered":"https:\/\/ludoan125.com\/?page_id=352"},"modified":"2024-12-19T07:37:44","modified_gmt":"2024-12-19T07:37:44","slug":"thi-dua-khen-thuong","status":"publish","type":"page","link":"https:\/\/ludoan125.com\/index.php\/trang-chu\/thi-dua-khen-thuong\/","title":{"rendered":"Thi \u0111ua khen th\u01b0\u1edfng"},"content":{"rendered":"<p style=\"text-align: center;\"><span style=\"font-family: helvetica, arial, sans-serif; font-size: 160%; color: #0000ff;\"><strong>Thi \u0111ua khen th\u01b0\u1edfng<\/strong><\/span><\/p>\n<div class=\"text-center\"><div class=\"is-divider divider clearfix\" style=\"margin-top:30px;margin-bottom:30px;max-width:200px;background-color:rgb(175, 23, 64);\"><\/div><\/div>\n<div class=\"row\"  id=\"row-1310057620\">\n\n\t<div id=\"col-1729631226\" class=\"col small-12 large-12\"  >\n\t\t\t\t<div class=\"col-inner\" style=\"background-color:rgb(204, 43, 82);\" >\n\t\t\t\n\t\t\t\n<p style=\"text-align: center;\"><a href=\"https:\/\/ludoan125.com\/index.php\/trang-chu\/thi-dua-khen-thuong\/1-guong-dien-hinh-tien-tien\/\"><span style=\"font-family: helvetica, arial, sans-serif; font-size: 140%; color: #ffffff;\"><strong>G\u01b0\u01a1ng \u0111i\u1ec3n h\u00ecnh ti\u00ean ti\u1ebfn<\/strong><\/span><\/a><\/p>\n\t\t<\/div>\n\t\t\t\t\n<style>\n#col-1729631226 > .col-inner {\n  padding: 20px 0px 5px 0px;\n  border-radius: 10px;\n}\n<\/style>\n\t<\/div>\n\n\t\n<\/div>\n<div class=\"row\"  id=\"row-1352980154\">\n\n\t<div id=\"col-1465496929\" class=\"col small-12 large-12\"  >\n\t\t\t\t<div class=\"col-inner\" style=\"background-color:rgb(120, 32, 110);\" >\n\t\t\t\n\t\t\t\n<p style=\"text-align: center;\"><a href=\"https:\/\/ludoan125.com\/index.php\/trang-chu\/thi-dua-khen-thuong\/2-ket-qua-thi-dua-hang-thang\/\"><span style=\"color: #ffffff; font-family: helvetica, arial, sans-serif; font-size: 140%;\"><b>K\u1ebft qu\u1ea3 thi \u0111ua h\u00e0ng th\u00e1ng<\/b><\/span><\/a><\/p>\n\t\t<\/div>\n\t\t\t\t\n<style>\n#col-1465496929 > .col-inner {\n  padding: 20px 0px 5px 0px;\n  border-radius: 10px;\n}\n<\/style>\n\t<\/div>\n\n\t\n<\/div>\n<div class=\"row\"  id=\"row-1689321547\">\n\n\t<div id=\"col-2036999266\" class=\"col small-12 large-12\"  >\n\t\t\t\t<div class=\"col-inner\" style=\"background-color:rgb(204, 43, 82);\" >\n\t\t\t\n\t\t\t\n<p style=\"text-align: center;\"><a href=\"https:\/\/ludoan125.com\/index.php\/trang-chu\/thi-dua-khen-thuong\/3-tai-lieu-cong-tac-tdkt\/\"><span style=\"color: #ffffff; font-family: helvetica, arial, sans-serif;\"><span style=\"font-size: 20.16px;\"><b>Phong tr\u00e0o thi \u0111ua c\u1ee7a L\u1eef \u0111o\u00e0n<\/b><\/span><\/span><\/a><\/p>\n\t\t<\/div>\n\t\t\t\t\n<style>\n#col-2036999266 > .col-inner {\n  padding: 20px 0px 5px 0px;\n  border-radius: 10px;\n}\n<\/style>\n\t<\/div>\n\n\t\n<\/div>\n<div class=\"row\"  id=\"row-1868604454\">\n\n\t<div id=\"col-1186054701\" class=\"col small-12 large-12\"  >\n\t\t\t\t<div class=\"col-inner\" style=\"background-color:#78206e;\" >\n\t\t\t\n\t\t\t\n<p style=\"text-align: center;\"><a href=\"https:\/\/ludoan125.com\/index.php\/trang-chu\/thi-dua-khen-thuong\/4-phong-trao-thi-dua-tai-dia-phuong\/\"><span style=\"color: #ffffff; font-family: helvetica, arial, sans-serif;\"><span style=\"font-size: 20.16px;\"><b>Phong tr\u00e0o thi \u0111ua t\u1ea1i \u0111\u1ecba ph\u01b0\u01a1ng<\/b><\/span><\/span><\/a><\/p>\n\t\t<\/div>\n\t\t\t\t\n<style>\n#col-1186054701 > .col-inner {\n  padding: 20px 0px 5px 0px;\n  border-radius: 10px;\n}\n<\/style>\n\t<\/div>\n\n\t\n<\/div>\n","protected":false},"excerpt":{"rendered":"<p>Thi \u0111ua khen th\u01b0\u1edfng<\/p>\n","protected":false},"author":1,"featured_media":0,"parent":10,"menu_order":0,"comment_status":"closed","ping_status":"closed","template":"","meta":{"footnotes":""},"class_list":["post-352","page","type-page","status-publish","hentry"],"_links":{"self":[{"href":"https:\/\/ludoan125.com\/index.php\/wp-json\/wp\/v2\/pages\/352","targetHints":{"allow":["GET"]}}],"collection":[{"href":"https:\/\/ludoan125.com\/index.php\/wp-json\/wp\/v2\/pages"}],"about":[{"href":"https:\/\/ludoan125.com\/index.php\/wp-json\/wp\/v2\/types\/page"}],"author":[{"embeddable":true,"href":"https:\/\/ludoan125.com\/index.php\/wp-json\/wp\/v2\/users\/1"}],"replies":[{"embeddable":true,"href":"https:\/\/ludoan125.com\/index.php\/wp-json\/wp\/v2\/comments?post=352"}],"version-history":[{"count":12,"href":"https:\/\/ludoan125.com\/index.php\/wp-json\/wp\/v2\/pages\/352\/revisions"}],"predecessor-version":[{"id":1360,"href":"https:\/\/ludoan125.com\/index.php\/wp-json\/wp\/v2\/pages\/352\/revisions\/1360"}],"up":[{"embeddable":true,"href":"https:\/\/ludoan125.com\/index.php\/wp-json\/wp\/v2\/pages\/10"}],"wp:attachment":[{"href":"https:\/\/ludoan125.com\/index.php\/wp-json\/wp\/v2\/media?parent=352"}],"curies":[{"name":"wp","href":"https:\/\/api.w.org\/{rel}","templated":true}]}}