{"id":348,"date":"2024-11-21T15:16:17","date_gmt":"2024-11-21T15:16:17","guid":{"rendered":"https:\/\/ludoan125.com\/?page_id=348"},"modified":"2024-12-31T16:20:46","modified_gmt":"2024-12-31T16:20:46","slug":"2-cuoc-thi-vhvn-tdtt","status":"publish","type":"page","link":"https:\/\/ludoan125.com\/index.php\/trang-chu\/van-hoa-co-so\/2-cuoc-thi-vhvn-tdtt\/","title":{"rendered":"2. M\u1ed7i tu\u1ea7n m\u1ed9t cu\u1ed1n s\u00e1ch"},"content":{"rendered":"<p style=\"text-align: center;\"><span style=\"font-family: helvetica, arial, sans-serif; font-size: 150%; color: #0000ff;\"><strong>M\u1ed7i tu\u1ea7n 1 cu\u1ed1n s\u00e1ch <br \/><\/strong>(Tu\u1ea7n 01 th\u00e1ng 01 n\u0103m 2025)<\/span><\/p>\n<div class=\"text-center\"><div class=\"is-divider divider clearfix\" style=\"margin-top:30px;margin-bottom:30px;max-width:200px;background-color:rgb(175, 23, 64);\"><\/div><\/div>\n\t<div class=\"img has-hover x md-x lg-x y md-y lg-y\" id=\"image_1371827788\">\n\t\t\t\t\t\t\t\t<div class=\"img-inner dark\" >\n\t\t\t<img loading=\"lazy\" decoding=\"async\" width=\"731\" height=\"1024\" src=\"https:\/\/ludoan125.com\/wp-content\/uploads\/2024\/11\/SACH-731x1024.jpg\" class=\"attachment-large size-large\" alt=\"\" srcset=\"https:\/\/ludoan125.com\/wp-content\/uploads\/2024\/11\/SACH-731x1024.jpg 731w, https:\/\/ludoan125.com\/wp-content\/uploads\/2024\/11\/SACH-214x300.jpg 214w, https:\/\/ludoan125.com\/wp-content\/uploads\/2024\/11\/SACH.jpg 750w\" sizes=\"auto, (max-width: 731px) 100vw, 731px\" \/>\t\t\t\t\t\t\n\t\t\t\t\t<\/div>\n\t\t\t\t\t\t\t\t\n<style>\n#image_1371827788 {\n  width: 100%;\n}\n<\/style>\n\t<\/div>\n\t\n<p style=\"text-align: center;\"><span style=\"color: #0000ff;\"><span style=\"font-family: helvetica, arial, sans-serif; font-size: 100%;\"><strong>GI\u1edaI THI\u1ec6U S\u00c1CH: T\u1ed4NG H\u00c0NH DINH <\/strong><\/span><span style=\"font-family: helvetica, arial, sans-serif; font-size: 100%;\"><strong>TRONG M\u00d9A XU\u00c2N TO\u00c0N TH\u1eaeNG<\/strong><\/span><\/span><\/p>\n<p style=\"text-align: justify;\"><span style=\"font-family: helvetica, arial, sans-serif; font-size: 100%; color: #000000;\">K\u00ednh th\u01b0a th\u1ee7 tr\u01b0\u1edfng, c\u00e1c \u0111\u1ed3ng ch\u00ed, c\u00f9ng to\u00e0n th\u1ec3 qu\u00fd b\u1ea1n \u0111\u1ecdc th\u00e2n m\u1ebfn! D\u00f9 n\u0103m th\u00e1ng \u0111\u00e3 qua \u0111i, nh\u01b0ng k\u00fd \u1ee9c chi\u1ebfn tranh, v\u1edbi nh\u1eefng chi\u1ebfn th\u1eafng h\u00e0o h\u00f9ng, s\u1ef1 hy sinh v\u00f4 b\u1edd b\u1ebfn c\u1ee7a d\u00e2n t\u1ed9c Vi\u1ec7t Nam ch\u1ed1ng l\u1ea1i k\u1ebb th\u00f9 x\u00e2m l\u01b0\u1ee3c v\u00e0 b\u00e8 l\u0169 tay sai v\u1eabn t\u01b0\u01a1i r\u00f3i, v\u1eb9n nguy\u00ean trong t\u00e2m kh\u1ea3m nh\u1eefng ng\u01b0\u1eddi trong cu\u1ed9c v\u1eeba l\u00e0 nh\u00e2n ch\u1ee9ng l\u1ecbch s\u1eed, v\u1eeba g\u00f3p ph\u1ea7n l\u00e0m n\u00ean chi\u1ebfn th\u1eafng. Sau cu\u1ed9c T\u1ed5ng ti\u1ebfn c\u00f4ng v\u00e0 n\u1ed5i d\u1eady m\u00f9a Xu\u00e2n 1975, k\u1ebft th\u00fac v\u1ebb vang cu\u1ed9c kh\u00e1ng chi\u1ebfn ch\u1ed1ng M\u1ef9, c\u1ee9u n\u01b0\u1edbc su\u1ed1t 21 n\u0103m r\u00f2ng r\u00e3, k\u1ebft th\u00fac cu\u1ed9c tr\u01b0\u1eddng chinh 30 n\u0103m kh\u00f4ng ngh\u1ec9 v\u00ec \u0111\u1ed9c l\u1eadp, t\u1ef1 do v\u00e0 th\u1ed1ng nh\u1ea5t T\u1ed5 qu\u1ed1c, nhi\u1ec1u t\u01b0\u1edbng l\u0129nh, s\u0129 quan d\u00e0y d\u1ea1n tr\u1eadn m\u1ea1c, r\u1ea5t t\u00e0i n\u0103ng c\u1ee7a qu\u00e2n \u0111\u1ed9i ta \u0111\u00e3 h\u1ed3i t\u01b0\u1edfng l\u1ea1i nh\u1eefng n\u0103m th\u00e1ng gian kh\u1ed5 v\u00e0 oanh li\u1ec7t \u0111\u00e3 qua, vi\u1ebft m\u1ed9t s\u1ed1 cu\u1ed1n h\u1ed3i k\u00fd \u0111\u00e1ng ch\u00fa \u00fd.<\/span><\/p>\n<p style=\"text-align: justify;\"><span style=\"font-family: helvetica, arial, sans-serif; font-size: 100%; color: #000000;\">\u0110\u1eb7c bi\u1ec7t ph\u1ea3i k\u1ec3 \u0111\u1ebfn \u0110\u1ea1i th\u1eafng m\u00f9a xu\u00e2n c\u1ee7a \u0110\u1ea1i t\u01b0\u1edbng V\u0103n Ti\u1ebfn D\u0169ng, Nh\u1eefng n\u0103m th\u00e1ng quy\u1ebft \u0111\u1ecbnh c\u1ee7a \u0110\u1ea1i t\u01b0\u1edbng Ho\u00e0ng V\u0103n Th\u00e1i, Chi\u1ebfn d\u1ecbch T\u00e2y Nguy\u00ean \u0111\u1ea1i th\u1eafng c\u1ee7a Th\u01b0\u1ee3ng t\u01b0\u1edbng Ho\u00e0ng Minh Th\u1ea3o&#8230; Nh\u1eefng cu\u1ed1n s\u00e1ch \u1ea5y \u0111\u00e3 \u0111\u01b0\u1ee3c b\u1ea1n \u0111\u1ecdc \u0111\u00f3n \u0111\u1ee3i, g\u00f3p ph\u1ea7n kh\u00f4ng nh\u1ecf l\u00e0m s\u00e1ng t\u1ecfa m\u1ed9t giai \u0111o\u1ea1n l\u1ecbch s\u1eed h\u00f9ng tr\u00e1ng nh\u1ea5t c\u1ee7a d\u00e2n t\u1ed9c. \u0110\u1ea1i t\u01b0\u1edbng V\u00f5 Nguy\u00ean Gi\u00e1p, nguy\u00ean \u1ee6y vi\u00ean B\u1ed9 Ch\u00ednh tr\u1ecb, B\u00ed th\u01b0 Qu\u00e2n \u1ee7y Trung \u01b0\u01a1ng, Ph\u00f3 Th\u1ee7 t\u01b0\u1edbng, B\u1ed9 tr\u01b0\u1edfng B\u1ed9 Qu\u1ed1c ph\u00f2ng ki\u00eam T\u1ed5ng T\u01b0 l\u1ec7nh c\u00e1c l\u1ef1c l\u01b0\u1ee3ng v\u0169 trang nh\u00e2n d\u00e2n Vi\u1ec7t Nam, li\u00ean t\u1ee5c trong m\u1ed9t th\u1eddi gian d\u00e0i \u0111\u01b0\u1ee3c \u0110\u1ea3ng v\u00e0 B\u00e1c H\u1ed3 ph\u00e2n c\u00f4ng ph\u1ee5 tr\u00e1ch qu\u00e2n s\u1ef1, \u0111\u01b0\u1ee3c c\u00e1c th\u1ebf h\u1ec7 t\u01b0\u1edbng l\u0129nh, s\u0129 quan v\u00e0 chi\u1ebfn s\u0129 tr\u00ecu m\u1ebfn g\u1ecdi l\u00e0 ng\u01b0\u1eddi Anh C\u1ea3 c\u1ee7a qu\u00e2n \u0111\u1ed9i. Sau khi th\u00f4i gi\u1eef nh\u1eefng tr\u1ecdng tr\u00e1ch c\u1ee7a \u0111\u1ea5t n\u01b0\u1edbc, \u0110\u1ea1i t\u01b0\u1edbng d\u00e0nh nhi\u1ec1u th\u1eddi gian chuy\u00ean t\u00e2m nghi\u00ean c\u1ee9u t\u01b0 t\u01b0\u1edfng H\u1ed3 Ch\u00ed Minh v\u00e0 vi\u1ebft m\u1ed9t s\u1ed1 cu\u1ed1n h\u1ed3i \u1ee9c. S\u1ef1 tr\u0103n tr\u1edf v\u1ec1 d\u00e2n t\u1ed9c v\u0129 \u0111\u1ea1i, \u0110\u1ea3ng quang vinh, qu\u00e2n \u0111\u1ed9i anh h\u00f9ng; h\u1ed3i \u1ee9c v\u1ec1 cu\u1ed9c kh\u00e1ng chi\u1ebfn ch\u1ed1ng M\u1ef9, c\u1ee9u n\u01b0\u1edbc \u1edf giai \u0111o\u1ea1n cu\u1ed1i c\u00f9ng, \u0111\u00e3 th\u00f4i th\u00fac \u00f4ng vi\u1ebft cu\u1ed1n s\u00e1ch: <strong>\u201c<\/strong><strong>T\u1ed5ng h\u00e0nh dinh trong m\u00f9a Xu\u00e2n to\u00e0n th\u1eafng<\/strong><strong>\u201d<\/strong>. Cu\u1ed1n s\u00e1ch \u0111\u01b0\u1ee3c kh\u1edfi th\u1ea3o v\u00e0 chu\u1ea9n b\u1ecb trong nhi\u1ec1u n\u0103m v\u1edbi s\u1ef1 c\u1ed9ng t\u00e1c nhi\u1ec7t t\u00e2m c\u1ee7a r\u1ea5t nhi\u1ec1u c\u00e1n b\u1ed9 qu\u00e2n s\u1ef1 t\u1eebng c\u00f4ng t\u00e1c t\u1ea1i B\u1ed9 Qu\u1ed1c ph\u00f2ng.<\/span><\/p>\n<p style=\"text-align: justify;\"><span style=\"font-family: helvetica, arial, sans-serif; font-size: 100%; color: #000000;\">V\u1edbi 366 trang v\u00e0 m\u01b0\u1eddi ch\u01b0\u01a1ng s\u00e1ch, \u00f4ng d\u00e0nh ch\u00edn ch\u01b0\u01a1ng vi\u1ebft v\u1ec1 c\u00e1c s\u1ef1 ki\u1ec7n l\u1ecbch s\u1eed l\u1edbn v\u00e0 ch\u01b0\u01a1ng cu\u1ed1i c\u00f9ng tr\u00ecnh b\u00e0y nh\u1eefng \u0111i\u1ec1u t\u00e2m huy\u1ebft, \u0111\u00fac k\u1ebft cu\u1ed9c \u0111\u1eddi c\u1ea7m qu\u00e2n quang vinh c\u1ee7a m\u00ecnh qua nh\u1eefng n\u0103m th\u00e1ng kh\u1ed1c li\u1ec7t c\u1ee7a chi\u1ebfn tranh.<\/span><\/p>\n<p style=\"text-align: justify;\"><span style=\"font-family: helvetica, arial, sans-serif; font-size: 100%; color: #000000;\">\u1ede \u0111\u00e2y \u00f4ng h\u1ed3i t\u01b0\u1edfng l\u1ea1i nh\u1eefng quy\u1ebft s\u00e1ch chi\u1ebfn l\u01b0\u1ee3c c\u1ee7a t\u1eadp th\u1ec3 B\u1ed9 Ch\u00ednh tr\u1ecb, Qu\u00e2n \u1ee7y Trung \u01b0\u01a1ng, B\u1ed9 T\u1ed5ng T\u01b0 l\u1ec7nh &#8211; B\u1ed9 th\u1ed1ng so\u00e1i t\u1ed1i cao &#8211; t\u1eeb vi\u1ec7c ho\u1ea1ch \u0111\u1ecbnh ch\u00ednh s\u00e1ch \u0111\u1ebfn vi\u1ec7c ch\u1ec9 \u0111\u1ea1o \u0111i\u1ec1u h\u00e0nh, t\u1ed5 ch\u1ee9c th\u1ef1c hi\u1ec7n \u1edf chi\u1ebfn tr\u01b0\u1eddng v\u00e0 huy \u0111\u1ed9ng s\u1ee9c m\u1ea1nh c\u1ee7a c\u1ea3 d\u00e2n t\u1ed9c nhanh ch\u00f3ng k\u1ebft th\u00fac chi\u1ebfn tranh m\u1ed9t c\u00e1ch c\u00f3 l\u1ee3i nh\u1ea5t. Tr\u00ed tu\u1ec7 c\u1ee7a m\u1ed9t t\u1eadp th\u1ec3 t\u00e0i n\u0103ng thu\u1ed9c l\u1edbp c\u1eadn v\u1ec7 \u0111\u1ea7u ti\u00ean ch\u00f3i s\u00e1ng \u1edf th\u1eddi \u0111i\u1ec3m l\u1ecbch s\u1eed quy\u1ebft \u0111\u1ecbnh d\u1eabn d\u1eaft d\u00e2n t\u1ed9c ta \u0111i \u0111\u1ebfn \u0111\u00edch vinh quang. V\u1edbi b\u1ea3n t\u00ednh \u0111i\u1ec1m \u0111\u1ea1m v\u00e0 \u0111\u00f4n h\u1eadu v\u1ed1n c\u00f3, \u00f4ng vi\u1ebft v\u1ec1 c\u00e1c nh\u00e0 l\u00e3nh \u0111\u1ea1o, c\u00e1c t\u01b0\u1edbng l\u0129nh, s\u0129 quan t\u1eeb T\u1ed5ng h\u00e0nh dinh \u0111\u1ebfn nh\u1eefng nh\u00e0 l\u00e3nh \u0111\u1ea1o c\u00e1c chi\u1ebfn tr\u01b0\u1eddng &#8211; nh\u1eefng ng\u01b0\u1eddi \u0111\u1ed3ng ch\u00ed, \u0111\u1ed3ng \u0111\u1ed9i &#8211; m\u1ed9t c\u00e1ch th\u00e2n thi\u1ebft, ch\u00e2n th\u00e0nh, h\u1ebft s\u1ee9c tr\u00e2n tr\u1ecdng. M\u1ecdi quy\u1ebft s\u00e1ch l\u1edbn l\u00e0 s\u1ea3n ph\u1ea9m tr\u00ed tu\u1ec7 c\u1ee7a m\u1ed9t t\u1eadp th\u1ec3 t\u00e0i n\u0103ng, \u0111\u1ed3ng th\u1eddi \u0111\u00f3 c\u00f2n l\u00e0 t\u00e0i n\u0103ng c\u1ee7a c\u00e1 nh\u00e2n c\u00e1c nh\u00e0 l\u00e3nh \u0111\u1ea1o. C\u00e1c \u0111\u1ed3ng ch\u00ed L\u00ea Du\u1ea9n, Tr\u01b0\u1eddng Chinh, Ph\u1ea1m V\u0103n \u0110\u1ed3ng, Nguy\u1ec5n V\u0103n Linh, L\u00ea \u0110\u1ee9c Th\u1ecd, Ph\u1ea1m H\u00f9ng&#8230;; c\u00e1c t\u01b0\u1edbng l\u0129nh nh\u01b0 V\u0103n Ti\u1ebfn D\u0169ng, Ho\u00e0ng V\u0103n Th\u00e1i, L\u00ea Tr\u1ecdng T\u1ea5n, L\u00ea \u0110\u1ee9c Anh, Chu Huy M\u00e2n, Ho\u00e0ng Minh Th\u1ea3o, V\u01b0\u01a1ng Th\u1eeba V\u0169, Tr\u1ea7n V\u0103n Tr\u00e0&#8230; lu\u00f4n \u0111\u01b0\u1ee3c \u00f4ng tr\u00e2n tr\u1ecdng nh\u1eafc \u0111\u1ebfn.<\/span><\/p>\n<p style=\"text-align: justify;\"><span style=\"font-family: helvetica, arial, sans-serif; font-size: 100%; color: #000000;\">M\u1eb7c d\u00f9 vi\u1ebft v\u1ec1 m\u00f9a Xu\u00e2n to\u00e0n th\u1eafng &#8211; M\u00f9a Xu\u00e2n 1975 l\u1ecbch s\u1eed, nh\u01b0ng \u0111\u00e2y l\u00e0 d\u1ecbp \u00f4ng mu\u1ed1n tr\u1edf l\u1ea1i nh\u1eefng s\u1ef1 ki\u1ec7n t\u1eeb th\u00e1ng 12\/1972. \u0110\u00f3 l\u00e0 v\u00ec mu\u1ed1n th\u01b0\u01a1ng l\u01b0\u1ee3ng v\u00e0 k\u1ebft th\u00fac chi\u1ebfn tranh tr\u00ean th\u1ebf m\u1ea1nh, M\u1ef9 \u0111\u00e3 tr\u00e1o tr\u1edf, d\u00f9ng m\u00e1y bay chi\u1ebfn l\u01b0\u1ee3c B52 m\u1edf chi\u1ebfn d\u1ecbch t\u1eadp k\u00edch v\u00e0o H\u00e0 N\u1ed9i v\u00e0 H\u1ea3i Ph\u00f2ng, nh\u01b0 m\u1ed9t canh b\u1ea1c cu\u1ed1i c\u00f9ng, h\u00f2ng khu\u1ea5t ph\u1ee5c d\u00e2n t\u1ed9c ta. C\u1ea3nh gi\u00e1c cao \u0111\u1ed9, \u0111\u01b0\u1ee3c s\u1ef1 ch\u1ec9 \u0111\u1ea1o nh\u1ea1y b\u00e9n, s\u00e1ng su\u1ed1t c\u1ee7a B\u1ed9 th\u1ed1ng so\u00e1i t\u1ed1i cao, s\u1ef1 chi\u1ebfn \u0111\u1ea5u ki\u00ean c\u01b0\u1eddng v\u1edbi b\u1ea3n l\u0129nh, tr\u00ed tu\u1ec7 v\u00e0 kh\u00ed ph\u00e1ch Vi\u1ec7t Nam, qu\u00e2n v\u00e0 d\u00e2n ta \u0111\u00e3 \u0111\u1eadp tan cu\u1ed9c t\u1eadp k\u00edch chi\u1ebfn l\u01b0\u1ee3c n\u00e0y, bu\u1ed9c \u0111\u1ebf qu\u1ed1c M\u1ef9 ph\u1ea3i k\u00fd Hi\u1ec7p \u0111\u1ecbnh Pari, r\u00fat h\u1ebft qu\u00e2n chi\u1ebfn \u0111\u1ea5u, k\u1ec3 c\u1ea3 qu\u00e2n c\u1ee7a c\u00e1c n\u01b0\u1edbc ph\u1ee5 thu\u1ed9c v\u1ec1 n\u01b0\u1edbc. M\u1ef9 \u0111\u00e3 c\u00fat, ng\u1ee5y \u1eaft ph\u1ea3i nh\u00e0o.<\/span><\/p>\n<p style=\"text-align: justify;\"><span style=\"font-family: helvetica, arial, sans-serif; font-size: 100%; color: #000000;\">Sau Hi\u1ec7p \u0111\u1ecbnh Pari, hai kh\u1ea3 n\u0103ng \u0111\u1ec3 th\u1ed1ng nh\u1ea5t \u0111\u1ea5t n\u01b0\u1edbc c\u00f3 th\u1ec3 di\u1ec5n ra. Kh\u1ea3 n\u0103ng th\u1ee9 nh\u1ea5t, \u0111\u1ecbch t\u00f4n tr\u1ecdng Hi\u1ec7p \u0111\u1ecbnh, th\u00e0nh l\u1eadp \u0111\u01b0\u1ee3c ch\u00ednh ph\u1ee7 ba th\u00e0nh ph\u1ea7n \u1edf mi\u1ec1n Nam Vi\u1ec7t Nam, ch\u00fang ta s\u1ebd th\u1ed1ng nh\u1ea5t T\u1ed5 qu\u1ed1c trong h\u00f2a b\u00ecnh; th\u1ee9 hai, n\u1ebfu \u0111\u1ecbch g\u00e2y chi\u1ebfn, x\u00e9 b\u1ecf Hi\u1ec7p \u0111\u1ecbnh th\u00ec ta ph\u1ea3i d\u00f9ng b\u1ea1o l\u1ef1c c\u00e1ch m\u1ea1ng \u0111\u1ec3 qu\u00e9t s\u1ea1ch ch\u00fang, thu giang s\u01a1n v\u1ec1 m\u1ed9t m\u1ed1i. Th\u1ef1c t\u1ebf chi\u1ebfn tr\u01b0\u1eddng ch\u1ec9 di\u1ec5n ra kh\u1ea3 n\u0103ng th\u1ee9 hai. T\u1eeb \u0111\u00e2y nh\u1eefng \u00fd \u0111\u1ed3 chi\u1ebfn l\u01b0\u1ee3c c\u1ee7a B\u1ed9 th\u1ed1ng so\u00e1i t\u1ed1i cao v\u00e0 \u1edf chi\u1ebfn tr\u01b0\u1eddng \u0111\u01b0\u1ee3c \u0111\u1ec1 xu\u1ea5t, tr\u1edf th\u00e0nh nh\u1eefng quy\u1ebft s\u00e1ch chi\u1ebfn l\u01b0\u1ee3c c\u1ee7a to\u00e0n \u0110\u1ea3ng, to\u00e0n qu\u00e2n v\u00e0 to\u00e0n d\u00e2n. S\u1ef1 ra \u0111\u1eddi c\u1ee7a Ngh\u1ecb quy\u1ebft 21 Ban Ch\u1ea5p h\u00e0nh Trung \u01b0\u01a1ng \u0110\u1ea3ng v\u00e0 c\u00e1c ngh\u1ecb quy\u1ebft c\u1ee7a B\u1ed9 Ch\u00ednh tr\u1ecb, c\u1ee7a Qu\u00e2n \u1ee7y Trung \u01b0\u01a1ng c\u00f9ng c\u00e1c m\u1ec7nh l\u1ec7nh, ch\u1ec9 th\u1ecb t\u1eeb B\u1ed9 th\u1ed1ng so\u00e1i t\u1ed1i cao \u0111\u00e3 ch\u1ec9 \u0111\u1ea1o chi\u1ebfn tr\u01b0\u1eddng x\u1ed1c t\u1edbi, nhanh ch\u00f3ng gi\u1ea3i ph\u00f3ng mi\u1ec1n Nam, th\u1ed1ng nh\u1ea5t T\u1ed5 qu\u1ed1c.<\/span><\/p>\n<p style=\"text-align: justify;\"><span style=\"font-family: helvetica, arial, sans-serif; font-size: 100%; color: #000000;\">\u0110\u1ecdc nh\u1eefng trang h\u1ed3i \u1ee9c h\u1ea5p d\u1eabn c\u1ee7a ng\u01b0\u1eddi trong cu\u1ed9c, ta th\u1ea5y r\u00f5 b\u1ea3n l\u0129nh v\u00e0 tr\u00ed tu\u1ec7 Vi\u1ec7t Nam \u1edf nh\u1eefng th\u1eddi \u0111i\u1ec3m l\u1ecbch s\u1eed quy\u1ebft \u0111\u1ecbnh: Nh\u1ea1y b\u00e9n, s\u00e1ng t\u1ea1o, quy\u1ebft \u0111o\u00e1n, n\u1eafm b\u1eaft th\u1eddi c\u01a1 v\u00e0 t\u1ea1o ra th\u1eddi c\u01a1 l\u1edbn, n\u1ed7 l\u1ef1c cao \u0111\u1ed9 \u0111\u1ec3 qu\u00e9t s\u1ea1ch qu\u00e2n th\u00f9. Th\u00e1ng 4\/2000, nh\u00e2n k\u1ef7 ni\u1ec7m 25 n\u0103m ng\u00e0y mi\u1ec1n Nam ho\u00e0n to\u00e0n gi\u1ea3i ph\u00f3ng, khi \u1ea5y b\u01b0\u1edbc v\u00e0o tu\u1ed5i 90 nh\u01b0ng c\u00f2n r\u1ea5t minh m\u1eabn, \u0110\u1ea1i t\u01b0\u1edbng cho c\u00f4ng b\u1ed1 l\u1ea7n \u0111\u1ea7u ti\u00ean cu\u1ed1n h\u1ed3i \u1ee9c n\u00e0y v\u00e0 t\u1eeb \u0111\u00f3 \u0111\u1ebfn nay cu\u1ed1n s\u00e1ch \u0111\u00e3 \u0111\u01b0\u1ee3c Nh\u00e0 xu\u1ea5t b\u1ea3n Ch\u00ednh tr\u1ecb qu\u1ed1c gia S\u1ef1 th\u1eadt xu\u1ea5t b\u1ea3n nhi\u1ec1u l\u1ea7n, \u0111\u00e1p \u1ee9ng ph\u1ea7n n\u00e0o k\u1ef3 c\u1ee7a \u0111\u00f4ng \u0111\u1ea3o b\u1ea1n \u0111\u1ecdc, nh\u1ea5t l\u00e0 nh\u1eefng ng\u01b0\u1eddi trong cu\u1ed9c. Qua m\u1ed7i l\u1ea7n xu\u1ea5t b\u1ea3n, cu\u1ed1n s\u00e1ch \u0111\u01b0\u1ee3c t\u00e1c gi\u1ea3 ch\u1ec9nh s\u1eeda m\u1ed9t s\u1ed1 s\u1ef1 ki\u1ec7n cho chu\u1ea9n x\u00e1c h\u01a1n. N\u0103m 2024 c\u0169ng l\u00e0 l\u1ea7n th\u1ee9 m\u01b0\u1eddi m\u1ed9t cu\u1ed1n s\u00e1ch \u201cT\u1ed5ng h\u00e0nh dinh trong m\u00f9a Xu\u00e2n to\u00e0n th\u1eafng\u201d \u0111\u01b0\u1ee3c xu\u1ea5t b\u1ea3n.<\/span><\/p>\n<p style=\"text-align: justify;\"><span style=\"font-family: helvetica, arial, sans-serif; font-size: 100%; color: #000000;\">Ng\u00e0y 4\/10\/2013, tr\u00e1i tim l\u1edbn c\u1ee7a v\u1ecb t\u01b0\u1edbng huy\u1ec1n tho\u1ea1i c\u1ee7a d\u00e2n t\u1ed9c v\u00e0 th\u1eddi \u0111\u1ea1i \u0111\u00e3 ng\u1eebng \u0111\u1eadp. C\u1ea3 \u0111\u1ea5t n\u01b0\u1edbc v\u00e0 b\u1ea1n b\u00e8 qu\u1ed1c t\u1ebf \u0111au bu\u1ed3n ti\u1ec5n \u0111\u01b0a \u00f4ng v\u1ec1 \u0111\u1ea5t m\u1eb9, v\u1ec1 v\u1edbi B\u00e1c H\u1ed3, v\u1ec1 v\u1edbi \u0111\u1ed3ng ch\u00ed, \u0111\u1ed3ng \u0111\u1ed9i \u0111\u00e3 ng\u00e3 xu\u1ed1ng c\u1ee7a \u00f4ng. Nh\u00e2n d\u1ecbp k\u1ef7 ni\u1ec7m 113 n\u0103m ng\u00e0y sinh \u0110\u1ea1i t\u01b0\u1edbng (25\/8\/1911 \u2013 25\/8\/2024) v\u00e0 11 n\u0103m ng\u00e0y m\u1ea5t c\u1ee7a \u00f4ng (04\/10\/2013 \u2013 04\/10\/2024) L\u1eef \u0111o\u00e0n 125 xin tr\u00e2n tr\u1ecdng gi\u1edbi thi\u1ec7u cu\u1ed1n s\u00e1ch \u201cT\u1ed5ng h\u00e0nh dinh trong m\u00f9a Xu\u00e2n to\u00e0n th\u1eafng\u201d t\u1edbi th\u1ee7 tr\u01b0\u1edfng v\u00e0 to\u00e0n th\u1ec3 c\u00e1c \u0111\u1ed3ng ch\u00ed. Cu\u1ed1n s\u00e1ch hi\u1ec7n c\u00f3 t\u1ea1i Th\u01b0 vi\u1ec7n. K\u00ednh m\u1eddi Th\u1ee7 tr\u01b0\u1edfng c\u00f9ng to\u00e0n th\u1ec3 c\u00e1c \u0111\u1ed3ng ch\u00ed c\u00f9ng t\u00ecm \u0111\u1ecdc.\/.<\/span><\/p>\n","protected":false},"excerpt":{"rendered":"<p>M\u1ed7i tu\u1ea7n 1 cu\u1ed1n s\u00e1ch (Tu\u1ea7n 01 th\u00e1ng 01 n\u0103m 2025) GI\u1edaI THI\u1ec6U S\u00c1CH: T\u1ed4NG H\u00c0NH DINH TRONG M\u00d9A XU\u00c2N TO\u00c0N TH\u1eaeNG K\u00ednh th\u01b0a th\u1ee7 tr\u01b0\u1edfng, c\u00e1c \u0111\u1ed3ng ch\u00ed, c\u00f9ng to\u00e0n th\u1ec3 qu\u00fd b\u1ea1n \u0111\u1ecdc th\u00e2n m\u1ebfn! D\u00f9 n\u0103m th\u00e1ng \u0111\u00e3 qua \u0111i, nh\u01b0ng k\u00fd \u1ee9c chi\u1ebfn tranh, v\u1edbi nh\u1eefng chi\u1ebfn th\u1eafng h\u00e0o h\u00f9ng, s\u1ef1 [&#8230;]\n","protected":false},"author":1,"featured_media":0,"parent":344,"menu_order":0,"comment_status":"closed","ping_status":"closed","template":"","meta":{"footnotes":""},"class_list":["post-348","page","type-page","status-publish","hentry"],"_links":{"self":[{"href":"https:\/\/ludoan125.com\/index.php\/wp-json\/wp\/v2\/pages\/348","targetHints":{"allow":["GET"]}}],"collection":[{"href":"https:\/\/ludoan125.com\/index.php\/wp-json\/wp\/v2\/pages"}],"about":[{"href":"https:\/\/ludoan125.com\/index.php\/wp-json\/wp\/v2\/types\/page"}],"author":[{"embeddable":true,"href":"https:\/\/ludoan125.com\/index.php\/wp-json\/wp\/v2\/users\/1"}],"replies":[{"embeddable":true,"href":"https:\/\/ludoan125.com\/index.php\/wp-json\/wp\/v2\/comments?post=348"}],"version-history":[{"count":9,"href":"https:\/\/ludoan125.com\/index.php\/wp-json\/wp\/v2\/pages\/348\/revisions"}],"predecessor-version":[{"id":1686,"href":"https:\/\/ludoan125.com\/index.php\/wp-json\/wp\/v2\/pages\/348\/revisions\/1686"}],"up":[{"embeddable":true,"href":"https:\/\/ludoan125.com\/index.php\/wp-json\/wp\/v2\/pages\/344"}],"wp:attachment":[{"href":"https:\/\/ludoan125.com\/index.php\/wp-json\/wp\/v2\/media?parent=348"}],"curies":[{"name":"wp","href":"https:\/\/api.w.org\/{rel}","templated":true}]}}