{"id":346,"date":"2024-11-21T15:15:58","date_gmt":"2024-11-21T15:15:58","guid":{"rendered":"https:\/\/ludoan125.com\/?page_id=346"},"modified":"2024-12-08T08:48:38","modified_gmt":"2024-12-08T08:48:38","slug":"1-tai-lieu-cac-thiet-che-van-hoa-trong-don-vi","status":"publish","type":"page","link":"https:\/\/ludoan125.com\/index.php\/trang-chu\/van-hoa-co-so\/1-tai-lieu-cac-thiet-che-van-hoa-trong-don-vi\/","title":{"rendered":"1. Th\u00f4ng tin b\u00e1o ch\u00ed h\u00e0ng ng\u00e0y"},"content":{"rendered":"<p style=\"text-align: center;\"><span style=\"font-family: helvetica, arial, sans-serif; font-size: 150%; color: #0000ff;\"><strong>Th\u00f4ng tin b\u00e1o ch\u00ed h\u00e0ng ng\u00e0y<\/strong><\/span><\/p>\n<div class=\"text-center\"><div class=\"is-divider divider clearfix\" style=\"margin-top:30px;margin-bottom:30px;max-width:200px;background-color:rgb(175, 23, 64);\"><\/div><\/div>\n<div class=\"row\"  id=\"row-1353729966\">\n\n\t<div id=\"col-1576371514\" class=\"col small-12 large-12\"  >\n\t\t\t\t<div class=\"col-inner\" style=\"background-color:rgb(204, 43, 82);\" >\n\t\t\t\n\t\t\t\n<p style=\"text-align: center;\"><a href=\"https:\/\/www.qdnd.vn\/\" target=\"_blank\" rel=\"noopener\"><span style=\"font-family: helvetica, arial, sans-serif; font-size: 150%; color: #ffffff;\"><strong>B\u00e1o Qu\u00e2n \u0111\u1ed9i nh\u00e2n d\u00e2n<\/strong><\/span><\/a><\/p>\n\t\t<\/div>\n\t\t\t\t\n<style>\n#col-1576371514 > .col-inner {\n  padding: 20px 0px 5px 0px;\n  border-radius: 10px;\n}\n<\/style>\n\t<\/div>\n\n\t\n<\/div>\n<div class=\"row\"  id=\"row-594321980\">\n\n\t<div id=\"col-1736884973\" class=\"col small-12 large-12\"  >\n\t\t\t\t<div class=\"col-inner\" style=\"background-color:#78206e;\" >\n\t\t\t\n\t\t\t\n<p style=\"text-align: center;\"><a href=\"http:\/\/www.qpvn.vn\/\" target=\"_blank\" rel=\"noopener\"><span style=\"font-family: helvetica, arial, sans-serif; font-size: 150%; color: #ffffff;\"><strong>K\u00eanh truy\u1ec1n h\u00ecnh QPVN<\/strong><\/span><\/a><\/p>\n\t\t<\/div>\n\t\t\t\t\n<style>\n#col-1736884973 > .col-inner {\n  padding: 20px 0px 5px 0px;\n  border-radius: 10px;\n}\n<\/style>\n\t<\/div>\n\n\t\n<\/div>\n<div class=\"row\"  id=\"row-1613768970\">\n\n\t<div id=\"col-1475628349\" class=\"col small-12 large-12\"  >\n\t\t\t\t<div class=\"col-inner\" style=\"background-color:#cc2b52;\" >\n\t\t\t\n\t\t\t\n<p style=\"text-align: center;\"><a href=\"https:\/\/baohaiquanvietnam.vn\/\" target=\"_blank\" rel=\"noopener\"><span style=\"font-family: helvetica, arial, sans-serif; font-size: 150%; color: #ffffff;\"><strong>B\u00e1o H\u1ea3i qu\u00e2n Vi\u1ec7t Nam<\/strong><\/span><\/a><\/p>\n\t\t<\/div>\n\t\t\t\t\n<style>\n#col-1475628349 > .col-inner {\n  padding: 20px 0px 5px 0px;\n  border-radius: 10px;\n}\n<\/style>\n\t<\/div>\n\n\t\n<\/div>\n<div class=\"row\"  id=\"row-2135560515\">\n\n\t<div id=\"col-502276691\" class=\"col small-12 large-12\"  >\n\t\t\t\t<div class=\"col-inner\" style=\"background-color:#78206e;\" >\n\t\t\t\n\t\t\t\n<p style=\"text-align: center;\"><a href=\"https:\/\/www.facebook.com\/share\/g\/epDFDZQxMq2NGeCq\/?mibextid=K35XfP\" target=\"_blank\" rel=\"noopener\"><span style=\"color: #ffffff; font-size: 130%;\"><strong><span style=\"font-family: helvetica, arial, sans-serif;\">Trang Fanpage V\u0169ng T\u00e0u Bi\u1ec3n H\u00e1t<\/span><\/strong><\/span><\/a><\/p>\n\t\t<\/div>\n\t\t\t\t\n<style>\n#col-502276691 > .col-inner {\n  padding: 20px 0px 5px 0px;\n  border-radius: 10px;\n}\n<\/style>\n\t<\/div>\n\n\t\n<\/div>\n","protected":false},"excerpt":{"rendered":"<p>Th\u00f4ng tin b\u00e1o ch\u00ed h\u00e0ng ng\u00e0y<\/p>\n","protected":false},"author":1,"featured_media":0,"parent":344,"menu_order":0,"comment_status":"closed","ping_status":"closed","template":"","meta":{"footnotes":""},"class_list":["post-346","page","type-page","status-publish","hentry"],"_links":{"self":[{"href":"https:\/\/ludoan125.com\/index.php\/wp-json\/wp\/v2\/pages\/346","targetHints":{"allow":["GET"]}}],"collection":[{"href":"https:\/\/ludoan125.com\/index.php\/wp-json\/wp\/v2\/pages"}],"about":[{"href":"https:\/\/ludoan125.com\/index.php\/wp-json\/wp\/v2\/types\/page"}],"author":[{"embeddable":true,"href":"https:\/\/ludoan125.com\/index.php\/wp-json\/wp\/v2\/users\/1"}],"replies":[{"embeddable":true,"href":"https:\/\/ludoan125.com\/index.php\/wp-json\/wp\/v2\/comments?post=346"}],"version-history":[{"count":11,"href":"https:\/\/ludoan125.com\/index.php\/wp-json\/wp\/v2\/pages\/346\/revisions"}],"predecessor-version":[{"id":1224,"href":"https:\/\/ludoan125.com\/index.php\/wp-json\/wp\/v2\/pages\/346\/revisions\/1224"}],"up":[{"embeddable":true,"href":"https:\/\/ludoan125.com\/index.php\/wp-json\/wp\/v2\/pages\/344"}],"wp:attachment":[{"href":"https:\/\/ludoan125.com\/index.php\/wp-json\/wp\/v2\/media?parent=346"}],"curies":[{"name":"wp","href":"https:\/\/api.w.org\/{rel}","templated":true}]}}