{"id":342,"date":"2024-11-21T15:15:11","date_gmt":"2024-11-21T15:15:11","guid":{"rendered":"https:\/\/ludoan125.com\/?page_id=342"},"modified":"2024-12-31T16:10:27","modified_gmt":"2024-12-31T16:10:27","slug":"5-mot-so-bai-viet-duong-link-can-tich-cuc-huong-ung-chia-se","status":"publish","type":"page","link":"https:\/\/ludoan125.com\/index.php\/trang-chu\/tuyen-truyen-co-dong\/5-mot-so-bai-viet-duong-link-can-tich-cuc-huong-ung-chia-se\/","title":{"rendered":"5. M\u1ed9t s\u1ed1 b\u00e0i vi\u1ebft, \u0111\u01b0\u1eddng link c\u1ea7n t\u00edch c\u1ef1c h\u01b0\u1edfng \u1ee9ng, chia s\u1ebb"},"content":{"rendered":"<p style=\"text-align: center;\"><span style=\"font-size: 140%; color: #0000ff;\"><strong><span style=\"font-family: helvetica, arial, sans-serif;\">M\u1ed9t s\u1ed1 b\u00e0i vi\u1ebft, \u0111\u01b0\u1eddng link <br \/>c\u1ea7n t\u00edch c\u1ef1c h\u01b0\u1edfng \u1ee9ng, chia s\u1ebb<\/span><\/strong><\/span><\/p>\n<div class=\"text-center\"><div class=\"is-divider divider clearfix\" style=\"margin-top:30px;margin-bottom:30px;max-width:200px;background-color:rgb(175, 23, 64);\"><\/div><\/div>\n<div class=\"row\"  id=\"row-575329106\">\n\n\t<div id=\"col-1863067415\" class=\"col small-12 large-12\"  >\n\t\t\t\t<div class=\"col-inner text-center\" style=\"background-color:#16191c;\" >\n\t\t\t\n\t\t\t\n<p class=\"detail-title\" style=\"text-align: center;\" data-role=\"title\"><span style=\"color: #ffffff;\"><a style=\"color: #ffffff;\" href=\"https:\/\/phunuvietnam.vn\/nam-2024-hang-ngan-can-bo-chien-si-hai-quan-den-thuc-hien-nhiem-vu-o-khu-vuc-kho-khan-gian-kho-20241228141304921.htm\" target=\"_blank\" rel=\"noopener\"><span style=\"font-family: helvetica, arial, sans-serif; font-size: 105%;\">Qu\u00e2n ch\u1ee7ng H\u1ea3i qu\u00e2n: Nhi\u1ec1u ch\u01b0\u01a1ng tr\u00ecnh, c\u00e1ch l\u00e0m s\u00e1ng t\u1ea1o g\u00f3p ph\u1ea7n x\u00e2y d\u1ef1ng <br \/>&#8220;th\u1ebf tr\u1eadn l\u00f2ng d\u00e2n&#8221;<\/span><\/a><\/span><\/p>\n\t\t<\/div>\n\t\t\t\t\n<style>\n#col-1863067415 > .col-inner {\n  padding: 20px 0px 5px 0px;\n  border-radius: 10px;\n}\n<\/style>\n\t<\/div>\n\n\t\n<\/div>\n<div class=\"row\"  id=\"row-657785081\">\n\n\t<div id=\"col-1842191572\" class=\"col small-12 large-12\"  >\n\t\t\t\t<div class=\"col-inner text-center\" style=\"background-color:#0000ff;\" >\n\t\t\t\n\t\t\t\n<p class=\"detail-title\" style=\"text-align: center;\" data-role=\"title\"><a href=\"https:\/\/www.qdnd.vn\/quoc-phong-an-ninh\/tin-tuc\/lu-doan-125-vung-2-hai-quan-to-chuc-hoi-nghi-doan-ket-quan-dan-nam-2024-808046\" target=\"_blank\" rel=\"noopener\"><span style=\"color: #ffffff; font-family: helvetica, arial, sans-serif; font-size: 105%;\">L\u1eef \u0111o\u00e0n 125, V\u00f9ng 2 H\u1ea3i qu\u00e2n t\u1ed5 ch\u1ee9c <br \/>H\u1ed9i ngh\u1ecb \u0111o\u00e0n k\u1ebft qu\u00e2n d\u00e2n n\u0103m 2024<\/span><\/a><\/p>\n\t\t<\/div>\n\t\t\t\t\n<style>\n#col-1842191572 > .col-inner {\n  padding: 20px 0px 5px 0px;\n  border-radius: 10px;\n}\n<\/style>\n\t<\/div>\n\n\t\n<\/div>\n<div class=\"row\"  id=\"row-506803401\">\n\n\t<div id=\"col-1915895243\" class=\"col small-12 large-12\"  >\n\t\t\t\t<div class=\"col-inner text-center\" style=\"background-color:#af1740;\" >\n\t\t\t\n\t\t\t\n<p class=\"detail-title\" style=\"text-align: center;\" data-role=\"title\"><a href=\"https:\/\/baohaiquanvietnam.vn\/tin-tuc\/quan-triet-quan-diem-cua-dang-xay-dung-quan-chung-hai-quan-cach-mang-chinh-quy-tinh-nhue-hien-dai\" target=\"_blank\" rel=\"noopener\"><span style=\"font-family: helvetica, arial, sans-serif; font-size: 105%; color: #ffffff;\">Qu\u00e1n tri\u1ec7t quan \u0111i\u1ec3m c\u1ee7a \u0110\u1ea3ng, x\u00e2y d\u1ef1ng Qu\u00e2n ch\u1ee7ng H\u1ea3i qu\u00e2n c\u00e1ch m\u1ea1ng, <br \/>ch\u00ednh quy, tinh nhu\u1ec7, hi\u1ec7n \u0111\u1ea1i<\/span><\/a><\/p>\n\t\t<\/div>\n\t\t\t\t\n<style>\n#col-1915895243 > .col-inner {\n  padding: 20px 0px 5px 0px;\n  border-radius: 10px;\n}\n<\/style>\n\t<\/div>\n\n\t\n<\/div>\n<p style=\"text-align: center;\"><span style=\"color: #ff0000;\"><em><span style=\"font-family: helvetica, arial, sans-serif; font-size: 110%;\">N\u1ed9i dung \u0111ang ti\u1ebfp t\u1ee5c \u0111\u01b0\u1ee3c c\u1eadp nh\u1eadt&#8230;<\/span><\/em><\/span><\/p>\n","protected":false},"excerpt":{"rendered":"<p>M\u1ed9t s\u1ed1 b\u00e0i vi\u1ebft, \u0111\u01b0\u1eddng link c\u1ea7n t\u00edch c\u1ef1c h\u01b0\u1edfng \u1ee9ng, chia s\u1ebb N\u1ed9i dung \u0111ang ti\u1ebfp t\u1ee5c \u0111\u01b0\u1ee3c c\u1eadp nh\u1eadt&#8230;<\/p>\n","protected":false},"author":1,"featured_media":0,"parent":332,"menu_order":0,"comment_status":"closed","ping_status":"closed","template":"","meta":{"footnotes":""},"class_list":["post-342","page","type-page","status-publish","hentry"],"_links":{"self":[{"href":"https:\/\/ludoan125.com\/index.php\/wp-json\/wp\/v2\/pages\/342","targetHints":{"allow":["GET"]}}],"collection":[{"href":"https:\/\/ludoan125.com\/index.php\/wp-json\/wp\/v2\/pages"}],"about":[{"href":"https:\/\/ludoan125.com\/index.php\/wp-json\/wp\/v2\/types\/page"}],"author":[{"embeddable":true,"href":"https:\/\/ludoan125.com\/index.php\/wp-json\/wp\/v2\/users\/1"}],"replies":[{"embeddable":true,"href":"https:\/\/ludoan125.com\/index.php\/wp-json\/wp\/v2\/comments?post=342"}],"version-history":[{"count":17,"href":"https:\/\/ludoan125.com\/index.php\/wp-json\/wp\/v2\/pages\/342\/revisions"}],"predecessor-version":[{"id":1685,"href":"https:\/\/ludoan125.com\/index.php\/wp-json\/wp\/v2\/pages\/342\/revisions\/1685"}],"up":[{"embeddable":true,"href":"https:\/\/ludoan125.com\/index.php\/wp-json\/wp\/v2\/pages\/332"}],"wp:attachment":[{"href":"https:\/\/ludoan125.com\/index.php\/wp-json\/wp\/v2\/media?parent=342"}],"curies":[{"name":"wp","href":"https:\/\/api.w.org\/{rel}","templated":true}]}}