{"id":340,"date":"2024-11-21T15:14:50","date_gmt":"2024-11-21T15:14:50","guid":{"rendered":"https:\/\/ludoan125.com\/?page_id=340"},"modified":"2024-12-08T08:30:15","modified_gmt":"2024-12-08T08:30:15","slug":"4-guong-nguoi-tot-viec-tot-trong-don-vi","status":"publish","type":"page","link":"https:\/\/ludoan125.com\/index.php\/trang-chu\/tuyen-truyen-co-dong\/4-guong-nguoi-tot-viec-tot-trong-don-vi\/","title":{"rendered":"4. G\u01b0\u01a1ng ng\u01b0\u1eddi t\u1ed1t, vi\u1ec7c t\u1ed1t"},"content":{"rendered":"<p style=\"text-align: center;\"><span style=\"font-size: 150%; color: #0000ff;\"><strong><span style=\"font-family: helvetica, arial, sans-serif;\">G\u01b0\u01a1ng ng\u01b0\u1eddi t\u1ed1t, vi\u1ec7c t\u1ed1t<\/span><\/strong><\/span><\/p>\n<div class=\"text-center\"><div class=\"is-divider divider clearfix\" style=\"margin-top:30px;margin-bottom:30px;max-width:200px;background-color:rgb(175, 23, 64);\"><\/div><\/div>\n<p style=\"text-align: center;\"><span style=\"font-size: 120%; color: #0000ff; font-family: helvetica, arial, sans-serif;\"><strong>Qu\u00e2n nh\u00e2n nh\u1eb7t \u0111\u01b0\u1ee3c c\u1ee7a r\u01a1i <br \/>tr\u1ea3 l\u1ea1i ng\u01b0\u1eddi \u0111\u00e1nh m\u1ea5t<\/strong><\/span><\/p>\n<p style=\"text-align: justify;\"><span style=\"font-family: helvetica, arial, sans-serif; color: #000000; font-size: 105%;\">H\u00e0nh \u0111\u1ed9ng nh\u1eb7t \u0111\u01b0\u1ee3c c\u1ee7a r\u01a1i tr\u1ea3 l\u1ea1i ng\u01b0\u1eddi \u0111\u00e1nh m\u1ea5t c\u1ee7a \u0111\u1ed3ng ch\u00ed Trung s\u0129 Nguy\u1ec5n V\u0103n Nam, Chi\u1ebfn s\u0129 T\u00e0u Tr\u01b0\u1eddng Sa 01, H\u1ea3i \u0111\u1ed9i 1, L\u1eef \u0111o\u00e0n 125 \u0111\u01b0\u1ee3c \u0111\u1ed3ng ch\u00ed, \u0111\u1ed3ng \u0111\u1ed9i d\u00e0nh nhi\u1ec1u l\u1eddi khen ng\u1ee3i.<\/span><\/p>\n<p style=\"text-align: justify;\"><span style=\"font-family: helvetica, arial, sans-serif; color: #000000; font-size: 105%;\">S\u00e1ng 29-12, tr\u00ean \u0111\u01b0\u1eddng \u0111i th\u1ef1c hi\u1ec7n nhi\u1ec7m v\u1ee5, \u0111\u1ebfn \u0111o\u1ea1n \u0111\u01b0\u1eddng C\u1ed5ng \u0110\u1ea1i Ph\u01b0\u1edbc, x\u00e3 Ph\u00fa Th\u1ea1nh, Nh\u01a1n Tr\u1ea1ch, \u0110\u1ed3ng Nai, Trung s\u0129 Nguy\u1ec5n V\u0103n Nam\u00a0nh\u1eb7t \u0111\u01b0\u1ee3c m\u1ed9t chi\u1ebfc v\u00ed m\u00e0u \u0111en, b\u00ean trong c\u00f3 nhi\u1ec1u ti\u1ec1n m\u1eb7t, 1 c\u0103n c\u01b0\u1edbc c\u00f4ng d\u00e2n v\u00e0 m\u1ed9t s\u1ed1 gi\u1ea5y t\u1edd t\u00f9y th\u00e2n kh\u00e1c mang t\u00ean Chu V\u0103n Ph\u01b0\u01a1ng, sinh ng\u00e0y 11-6-1996, h\u1ed9 kh\u1ea9u th\u01b0\u1eddng tr\u00fa: x\u00e3 Ph\u00fa Th\u1ea1nh, Nh\u01a1n Tr\u1ea1ch, \u0110\u1ed3ng Nai.<\/span><\/p>\n<p style=\"text-align: justify;\"><span style=\"font-family: helvetica, arial, sans-serif; color: #000000; font-size: 105%;\">Ngay sau khi nh\u1eb7t \u0111\u01b0\u1ee3c chi\u1ebfc v\u00ed tr\u00ean, \u0111\u1ed3ng ch\u00ed Nguy\u1ec5n V\u0103n Nam\u00a0 \u0111\u00e3 b\u00e1o c\u00e1o ch\u1ec9 huy \u0111\u01a1n v\u1ecb v\u00e0 th\u00f4ng b\u00e1o cho c\u01a1 quan ch\u1ee9c n\u0103ng tr\u00ean \u0111\u1ecba b\u00e0n \u0111\u00f3ng qu\u00e2n \u0111\u1ec3 t\u00ecm ch\u1ee7 nh\u00e2n c\u1ee7a chi\u1ebfc v\u00ed.<\/span><\/p>\n<p style=\"text-align: justify;\"><span style=\"font-family: helvetica, arial, sans-serif; color: #000000; font-size: 105%;\">\u0110\u1ebfn 10 gi\u1edd c\u00f9ng ng\u00e0y, c\u00f3 ng\u01b0\u1eddi li\u00ean h\u1ec7 \u0111\u1ec3 xin l\u1ea1i t\u00e0i s\u1ea3n. Sau khi x\u00e1c minh th\u00f4ng tin, tr\u01b0\u1edbc s\u1ef1 ch\u1ee9ng ki\u1ebfn c\u1ee7a\u00a0C\u00f4ng an\u00a0x\u00e3 Ph\u00fa Th\u1ea1nh, Nh\u01a1n Tr\u1ea1ch, \u0110\u1ed3ng Nai, Trung s\u0129 Nguy\u1ec5n V\u0103n Nam \u0111\u00e3 trao tr\u1ea3 cho ng\u01b0\u1eddi \u0111\u00e1nh r\u01a1i v\u00ed l\u00e0 anh Chu V\u0103n Ph\u01b0\u01a1ng. Anh Ph\u01b0\u01a1ng x\u00fac \u0111\u1ed9ng chia s\u1ebb: \u201cMay m\u1eafn l\u00e0 anh Nam nh\u1eb7t \u0111\u01b0\u1ee3c v\u00e0 ch\u1ee7 \u0111\u1ed9ng li\u00ean l\u1ea1c v\u1edbi c\u00f4ng an \u0111\u1ecba ph\u01b0\u01a1ng n\u00ean t\u00f4i \u0111\u00e3 nh\u1eadn l\u1ea1i \u0111\u01b0\u1ee3c nh\u1eefng gi\u1ea5y t\u1edd r\u1ea5t quan tr\u1ecdng n\u00e0y. T\u00f4i th\u1ef1c s\u1ef1 r\u1ea5t c\u1ea3m \u01a1n \u0111\u1ed3ng ch\u00ed Nam v\u00e0 L\u1eef \u0111o\u00e0n 125 r\u1ea5t nhi\u1ec1u\u201d.<\/span><\/p>\n<p style=\"text-align: justify;\"><span style=\"font-family: helvetica, arial, sans-serif; color: #000000; font-size: 105%;\">N\u00f3i v\u1ec1 h\u00e0nh \u0111\u1ed9ng c\u1ee7a m\u00ecnh, Trung s\u0129 Nguy\u1ec5n V\u0103n Nam\u00a0cho bi\u1ebft: \u201cT\u00f4i ngh\u0129 vi\u1ec7c nh\u1eb7t \u0111\u01b0\u1ee3c c\u1ee7a r\u01a1i tr\u1ea3 ng\u01b0\u1eddi \u0111\u00e1nh m\u1ea5t l\u00e0 vi\u1ec7c l\u00e0m b\u00ecnh th\u01b0\u1eddng. Ch\u1eafc ch\u1eafn nhi\u1ec1u ng\u01b0\u1eddi khi nh\u1eb7t \u0111\u01b0\u1ee3c v\u00ed c\u0169ng s\u1ebd l\u00e0m nh\u01b0 t\u00f4i, t\u00ecm tr\u1ea3 l\u1ea1i cho ng\u01b0\u1eddi m\u1ea5t. Trong khi t\u00f4i l\u1ea1i l\u00e0 ng\u01b0\u1eddi l\u00ednh C\u1ee5 H\u1ed3, l\u00e0 \u0111\u1ea3ng vi\u00ean th\u00ec vi\u1ec7c r\u00e8n luy\u1ec7n, tu d\u01b0\u1ee1ng ph\u1ea9m ch\u1ea5t \u0111\u1ea1o \u0111\u1ee9c l\u00e0 \u0111i\u1ec1u ph\u1ea3i th\u1ef1c hi\u1ec7n th\u01b0\u1eddng xuy\u00ean, b\u1ea5t c\u1ee9 khi n\u00e0o, b\u1ea5t c\u1ee9 n\u01a1i \u0111\u00e2u\u201d.<\/span><\/p>\n<p style=\"text-align: justify;\"><span style=\"font-family: helvetica, arial, sans-serif; color: #000000; font-size: 105%;\">Vi\u1ec7c l\u00e0m c\u1ee7a Trung s\u0129 Nguy\u1ec5n V\u0103n Nam\u00a0\u0111\u00e3 th\u1ec3 hi\u1ec7n tinh th\u1ea7n tr\u00e1ch nhi\u1ec7m v\u00ec nh\u00e2n d\u00e2n ph\u1ee5c v\u1ee5, g\u00f3p ph\u1ea7n t\u1ecfa s\u00e1ng th\u00eam ph\u1ea9m ch\u1ea5t\u00a0B\u1ed9 \u0111\u1ed9i C\u1ee5 H\u1ed3\u00a0v\u00e0 lan t\u1ecfa h\u00ecnh \u1ea3nh \u0111\u1eb9p c\u1ee7a \u201cNg\u01b0\u1eddi chi\u1ebfn s\u0129 H\u1ea3i qu\u00e2n trong l\u00f2ng nh\u00e2n d\u00e2n\u201d.\/.<\/span><\/p>\n","protected":false},"excerpt":{"rendered":"<p>G\u01b0\u01a1ng ng\u01b0\u1eddi t\u1ed1t, vi\u1ec7c t\u1ed1t Qu\u00e2n nh\u00e2n nh\u1eb7t \u0111\u01b0\u1ee3c c\u1ee7a r\u01a1i tr\u1ea3 l\u1ea1i ng\u01b0\u1eddi \u0111\u00e1nh m\u1ea5t H\u00e0nh \u0111\u1ed9ng nh\u1eb7t \u0111\u01b0\u1ee3c c\u1ee7a r\u01a1i tr\u1ea3 l\u1ea1i ng\u01b0\u1eddi \u0111\u00e1nh m\u1ea5t c\u1ee7a \u0111\u1ed3ng ch\u00ed Trung s\u0129 Nguy\u1ec5n V\u0103n Nam, Chi\u1ebfn s\u0129 T\u00e0u Tr\u01b0\u1eddng Sa 01, H\u1ea3i \u0111\u1ed9i 1, L\u1eef \u0111o\u00e0n 125 \u0111\u01b0\u1ee3c \u0111\u1ed3ng ch\u00ed, \u0111\u1ed3ng \u0111\u1ed9i d\u00e0nh nhi\u1ec1u l\u1eddi [&#8230;]\n","protected":false},"author":1,"featured_media":0,"parent":332,"menu_order":0,"comment_status":"closed","ping_status":"closed","template":"","meta":{"footnotes":""},"class_list":["post-340","page","type-page","status-publish","hentry"],"_links":{"self":[{"href":"https:\/\/ludoan125.com\/index.php\/wp-json\/wp\/v2\/pages\/340","targetHints":{"allow":["GET"]}}],"collection":[{"href":"https:\/\/ludoan125.com\/index.php\/wp-json\/wp\/v2\/pages"}],"about":[{"href":"https:\/\/ludoan125.com\/index.php\/wp-json\/wp\/v2\/types\/page"}],"author":[{"embeddable":true,"href":"https:\/\/ludoan125.com\/index.php\/wp-json\/wp\/v2\/users\/1"}],"replies":[{"embeddable":true,"href":"https:\/\/ludoan125.com\/index.php\/wp-json\/wp\/v2\/comments?post=340"}],"version-history":[{"count":7,"href":"https:\/\/ludoan125.com\/index.php\/wp-json\/wp\/v2\/pages\/340\/revisions"}],"predecessor-version":[{"id":1216,"href":"https:\/\/ludoan125.com\/index.php\/wp-json\/wp\/v2\/pages\/340\/revisions\/1216"}],"up":[{"embeddable":true,"href":"https:\/\/ludoan125.com\/index.php\/wp-json\/wp\/v2\/pages\/332"}],"wp:attachment":[{"href":"https:\/\/ludoan125.com\/index.php\/wp-json\/wp\/v2\/media?parent=340"}],"curies":[{"name":"wp","href":"https:\/\/api.w.org\/{rel}","templated":true}]}}