{"id":334,"date":"2024-11-21T15:13:43","date_gmt":"2024-11-21T15:13:43","guid":{"rendered":"https:\/\/ludoan125.com\/?page_id=334"},"modified":"2024-12-08T07:58:33","modified_gmt":"2024-12-08T07:58:33","slug":"1-tuyen-truyen-ve-cac-ngay-le-lon-va-su-kien-quan-trong","status":"publish","type":"page","link":"https:\/\/ludoan125.com\/index.php\/trang-chu\/tuyen-truyen-co-dong\/1-tuyen-truyen-ve-cac-ngay-le-lon-va-su-kien-quan-trong\/","title":{"rendered":"1. T\u00e0i li\u1ec7u tuy\u00ean truy\u1ec1n"},"content":{"rendered":"<p style=\"text-align: center;\"><span style=\"font-size: 150%; color: #0000ff;\"><strong><span style=\"font-family: helvetica, arial, sans-serif;\">T\u00e0i li\u1ec7u tuy\u00ean truy\u1ec1n<\/span><\/strong><\/span><\/p>\n<div class=\"text-center\"><div class=\"is-divider divider clearfix\" style=\"margin-top:30px;margin-bottom:30px;max-width:200px;background-color:rgb(175, 23, 64);\"><\/div><\/div>\n<div class=\"row\"  id=\"row-443037063\">\n\n\t<div id=\"col-2104453877\" class=\"col small-12 large-12\"  >\n\t\t\t\t<div class=\"col-inner\" style=\"background-color:rgb(231, 64, 56);\" >\n\t\t\t\n\t\t\t\n<p style=\"text-align: center;\"><a href=\"https:\/\/3s0745-my.sharepoint.com\/:f:\/g\/personal\/vancong_3s0745_onmicrosoft_com\/ElVIfhnZjXlGu9ZZfdkVvr8BjA4QgNjOghpermu8C2WY_A?e=YfiH8F\" target=\"_blank\" rel=\"noopener\"><span style=\"font-family: helvetica, arial, sans-serif; font-size: 140%; color: #ffffff;\"><strong>T\u00e0i li\u1ec7u tuy\u00ean truy\u1ec1n th\u00e1ng 01<br \/><\/strong>(Nh\u1ea5n v\u00e0o \u0111\u00e2y \u0111\u1ec3 xem v\u00e0 t\u1ea3i v\u1ec1)<\/span><\/a><\/p>\n\t\t<\/div>\n\t\t\t\t\n<style>\n#col-2104453877 > .col-inner {\n  padding: 20px 0px 5px 0px;\n  border-radius: 10px;\n}\n<\/style>\n\t<\/div>\n\n\t\n\n<style>\n#row-443037063 > .col > .col-inner {\n  background-color: rgb(231, 64, 56);\n}\n<\/style>\n<\/div>\n<div class=\"row\"  id=\"row-1945469909\">\n\n\t<div id=\"col-1065890780\" class=\"col small-12 large-12\"  >\n\t\t\t\t<div class=\"col-inner\" style=\"background-color:rgb(120, 32, 110);\" >\n\t\t\t\n\t\t\t\n<p style=\"text-align: center;\"><a href=\"https:\/\/3s0745-my.sharepoint.com\/:f:\/g\/personal\/vancong_3s0745_onmicrosoft_com\/EjkU9Tyio9FNrbY1oDBPPkYBNNdd18R6fIqxByudLNrHdQ?e=J1eHdb\" target=\"_blank\" rel=\"noopener\"><span style=\"font-family: helvetica, arial, sans-serif; font-size: 140%; color: #ffffff;\"><strong>T\u00e0i li\u1ec7u tuy\u00ean truy\u1ec1n th\u00e1ng 02<br \/><\/strong>(Nh\u1ea5n v\u00e0o \u0111\u00e2y \u0111\u1ec3 xem v\u00e0 t\u1ea3i v\u1ec1)<\/span><\/a><\/p>\n\t\t<\/div>\n\t\t\t\t\n<style>\n#col-1065890780 > .col-inner {\n  padding: 20px 0px 5px 0px;\n  border-radius: 10px;\n}\n<\/style>\n\t<\/div>\n\n\t\n\n<style>\n#row-1945469909 > .col > .col-inner {\n  background-color: rgb(231, 64, 56);\n}\n<\/style>\n<\/div>\n<div class=\"row\"  id=\"row-1940428563\">\n\n\t<div id=\"col-1652537872\" class=\"col small-12 large-12\"  >\n\t\t\t\t<div class=\"col-inner\" style=\"background-color:rgb(231, 64, 56);\" >\n\t\t\t\n\t\t\t\n<p style=\"text-align: center;\"><a href=\"https:\/\/3s0745-my.sharepoint.com\/:f:\/g\/personal\/vancong_3s0745_onmicrosoft_com\/Eng7X6DDTitNpxsgRNGJM9UBTK-DxSEBdswwAaxUB0ypBw?e=JhPtRn\" target=\"_blank\" rel=\"noopener\"><span style=\"font-family: helvetica, arial, sans-serif; font-size: 140%; color: #ffffff;\"><strong>T\u00e0i li\u1ec7u tuy\u00ean truy\u1ec1n th\u00e1ng 3<br \/><\/strong>(Nh\u1ea5n v\u00e0o \u0111\u00e2y \u0111\u1ec3 xem v\u00e0 t\u1ea3i v\u1ec1)<\/span><\/a><\/p>\n\t\t<\/div>\n\t\t\t\t\n<style>\n#col-1652537872 > .col-inner {\n  padding: 20px 0px 5px 0px;\n  border-radius: 10px;\n}\n<\/style>\n\t<\/div>\n\n\t\n\n<style>\n#row-1940428563 > .col > .col-inner {\n  background-color: rgb(231, 64, 56);\n}\n<\/style>\n<\/div>\n<div class=\"row\"  id=\"row-487277830\">\n\n\t<div id=\"col-2008882572\" class=\"col small-12 large-12\"  >\n\t\t\t\t<div class=\"col-inner\" style=\"background-color:#78206e;\" >\n\t\t\t\n\t\t\t\n<p style=\"text-align: center;\"><a href=\"https:\/\/3s0745-my.sharepoint.com\/:f:\/g\/personal\/vancong_3s0745_onmicrosoft_com\/EjvTNf-yfHlIoH0PsxGq0MsBRvLNYZ3BSJXHHV4vE02HPA?e=0eZnk7\" target=\"_blank\" rel=\"noopener\"><span style=\"font-family: helvetica, arial, sans-serif; font-size: 140%; color: #ffffff;\"><strong>T\u00e0i li\u1ec7u tuy\u00ean truy\u1ec1n th\u00e1ng 4<br \/><\/strong>(Nh\u1ea5n v\u00e0o \u0111\u00e2y \u0111\u1ec3 xem v\u00e0 t\u1ea3i v\u1ec1)<\/span><\/a><\/p>\n\t\t<\/div>\n\t\t\t\t\n<style>\n#col-2008882572 > .col-inner {\n  padding: 20px 0px 5px 0px;\n  border-radius: 10px;\n}\n<\/style>\n\t<\/div>\n\n\t\n\n<style>\n#row-487277830 > .col > .col-inner {\n  background-color: rgb(231, 64, 56);\n}\n<\/style>\n<\/div>\n<div class=\"row\"  id=\"row-984435246\">\n\n\t<div id=\"col-1303004925\" class=\"col small-12 large-12\"  >\n\t\t\t\t<div class=\"col-inner\" style=\"background-color:rgb(231, 64, 56);\" >\n\t\t\t\n\t\t\t\n<p style=\"text-align: center;\"><a href=\"https:\/\/3s0745-my.sharepoint.com\/:f:\/g\/personal\/vancong_3s0745_onmicrosoft_com\/ErJjjGSW3jZJoOdBNO2wAVEBrwuYku28VOEy2FSKc2tBIg?e=VqfhIa\" target=\"_blank\" rel=\"noopener\"><span style=\"font-family: helvetica, arial, sans-serif; font-size: 140%; color: #ffffff;\"><strong>T\u00e0i li\u1ec7u tuy\u00ean truy\u1ec1n th\u00e1ng 5<br \/><\/strong>(Nh\u1ea5n v\u00e0o \u0111\u00e2y \u0111\u1ec3 xem v\u00e0 t\u1ea3i v\u1ec1)<\/span><\/a><\/p>\n\t\t<\/div>\n\t\t\t\t\n<style>\n#col-1303004925 > .col-inner {\n  padding: 20px 0px 5px 0px;\n  border-radius: 10px;\n}\n<\/style>\n\t<\/div>\n\n\t\n\n<style>\n#row-984435246 > .col > .col-inner {\n  background-color: rgb(231, 64, 56);\n}\n<\/style>\n<\/div>\n<div class=\"row\"  id=\"row-786642927\">\n\n\t<div id=\"col-1141270790\" class=\"col small-12 large-12\"  >\n\t\t\t\t<div class=\"col-inner\" style=\"background-color:#78206e;\" >\n\t\t\t\n\t\t\t\n<p style=\"text-align: center;\"><a href=\"https:\/\/3s0745-my.sharepoint.com\/:f:\/g\/personal\/vancong_3s0745_onmicrosoft_com\/ErScskmTnlpFn0wYAnX6M74BhLOsV7WPK-NNyO9x4YNK_w?e=184L43\" target=\"_blank\" rel=\"noopener\"><span style=\"font-family: helvetica, arial, sans-serif; font-size: 140%; color: #ffffff;\"><strong>T\u00e0i li\u1ec7u tuy\u00ean truy\u1ec1n th\u00e1ng 6<br \/><\/strong>(Nh\u1ea5n v\u00e0o \u0111\u00e2y \u0111\u1ec3 xem v\u00e0 t\u1ea3i v\u1ec1)<\/span><\/a><\/p>\n\t\t<\/div>\n\t\t\t\t\n<style>\n#col-1141270790 > .col-inner {\n  padding: 20px 0px 5px 0px;\n  border-radius: 10px;\n}\n<\/style>\n\t<\/div>\n\n\t\n\n<style>\n#row-786642927 > .col > .col-inner {\n  background-color: rgb(231, 64, 56);\n}\n<\/style>\n<\/div>\n<div class=\"row\"  id=\"row-1024556419\">\n\n\t<div id=\"col-389005912\" class=\"col small-12 large-12\"  >\n\t\t\t\t<div class=\"col-inner\" style=\"background-color:rgb(231, 64, 56);\" >\n\t\t\t\n\t\t\t\n<p style=\"text-align: center;\"><a href=\"https:\/\/3s0745-my.sharepoint.com\/:f:\/g\/personal\/vancong_3s0745_onmicrosoft_com\/EtVKc93BNWNBtrZOm-oh6sABsa5pUdIgqUlE6FWA8SL_oQ?e=fPOglj\" target=\"_blank\" rel=\"noopener\"><span style=\"font-family: helvetica, arial, sans-serif; font-size: 140%; color: #ffffff;\"><strong>T\u00e0i li\u1ec7u tuy\u00ean truy\u1ec1n th\u00e1ng 7<br \/><\/strong>(Nh\u1ea5n v\u00e0o \u0111\u00e2y \u0111\u1ec3 xem v\u00e0 t\u1ea3i v\u1ec1)<\/span><\/a><\/p>\n\t\t<\/div>\n\t\t\t\t\n<style>\n#col-389005912 > .col-inner {\n  padding: 20px 0px 5px 0px;\n  border-radius: 10px;\n}\n<\/style>\n\t<\/div>\n\n\t\n\n<style>\n#row-1024556419 > .col > .col-inner {\n  background-color: rgb(231, 64, 56);\n}\n<\/style>\n<\/div>\n<div class=\"row\"  id=\"row-1714532401\">\n\n\t<div id=\"col-1870670401\" class=\"col small-12 large-12\"  >\n\t\t\t\t<div class=\"col-inner\" style=\"background-color:#78206e;\" >\n\t\t\t\n\t\t\t\n<p style=\"text-align: center;\"><a href=\"https:\/\/3s0745-my.sharepoint.com\/:f:\/g\/personal\/vancong_3s0745_onmicrosoft_com\/ErMpDefSSOBBgx_O3oF2qbMBrj1_3oitCLCOfEZIwUV6Iw?e=KKJ55D\" target=\"_blank\" rel=\"noopener\"><span style=\"font-family: helvetica, arial, sans-serif; font-size: 140%; color: #ffffff;\"><strong>T\u00e0i li\u1ec7u tuy\u00ean truy\u1ec1n th\u00e1ng 8<br \/><\/strong>(Nh\u1ea5n v\u00e0o \u0111\u00e2y \u0111\u1ec3 xem v\u00e0 t\u1ea3i v\u1ec1)<\/span><\/a><\/p>\n\t\t<\/div>\n\t\t\t\t\n<style>\n#col-1870670401 > .col-inner {\n  padding: 20px 0px 5px 0px;\n  border-radius: 10px;\n}\n<\/style>\n\t<\/div>\n\n\t\n\n<style>\n#row-1714532401 > .col > .col-inner {\n  background-color: rgb(231, 64, 56);\n}\n<\/style>\n<\/div>\n<div class=\"row\"  id=\"row-1327102574\">\n\n\t<div id=\"col-905410171\" class=\"col small-12 large-12\"  >\n\t\t\t\t<div class=\"col-inner\" style=\"background-color:rgb(231, 64, 56);\" >\n\t\t\t\n\t\t\t\n<p style=\"text-align: center;\"><a href=\"https:\/\/3s0745-my.sharepoint.com\/:f:\/g\/personal\/vancong_3s0745_onmicrosoft_com\/Eh5dN3kSHu9Mr8YWOWfMdrgBrRBaQyprSK7LUXo8b64vpw?e=J3Gzfm\" target=\"_blank\" rel=\"noopener\"><span style=\"font-family: helvetica, arial, sans-serif; font-size: 140%; color: #ffffff;\"><strong>T\u00e0i li\u1ec7u tuy\u00ean truy\u1ec1n th\u00e1ng 9<br \/><\/strong>(Nh\u1ea5n v\u00e0o \u0111\u00e2y \u0111\u1ec3 xem v\u00e0 t\u1ea3i v\u1ec1)<\/span><\/a><\/p>\n\t\t<\/div>\n\t\t\t\t\n<style>\n#col-905410171 > .col-inner {\n  padding: 20px 0px 5px 0px;\n  border-radius: 10px;\n}\n<\/style>\n\t<\/div>\n\n\t\n\n<style>\n#row-1327102574 > .col > .col-inner {\n  background-color: rgb(231, 64, 56);\n}\n<\/style>\n<\/div>\n<div class=\"row\"  id=\"row-1293523187\">\n\n\t<div id=\"col-1037316494\" class=\"col small-12 large-12\"  >\n\t\t\t\t<div class=\"col-inner\" style=\"background-color:#78206e;\" >\n\t\t\t\n\t\t\t\n<p style=\"text-align: center;\"><a href=\"https:\/\/3s0745-my.sharepoint.com\/:f:\/g\/personal\/vancong_3s0745_onmicrosoft_com\/EkZwXJdUWAVDoT8pvgGBnIIBeKgwrT8foewN1FW20yLaww?e=d67uUR\" target=\"_blank\" rel=\"noopener\"><span style=\"font-family: helvetica, arial, sans-serif; font-size: 140%; color: #ffffff;\"><strong>T\u00e0i li\u1ec7u tuy\u00ean truy\u1ec1n th\u00e1ng 10<br \/><\/strong>(Nh\u1ea5n v\u00e0o \u0111\u00e2y \u0111\u1ec3 xem v\u00e0 t\u1ea3i v\u1ec1)<\/span><\/a><\/p>\n\t\t<\/div>\n\t\t\t\t\n<style>\n#col-1037316494 > .col-inner {\n  padding: 20px 0px 5px 0px;\n  border-radius: 10px;\n}\n<\/style>\n\t<\/div>\n\n\t\n\n<style>\n#row-1293523187 > .col > .col-inner {\n  background-color: rgb(231, 64, 56);\n}\n<\/style>\n<\/div>\n<div class=\"row\"  id=\"row-371679240\">\n\n\t<div id=\"col-1326846486\" class=\"col small-12 large-12\"  >\n\t\t\t\t<div class=\"col-inner\" style=\"background-color:rgb(231, 64, 56);\" >\n\t\t\t\n\t\t\t\n<p style=\"text-align: center;\"><a href=\"https:\/\/3s0745-my.sharepoint.com\/:f:\/g\/personal\/vancong_3s0745_onmicrosoft_com\/EgpZozoYP-5FnievqRY-lt8BPiu4qflNlC2cgoK9NeVkxg?e=N1jOFl\" target=\"_blank\" rel=\"noopener\"><span style=\"font-family: helvetica, arial, sans-serif; font-size: 140%; color: #ffffff;\"><strong>T\u00e0i li\u1ec7u tuy\u00ean truy\u1ec1n th\u00e1ng 11<br \/><\/strong>(Nh\u1ea5n v\u00e0o \u0111\u00e2y \u0111\u1ec3 xem v\u00e0 t\u1ea3i v\u1ec1)<\/span><\/a><\/p>\n\t\t<\/div>\n\t\t\t\t\n<style>\n#col-1326846486 > .col-inner {\n  padding: 20px 0px 5px 0px;\n  border-radius: 10px;\n}\n<\/style>\n\t<\/div>\n\n\t\n\n<style>\n#row-371679240 > .col > .col-inner {\n  background-color: rgb(231, 64, 56);\n}\n<\/style>\n<\/div>\n<div class=\"row\"  id=\"row-1796514212\">\n\n\t<div id=\"col-548894006\" class=\"col small-12 large-12\"  >\n\t\t\t\t<div class=\"col-inner\" style=\"background-color:#78206e;\" >\n\t\t\t\n\t\t\t\n<p style=\"text-align: center;\"><a href=\"https:\/\/3s0745-my.sharepoint.com\/:f:\/g\/personal\/vancong_3s0745_onmicrosoft_com\/EkBb05ZaEcREsuYLSdVkGfsB_2s9VUYn7miGSI_B5eHyvQ?e=RtpClb\" target=\"_blank\" rel=\"noopener\"><span style=\"font-family: helvetica, arial, sans-serif; font-size: 140%; color: #ffffff;\"><strong>T\u00e0i li\u1ec7u tuy\u00ean truy\u1ec1n th\u00e1ng 12<br \/><\/strong>(Nh\u1ea5n v\u00e0o \u0111\u00e2y \u0111\u1ec3 xem v\u00e0 t\u1ea3i v\u1ec1)<\/span><\/a><\/p>\n\t\t<\/div>\n\t\t\t\t\n<style>\n#col-548894006 > .col-inner {\n  padding: 20px 0px 5px 0px;\n  border-radius: 10px;\n}\n<\/style>\n\t<\/div>\n\n\t\n\n<style>\n#row-1796514212 > .col > .col-inner {\n  background-color: rgb(231, 64, 56);\n}\n<\/style>\n<\/div>\n","protected":false},"excerpt":{"rendered":"<p>T\u00e0i li\u1ec7u tuy\u00ean truy\u1ec1n<\/p>\n","protected":false},"author":1,"featured_media":0,"parent":332,"menu_order":0,"comment_status":"closed","ping_status":"closed","template":"","meta":{"footnotes":""},"class_list":["post-334","page","type-page","status-publish","hentry"],"_links":{"self":[{"href":"https:\/\/ludoan125.com\/index.php\/wp-json\/wp\/v2\/pages\/334","targetHints":{"allow":["GET"]}}],"collection":[{"href":"https:\/\/ludoan125.com\/index.php\/wp-json\/wp\/v2\/pages"}],"about":[{"href":"https:\/\/ludoan125.com\/index.php\/wp-json\/wp\/v2\/types\/page"}],"author":[{"embeddable":true,"href":"https:\/\/ludoan125.com\/index.php\/wp-json\/wp\/v2\/users\/1"}],"replies":[{"embeddable":true,"href":"https:\/\/ludoan125.com\/index.php\/wp-json\/wp\/v2\/comments?post=334"}],"version-history":[{"count":37,"href":"https:\/\/ludoan125.com\/index.php\/wp-json\/wp\/v2\/pages\/334\/revisions"}],"predecessor-version":[{"id":1201,"href":"https:\/\/ludoan125.com\/index.php\/wp-json\/wp\/v2\/pages\/334\/revisions\/1201"}],"up":[{"embeddable":true,"href":"https:\/\/ludoan125.com\/index.php\/wp-json\/wp\/v2\/pages\/332"}],"wp:attachment":[{"href":"https:\/\/ludoan125.com\/index.php\/wp-json\/wp\/v2\/media?parent=334"}],"curies":[{"name":"wp","href":"https:\/\/api.w.org\/{rel}","templated":true}]}}