{"id":332,"date":"2024-11-21T15:13:06","date_gmt":"2024-11-21T15:13:06","guid":{"rendered":"https:\/\/ludoan125.com\/?page_id=332"},"modified":"2024-12-19T07:34:36","modified_gmt":"2024-12-19T07:34:36","slug":"tuyen-truyen-co-dong","status":"publish","type":"page","link":"https:\/\/ludoan125.com\/index.php\/trang-chu\/tuyen-truyen-co-dong\/","title":{"rendered":"Tuy\u00ean truy\u1ec1n c\u1ed5 \u0111\u1ed9ng"},"content":{"rendered":"<p style=\"text-align: center;\"><span style=\"font-family: helvetica, arial, sans-serif; font-size: 160%; color: #0000ff;\"><strong>Tuy\u00ean truy\u1ec1n c\u1ed5 \u0111\u1ed9ng<\/strong><\/span><\/p>\n<div class=\"text-center\"><div class=\"is-divider divider clearfix\" style=\"margin-top:30px;margin-bottom:30px;max-width:200px;background-color:rgb(175, 23, 64);\"><\/div><\/div>\n<div class=\"row\"  id=\"row-1396961543\">\n\n\t<div id=\"col-1515380219\" class=\"col small-12 large-12\"  >\n\t\t\t\t<div class=\"col-inner\" style=\"background-color:rgb(175, 23, 64);\" >\n\t\t\t\n\t\t\t\n<p style=\"text-align: center;\"><a href=\"https:\/\/ludoan125.com\/index.php\/trang-chu\/tuyen-truyen-co-dong\/1-tuyen-truyen-ve-cac-ngay-le-lon-va-su-kien-quan-trong\/\"><span style=\"font-size: 150%;\"><strong><span style=\"font-family: helvetica, arial, sans-serif; color: #ffffff;\">T\u00e0i li\u1ec7u tuy\u00ean truy\u1ec1n<\/span><\/strong><\/span><\/a><\/p>\n\t\t<\/div>\n\t\t\t\t\n<style>\n#col-1515380219 > .col-inner {\n  padding: 20px 0px 5px 0px;\n  border-radius: 10px;\n}\n<\/style>\n\t<\/div>\n\n\t\n<\/div>\n<div class=\"row\"  id=\"row-967172366\">\n\n\t<div id=\"col-1087290449\" class=\"col small-12 large-12\"  >\n\t\t\t\t<div class=\"col-inner\" style=\"background-color:rgb(204, 43, 82);\" >\n\t\t\t\n\t\t\t\n<p style=\"text-align: center;\"><a href=\"https:\/\/ludoan125.com\/index.php\/trang-chu\/tuyen-truyen-co-dong\/2-cuoc-thi-truc-tuyen-do-lu-doan-hoac-cap-tren-to-chuc\/\"><span style=\"font-size: 150%;\"><strong><span style=\"font-family: helvetica, arial, sans-serif; color: #ffffff;\">Cu\u1ed9c thi tr\u1ef1c tuy\u1ebfn<\/span><\/strong><\/span><\/a><\/p>\n\t\t<\/div>\n\t\t\t\t\n<style>\n#col-1087290449 > .col-inner {\n  padding: 20px 0px 5px 0px;\n  border-radius: 10px;\n}\n<\/style>\n\t<\/div>\n\n\t\n\n<style>\n#row-967172366 > .col > .col-inner {\n  background-color: rgb(204, 43, 82);\n  border-radius: 10px;\n}\n<\/style>\n<\/div>\n<div class=\"row\"  id=\"row-60871059\">\n\n\t<div id=\"col-647024799\" class=\"col small-12 large-12\"  >\n\t\t\t\t<div class=\"col-inner\" style=\"background-color:rgb(231, 64, 56);\" >\n\t\t\t\n\t\t\t\n<p style=\"text-align: center;\"><a href=\"https:\/\/ludoan125.com\/index.php\/trang-chu\/tuyen-truyen-co-dong\/3-tuyen-truyen-loi-bac-day-ngay-nay-nam-xua\/\"><span style=\"font-size: 130%;\"><span style=\"color: #ffffff; font-family: helvetica, arial, sans-serif;\"><b>L\u1eddi B\u00e1c d\u1ea1y ng\u00e0y n\u00e0y n\u0103m x\u01b0a<\/b><\/span><\/span><\/a><\/p>\n\t\t<\/div>\n\t\t\t\t\n<style>\n#col-647024799 > .col-inner {\n  padding: 20px 0px 5px 0px;\n  border-radius: 10px;\n}\n<\/style>\n\t<\/div>\n\n\t\n\n<style>\n#row-60871059 > .col > .col-inner {\n  background-color: rgb(231, 64, 56);\n  border-radius: 10px;\n}\n<\/style>\n<\/div>\n<div class=\"row\"  id=\"row-869472882\">\n\n\t<div id=\"col-1708372315\" class=\"col small-12 large-12\"  >\n\t\t\t\t<div class=\"col-inner\" style=\"background-color:rgb(120, 32, 110);\" >\n\t\t\t\n\t\t\t\n<p style=\"text-align: center;\"><span style=\"font-size: 140%;\"><a href=\"https:\/\/ludoan125.com\/index.php\/trang-chu\/tuyen-truyen-co-dong\/4-noi-dung-can-tich-cuc-lan-toa\/\"><span style=\"font-family: helvetica, arial, sans-serif;\"><span style=\"color: #ffffff; font-family: helvetica, arial, sans-serif;\"><b>N\u1ed9i dung c\u1ea7n t\u00edch c\u1ef1c lan t\u1ecfa<\/b><\/span><\/span><\/a><\/span><\/p>\n\t\t<\/div>\n\t\t\t\t\n<style>\n#col-1708372315 > .col-inner {\n  padding: 20px 0px 5px 0px;\n  border-radius: 10px;\n}\n<\/style>\n\t<\/div>\n\n\t\n\n<style>\n#row-869472882 > .col > .col-inner {\n  background-color: rgb(231, 64, 56);\n  border-radius: 10px;\n}\n<\/style>\n<\/div>\n","protected":false},"excerpt":{"rendered":"<p>Tuy\u00ean truy\u1ec1n c\u1ed5 \u0111\u1ed9ng<\/p>\n","protected":false},"author":1,"featured_media":0,"parent":10,"menu_order":0,"comment_status":"closed","ping_status":"closed","template":"","meta":{"footnotes":""},"class_list":["post-332","page","type-page","status-publish","hentry"],"_links":{"self":[{"href":"https:\/\/ludoan125.com\/index.php\/wp-json\/wp\/v2\/pages\/332","targetHints":{"allow":["GET"]}}],"collection":[{"href":"https:\/\/ludoan125.com\/index.php\/wp-json\/wp\/v2\/pages"}],"about":[{"href":"https:\/\/ludoan125.com\/index.php\/wp-json\/wp\/v2\/types\/page"}],"author":[{"embeddable":true,"href":"https:\/\/ludoan125.com\/index.php\/wp-json\/wp\/v2\/users\/1"}],"replies":[{"embeddable":true,"href":"https:\/\/ludoan125.com\/index.php\/wp-json\/wp\/v2\/comments?post=332"}],"version-history":[{"count":16,"href":"https:\/\/ludoan125.com\/index.php\/wp-json\/wp\/v2\/pages\/332\/revisions"}],"predecessor-version":[{"id":1357,"href":"https:\/\/ludoan125.com\/index.php\/wp-json\/wp\/v2\/pages\/332\/revisions\/1357"}],"up":[{"embeddable":true,"href":"https:\/\/ludoan125.com\/index.php\/wp-json\/wp\/v2\/pages\/10"}],"wp:attachment":[{"href":"https:\/\/ludoan125.com\/index.php\/wp-json\/wp\/v2\/media?parent=332"}],"curies":[{"name":"wp","href":"https:\/\/api.w.org\/{rel}","templated":true}]}}