{"id":326,"date":"2024-11-21T15:11:36","date_gmt":"2024-11-21T15:11:36","guid":{"rendered":"https:\/\/ludoan125.com\/?page_id=326"},"modified":"2024-12-05T09:57:29","modified_gmt":"2024-12-05T09:57:29","slug":"3-1-tai-lieu-hoc-tap-nghi-quyet","status":"publish","type":"page","link":"https:\/\/ludoan125.com\/index.php\/trang-chu\/giao-duc-chinh-tri\/3-hoc-tap-nghi-quyet-chi-thi-thong-tu\/3-1-tai-lieu-hoc-tap-nghi-quyet\/","title":{"rendered":"3.1. T\u00e0i li\u1ec7u h\u1ecdc t\u1eadp ngh\u1ecb quy\u1ebft"},"content":{"rendered":"<p style=\"text-align: center;\"><span style=\"font-family: helvetica, arial, sans-serif; font-size: 150%; color: #0000ff;\"><strong>T\u00e0i li\u1ec7u h\u1ecdc t\u1eadp ngh\u1ecb quy\u1ebft<\/strong><\/span><\/p>\n<div class=\"text-center\"><div class=\"is-divider divider clearfix\" style=\"margin-top:30px;margin-bottom:30px;max-width:200px;background-color:rgb(204, 43, 82);\"><\/div><\/div>\n<div class=\"row\"  id=\"row-303295023\">\n\n\t<div id=\"col-2002915378\" class=\"col small-12 large-12\"  >\n\t\t\t\t<div class=\"col-inner text-center\" style=\"background-color:rgb(175, 23, 64);\" >\n\t\t\t\n\t\t\t\n<p style=\"text-align: center;\"><a href=\"https:\/\/3s0745-my.sharepoint.com\/:f:\/g\/personal\/vancong_3s0745_onmicrosoft_com\/EjKsT4ta4rZHp767qDYH6mgBB2HqySPhq8icEV7JZpetqQ?e=P2zrZ5\" target=\"_blank\" rel=\"noopener\"><span style=\"font-family: helvetica, arial, sans-serif; font-size: 105%; color: #ffffff;\"><strong>Quy \u0111\u1ecbnh s\u1ed1 37-Q\u0110\/TW ng\u00e0y 25\/10\/2021 <br \/>v\u1ec1 nh\u1eefng \u0111i\u1ec1u \u0111\u1ea3ng vi\u00ean kh\u00f4ng \u0111\u01b0\u1ee3c l\u00e0m<br \/><\/strong>(Nh\u1ea5n v\u00e0o \u0111\u00e2y \u0111\u1ec3 xem v\u00e0 t\u1ea3i v\u1ec1 t\u00e0i li\u1ec7u n\u00e0y)<\/span><\/a><\/p>\n\t\t<\/div>\n\t\t\t\t\n<style>\n#col-2002915378 > .col-inner {\n  padding: 20px 0px 5px 0px;\n  border-radius: 10px;\n}\n<\/style>\n\t<\/div>\n\n\t\n<\/div>\n<div class=\"row\"  id=\"row-1952940623\">\n\n\t<div id=\"col-488137467\" class=\"col small-12 large-12\"  >\n\t\t\t\t<div class=\"col-inner text-center\" style=\"background-color:rgb(120, 32, 110);\" >\n\t\t\t\n\t\t\t\n<p style=\"text-align: center;\"><a href=\"https:\/\/3s0745-my.sharepoint.com\/:f:\/g\/personal\/vancong_3s0745_onmicrosoft_com\/EqpfRPZE5o5HvMmj4_qsXaABsr8itB7K3ZizTwakHomm3g?e=7cLU8C\" target=\"_blank\" rel=\"noopener\"><span style=\"font-family: helvetica, arial, sans-serif; font-size: 105%; color: #ffffff;\"><strong>K\u1ebft lu\u1eadn s\u1ed1 21-KL\/TW ng\u00e0y 25\/10\/2021<br \/>v\u1ec1 \u0111\u1ea9y m\u1ea1nh x\u00e2y d\u1ef1ng, ch\u1ec9nh \u0111\u1ed1n \u0110\u1ea3ng&#8230;<br \/><\/strong>(Nh\u1ea5n v\u00e0o \u0111\u00e2y \u0111\u1ec3 xem v\u00e0 t\u1ea3i v\u1ec1 t\u00e0i li\u1ec7u n\u00e0y)<\/span><\/a><\/p>\n\t\t<\/div>\n\t\t\t\t\n<style>\n#col-488137467 > .col-inner {\n  padding: 20px 0px 5px 0px;\n  border-radius: 10px;\n}\n<\/style>\n\t<\/div>\n\n\t\n<\/div>\n<div class=\"row\"  id=\"row-36861393\">\n\n\t<div id=\"col-212194933\" class=\"col small-12 large-12\"  >\n\t\t\t\t<div class=\"col-inner text-center\" style=\"background-color:rgb(231, 64, 56);\" >\n\t\t\t\n\t\t\t\n<p style=\"text-align: center;\"><a href=\"https:\/\/3s0745-my.sharepoint.com\/:f:\/g\/personal\/vancong_3s0745_onmicrosoft_com\/Eq-VLDGsZOJNqg5ZHjzEGYEBjraH30MSz3-HnP13D_btwQ?e=Wvg4EV\" target=\"_blank\" rel=\"noopener\"><span style=\"font-family: helvetica, arial, sans-serif; font-size: 105%; color: #ffffff;\"><strong>Ngh\u1ecb quy\u1ebft s\u1ed1 18-NQ\/TW, ng\u00e0y 16\/6\/2022<br \/>v\u1ec1 ti\u1ebfp t\u1ee5c \u0111\u1ed5i m\u1edbi, ho\u00e0n thi\u1ec7n th\u1ec3 ch\u1ebf, ch\u00ednh s\u00e1ch, n\u00e2ng cao hi\u1ec7u l\u1ef1c, hi\u1ec7u qu\u1ea3 c\u00f4ng t\u00e1c qu\u1ea3n l\u00fd v\u00e0 s\u1eed d\u1ee5ng \u0111\u1ea5t,&#8230;<br \/><\/strong>(Nh\u1ea5n v\u00e0o \u0111\u00e2y \u0111\u1ec3 xem v\u00e0 t\u1ea3i v\u1ec1 t\u00e0i li\u1ec7u n\u00e0y)<\/span><\/a><\/p>\n\t\t<\/div>\n\t\t\t\t\n<style>\n#col-212194933 > .col-inner {\n  padding: 20px 0px 5px 0px;\n  border-radius: 10px;\n}\n<\/style>\n\t<\/div>\n\n\t\n<\/div>\n<div class=\"row\"  id=\"row-1610153067\">\n\n\t<div id=\"col-110226429\" class=\"col small-12 large-12\"  >\n\t\t\t\t<div class=\"col-inner text-center\" style=\"background-color:rgb(175, 23, 64);\" >\n\t\t\t\n\t\t\t\n<p style=\"text-align: center;\"><a href=\"https:\/\/3s0745-my.sharepoint.com\/:f:\/g\/personal\/vancong_3s0745_onmicrosoft_com\/Eg6LjOP_zJhNr_Kc_dqhP18BFKfmdqgqwkMcKxAic9Em8g?e=mwSjCb\" target=\"_blank\" rel=\"noopener\"><span style=\"font-family: helvetica, arial, sans-serif; font-size: 105%; color: #ffffff;\"><strong>Ngh\u1ecb quy\u1ebft s\u1ed1 19-NQ\/TW, ng\u00e0y 16\/6\/2022<br \/>v\u1ec1 n\u00f4ng nghi\u1ec7p, n\u00f4ng d\u00e2n, n\u00f4ng th\u00f4n&#8230;<br \/><\/strong>(Nh\u1ea5n v\u00e0o \u0111\u00e2y \u0111\u1ec3 xem v\u00e0 t\u1ea3i v\u1ec1 t\u00e0i li\u1ec7u n\u00e0y)<\/span><\/a><\/p>\n\t\t<\/div>\n\t\t\t\t\n<style>\n#col-110226429 > .col-inner {\n  padding: 20px 0px 5px 0px;\n  border-radius: 10px;\n}\n<\/style>\n\t<\/div>\n\n\t\n<\/div>\n<div class=\"row\"  id=\"row-1788427876\">\n\n\t<div id=\"col-1516474539\" class=\"col small-12 large-12\"  >\n\t\t\t\t<div class=\"col-inner text-center\" style=\"background-color:#78206e;\" >\n\t\t\t\n\t\t\t\n<p style=\"text-align: center;\"><a href=\"https:\/\/3s0745-my.sharepoint.com\/:f:\/g\/personal\/vancong_3s0745_onmicrosoft_com\/EpJLl9vLuOhHu_4nTIX_yogB-aPOsinYosAjtAtABAc8ew?e=iOwx37\" target=\"_blank\" rel=\"noopener\"><span style=\"font-family: helvetica, arial, sans-serif; font-size: 105%; color: #ffffff;\"><strong>Ngh\u1ecb quy\u1ebft s\u1ed1 20-NQ\/TW, ng\u00e0y 16\/6\/2022<br \/>v\u1ec1 ti\u1ebfp t\u1ee5c \u0111\u1ed5i m\u1edbi, ph\u00e1t tri\u1ec3n v\u00e0 n\u00e2ng cao hi\u1ec7u qu\u1ea3 KTTT trong giai \u0111o\u1ea1n m\u1edbi<br \/><\/strong>(Nh\u1ea5n v\u00e0o \u0111\u00e2y \u0111\u1ec3 xem v\u00e0 t\u1ea3i v\u1ec1 t\u00e0i li\u1ec7u n\u00e0y)<\/span><\/a><\/p>\n\t\t<\/div>\n\t\t\t\t\n<style>\n#col-1516474539 > .col-inner {\n  padding: 20px 0px 5px 0px;\n  border-radius: 10px;\n}\n<\/style>\n\t<\/div>\n\n\t\n<\/div>\n<div class=\"row\"  id=\"row-384379474\">\n\n\t<div id=\"col-1418241446\" class=\"col small-12 large-12\"  >\n\t\t\t\t<div class=\"col-inner text-center\" style=\"background-color:#e74038;\" >\n\t\t\t\n\t\t\t\n<p style=\"text-align: center;\"><a href=\"https:\/\/3s0745-my.sharepoint.com\/:f:\/g\/personal\/vancong_3s0745_onmicrosoft_com\/EjUKoqvNIY5Atzs4Y2T3JU0Bx_8tymEj2o3l34Ujkwbmpg?e=9webbw\" target=\"_blank\" rel=\"noopener\"><span style=\"font-family: helvetica, arial, sans-serif; font-size: 100%; color: #ffffff;\"><strong>Ngh\u1ecb quy\u1ebft s\u1ed1 21-NQ\/TW, ng\u00e0y 16\/6\/2022<br \/>v\u1ec1 t\u0103ng c\u01b0\u1eddng c\u1ee7ng c\u1ed1 XD t\u1ed5 ch\u1ee9c c\u01a1 s\u1edf \u0111\u1ea3ng v\u00e0 n\u00e2ng cao ch\u1ea5t l\u01b0\u1ee3ng \u0111\u1ed9i ng\u0169 \u0110V&#8230;<br \/><\/strong>(Nh\u1ea5n v\u00e0o \u0111\u00e2y \u0111\u1ec3 xem v\u00e0 t\u1ea3i v\u1ec1 t\u00e0i li\u1ec7u n\u00e0y)<\/span><\/a><\/p>\n\t\t<\/div>\n\t\t\t\t\n<style>\n#col-1418241446 > .col-inner {\n  padding: 20px 0px 5px 0px;\n  border-radius: 10px;\n}\n<\/style>\n\t<\/div>\n\n\t\n<\/div>\n<div class=\"row\"  id=\"row-109110832\">\n\n\t<div id=\"col-363356035\" class=\"col small-12 large-12\"  >\n\t\t\t\t<div class=\"col-inner text-center\" style=\"background-color:rgb(175, 23, 64);\" >\n\t\t\t\n\t\t\t\n<p style=\"text-align: center;\"><a href=\"https:\/\/3s0745-my.sharepoint.com\/:f:\/g\/personal\/vancong_3s0745_onmicrosoft_com\/EokpUuAJy-dFt8jpk7vKz30BWZ3xbWrt4QaVhPCeajHV_w?e=FowFbR\" target=\"_blank\" rel=\"noopener\"><span style=\"font-family: helvetica, arial, sans-serif; font-size: 100%; color: #ffffff;\"><strong>Ngh\u1ecb quy\u1ebft s\u1ed1 27-NQ\/TW ng\u00e0y 09\/11\/2022<br \/>v\u1ec1 ti\u1ebfp t\u1ee5c x\u00e2y d\u1ef1ng v\u00e0 ho\u00e0n thi\u1ec7n NN ph\u00e1p quy\u1ec1n XHCNVN trong giai \u0111o\u1ea1n m\u1edbi<br \/><\/strong>(Nh\u1ea5n v\u00e0o \u0111\u00e2y \u0111\u1ec3 xem v\u00e0 t\u1ea3i v\u1ec1 t\u00e0i li\u1ec7u n\u00e0y)<\/span><\/a><\/p>\n\t\t<\/div>\n\t\t\t\t\n<style>\n#col-363356035 > .col-inner {\n  padding: 20px 0px 5px 0px;\n  border-radius: 10px;\n}\n<\/style>\n\t<\/div>\n\n\t\n<\/div>\n<div class=\"row\"  id=\"row-353685339\">\n\n\t<div id=\"col-1013135950\" class=\"col small-12 large-12\"  >\n\t\t\t\t<div class=\"col-inner text-center\" style=\"background-color:#181b1f;\" >\n\t\t\t\n\t\t\t\n<p style=\"text-align: center;\"><a href=\"https:\/\/3s0745-my.sharepoint.com\/:f:\/g\/personal\/vancong_3s0745_onmicrosoft_com\/EnFlbqLRrShClmwL_s3zHKEBGBtVszOIeJXXc_p5vk3B0w?e=DquCvf\" target=\"_blank\" rel=\"noopener\"><span style=\"font-family: helvetica, arial, sans-serif; font-size: 100%; color: #ffffff;\"><strong>Ngh\u1ecb quy\u1ebft s\u1ed1 28-NQ\/TW ng\u00e0y 17\/11\/2022<br \/><span style=\"font-size: 95%;\">v\u1ec1 ti\u1ebfp t\u1ee5c \u0111\u1ed5i m\u1edbi ph\u01b0\u01a1ng th\u1ee9c l\u00e3nh \u0111\u1ea1o c\u1ee7a \u0110\u1ea3ng \u0111\u1ed1i v\u1edbi HTCT trong giai \u0111o\u1ea1n m\u1edbi<\/span><br \/><\/strong>(Nh\u1ea5n v\u00e0o \u0111\u00e2y \u0111\u1ec3 xem v\u00e0 t\u1ea3i v\u1ec1 t\u00e0i li\u1ec7u n\u00e0y)<\/span><\/a><\/p>\n\t\t<\/div>\n\t\t\t\t\n<style>\n#col-1013135950 > .col-inner {\n  padding: 20px 0px 5px 0px;\n  border-radius: 10px;\n}\n<\/style>\n\t<\/div>\n\n\t\n<\/div>\n<div class=\"row\"  id=\"row-1797087949\">\n\n\t<div id=\"col-733564650\" class=\"col small-12 large-12\"  >\n\t\t\t\t<div class=\"col-inner text-center\" style=\"background-color:#78206e;\" >\n\t\t\t\n\t\t\t\n\t<div id=\"text-1847931791\" class=\"text\">\n\t\t\n<p style=\"text-align: center;\"><a href=\"https:\/\/3s0745-my.sharepoint.com\/:f:\/g\/personal\/vancong_3s0745_onmicrosoft_com\/EsGpcvJv4oxOo5deWEQEW-QBWUGjQdwbM51xkALT-DAiiw?e=Ob9G05\" target=\"_blank\" rel=\"noopener\"><span style=\"font-family: helvetica, arial, sans-serif; font-size: 100%; color: #ffffff;\"><strong>Ngh\u1ecb quy\u1ebft s\u1ed1 29-NQ\/TW ng\u00e0y 17\/11\/2022<br \/>v\u1ec1 ti\u1ebfp t\u1ee5c \u0111\u1ea9y m\u1ea1nh c\u00f4ng nghi\u1ec7p h\u00f3a, hi\u1ec7n \u0111\u1ea1i h\u00f3a \u0111\u1ea5t n\u01b0\u1edbc \u0111\u1ebfn n\u0103m 2030,&#8230;<br \/><\/strong>(Nh\u1ea5n v\u00e0o \u0111\u00e2y \u0111\u1ec3 xem v\u00e0 t\u1ea3i v\u1ec1 t\u00e0i li\u1ec7u n\u00e0y)<\/span><\/a><\/p>\n\t\t\n<style>\n#text-1847931791 {\n  color: #78206e;\n}\n#text-1847931791 > * {\n  color: #78206e;\n}\n<\/style>\n\t<\/div>\n\t\n\t\t<\/div>\n\t\t\t\t\n<style>\n#col-733564650 > .col-inner {\n  padding: 20px 0px 5px 0px;\n  border-radius: 10px;\n}\n<\/style>\n\t<\/div>\n\n\t\n<\/div>\n<div class=\"row\"  id=\"row-19860276\">\n\n\t<div id=\"col-1265049477\" class=\"col small-12 large-12\"  >\n\t\t\t\t<div class=\"col-inner text-center\" style=\"background-color:#e74038;\" >\n\t\t\t\n\t\t\t\n<p style=\"text-align: center;\"><a href=\"https:\/\/3s0745-my.sharepoint.com\/:f:\/g\/personal\/vancong_3s0745_onmicrosoft_com\/Ei2ePkyLtMxAhJ9V5aw3AkYBNG6cGB23zJym7tAJqwP5Jw?e=vBlzX3\" target=\"_blank\" rel=\"noopener\"><span style=\"font-family: helvetica, arial, sans-serif; font-size: 100%; color: #ffffff;\"><strong>K\u1ebft lu\u1eadn s\u1ed1 45-KL\/TW ng\u00e0y 17\/11\/2022<br \/>v\u1ec1 \u0110\u1ecbnh h\u01b0\u1edbng Quy ho\u1ea1ch t\u1ed5ng th\u1ec3 qu\u1ed1c gia th\u1eddi k\u1ef3 2021 &#8211; 2030, t\u1ea7m nh\u00ecn \u0111\u1ebfn n\u0103m 2050<br \/><\/strong>(Nh\u1ea5n v\u00e0o \u0111\u00e2y \u0111\u1ec3 xem v\u00e0 t\u1ea3i v\u1ec1 t\u00e0i li\u1ec7u n\u00e0y)<\/span><\/a><\/p>\n\t\t<\/div>\n\t\t\t\t\n<style>\n#col-1265049477 > .col-inner {\n  padding: 20px 0px 5px 0px;\n  border-radius: 10px;\n}\n<\/style>\n\t<\/div>\n\n\t\n<\/div>\n<div class=\"row\"  id=\"row-1014272516\">\n\n\t<div id=\"col-1810984433\" class=\"col small-12 large-12\"  >\n\t\t\t\t<div class=\"col-inner text-center\" style=\"background-color:rgb(175, 23, 64);\" >\n\t\t\t\n\t\t\t\n<p style=\"text-align: center;\"><a href=\"https:\/\/3s0745-my.sharepoint.com\/:f:\/g\/personal\/vancong_3s0745_onmicrosoft_com\/EnCgskIGSYRJuraDOsxif6sBh53W4cTcnuFlNzoXuAqX7A?e=UVNYcW\" target=\"_blank\" rel=\"noopener\"><span style=\"font-family: helvetica, arial, sans-serif; font-size: 100%; color: #ffffff;\"><strong>Ngh\u1ecb quy\u1ebft s\u1ed1 42-NQ\/TW ng\u00e0y 24\/11\/2023<br \/>v\u1ec1 ti\u1ebfp t\u1ee5c \u0111\u1ed5i m\u1edbi, n\u00e2ng cao ch\u1ea5t l\u01b0\u1ee3ng ch\u00ednh s\u00e1ch x\u00e3 h\u1ed9i, \u0111\u00e1p \u1ee9ng y\u00eau c\u1ea7u&#8230;<br \/><\/strong>(Nh\u1ea5n v\u00e0o \u0111\u00e2y \u0111\u1ec3 xem v\u00e0 t\u1ea3i v\u1ec1 t\u00e0i li\u1ec7u n\u00e0y)<\/span><\/a><\/p>\n\t\t<\/div>\n\t\t\t\t\n<style>\n#col-1810984433 > .col-inner {\n  padding: 20px 0px 5px 0px;\n  border-radius: 10px;\n}\n<\/style>\n\t<\/div>\n\n\t\n<\/div>\n<div class=\"row\"  id=\"row-937040630\">\n\n\t<div id=\"col-2082640805\" class=\"col small-12 large-12\"  >\n\t\t\t\t<div class=\"col-inner text-center\" style=\"background-color:#181b1f;\" >\n\t\t\t\n\t\t\t\n<p style=\"text-align: center;\"><a href=\"https:\/\/3s0745-my.sharepoint.com\/:f:\/g\/personal\/vancong_3s0745_onmicrosoft_com\/EvKSH22gb7VFgHEm5qE7BhwBImyRYIhMl2M3hPGQY-9CYQ?e=KpIz2w\" target=\"_blank\" rel=\"noopener\"><span style=\"font-family: helvetica, arial, sans-serif; font-size: 100%; color: #ffffff;\"><strong>Ngh\u1ecb quy\u1ebft s\u1ed1 43-NQ\/TW ng\u00e0y 24\/11\/2023<br \/>v\u1ec1 ti\u1ebfp t\u1ee5c ph\u00e1t huy truy\u1ec1n th\u1ed1ng, s\u1ee9c m\u1ea1nh \u0111\u1ea1i \u0111o\u00e0n k\u1ebft to\u00e0n d\u00e2n t\u1ed9c,&#8230;<br \/><\/strong>(Nh\u1ea5n v\u00e0o \u0111\u00e2y \u0111\u1ec3 xem v\u00e0 t\u1ea3i v\u1ec1 t\u00e0i li\u1ec7u n\u00e0y)<\/span><\/a><\/p>\n\t\t<\/div>\n\t\t\t\t\n<style>\n#col-2082640805 > .col-inner {\n  padding: 20px 0px 5px 0px;\n  border-radius: 10px;\n}\n<\/style>\n\t<\/div>\n\n\t\n<\/div>\n<div class=\"row\"  id=\"row-1125873669\">\n\n\t<div id=\"col-1782595676\" class=\"col small-12 large-12\"  >\n\t\t\t\t<div class=\"col-inner text-center\" style=\"background-color:rgb(120, 32, 110);\" >\n\t\t\t\n\t\t\t\n<p style=\"text-align: center;\"><a href=\"https:\/\/3s0745-my.sharepoint.com\/:f:\/g\/personal\/vancong_3s0745_onmicrosoft_com\/EpaBX6xqw9ZDpq2BGQQmFRMBiHwKndR210qIHsH21s0aBQ?e=Nwok6E\" target=\"_blank\" rel=\"noopener\"><span style=\"font-family: helvetica, arial, sans-serif; font-size: 100%; color: #ffffff;\"><strong>Ngh\u1ecb quy\u1ebft s\u1ed1 45-NQ\/TW ng\u00e0y 24\/11\/2023<br \/>v\u1ec1 ti\u1ebfp t\u1ee5c x\u00e2y d\u1ef1ng v\u00e0 ph\u00e1t huy vai tr\u00f2 c\u1ee7a \u0111\u1ed9i ng\u0169 tr\u00ed th\u1ee9c \u0111\u00e1p \u1ee9ng y\u00eau c\u1ea7u&#8230;<br \/><\/strong>(Nh\u1ea5n v\u00e0o \u0111\u00e2y \u0111\u1ec3 xem v\u00e0 t\u1ea3i v\u1ec1 t\u00e0i li\u1ec7u n\u00e0y)<\/span><\/a><\/p>\n\t\t<\/div>\n\t\t\t\t\n<style>\n#col-1782595676 > .col-inner {\n  padding: 20px 0px 5px 0px;\n  border-radius: 10px;\n}\n<\/style>\n\t<\/div>\n\n\t\n<\/div>\n","protected":false},"excerpt":{"rendered":"<p>T\u00e0i li\u1ec7u h\u1ecdc t\u1eadp ngh\u1ecb quy\u1ebft<\/p>\n","protected":false},"author":1,"featured_media":0,"parent":324,"menu_order":0,"comment_status":"closed","ping_status":"closed","template":"","meta":{"footnotes":""},"class_list":["post-326","page","type-page","status-publish","hentry"],"_links":{"self":[{"href":"https:\/\/ludoan125.com\/index.php\/wp-json\/wp\/v2\/pages\/326","targetHints":{"allow":["GET"]}}],"collection":[{"href":"https:\/\/ludoan125.com\/index.php\/wp-json\/wp\/v2\/pages"}],"about":[{"href":"https:\/\/ludoan125.com\/index.php\/wp-json\/wp\/v2\/types\/page"}],"author":[{"embeddable":true,"href":"https:\/\/ludoan125.com\/index.php\/wp-json\/wp\/v2\/users\/1"}],"replies":[{"embeddable":true,"href":"https:\/\/ludoan125.com\/index.php\/wp-json\/wp\/v2\/comments?post=326"}],"version-history":[{"count":45,"href":"https:\/\/ludoan125.com\/index.php\/wp-json\/wp\/v2\/pages\/326\/revisions"}],"predecessor-version":[{"id":1162,"href":"https:\/\/ludoan125.com\/index.php\/wp-json\/wp\/v2\/pages\/326\/revisions\/1162"}],"up":[{"embeddable":true,"href":"https:\/\/ludoan125.com\/index.php\/wp-json\/wp\/v2\/pages\/324"}],"wp:attachment":[{"href":"https:\/\/ludoan125.com\/index.php\/wp-json\/wp\/v2\/media?parent=326"}],"curies":[{"name":"wp","href":"https:\/\/api.w.org\/{rel}","templated":true}]}}