{"id":322,"date":"2024-11-21T15:10:37","date_gmt":"2024-11-21T15:10:37","guid":{"rendered":"https:\/\/ludoan125.com\/?page_id=322"},"modified":"2024-12-04T15:11:16","modified_gmt":"2024-12-04T15:11:16","slug":"2-4-mot-so-van-ban-lien-quan-den-che-do-chinh-sach-va-quyen-loi-cua-quan-nhan","status":"publish","type":"page","link":"https:\/\/ludoan125.com\/index.php\/trang-chu\/giao-duc-chinh-tri\/2-pho-bien-giao-duc-phap-luat\/2-4-mot-so-van-ban-lien-quan-den-che-do-chinh-sach-va-quyen-loi-cua-quan-nhan\/","title":{"rendered":"M\u1ed9t s\u1ed1 v\u0103n b\u1ea3n li\u00ean quan \u0111\u1ebfn ch\u1ebf \u0111\u1ed9 ch\u00ednh s\u00e1ch v\u00e0 quy\u1ec1n l\u1ee3i c\u1ee7a qu\u00e2n nh\u00e2n"},"content":{"rendered":"<p style=\"text-align: center;\"><span style=\"font-family: helvetica, arial, sans-serif; font-size: 120%; color: #0000ff;\"><strong>M\u1ed9t s\u1ed1 v\u0103n b\u1ea3n li\u00ean quan \u0111\u1ebfn ch\u1ebf \u0111\u1ed9 ch\u00ednh s\u00e1ch v\u00e0 quy\u1ec1n l\u1ee3i c\u1ee7a qu\u00e2n nh\u00e2n<\/strong><\/span><\/p>\n<div class=\"text-center\"><div class=\"is-divider divider clearfix\" style=\"margin-top:30px;margin-bottom:30px;max-width:200px;background-color:rgb(204, 43, 82);\"><\/div><\/div>\n<div class=\"row\"  id=\"row-89673197\">\n\n\t<div id=\"col-662415441\" class=\"col small-12 large-12\"  >\n\t\t\t\t<div class=\"col-inner\" style=\"background-color:rgb(204, 43, 82);\" >\n\t\t\t\n\t\t\t\n<p style=\"text-align: center;\"><a href=\"https:\/\/thuvienphapluat.vn\/van-ban\/Bo-may-hanh-chinh\/Luat-si-quan-Quan-doi-nhan-dan-Viet-Nam-sua-doi-2014-260647.aspx\" target=\"_blank\" rel=\"noopener\"><span style=\"font-family: helvetica, arial, sans-serif; font-size: 130%; color: #ffffff;\"><strong>Lu\u1eadt SQQ\u0110NDVN n\u0103m 2014<\/strong><\/span><\/a><\/p>\n\t\t<\/div>\n\t\t\t\t\n<style>\n#col-662415441 > .col-inner {\n  padding: 20px 0px 5px 0px;\n  border-radius: 10px;\n}\n<\/style>\n\t<\/div>\n\n\t\n<\/div>\n<div class=\"row\"  id=\"row-2062339843\">\n\n\t<div id=\"col-2003005906\" class=\"col small-12 large-12\"  >\n\t\t\t\t<div class=\"col-inner\" style=\"background-color:rgb(204, 43, 82);\" >\n\t\t\t\n\t\t\t\n<p style=\"text-align: center;\"><a href=\"https:\/\/thuvienphapluat.vn\/van-ban\/Bo-may-hanh-chinh\/Luat-si-quan-Quan-doi-nhan-dan-Viet-Nam-sua-doi-2014-260647.aspx\" target=\"_blank\" rel=\"noopener\"><span style=\"font-family: helvetica, arial, sans-serif; font-size: 130%; color: #ffffff;\"><strong>Lu\u1eadt QNCN n\u0103m 2015<\/strong><\/span><\/a><\/p>\n\t\t<\/div>\n\t\t\t\t\n<style>\n#col-2003005906 > .col-inner {\n  padding: 20px 0px 5px 0px;\n  border-radius: 10px;\n}\n<\/style>\n\t<\/div>\n\n\t\n<\/div>\n<div class=\"row\"  id=\"row-1785109100\">\n\n\t<div id=\"col-1300558333\" class=\"col small-12 large-12\"  >\n\t\t\t\t<div class=\"col-inner\" style=\"background-color:rgb(204, 43, 82);\" >\n\t\t\t\n\t\t\t\n<p style=\"text-align: center;\"><a href=\"https:\/\/thuvienphapluat.vn\/van-ban\/Bo-may-hanh-chinh\/Nghi-dinh-78-2020-ND-CP-si-quan-du-bi-Quan-doi-nhan-dan-Viet-Nam-446808.aspx\" target=\"_blank\" rel=\"noopener\"><span style=\"font-family: helvetica, arial, sans-serif; font-size: 130%; color: #ffffff;\"><strong>Ngh\u1ecb \u0111\u1ecbnh 78 v\u1ec1 SQDB<\/strong><\/span><\/a><\/p>\n\t\t<\/div>\n\t\t\t\t\n<style>\n#col-1300558333 > .col-inner {\n  padding: 20px 0px 5px 0px;\n  border-radius: 10px;\n}\n<\/style>\n\t<\/div>\n\n\t\n<\/div>\n<div class=\"row\"  id=\"row-1496319883\">\n\n\t<div id=\"col-749550178\" class=\"col small-12 large-12\"  >\n\t\t\t\t<div class=\"col-inner\" style=\"background-color:rgb(204, 43, 82);\" >\n\t\t\t\n\t\t\t\n<p style=\"text-align: center;\"><a href=\"https:\/\/thuvienphapluat.vn\/van-ban\/Bao-hiem\/Luat-Bao-hiem-xa-hoi-2014-259700.aspx\" target=\"_blank\" rel=\"noopener\"><span style=\"font-family: helvetica, arial, sans-serif; font-size: 130%; color: #ffffff;\"><strong>Lu\u1eadt B\u1ea3o hi\u1ec3m x\u00e3 h\u1ed9i<\/strong><\/span><\/a><\/p>\n\t\t<\/div>\n\t\t\t\t\n<style>\n#col-749550178 > .col-inner {\n  padding: 20px 0px 5px 0px;\n  border-radius: 10px;\n}\n<\/style>\n\t<\/div>\n\n\t\n<\/div>\n<div class=\"row\"  id=\"row-688879574\">\n\n\t<div id=\"col-1038210333\" class=\"col small-12 large-12\"  >\n\t\t\t\t<div class=\"col-inner\" style=\"background-color:rgb(204, 43, 82);\" >\n\t\t\t\n\t\t\t\n<p style=\"text-align: center;\"><a href=\"https:\/\/3s0745-my.sharepoint.com\/:f:\/g\/personal\/vancong_3s0745_onmicrosoft_com\/EuMAremvg2dCkHp1Cfk2AaUBYuAt_P7G-2xPEWr5FCAwJA?e=gSgbXZ\" target=\"_blank\" rel=\"noopener\"><span style=\"font-family: helvetica, arial, sans-serif; font-size: 120%; color: #ffffff;\"><strong>H\u01b0\u1edbng d\u1eabn c\u1ea5p m\u1edbi, c\u1ea5p \u0111\u1ed5i, <br \/>c\u1ea5p l\u1ea1i v\u00e0 gia h\u1ea1n th\u1ebb BHYT<br \/><\/strong>(Nh\u1ea5n v\u00e0o \u0111\u00e2y \u0111\u1ec3 xem v\u00e0 t\u1ea3i v\u1ec1 t\u00e0i li\u1ec7u)<\/span><\/a><\/p>\n\t\t<\/div>\n\t\t\t\t\n<style>\n#col-1038210333 > .col-inner {\n  padding: 20px 0px 5px 0px;\n  border-radius: 10px;\n}\n<\/style>\n\t<\/div>\n\n\t\n<\/div>\n<div class=\"row\"  id=\"row-1305438769\">\n\n\t<div id=\"col-1300697331\" class=\"col small-12 large-12\"  >\n\t\t\t\t<div class=\"col-inner\" style=\"background-color:rgb(204, 43, 82);\" >\n\t\t\t\n\t\t\t\n<p style=\"text-align: center;\"><a href=\"https:\/\/3s0745-my.sharepoint.com\/:f:\/g\/personal\/vancong_3s0745_onmicrosoft_com\/EhBdbggZWrpNk0aficj_bwMBRsz9Bxr-pkHp01fwaKeWeQ?e=H95N0C\" target=\"_blank\" rel=\"noopener\"><span style=\"font-family: helvetica, arial, sans-serif; font-size: 120%; color: #ffffff;\"><strong>Quy \u0111\u1ecbnh v\u1ec1 vi\u1ec7c \u0111i v\u1ec1 h\u00e0ng ng\u00e0y\u00a0<br \/>\u0111\u1ed1i v\u1edbi s\u0129 quan, QNCN trong L\u1eef \u0111o\u00e0n<br \/><\/strong>(Nh\u1ea5n v\u00e0o \u0111\u00e2y \u0111\u1ec3 xem v\u00e0 t\u1ea3i v\u1ec1 t\u00e0i li\u1ec7u)<\/span><\/a><\/p>\n\t\t<\/div>\n\t\t\t\t\n<style>\n#col-1300697331 > .col-inner {\n  padding: 20px 0px 5px 0px;\n  border-radius: 10px;\n}\n<\/style>\n\t<\/div>\n\n\t\n<\/div>\n<div class=\"row\"  id=\"row-746791256\">\n\n\t<div id=\"col-496242947\" class=\"col small-12 large-12\"  >\n\t\t\t\t<div class=\"col-inner\" style=\"background-color:rgb(204, 43, 82);\" >\n\t\t\t\n\t\t\t\n<p style=\"text-align: center;\"><a href=\"https:\/\/3s0745-my.sharepoint.com\/:f:\/g\/personal\/vancong_3s0745_onmicrosoft_com\/ErkWaO1yiIlOhinuqIL-xZsB6N3dAVCU4jdFoCz4xzxhtQ?e=KoL2TK\" target=\"_blank\" rel=\"noopener\"><span style=\"font-family: helvetica, arial, sans-serif; font-size: 120%; color: #ffffff;\"><strong>Quy \u0111\u1ecbnh kh\u00e1m ch\u1eefa b\u1ec7nh <br \/>v\u00e0 chi tr\u1ea3 ch\u1ebf \u0111\u1ed9 kh\u00e1m ch\u1eefa b\u1ec7nh\u00a0<br \/><\/strong>(Nh\u1ea5n v\u00e0o \u0111\u00e2y \u0111\u1ec3 xem v\u00e0 t\u1ea3i v\u1ec1 t\u00e0i li\u1ec7u)<\/span><\/a><\/p>\n\t\t<\/div>\n\t\t\t\t\n<style>\n#col-496242947 > .col-inner {\n  padding: 20px 0px 5px 0px;\n  border-radius: 10px;\n}\n<\/style>\n\t<\/div>\n\n\t\n<\/div>\n<div class=\"row\"  id=\"row-544989633\">\n\n\t<div id=\"col-1804582114\" class=\"col small-12 large-12\"  >\n\t\t\t\t<div class=\"col-inner\" style=\"background-color:rgb(204, 43, 82);\" >\n\t\t\t\n\t\t\t\n<p style=\"text-align: center;\"><a href=\"https:\/\/3s0745-my.sharepoint.com\/:f:\/g\/personal\/vancong_3s0745_onmicrosoft_com\/ErqmX_vlnNFDjHjGC8opa6oBjNDVRMcfIFKOpKrMDtFw-w?e=Xcdc3o\" target=\"_blank\" rel=\"noopener\"><span style=\"font-family: helvetica, arial, sans-serif; font-size: 120%; color: #ffffff;\"><strong>Quy \u0111\u1ecbnh v\u1ec1 vi\u1ec7c gi\u1ea3i quy\u1ebft ngh\u1ec9 ph\u00e9p <br \/>\u0111\u1ed1i v\u1edbi qu\u00e2n nh\u00e2n trong L\u1eef \u0111o\u00e0n<br \/><\/strong>(Nh\u1ea5n v\u00e0o \u0111\u00e2y \u0111\u1ec3 xem v\u00e0 t\u1ea3i v\u1ec1 t\u00e0i li\u1ec7u)<\/span><\/a><\/p>\n\t\t<\/div>\n\t\t\t\t\n<style>\n#col-1804582114 > .col-inner {\n  padding: 20px 0px 5px 0px;\n  border-radius: 10px;\n}\n<\/style>\n\t<\/div>\n\n\t\n<\/div>\n","protected":false},"excerpt":{"rendered":"<p>M\u1ed9t s\u1ed1 v\u0103n b\u1ea3n li\u00ean quan \u0111\u1ebfn ch\u1ebf \u0111\u1ed9 ch\u00ednh s\u00e1ch v\u00e0 quy\u1ec1n l\u1ee3i c\u1ee7a qu\u00e2n nh\u00e2n<\/p>\n","protected":false},"author":1,"featured_media":0,"parent":314,"menu_order":0,"comment_status":"closed","ping_status":"closed","template":"","meta":{"footnotes":""},"class_list":["post-322","page","type-page","status-publish","hentry"],"_links":{"self":[{"href":"https:\/\/ludoan125.com\/index.php\/wp-json\/wp\/v2\/pages\/322","targetHints":{"allow":["GET"]}}],"collection":[{"href":"https:\/\/ludoan125.com\/index.php\/wp-json\/wp\/v2\/pages"}],"about":[{"href":"https:\/\/ludoan125.com\/index.php\/wp-json\/wp\/v2\/types\/page"}],"author":[{"embeddable":true,"href":"https:\/\/ludoan125.com\/index.php\/wp-json\/wp\/v2\/users\/1"}],"replies":[{"embeddable":true,"href":"https:\/\/ludoan125.com\/index.php\/wp-json\/wp\/v2\/comments?post=322"}],"version-history":[{"count":29,"href":"https:\/\/ludoan125.com\/index.php\/wp-json\/wp\/v2\/pages\/322\/revisions"}],"predecessor-version":[{"id":1101,"href":"https:\/\/ludoan125.com\/index.php\/wp-json\/wp\/v2\/pages\/322\/revisions\/1101"}],"up":[{"embeddable":true,"href":"https:\/\/ludoan125.com\/index.php\/wp-json\/wp\/v2\/pages\/314"}],"wp:attachment":[{"href":"https:\/\/ludoan125.com\/index.php\/wp-json\/wp\/v2\/media?parent=322"}],"curies":[{"name":"wp","href":"https:\/\/api.w.org\/{rel}","templated":true}]}}