{"id":320,"date":"2024-11-21T15:10:05","date_gmt":"2024-11-21T15:10:05","guid":{"rendered":"https:\/\/ludoan125.com\/?page_id=320"},"modified":"2024-12-04T15:23:59","modified_gmt":"2024-12-04T15:23:59","slug":"2-3-van-ban-quan-triet-ngay-pl-hang-thang","status":"publish","type":"page","link":"https:\/\/ludoan125.com\/index.php\/trang-chu\/giao-duc-chinh-tri\/2-pho-bien-giao-duc-phap-luat\/2-3-van-ban-quan-triet-ngay-pl-hang-thang\/","title":{"rendered":"Ng\u00e0y PL h\u00e0ng th\u00e1ng"},"content":{"rendered":"<p style=\"text-align: center;\"><span style=\"font-size: 150%; color: #0000ff;\"><strong><span style=\"font-family: helvetica, arial, sans-serif;\">Ng\u00e0y Ph\u00e1p lu\u1eadt h\u00e0ng th\u00e1ng<\/span><\/strong><\/span><\/p>\n<div class=\"text-center\"><div class=\"is-divider divider clearfix\" style=\"margin-top:30px;margin-bottom:30px;max-width:200px;background-color:rgb(204, 43, 82);\"><\/div><\/div>\n<div class=\"row\"  id=\"row-236539671\">\n\n\t<div id=\"col-1938485440\" class=\"col small-12 large-12\"  >\n\t\t\t\t<div class=\"col-inner\" style=\"background-color:rgb(204, 43, 82);\" >\n\t\t\t\n\t\t\t\n<p style=\"text-align: center;\"><a href=\"https:\/\/3s0745-my.sharepoint.com\/:f:\/g\/personal\/vancong_3s0745_onmicrosoft_com\/EmRXLkKXYXFEtZBhtQEzpTYBbeglfpm_10hykxs8_J1hFg?e=GgTXS4\" target=\"_blank\" rel=\"noopener\"><span style=\"color: #ffffff;\"><strong><span style=\"font-family: helvetica, arial, sans-serif; font-size: 140%;\">T\u00e0i li\u1ec7u Ng\u00e0y ph\u00e1p lu\u1eadt th\u00e1ng 01<\/span><\/strong><\/span><\/a><br \/><a href=\"_wp_link_placeholder\"><span style=\"color: #ffffff;\"><span style=\"font-family: helvetica, arial, sans-serif; font-size: 140%;\">(Nh\u1ea5n v\u00e0o \u0111\u00e2y \u0111\u1ec3 xem v\u00e0 t\u1ea3i v\u1ec1)<\/span><\/span><\/a><\/p>\n\t\t<\/div>\n\t\t\t\t\n<style>\n#col-1938485440 > .col-inner {\n  padding: 20px 0px 5px 0px;\n  border-radius: 10px;\n}\n<\/style>\n\t<\/div>\n\n\t\n<\/div>\n<div class=\"row\"  id=\"row-587144710\">\n\n\t<div id=\"col-1811998948\" class=\"col small-12 large-12\"  >\n\t\t\t\t<div class=\"col-inner\" style=\"background-color:rgb(120, 32, 110);\" >\n\t\t\t\n\t\t\t\n<p style=\"text-align: center;\"><a href=\"https:\/\/3s0745-my.sharepoint.com\/:f:\/g\/personal\/vancong_3s0745_onmicrosoft_com\/ElSBuDVTOblGtpUz2vYTKpEBYtLXjGSTa9lUj9KqGFvMYg?e=fC5nwS\" target=\"_blank\" rel=\"noopener\"><span style=\"color: #ffffff;\"><strong><span style=\"font-family: helvetica, arial, sans-serif; font-size: 140%;\">T\u00e0i li\u1ec7u Ng\u00e0y ph\u00e1p lu\u1eadt th\u00e1ng 02<\/span><\/strong><\/span><\/a><br \/><a href=\"_wp_link_placeholder\"><span style=\"color: #ffffff;\"><span style=\"font-family: helvetica, arial, sans-serif; font-size: 140%;\">(Nh\u1ea5n v\u00e0o \u0111\u00e2y \u0111\u1ec3 xem v\u00e0 t\u1ea3i v\u1ec1)<\/span><\/span><\/a><\/p>\n\t\t<\/div>\n\t\t\t\t\n<style>\n#col-1811998948 > .col-inner {\n  padding: 20px 0px 5px 0px;\n  border-radius: 10px;\n}\n<\/style>\n\t<\/div>\n\n\t\n<\/div>\n<div class=\"row\"  id=\"row-1494700045\">\n\n\t<div id=\"col-704077992\" class=\"col small-12 large-12\"  >\n\t\t\t\t<div class=\"col-inner\" style=\"background-color:rgb(204, 43, 82);\" >\n\t\t\t\n\t\t\t\n<p style=\"text-align: center;\"><a href=\"https:\/\/3s0745-my.sharepoint.com\/:f:\/g\/personal\/vancong_3s0745_onmicrosoft_com\/EjlddWGqyaVLueFsOcETGSQBQ3ud9-hsMtJfX_bRkXvW7g?e=D1vXFP\" target=\"_blank\" rel=\"noopener\"><span style=\"color: #ffffff;\"><strong><span style=\"font-family: helvetica, arial, sans-serif; font-size: 140%;\">T\u00e0i li\u1ec7u Ng\u00e0y ph\u00e1p lu\u1eadt th\u00e1ng 3<\/span><\/strong><\/span><\/a><br \/><a href=\"_wp_link_placeholder\"><span style=\"color: #ffffff;\"><span style=\"font-family: helvetica, arial, sans-serif; font-size: 140%;\">(Nh\u1ea5n v\u00e0o \u0111\u00e2y \u0111\u1ec3 xem v\u00e0 t\u1ea3i v\u1ec1)<\/span><\/span><\/a><\/p>\n\t\t<\/div>\n\t\t\t\t\n<style>\n#col-704077992 > .col-inner {\n  padding: 20px 0px 5px 0px;\n  border-radius: 10px;\n}\n<\/style>\n\t<\/div>\n\n\t\n<\/div>\n<div class=\"row\"  id=\"row-33234320\">\n\n\t<div id=\"col-1670824302\" class=\"col small-12 large-12\"  >\n\t\t\t\t<div class=\"col-inner\" style=\"background-color:#78206e;\" >\n\t\t\t\n\t\t\t\n<p style=\"text-align: center;\"><a href=\"https:\/\/3s0745-my.sharepoint.com\/:f:\/g\/personal\/vancong_3s0745_onmicrosoft_com\/EgwNJ-8t3JNOo2hLZjnOWtABuNa-LaV_eqCMgqNASJA5Iw?e=2UgkYG\" target=\"_blank\" rel=\"noopener\"><span style=\"color: #ffffff;\"><strong><span style=\"font-family: helvetica, arial, sans-serif; font-size: 140%;\">T\u00e0i li\u1ec7u Ng\u00e0y ph\u00e1p lu\u1eadt th\u00e1ng 4<\/span><\/strong><\/span><\/a><br \/><a href=\"_wp_link_placeholder\"><span style=\"color: #ffffff;\"><span style=\"font-family: helvetica, arial, sans-serif; font-size: 140%;\">(Nh\u1ea5n v\u00e0o \u0111\u00e2y \u0111\u1ec3 xem v\u00e0 t\u1ea3i v\u1ec1)<\/span><\/span><\/a><\/p>\n\t\t<\/div>\n\t\t\t\t\n<style>\n#col-1670824302 > .col-inner {\n  padding: 20px 0px 5px 0px;\n  border-radius: 10px;\n}\n<\/style>\n\t<\/div>\n\n\t\n<\/div>\n<div class=\"row\"  id=\"row-70720216\">\n\n\t<div id=\"col-743196121\" class=\"col small-12 large-12\"  >\n\t\t\t\t<div class=\"col-inner\" style=\"background-color:rgb(204, 43, 82);\" >\n\t\t\t\n\t\t\t\n<p style=\"text-align: center;\"><a href=\"https:\/\/3s0745-my.sharepoint.com\/:f:\/g\/personal\/vancong_3s0745_onmicrosoft_com\/Ev8ey8U_RzRNqbQm9O6mY6YBDtZOFxKcBiuAqrpX0tzlQg?e=RQiL72\" target=\"_blank\" rel=\"noopener\"><span style=\"color: #ffffff;\"><strong><span style=\"font-family: helvetica, arial, sans-serif; font-size: 140%;\">T\u00e0i li\u1ec7u Ng\u00e0y ph\u00e1p lu\u1eadt th\u00e1ng 5<\/span><\/strong><\/span><\/a><br \/><a href=\"_wp_link_placeholder\"><span style=\"color: #ffffff;\"><span style=\"font-family: helvetica, arial, sans-serif; font-size: 140%;\">(Nh\u1ea5n v\u00e0o \u0111\u00e2y \u0111\u1ec3 xem v\u00e0 t\u1ea3i v\u1ec1)<\/span><\/span><\/a><\/p>\n\t\t<\/div>\n\t\t\t\t\n<style>\n#col-743196121 > .col-inner {\n  padding: 20px 0px 5px 0px;\n  border-radius: 10px;\n}\n<\/style>\n\t<\/div>\n\n\t\n<\/div>\n<div class=\"row\"  id=\"row-746111764\">\n\n\t<div id=\"col-996149832\" class=\"col small-12 large-12\"  >\n\t\t\t\t<div class=\"col-inner\" style=\"background-color:#78206e;\" >\n\t\t\t\n\t\t\t\n<p style=\"text-align: center;\"><a href=\"https:\/\/3s0745-my.sharepoint.com\/:f:\/g\/personal\/vancong_3s0745_onmicrosoft_com\/EhoP-eGqOBpKomBF5Hifw4IBPgIw0HdZRWQ6wQKDKyJKRA?e=ad0wpU\" target=\"_blank\" rel=\"noopener\"><span style=\"color: #ffffff;\"><strong><span style=\"font-family: helvetica, arial, sans-serif; font-size: 140%;\">T\u00e0i li\u1ec7u Ng\u00e0y ph\u00e1p lu\u1eadt th\u00e1ng 6<\/span><\/strong><\/span><\/a><br \/><a href=\"_wp_link_placeholder\"><span style=\"color: #ffffff;\"><span style=\"font-family: helvetica, arial, sans-serif; font-size: 140%;\">(Nh\u1ea5n v\u00e0o \u0111\u00e2y \u0111\u1ec3 xem v\u00e0 t\u1ea3i v\u1ec1)<\/span><\/span><\/a><\/p>\n\t\t<\/div>\n\t\t\t\t\n<style>\n#col-996149832 > .col-inner {\n  padding: 20px 0px 5px 0px;\n  border-radius: 10px;\n}\n<\/style>\n\t<\/div>\n\n\t\n<\/div>\n<div class=\"row\"  id=\"row-1251824899\">\n\n\t<div id=\"col-2140445013\" class=\"col small-12 large-12\"  >\n\t\t\t\t<div class=\"col-inner\" style=\"background-color:rgb(204, 43, 82);\" >\n\t\t\t\n\t\t\t\n<p style=\"text-align: center;\"><a href=\"https:\/\/3s0745-my.sharepoint.com\/:f:\/g\/personal\/vancong_3s0745_onmicrosoft_com\/EkP9bGRCltJLvTtmEd88MF4BkHHUrgmgjLtVmm36I49KUQ?e=sAIesc\" target=\"_blank\" rel=\"noopener\"><span style=\"color: #ffffff;\"><strong><span style=\"font-family: helvetica, arial, sans-serif; font-size: 140%;\">T\u00e0i li\u1ec7u Ng\u00e0y ph\u00e1p lu\u1eadt th\u00e1ng 7<\/span><\/strong><\/span><\/a><br \/><a href=\"_wp_link_placeholder\"><span style=\"color: #ffffff;\"><span style=\"font-family: helvetica, arial, sans-serif; font-size: 140%;\">(Nh\u1ea5n v\u00e0o \u0111\u00e2y \u0111\u1ec3 xem v\u00e0 t\u1ea3i v\u1ec1)<\/span><\/span><\/a><\/p>\n\t\t<\/div>\n\t\t\t\t\n<style>\n#col-2140445013 > .col-inner {\n  padding: 20px 0px 5px 0px;\n  border-radius: 10px;\n}\n<\/style>\n\t<\/div>\n\n\t\n<\/div>\n<div class=\"row\"  id=\"row-1757798547\">\n\n\t<div id=\"col-754904966\" class=\"col small-12 large-12\"  >\n\t\t\t\t<div class=\"col-inner\" style=\"background-color:#78206e;\" >\n\t\t\t\n\t\t\t\n<p style=\"text-align: center;\"><a href=\"https:\/\/3s0745-my.sharepoint.com\/:f:\/g\/personal\/vancong_3s0745_onmicrosoft_com\/EgrWfiSaq3BHim-DvnSo55wBWKJMuVNcpjs3bDpwtoNIqw?e=ueGmMB\" target=\"_blank\" rel=\"noopener\"><span style=\"color: #ffffff;\"><strong><span style=\"font-family: helvetica, arial, sans-serif; font-size: 140%;\">T\u00e0i li\u1ec7u Ng\u00e0y ph\u00e1p lu\u1eadt th\u00e1ng 8<\/span><\/strong><\/span><\/a><br \/><a href=\"_wp_link_placeholder\"><span style=\"color: #ffffff;\"><span style=\"font-family: helvetica, arial, sans-serif; font-size: 140%;\">(Nh\u1ea5n v\u00e0o \u0111\u00e2y \u0111\u1ec3 xem v\u00e0 t\u1ea3i v\u1ec1)<\/span><\/span><\/a><\/p>\n\t\t<\/div>\n\t\t\t\t\n<style>\n#col-754904966 > .col-inner {\n  padding: 20px 0px 5px 0px;\n  border-radius: 10px;\n}\n<\/style>\n\t<\/div>\n\n\t\n<\/div>\n<div class=\"row\"  id=\"row-401248164\">\n\n\t<div id=\"col-2033172687\" class=\"col small-12 large-12\"  >\n\t\t\t\t<div class=\"col-inner\" style=\"background-color:rgb(204, 43, 82);\" >\n\t\t\t\n\t\t\t\n<p style=\"text-align: center;\"><a href=\"https:\/\/3s0745-my.sharepoint.com\/:f:\/g\/personal\/vancong_3s0745_onmicrosoft_com\/EgKVT89C2UlFgeVAynClIrMBepPM98eR73CIJqC9ODUR7Q?e=BqeEuI\" target=\"_blank\" rel=\"noopener\"><span style=\"color: #ffffff;\"><strong><span style=\"font-family: helvetica, arial, sans-serif; font-size: 140%;\">T\u00e0i li\u1ec7u Ng\u00e0y ph\u00e1p lu\u1eadt th\u00e1ng 9<\/span><\/strong><\/span><\/a><br \/><a href=\"_wp_link_placeholder\"><span style=\"color: #ffffff;\"><span style=\"font-family: helvetica, arial, sans-serif; font-size: 140%;\">(Nh\u1ea5n v\u00e0o \u0111\u00e2y \u0111\u1ec3 xem v\u00e0 t\u1ea3i v\u1ec1)<\/span><\/span><\/a><\/p>\n\t\t<\/div>\n\t\t\t\t\n<style>\n#col-2033172687 > .col-inner {\n  padding: 20px 0px 5px 0px;\n  border-radius: 10px;\n}\n<\/style>\n\t<\/div>\n\n\t\n<\/div>\n<div class=\"row\"  id=\"row-55619394\">\n\n\t<div id=\"col-465195109\" class=\"col small-12 large-12\"  >\n\t\t\t\t<div class=\"col-inner\" style=\"background-color:#78206e;\" >\n\t\t\t\n\t\t\t\n<p style=\"text-align: center;\"><a href=\"https:\/\/3s0745-my.sharepoint.com\/:f:\/g\/personal\/vancong_3s0745_onmicrosoft_com\/EuVmduuNVvZGhALRvZiv0x8BE9QLa1NWCrQCvqdKBclpgQ?e=RPh5KB\" target=\"_blank\" rel=\"noopener\"><span style=\"color: #ffffff;\"><strong><span style=\"font-family: helvetica, arial, sans-serif; font-size: 140%;\">T\u00e0i li\u1ec7u Ng\u00e0y ph\u00e1p lu\u1eadt th\u00e1ng 10<\/span><\/strong><\/span><\/a><br \/><a href=\"_wp_link_placeholder\"><span style=\"color: #ffffff;\"><span style=\"font-family: helvetica, arial, sans-serif; font-size: 140%;\">(Nh\u1ea5n v\u00e0o \u0111\u00e2y \u0111\u1ec3 xem v\u00e0 t\u1ea3i v\u1ec1)<\/span><\/span><\/a><\/p>\n\t\t<\/div>\n\t\t\t\t\n<style>\n#col-465195109 > .col-inner {\n  padding: 20px 0px 5px 0px;\n  border-radius: 10px;\n}\n<\/style>\n\t<\/div>\n\n\t\n<\/div>\n<div class=\"row\"  id=\"row-856736668\">\n\n\t<div id=\"col-2001651572\" class=\"col small-12 large-12\"  >\n\t\t\t\t<div class=\"col-inner\" style=\"background-color:rgb(204, 43, 82);\" >\n\t\t\t\n\t\t\t\n<p style=\"text-align: center;\"><a href=\"https:\/\/3s0745-my.sharepoint.com\/:f:\/g\/personal\/vancong_3s0745_onmicrosoft_com\/Em0-JbooMwZCoS8Wj9pK3U0Bf1C1IJcwwTAjR79-8bt0bw?e=mCMLh3\" target=\"_blank\" rel=\"noopener\"><span style=\"color: #ffffff;\"><strong><span style=\"font-family: helvetica, arial, sans-serif; font-size: 140%;\">T\u00e0i li\u1ec7u Ng\u00e0y ph\u00e1p lu\u1eadt th\u00e1ng 11<\/span><\/strong><\/span><\/a><br \/><a href=\"_wp_link_placeholder\"><span style=\"color: #ffffff;\"><span style=\"font-family: helvetica, arial, sans-serif; font-size: 140%;\">(Nh\u1ea5n v\u00e0o \u0111\u00e2y \u0111\u1ec3 xem v\u00e0 t\u1ea3i v\u1ec1)<\/span><\/span><\/a><\/p>\n\t\t<\/div>\n\t\t\t\t\n<style>\n#col-2001651572 > .col-inner {\n  padding: 20px 0px 5px 0px;\n  border-radius: 10px;\n}\n<\/style>\n\t<\/div>\n\n\t\n<\/div>\n<div class=\"row\"  id=\"row-1340374801\">\n\n\t<div id=\"col-396052002\" class=\"col small-12 large-12\"  >\n\t\t\t\t<div class=\"col-inner\" style=\"background-color:#78206e;\" >\n\t\t\t\n\t\t\t\n<p style=\"text-align: center;\"><a href=\"https:\/\/3s0745-my.sharepoint.com\/:f:\/g\/personal\/vancong_3s0745_onmicrosoft_com\/EprQ8g5_sw5NsAzat3BYDP8BfL_vaCxlIpQvLPRtcLUorQ?e=Ug27yG\" target=\"_blank\" rel=\"noopener\"><span style=\"color: #ffffff;\"><strong><span style=\"font-family: helvetica, arial, sans-serif; font-size: 140%;\">T\u00e0i li\u1ec7u Ng\u00e0y ph\u00e1p lu\u1eadt th\u00e1ng 12<\/span><\/strong><\/span><\/a><br \/><a href=\"_wp_link_placeholder\"><span style=\"color: #ffffff;\"><span style=\"font-family: helvetica, arial, sans-serif; font-size: 140%;\">(Nh\u1ea5n v\u00e0o \u0111\u00e2y \u0111\u1ec3 xem v\u00e0 t\u1ea3i v\u1ec1)<\/span><\/span><\/a><\/p>\n\t\t<\/div>\n\t\t\t\t\n<style>\n#col-396052002 > .col-inner {\n  padding: 20px 0px 5px 0px;\n  border-radius: 10px;\n}\n<\/style>\n\t<\/div>\n\n\t\n<\/div>\n","protected":false},"excerpt":{"rendered":"<p>Ng\u00e0y Ph\u00e1p lu\u1eadt h\u00e0ng th\u00e1ng<\/p>\n","protected":false},"author":1,"featured_media":0,"parent":314,"menu_order":0,"comment_status":"closed","ping_status":"closed","template":"","meta":{"footnotes":""},"class_list":["post-320","page","type-page","status-publish","hentry"],"_links":{"self":[{"href":"https:\/\/ludoan125.com\/index.php\/wp-json\/wp\/v2\/pages\/320","targetHints":{"allow":["GET"]}}],"collection":[{"href":"https:\/\/ludoan125.com\/index.php\/wp-json\/wp\/v2\/pages"}],"about":[{"href":"https:\/\/ludoan125.com\/index.php\/wp-json\/wp\/v2\/types\/page"}],"author":[{"embeddable":true,"href":"https:\/\/ludoan125.com\/index.php\/wp-json\/wp\/v2\/users\/1"}],"replies":[{"embeddable":true,"href":"https:\/\/ludoan125.com\/index.php\/wp-json\/wp\/v2\/comments?post=320"}],"version-history":[{"count":32,"href":"https:\/\/ludoan125.com\/index.php\/wp-json\/wp\/v2\/pages\/320\/revisions"}],"predecessor-version":[{"id":1114,"href":"https:\/\/ludoan125.com\/index.php\/wp-json\/wp\/v2\/pages\/320\/revisions\/1114"}],"up":[{"embeddable":true,"href":"https:\/\/ludoan125.com\/index.php\/wp-json\/wp\/v2\/pages\/314"}],"wp:attachment":[{"href":"https:\/\/ludoan125.com\/index.php\/wp-json\/wp\/v2\/media?parent=320"}],"curies":[{"name":"wp","href":"https:\/\/api.w.org\/{rel}","templated":true}]}}