{"id":318,"date":"2024-11-21T15:09:40","date_gmt":"2024-11-21T15:09:40","guid":{"rendered":"https:\/\/ludoan125.com\/?page_id=318"},"modified":"2024-12-04T14:46:18","modified_gmt":"2024-12-04T14:46:18","slug":"2-2-luat-sq-qncn-nvqs-sqdb","status":"publish","type":"page","link":"https:\/\/ludoan125.com\/index.php\/trang-chu\/giao-duc-chinh-tri\/2-pho-bien-giao-duc-phap-luat\/2-2-luat-sq-qncn-nvqs-sqdb\/","title":{"rendered":"M\u1ed7i tu\u1ea7n 1 \u0111i\u1ec1u lu\u1eadt"},"content":{"rendered":"<p style=\"text-align: center;\"><span style=\"font-size: 150%; color: #0000ff;\"><strong><span style=\"font-family: helvetica, arial, sans-serif;\">M\u1ed7i tu\u1ea7n m\u1ed9t \u0111i\u1ec1u lu\u1eadt<\/span><\/strong><\/span><\/p>\n<div class=\"text-center\"><div class=\"is-divider divider clearfix\" style=\"margin-top:30px;margin-bottom:30px;max-width:200px;background-color:rgb(204, 43, 82);\"><\/div><\/div>\n<p style=\"text-align: center;\"><span style=\"color: #0000ff; font-family: helvetica, arial, sans-serif; font-size: 100%;\">M\u00f4 h\u00ecnh \u201cM\u1ed7i tu\u1ea7n h\u1ecdc m\u1ed9t \u0111i\u1ec1u lu\u1eadt\u201d<\/span><br \/><span style=\"color: #0000ff; font-family: helvetica, arial, sans-serif; font-size: 100%;\">(N\u1ed9i dung th\u1eed nghi\u1ec7m)<\/span><br \/><span style=\"color: #0000ff; font-family: helvetica, arial, sans-serif; font-size: 100%;\">LU\u1eacT H\u00d4N NH\u00c2N V\u00c0 GIA \u0110\u00ccNH N\u0102M 2014<\/span><br \/><span style=\"color: #0000ff; font-family: helvetica, arial, sans-serif; font-size: 100%;\">\u0110i\u1ec1u 33. T\u00e0i s\u1ea3n chung c\u1ee7a v\u1ee3 ch\u1ed3ng<\/span><\/p>\n<p style=\"text-align: justify;\"><span style=\"color: #000000; font-family: helvetica, arial, sans-serif; font-size: 100%;\">1. T\u00e0i s\u1ea3n chung c\u1ee7a v\u1ee3 ch\u1ed3ng g\u1ed3m t\u00e0i s\u1ea3n do v\u1ee3, ch\u1ed3ng t\u1ea1o ra, thu nh\u1eadp do lao \u0111\u1ed9ng, ho\u1ea1t \u0111\u1ed9ng s\u1ea3n xu\u1ea5t, kinh doanh, hoa l\u1ee3i, l\u1ee3i t\u1ee9c ph\u00e1t sinh t\u1eeb t\u00e0i s\u1ea3n ri\u00eang v\u00e0 thu nh\u1eadp h\u1ee3p ph\u00e1p kh\u00e1c trong th\u1eddi k\u1ef3 h\u00f4n nh\u00e2n, tr\u1eeb tr\u01b0\u1eddng h\u1ee3p \u0111\u01b0\u1ee3c quy \u0111\u1ecbnh t\u1ea1i kho\u1ea3n 1 \u0110i\u1ec1u 40 c\u1ee7a Lu\u1eadt n\u00e0y; t\u00e0i s\u1ea3n m\u00e0 v\u1ee3 ch\u1ed3ng \u0111\u01b0\u1ee3c th\u1eeba k\u1ebf chung ho\u1eb7c \u0111\u01b0\u1ee3c t\u1eb7ng cho chung v\u00e0 t\u00e0i s\u1ea3n kh\u00e1c m\u00e0 v\u1ee3 ch\u1ed3ng th\u1ecfa thu\u1eadn l\u00e0 t\u00e0i s\u1ea3n chung.<\/span><br \/><span style=\"color: #000000; font-family: helvetica, arial, sans-serif; font-size: 100%;\">2. Quy\u1ec1n s\u1eed d\u1ee5ng \u0111\u1ea5t m\u00e0 v\u1ee3, ch\u1ed3ng c\u00f3 \u0111\u01b0\u1ee3c sau khi k\u1ebft h\u00f4n l\u00e0 t\u00e0i s\u1ea3n chung c\u1ee7a v\u1ee3 ch\u1ed3ng, tr\u1eeb tr\u01b0\u1eddng h\u1ee3p v\u1ee3 ho\u1eb7c ch\u1ed3ng \u0111\u01b0\u1ee3c th\u1eeba k\u1ebf ri\u00eang, \u0111\u01b0\u1ee3c t\u1eb7ng cho ri\u00eang ho\u1eb7c c\u00f3 \u0111\u01b0\u1ee3c th\u00f4ng qua giao d\u1ecbch b\u1eb1ng t\u00e0i s\u1ea3n ri\u00eang.<\/span><br \/><span style=\"color: #000000; font-family: helvetica, arial, sans-serif; font-size: 100%;\">3. T\u00e0i s\u1ea3n chung c\u1ee7a v\u1ee3 ch\u1ed3ng thu\u1ed9c s\u1edf h\u1eefu chung h\u1ee3p nh\u1ea5t, \u0111\u01b0\u1ee3c d\u00f9ng \u0111\u1ec3 b\u1ea3o \u0111\u1ea3m nhu c\u1ea7u c\u1ee7a gia \u0111\u00ecnh, th\u1ef1c hi\u1ec7n ngh\u0129a v\u1ee5 chung c\u1ee7a v\u1ee3 ch\u1ed3ng. Trong tr\u01b0\u1eddng h\u1ee3p kh\u00f4ng c\u00f3 c\u0103n c\u1ee9 \u0111\u1ec3 ch\u1ee9ng minh t\u00e0i s\u1ea3n m\u00e0 v\u1ee3, ch\u1ed3ng \u0111ang c\u00f3 tranh ch\u1ea5p l\u00e0 t\u00e0i s\u1ea3n ri\u00eang c\u1ee7a m\u1ed7i b\u00ean th\u00ec t\u00e0i s\u1ea3n \u0111\u00f3 \u0111\u01b0\u1ee3c coi l\u00e0 t\u00e0i s\u1ea3n chung.\/.<\/span><\/p>\n","protected":false},"excerpt":{"rendered":"<p>M\u1ed7i tu\u1ea7n m\u1ed9t \u0111i\u1ec1u lu\u1eadt M\u00f4 h\u00ecnh \u201cM\u1ed7i tu\u1ea7n h\u1ecdc m\u1ed9t \u0111i\u1ec1u lu\u1eadt\u201d(N\u1ed9i dung th\u1eed nghi\u1ec7m)LU\u1eacT H\u00d4N NH\u00c2N V\u00c0 GIA \u0110\u00ccNH N\u0102M 2014\u0110i\u1ec1u 33. T\u00e0i s\u1ea3n chung c\u1ee7a v\u1ee3 ch\u1ed3ng 1. T\u00e0i s\u1ea3n chung c\u1ee7a v\u1ee3 ch\u1ed3ng g\u1ed3m t\u00e0i s\u1ea3n do v\u1ee3, ch\u1ed3ng t\u1ea1o ra, thu nh\u1eadp do lao \u0111\u1ed9ng, ho\u1ea1t \u0111\u1ed9ng s\u1ea3n xu\u1ea5t, kinh [&#8230;]\n","protected":false},"author":1,"featured_media":0,"parent":314,"menu_order":0,"comment_status":"closed","ping_status":"closed","template":"","meta":{"footnotes":""},"class_list":["post-318","page","type-page","status-publish","hentry"],"_links":{"self":[{"href":"https:\/\/ludoan125.com\/index.php\/wp-json\/wp\/v2\/pages\/318","targetHints":{"allow":["GET"]}}],"collection":[{"href":"https:\/\/ludoan125.com\/index.php\/wp-json\/wp\/v2\/pages"}],"about":[{"href":"https:\/\/ludoan125.com\/index.php\/wp-json\/wp\/v2\/types\/page"}],"author":[{"embeddable":true,"href":"https:\/\/ludoan125.com\/index.php\/wp-json\/wp\/v2\/users\/1"}],"replies":[{"embeddable":true,"href":"https:\/\/ludoan125.com\/index.php\/wp-json\/wp\/v2\/comments?post=318"}],"version-history":[{"count":13,"href":"https:\/\/ludoan125.com\/index.php\/wp-json\/wp\/v2\/pages\/318\/revisions"}],"predecessor-version":[{"id":1078,"href":"https:\/\/ludoan125.com\/index.php\/wp-json\/wp\/v2\/pages\/318\/revisions\/1078"}],"up":[{"embeddable":true,"href":"https:\/\/ludoan125.com\/index.php\/wp-json\/wp\/v2\/pages\/314"}],"wp:attachment":[{"href":"https:\/\/ludoan125.com\/index.php\/wp-json\/wp\/v2\/media?parent=318"}],"curies":[{"name":"wp","href":"https:\/\/api.w.org\/{rel}","templated":true}]}}