{"id":316,"date":"2024-11-21T15:09:09","date_gmt":"2024-11-21T15:09:09","guid":{"rendered":"https:\/\/ludoan125.com\/?page_id=316"},"modified":"2024-12-04T15:14:08","modified_gmt":"2024-12-04T15:14:08","slug":"2-1-tai-lieu-pbgdpl-nam-2024","status":"publish","type":"page","link":"https:\/\/ludoan125.com\/index.php\/trang-chu\/giao-duc-chinh-tri\/2-pho-bien-giao-duc-phap-luat\/2-1-tai-lieu-pbgdpl-nam-2024\/","title":{"rendered":"T\u00e0i li\u1ec7u PBGDPL"},"content":{"rendered":"<p style=\"text-align: center;\"><span style=\"font-size: 150%; color: #0000ff;\"><strong><span style=\"font-family: helvetica, arial, sans-serif;\">T\u00e0i li\u1ec7u PBGDPL<\/span><\/strong><\/span><\/p>\n<div class=\"text-center\"><div class=\"is-divider divider clearfix\" style=\"margin-top:30px;margin-bottom:30px;max-width:200px;background-color:rgb(204, 43, 82);\"><\/div><\/div>\n<div class=\"row\"  id=\"row-2017057740\">\n\n\t<div id=\"col-982009481\" class=\"col small-12 large-12\"  >\n\t\t\t\t<div class=\"col-inner\" style=\"background-color:#cc2b52;\" >\n\t\t\t\n\t\t\t\n<p style=\"text-align: center;\"><a href=\"https:\/\/3s0745-my.sharepoint.com\/:f:\/g\/personal\/vancong_3s0745_onmicrosoft_com\/EvP6ZTm2hfhBnadBos8LqGoBsTZB6MrbF1YMKBuaxznEqw?e=xRvRYK\" target=\"_blank\" rel=\"noopener\"><span style=\"font-family: helvetica, arial, sans-serif; font-size: 140%; color: #ffffff;\"><strong>T\u00e0i li\u1ec7u PBGDPL n\u0103m 2024<br \/><\/strong>(Nh\u1ea5n v\u00e0o \u0111\u00e2y \u0111\u1ec3 xem v\u00e0 t\u1ea3i v\u1ec1)<\/span><\/a><\/p>\n\t\t<\/div>\n\t\t\t\t\n<style>\n#col-982009481 > .col-inner {\n  padding: 20px 0px 5px 0px;\n  border-radius: 10px;\n}\n<\/style>\n\t<\/div>\n\n\t\n<\/div>\n<div class=\"row\"  id=\"row-1340163769\">\n\n\t<div id=\"col-1713731195\" class=\"col small-12 large-12\"  >\n\t\t\t\t<div class=\"col-inner\" style=\"background-color:#cc2b52;\" >\n\t\t\t\n\t\t\t\n<p style=\"text-align: center;\"><span style=\"font-size: 140%;\"><a href=\"https:\/\/thuvienphapluat.vn\/van-ban\/Bo-may-hanh-chinh\/Luat-si-quan-Quan-doi-nhan-dan-Viet-Nam-sua-doi-2014-260647.aspx\" target=\"_blank\" rel=\"noopener\" data-wplink-edit=\"true\"><span style=\"font-family: helvetica, arial, sans-serif; color: #ffffff;\"><strong>Lu\u1eadt SQQ\u0110NDVN n\u0103m 2014<\/strong><\/span><\/a><\/span><\/p>\n\t\t<\/div>\n\t\t\t\t\n<style>\n#col-1713731195 > .col-inner {\n  padding: 20px 0px 5px 0px;\n  border-radius: 10px;\n}\n<\/style>\n\t<\/div>\n\n\t\n<\/div>\n<div class=\"row\"  id=\"row-1542272955\">\n\n\t<div id=\"col-1639055066\" class=\"col small-12 large-12\"  >\n\t\t\t\t<div class=\"col-inner\" style=\"background-color:#cc2b52;\" >\n\t\t\t\n\t\t\t\n<p style=\"text-align: center;\"><span style=\"font-size: 140%;\"><a href=\"https:\/\/thuvienphapluat.vn\/van-ban\/Bo-may-hanh-chinh\/Luat-quan-nhan-chuyen-nghiep-cong-nhan-vien-chuc-quoc-phong-2015-298377.aspx\" target=\"_blank\" rel=\"noopener\"><span style=\"font-family: helvetica, arial, sans-serif; color: #ffffff;\"><strong>Lu\u1eadt QNCN n\u0103m 2015<\/strong><\/span><\/a><\/span><\/p>\n\t\t<\/div>\n\t\t\t\t\n<style>\n#col-1639055066 > .col-inner {\n  padding: 20px 0px 5px 0px;\n  border-radius: 10px;\n}\n<\/style>\n\t<\/div>\n\n\t\n<\/div>\n<div class=\"row\"  id=\"row-1769021767\">\n\n\t<div id=\"col-1793588744\" class=\"col small-12 large-12\"  >\n\t\t\t\t<div class=\"col-inner\" style=\"background-color:#cc2b52;\" >\n\t\t\t\n\t\t\t\n<p style=\"text-align: center;\"><span style=\"font-size: 140%;\"><a href=\"https:\/\/thuvienphapluat.vn\/van-ban\/Bo-may-hanh-chinh\/Nghi-dinh-78-2020-ND-CP-si-quan-du-bi-Quan-doi-nhan-dan-Viet-Nam-446808.aspx\" target=\"_blank\" rel=\"noopener\" data-wplink-edit=\"true\"><span style=\"font-family: helvetica, arial, sans-serif; color: #ffffff;\"><strong>Ngh\u1ecb \u0111\u1ecbnh v\u1ec1 s\u0129 quan d\u1ef1 b\u1ecb<\/strong><\/span><\/a><\/span><\/p>\n\t\t<\/div>\n\t\t\t\t\n<style>\n#col-1793588744 > .col-inner {\n  padding: 20px 0px 5px 0px;\n  border-radius: 10px;\n}\n<\/style>\n\t<\/div>\n\n\t\n<\/div>\n","protected":false},"excerpt":{"rendered":"<p>T\u00e0i li\u1ec7u PBGDPL<\/p>\n","protected":false},"author":1,"featured_media":0,"parent":314,"menu_order":0,"comment_status":"closed","ping_status":"closed","template":"","meta":{"footnotes":""},"class_list":["post-316","page","type-page","status-publish","hentry"],"_links":{"self":[{"href":"https:\/\/ludoan125.com\/index.php\/wp-json\/wp\/v2\/pages\/316","targetHints":{"allow":["GET"]}}],"collection":[{"href":"https:\/\/ludoan125.com\/index.php\/wp-json\/wp\/v2\/pages"}],"about":[{"href":"https:\/\/ludoan125.com\/index.php\/wp-json\/wp\/v2\/types\/page"}],"author":[{"embeddable":true,"href":"https:\/\/ludoan125.com\/index.php\/wp-json\/wp\/v2\/users\/1"}],"replies":[{"embeddable":true,"href":"https:\/\/ludoan125.com\/index.php\/wp-json\/wp\/v2\/comments?post=316"}],"version-history":[{"count":14,"href":"https:\/\/ludoan125.com\/index.php\/wp-json\/wp\/v2\/pages\/316\/revisions"}],"predecessor-version":[{"id":1102,"href":"https:\/\/ludoan125.com\/index.php\/wp-json\/wp\/v2\/pages\/316\/revisions\/1102"}],"up":[{"embeddable":true,"href":"https:\/\/ludoan125.com\/index.php\/wp-json\/wp\/v2\/pages\/314"}],"wp:attachment":[{"href":"https:\/\/ludoan125.com\/index.php\/wp-json\/wp\/v2\/media?parent=316"}],"curies":[{"name":"wp","href":"https:\/\/api.w.org\/{rel}","templated":true}]}}