{"id":314,"date":"2024-11-21T15:08:34","date_gmt":"2024-11-21T15:08:34","guid":{"rendered":"https:\/\/ludoan125.com\/?page_id=314"},"modified":"2024-12-08T10:25:45","modified_gmt":"2024-12-08T10:25:45","slug":"2-pho-bien-giao-duc-phap-luat","status":"publish","type":"page","link":"https:\/\/ludoan125.com\/index.php\/trang-chu\/giao-duc-chinh-tri\/2-pho-bien-giao-duc-phap-luat\/","title":{"rendered":"2. Ph\u1ed5 bi\u1ebfn gi\u00e1o d\u1ee5c ph\u00e1p lu\u1eadt"},"content":{"rendered":"<p style=\"text-align: center;\"><span style=\"font-family: helvetica, arial, sans-serif; font-size: 140%; color: #0000ff;\"><strong>Ph\u1ed5 bi\u1ebfn gi\u00e1o d\u1ee5c ph\u00e1p lu\u1eadt<\/strong><\/span><\/p>\n<div class=\"text-center\"><div class=\"is-divider divider clearfix\" style=\"margin-top:30px;margin-bottom:30px;max-width:200px;background-color:rgb(204, 43, 82);\"><\/div><\/div>\n<div class=\"row\"  id=\"row-286051439\">\n\n\t<div id=\"col-351987902\" class=\"col small-12 large-12\"  >\n\t\t\t\t<div class=\"col-inner\"  >\n\t\t\t\n\t\t\t\n<p style=\"text-align: center;\"><a href=\"https:\/\/ludoan125.com\/index.php\/trang-chu\/giao-duc-chinh-tri\/2-pho-bien-giao-duc-phap-luat\/2-1-tai-lieu-pbgdpl-nam-2024\/\"><span style=\"font-size: 150%;\"><strong><span style=\"font-family: helvetica, arial, sans-serif; color: #ffffff;\">T\u00e0i li\u1ec7u PBGDPL<\/span><\/strong><\/span><\/a><\/p>\n\t\t<\/div>\n\t\t\t\t\n<style>\n#col-351987902 > .col-inner {\n  padding: 20px 0px 5px 0px;\n  border-radius: 10px;\n}\n<\/style>\n\t<\/div>\n\n\t\n\n<style>\n#row-286051439 > .col > .col-inner {\n  background-color: rgb(175, 23, 64);\n}\n<\/style>\n<\/div>\n<div class=\"row\"  id=\"row-294300309\">\n\n\t<div id=\"col-1817634609\" class=\"col small-12 large-12\"  >\n\t\t\t\t<div class=\"col-inner\" style=\"background-color:rgb(120, 32, 110);\" >\n\t\t\t\n\t\t\t\n<p style=\"text-align: center;\"><a href=\"https:\/\/ludoan125.com\/index.php\/trang-chu\/giao-duc-chinh-tri\/2-pho-bien-giao-duc-phap-luat\/2-2-luat-sq-qncn-nvqs-sqdb\/\"><span style=\"font-size: 150%; color: #ffffff;\"><strong><span style=\"font-family: helvetica, arial, sans-serif;\">M\u1ed7i tu\u1ea7n m\u1ed9t \u0111i\u1ec1u lu\u1eadt<\/span><\/strong><\/span><\/a><\/p>\n\t\t<\/div>\n\t\t\t\t\n<style>\n#col-1817634609 > .col-inner {\n  padding: 20px 0px 5px 0px;\n  border-radius: 10px;\n}\n<\/style>\n\t<\/div>\n\n\t\n\n<style>\n#row-294300309 > .col > .col-inner {\n  background-color: rgb(175, 23, 64);\n}\n<\/style>\n<\/div>\n<div class=\"row\"  id=\"row-898670191\">\n\n\t<div id=\"col-892809738\" class=\"col small-12 large-12\"  >\n\t\t\t\t<div class=\"col-inner\"  >\n\t\t\t\n\t\t\t\n<p style=\"text-align: center;\"><a href=\"https:\/\/ludoan125.com\/index.php\/trang-chu\/giao-duc-chinh-tri\/2-pho-bien-giao-duc-phap-luat\/2-3-van-ban-quan-triet-ngay-pl-hang-thang\/\"><span style=\"font-size: 150%; color: #ffffff;\"><strong><span style=\"font-family: helvetica, arial, sans-serif;\">Ng\u00e0y Ph\u00e1p lu\u1eadt h\u00e0ng th\u00e1ng<\/span><\/strong><\/span><\/a><\/p>\n\t\t<\/div>\n\t\t\t\t\n<style>\n#col-892809738 > .col-inner {\n  padding: 20px 0px 5px 0px;\n  border-radius: 10px;\n}\n<\/style>\n\t<\/div>\n\n\t\n\n<style>\n#row-898670191 > .col > .col-inner {\n  background-color: rgb(175, 23, 64);\n}\n<\/style>\n<\/div>\n<div class=\"row\"  id=\"row-1781198203\">\n\n\t<div id=\"col-1953350390\" class=\"col small-12 large-12\"  >\n\t\t\t\t<div class=\"col-inner\" style=\"background-color:#78206e;\" >\n\t\t\t\n\t\t\t\n<p style=\"text-align: center;\"><a href=\"https:\/\/ludoan125.com\/index.php\/trang-chu\/giao-duc-chinh-tri\/2-pho-bien-giao-duc-phap-luat\/2-4-mot-so-van-ban-lien-quan-den-che-do-chinh-sach-va-quyen-loi-cua-quan-nhan\/\"><span style=\"font-family: helvetica, arial, sans-serif; font-size: 115%; color: #ffffff;\"><strong>M\u1ed9t s\u1ed1 v\u0103n b\u1ea3n li\u00ean quan \u0111\u1ebfn ch\u1ebf \u0111\u1ed9 ch\u00ednh s\u00e1ch v\u00e0 quy\u1ec1n l\u1ee3i c\u1ee7a qu\u00e2n nh\u00e2n<\/strong><\/span><\/a><\/p>\n\t\t<\/div>\n\t\t\t\t\n<style>\n#col-1953350390 > .col-inner {\n  padding: 20px 0px 5px 0px;\n  border-radius: 10px;\n}\n<\/style>\n\t<\/div>\n\n\t\n\n<style>\n#row-1781198203 > .col > .col-inner {\n  background-color: rgb(175, 23, 64);\n}\n<\/style>\n<\/div>\n","protected":false},"excerpt":{"rendered":"<p>Ph\u1ed5 bi\u1ebfn gi\u00e1o d\u1ee5c ph\u00e1p lu\u1eadt<\/p>\n","protected":false},"author":1,"featured_media":0,"parent":106,"menu_order":0,"comment_status":"closed","ping_status":"closed","template":"","meta":{"footnotes":""},"class_list":["post-314","page","type-page","status-publish","hentry"],"_links":{"self":[{"href":"https:\/\/ludoan125.com\/index.php\/wp-json\/wp\/v2\/pages\/314","targetHints":{"allow":["GET"]}}],"collection":[{"href":"https:\/\/ludoan125.com\/index.php\/wp-json\/wp\/v2\/pages"}],"about":[{"href":"https:\/\/ludoan125.com\/index.php\/wp-json\/wp\/v2\/types\/page"}],"author":[{"embeddable":true,"href":"https:\/\/ludoan125.com\/index.php\/wp-json\/wp\/v2\/users\/1"}],"replies":[{"embeddable":true,"href":"https:\/\/ludoan125.com\/index.php\/wp-json\/wp\/v2\/comments?post=314"}],"version-history":[{"count":18,"href":"https:\/\/ludoan125.com\/index.php\/wp-json\/wp\/v2\/pages\/314\/revisions"}],"predecessor-version":[{"id":1299,"href":"https:\/\/ludoan125.com\/index.php\/wp-json\/wp\/v2\/pages\/314\/revisions\/1299"}],"up":[{"embeddable":true,"href":"https:\/\/ludoan125.com\/index.php\/wp-json\/wp\/v2\/pages\/106"}],"wp:attachment":[{"href":"https:\/\/ludoan125.com\/index.php\/wp-json\/wp\/v2\/media?parent=314"}],"curies":[{"name":"wp","href":"https:\/\/api.w.org\/{rel}","templated":true}]}}