{"id":308,"date":"2024-11-21T15:06:38","date_gmt":"2024-11-21T15:06:38","guid":{"rendered":"https:\/\/ludoan125.com\/?page_id=308"},"modified":"2024-12-30T16:28:53","modified_gmt":"2024-12-30T16:28:53","slug":"1-3-tai-lieu-sinh-hoat-chinh-tri-tu-tuong","status":"publish","type":"page","link":"https:\/\/ludoan125.com\/index.php\/trang-chu\/giao-duc-chinh-tri\/1-giao-duc-chinh-tri\/1-3-tai-lieu-sinh-hoat-chinh-tri-tu-tuong\/","title":{"rendered":"1.3. T\u00e0i li\u1ec7u sinh ho\u1ea1t ch\u00ednh tr\u1ecb t\u01b0 t\u01b0\u1edfng"},"content":{"rendered":"<p style=\"text-align: center;\"><span style=\"font-family: helvetica, arial, sans-serif; font-size: 150%; color: #0000ff;\"><strong>T\u00e0i li\u1ec7u sinh ho\u1ea1t CTTT<\/strong><\/span><\/p>\n<div class=\"text-center\"><div class=\"is-divider divider clearfix\" style=\"margin-top:30px;margin-bottom:30px;max-width:200px;background-color:rgb(204, 43, 82);\"><\/div><\/div>\n<div class=\"row\"  id=\"row-866770001\">\n\n\t<div id=\"col-1152944220\" class=\"col small-12 large-12\"  >\n\t\t\t\t<div class=\"col-inner\" style=\"background-color:rgb(231, 64, 56);\" >\n\t\t\t\n\t\t\t\n<p style=\"text-align: center;\"><a href=\"https:\/\/3s0745-my.sharepoint.com\/:f:\/g\/personal\/vancong_3s0745_onmicrosoft_com\/Eh7T60W3YmJFmuU5mqqi6jUBym4Bnl5BJ8fPaEW4vbdnzg?e=H0WjGe\" target=\"_blank\" rel=\"noopener\"><span style=\"font-family: helvetica, arial, sans-serif; font-size: 140%; color: #ffffff;\"><strong>T\u00e0i li\u1ec7u sinh ho\u1ea1t CTTT <br \/><\/strong>N\u1ed9i dung: &#8220;C\u00e2y tre Vi\u1ec7t Nam&#8221;<strong><br \/><\/strong>(Nh\u1ea5n v\u00e0o \u0111\u00e2y \u0111\u1ec3 xem v\u00e0 t\u1ea3i v\u1ec1)<\/span><\/a><\/p>\n\t\t<\/div>\n\t\t\t\t\n<style>\n#col-1152944220 > .col-inner {\n  padding: 20px 0px 5px 0px;\n  border-radius: 10px;\n}\n<\/style>\n\t<\/div>\n\n\t\n<\/div>\n<div class=\"row\"  id=\"row-2066523875\">\n\n\t<div id=\"col-963322611\" class=\"col small-12 large-12\"  >\n\t\t\t\t<div class=\"col-inner\" style=\"background-color:rgb(120, 32, 110);\" >\n\t\t\t\n\t\t\t\n<p style=\"text-align: center;\"><a href=\"https:\/\/3s0745-my.sharepoint.com\/:f:\/g\/personal\/vancong_3s0745_onmicrosoft_com\/Eox61OClUOJMvEk-sFOSAb0BKyhLIVac8y9Bxv6ClW2rSg?e=402Qix\" target=\"_blank\" rel=\"noopener\"><span style=\"font-family: helvetica, arial, sans-serif; font-size: 140%; color: #ffffff;\"><strong>T\u00e0i li\u1ec7u sinh ho\u1ea1t CTTT <br \/><\/strong>N\u1ed9i dung: &#8220;Gia \u0111\u00ecnh \u0111\u1ed3ng \u0111\u1ed9i&#8221;<strong><br \/><\/strong>(Nh\u1ea5n v\u00e0o \u0111\u00e2y \u0111\u1ec3 xem v\u00e0 t\u1ea3i v\u1ec1)<\/span><\/a><\/p>\n\t\t<\/div>\n\t\t\t\t\n<style>\n#col-963322611 > .col-inner {\n  padding: 20px 0px 5px 0px;\n  border-radius: 10px;\n}\n<\/style>\n\t<\/div>\n\n\t\n\n<style>\n#row-2066523875 > .col > .col-inner {\n  background-color: rgb(120, 32, 110);\n}\n<\/style>\n<\/div>\n<div class=\"row\"  id=\"row-753977573\">\n\n\t<div id=\"col-1799715313\" class=\"col small-12 large-12\"  >\n\t\t\t\t<div class=\"col-inner\" style=\"background-color:#181b1f;\" >\n\t\t\t\n\t\t\t\n<p style=\"text-align: center;\"><span style=\"font-size: 130%; color: #ffffff;\"><a style=\"color: #ffffff;\" href=\"https:\/\/3s0745-my.sharepoint.com\/:f:\/g\/personal\/vancong_3s0745_onmicrosoft_com\/Es_MS60QN6hLna--Nr2e8QIB5Wl_FyzGELKdaWkt4bnORw?e=MfwdFh\" target=\"_blank\" rel=\"noopener\"><span style=\"font-family: helvetica, arial, sans-serif;\"><strong>T\u00e0i li\u1ec7u sinh ho\u1ea1t CTTT <br \/><\/strong>N\u1ed9i dung: &#8220;Cu\u1ed1n s\u00e1ch c\u1ee7a TBT Nguy\u1ec5n Ph\u00fa Tr\u1ecdng<\/span><\/a><a style=\"color: #ffffff;\" href=\"https:\/\/3s0745-my.sharepoint.com\/:f:\/g\/personal\/vancong_3s0745_onmicrosoft_com\/Es_MS60QN6hLna--Nr2e8QIB5Wl_FyzGELKdaWkt4bnORw?e=MfwdFh\" target=\"_blank\" rel=\"noopener\"><span style=\"font-family: helvetica, arial, sans-serif;\">&#8220;<strong><br \/><\/strong>(Nh\u1ea5n v\u00e0o \u0111\u00e2y \u0111\u1ec3 xem v\u00e0 t\u1ea3i v\u1ec1)<\/span><\/a><\/span><\/p>\n\t\t<\/div>\n\t\t\t\t\n<style>\n#col-1799715313 > .col-inner {\n  padding: 20px 0px 5px 0px;\n  border-radius: 10px;\n}\n<\/style>\n\t<\/div>\n\n\t\n\n<style>\n#row-753977573 > .col > .col-inner {\n  background-color: #181b1f;\n}\n<\/style>\n<\/div>\n","protected":false},"excerpt":{"rendered":"<p>T\u00e0i li\u1ec7u sinh ho\u1ea1t CTTT<\/p>\n","protected":false},"author":1,"featured_media":0,"parent":183,"menu_order":0,"comment_status":"closed","ping_status":"closed","template":"","meta":{"footnotes":""},"class_list":["post-308","page","type-page","status-publish","hentry"],"_links":{"self":[{"href":"https:\/\/ludoan125.com\/index.php\/wp-json\/wp\/v2\/pages\/308","targetHints":{"allow":["GET"]}}],"collection":[{"href":"https:\/\/ludoan125.com\/index.php\/wp-json\/wp\/v2\/pages"}],"about":[{"href":"https:\/\/ludoan125.com\/index.php\/wp-json\/wp\/v2\/types\/page"}],"author":[{"embeddable":true,"href":"https:\/\/ludoan125.com\/index.php\/wp-json\/wp\/v2\/users\/1"}],"replies":[{"embeddable":true,"href":"https:\/\/ludoan125.com\/index.php\/wp-json\/wp\/v2\/comments?post=308"}],"version-history":[{"count":22,"href":"https:\/\/ludoan125.com\/index.php\/wp-json\/wp\/v2\/pages\/308\/revisions"}],"predecessor-version":[{"id":1646,"href":"https:\/\/ludoan125.com\/index.php\/wp-json\/wp\/v2\/pages\/308\/revisions\/1646"}],"up":[{"embeddable":true,"href":"https:\/\/ludoan125.com\/index.php\/wp-json\/wp\/v2\/pages\/183"}],"wp:attachment":[{"href":"https:\/\/ludoan125.com\/index.php\/wp-json\/wp\/v2\/media?parent=308"}],"curies":[{"name":"wp","href":"https:\/\/api.w.org\/{rel}","templated":true}]}}