{"id":302,"date":"2024-11-21T15:04:13","date_gmt":"2024-11-21T15:04:13","guid":{"rendered":"https:\/\/ludoan125.com\/?page_id=302"},"modified":"2024-11-24T03:17:27","modified_gmt":"2024-11-24T03:17:27","slug":"3-lanh-dao-hien-nay","status":"publish","type":"page","link":"https:\/\/ludoan125.com\/index.php\/trang-chu\/gioi-thieu-chung\/3-lanh-dao-hien-nay\/","title":{"rendered":"3. L\u00e3nh \u0111\u1ea1o hi\u1ec7n nay"},"content":{"rendered":"<p style=\"text-align: center;\"><span style=\"font-family: helvetica, arial, sans-serif; font-size: 150%; color: #0000ff;\"><strong>L\u00e3nh \u0111\u1ea1o hi\u1ec7n nay<\/strong><\/span><\/p>\n<div class=\"text-center\"><div class=\"is-divider divider clearfix\" style=\"margin-top:30px;margin-bottom:30px;max-width:200px;background-color:rgb(175, 23, 64);\"><\/div><\/div>\n\t<div class=\"box has-hover   has-hover box-text-bottom\" >\n\n\t\t<div class=\"box-image\" >\n\t\t\t\t\t\t<div class=\"\" >\n\t\t\t\t<img loading=\"lazy\" decoding=\"async\" width=\"300\" height=\"400\" src=\"https:\/\/ludoan125.com\/wp-content\/uploads\/2024\/11\/ANH-CHAN-DUNG.jpg\" class=\"attachment- size-\" alt=\"\" srcset=\"https:\/\/ludoan125.com\/wp-content\/uploads\/2024\/11\/ANH-CHAN-DUNG.jpg 300w, https:\/\/ludoan125.com\/wp-content\/uploads\/2024\/11\/ANH-CHAN-DUNG-225x300.jpg 225w\" sizes=\"auto, (max-width: 300px) 100vw, 300px\" \/>\t\t\t\t\t\t\t\t\t\t\t<\/div>\n\t\t\t\t\t<\/div>\n\n\t\t<div class=\"box-text text-center\" >\n\t\t\t<div class=\"box-text-inner\">\n\t\t\t\t\n<p style=\"text-align: center;\"><span style=\"color: #0000ff; font-family: verdana, geneva, sans-serif; font-size: 140%;\">\u0110\u1ea1i t\u00e1 Nguy\u1ec5n \u0110\u00ecnh L\u1ecbch<\/span><br \/><span style=\"color: #0000ff; font-family: verdana, geneva, sans-serif; font-size: 140%;\">L\u1eef \u0111o\u00e0n tr\u01b0\u1edfng<\/span><\/p>\n\t\t\t<\/div>\n\t\t<\/div>\n\t<\/div>\n\t\n<div class=\"text-center\"><div class=\"is-divider divider clearfix\" style=\"margin-top:30px;margin-bottom:30px;max-width:100px;background-color:rgb(175, 23, 64);\"><\/div><\/div>\n\t<div class=\"box has-hover   has-hover box-text-bottom\" >\n\n\t\t<div class=\"box-image\" >\n\t\t\t\t\t\t<div class=\"\" >\n\t\t\t\t<img loading=\"lazy\" decoding=\"async\" width=\"300\" height=\"400\" src=\"https:\/\/ludoan125.com\/wp-content\/uploads\/2024\/11\/ANH-CHAN-DUNG.jpg\" class=\"attachment- size-\" alt=\"\" srcset=\"https:\/\/ludoan125.com\/wp-content\/uploads\/2024\/11\/ANH-CHAN-DUNG.jpg 300w, https:\/\/ludoan125.com\/wp-content\/uploads\/2024\/11\/ANH-CHAN-DUNG-225x300.jpg 225w\" sizes=\"auto, (max-width: 300px) 100vw, 300px\" \/>\t\t\t\t\t\t\t\t\t\t\t<\/div>\n\t\t\t\t\t<\/div>\n\n\t\t<div class=\"box-text text-center\" >\n\t\t\t<div class=\"box-text-inner\">\n\t\t\t\t\n<p style=\"text-align: center;\"><span style=\"color: #0000ff; font-family: verdana, geneva, sans-serif; font-size: 140%;\">\u0110\u1ea1i t\u00e1 Ph\u1ea1m Minh Chi\u1ebfn<\/span><br \/><span style=\"color: #0000ff; font-family: verdana, geneva, sans-serif; font-size: 140%;\">Ch\u00ednh \u1ee7y<\/span><\/p>\n\t\t\t<\/div>\n\t\t<\/div>\n\t<\/div>\n\t\n<div class=\"text-center\"><div class=\"is-divider divider clearfix\" style=\"margin-top:30px;margin-bottom:30px;max-width:100px;background-color:rgb(175, 23, 64);\"><\/div><\/div>\n\t<div class=\"box has-hover   has-hover box-text-bottom\" >\n\n\t\t<div class=\"box-image\" >\n\t\t\t\t\t\t<div class=\"\" >\n\t\t\t\t<img loading=\"lazy\" decoding=\"async\" width=\"300\" height=\"400\" src=\"https:\/\/ludoan125.com\/wp-content\/uploads\/2024\/11\/ANH-CHAN-DUNG.jpg\" class=\"attachment- size-\" alt=\"\" srcset=\"https:\/\/ludoan125.com\/wp-content\/uploads\/2024\/11\/ANH-CHAN-DUNG.jpg 300w, https:\/\/ludoan125.com\/wp-content\/uploads\/2024\/11\/ANH-CHAN-DUNG-225x300.jpg 225w\" sizes=\"auto, (max-width: 300px) 100vw, 300px\" \/>\t\t\t\t\t\t\t\t\t\t\t<\/div>\n\t\t\t\t\t<\/div>\n\n\t\t<div class=\"box-text text-center\" >\n\t\t\t<div class=\"box-text-inner\">\n\t\t\t\t\n<p style=\"text-align: center;\"><span style=\"color: #0000ff; font-family: verdana, geneva, sans-serif; font-size: 140%;\">Th\u01b0\u1ee3ng t\u00e1 L\u00ea Xu\u00e2n Y\u00ean<\/span><br \/><span style=\"color: #0000ff; font-family: verdana, geneva, sans-serif; font-size: 140%;\">Ph\u00f3 L\u1eef \u0111o\u00e0n tr\u01b0\u1edfng &#8211; TMT<\/span><\/p>\n\t\t\t<\/div>\n\t\t<\/div>\n\t<\/div>\n\t\n<div class=\"text-center\"><div class=\"is-divider divider clearfix\" style=\"margin-top:30px;margin-bottom:30px;max-width:100px;background-color:rgb(175, 23, 64);\"><\/div><\/div>\n\t<div class=\"box has-hover   has-hover box-text-bottom\" >\n\n\t\t<div class=\"box-image\" >\n\t\t\t\t\t\t<div class=\"\" >\n\t\t\t\t<img loading=\"lazy\" decoding=\"async\" width=\"300\" height=\"400\" src=\"https:\/\/ludoan125.com\/wp-content\/uploads\/2024\/11\/ANH-CHAN-DUNG.jpg\" class=\"attachment- size-\" alt=\"\" srcset=\"https:\/\/ludoan125.com\/wp-content\/uploads\/2024\/11\/ANH-CHAN-DUNG.jpg 300w, https:\/\/ludoan125.com\/wp-content\/uploads\/2024\/11\/ANH-CHAN-DUNG-225x300.jpg 225w\" sizes=\"auto, (max-width: 300px) 100vw, 300px\" \/>\t\t\t\t\t\t\t\t\t\t\t<\/div>\n\t\t\t\t\t<\/div>\n\n\t\t<div class=\"box-text text-center\" >\n\t\t\t<div class=\"box-text-inner\">\n\t\t\t\t\n<p style=\"text-align: center;\"><span style=\"color: #0000ff; font-family: verdana, geneva, sans-serif; font-size: 140%;\">Th\u01b0\u1ee3ng t\u00e1 Phan Anh Tu\u1ea5n<\/span><br \/><span style=\"color: #0000ff; font-family: verdana, geneva, sans-serif; font-size: 140%;\">Ph\u00f3 L\u1eef \u0111o\u00e0n tr\u01b0\u1edfng<\/span><\/p>\n\t\t\t<\/div>\n\t\t<\/div>\n\t<\/div>\n\t\n<div class=\"text-center\"><div class=\"is-divider divider clearfix\" style=\"margin-top:30px;margin-bottom:30px;max-width:100px;background-color:rgb(175, 23, 64);\"><\/div><\/div>\n\t<div class=\"box has-hover   has-hover box-text-bottom\" >\n\n\t\t<div class=\"box-image\" >\n\t\t\t\t\t\t<div class=\"\" >\n\t\t\t\t<img loading=\"lazy\" decoding=\"async\" width=\"300\" height=\"400\" src=\"https:\/\/ludoan125.com\/wp-content\/uploads\/2024\/11\/ANH-CHAN-DUNG.jpg\" class=\"attachment- size-\" alt=\"\" srcset=\"https:\/\/ludoan125.com\/wp-content\/uploads\/2024\/11\/ANH-CHAN-DUNG.jpg 300w, https:\/\/ludoan125.com\/wp-content\/uploads\/2024\/11\/ANH-CHAN-DUNG-225x300.jpg 225w\" sizes=\"auto, (max-width: 300px) 100vw, 300px\" \/>\t\t\t\t\t\t\t\t\t\t\t<\/div>\n\t\t\t\t\t<\/div>\n\n\t\t<div class=\"box-text text-center\" >\n\t\t\t<div class=\"box-text-inner\">\n\t\t\t\t\n<p style=\"text-align: center;\"><span style=\"color: #0000ff; font-family: verdana, geneva, sans-serif; font-size: 140%;\">Th\u01b0\u1ee3ng t\u00e1 L\u00ea Anh Ho\u00e0i<\/span><br \/><span style=\"color: #0000ff; font-family: verdana, geneva, sans-serif; font-size: 140%;\">Ph\u00f3 L\u1eef \u0111o\u00e0n tr\u01b0\u1edfng<\/span><\/p>\n\t\t\t<\/div>\n\t\t<\/div>\n\t<\/div>\n\t\n<div class=\"text-center\"><div class=\"is-divider divider clearfix\" style=\"margin-top:30px;margin-bottom:30px;max-width:100px;background-color:rgb(175, 23, 64);\"><\/div><\/div>\n\t<div class=\"box has-hover   has-hover box-text-bottom\" >\n\n\t\t<div class=\"box-image\" >\n\t\t\t\t\t\t<div class=\"\" >\n\t\t\t\t<img loading=\"lazy\" decoding=\"async\" width=\"300\" height=\"400\" src=\"https:\/\/ludoan125.com\/wp-content\/uploads\/2024\/11\/ANH-CHAN-DUNG.jpg\" class=\"attachment- size-\" alt=\"\" srcset=\"https:\/\/ludoan125.com\/wp-content\/uploads\/2024\/11\/ANH-CHAN-DUNG.jpg 300w, https:\/\/ludoan125.com\/wp-content\/uploads\/2024\/11\/ANH-CHAN-DUNG-225x300.jpg 225w\" sizes=\"auto, (max-width: 300px) 100vw, 300px\" \/>\t\t\t\t\t\t\t\t\t\t\t<\/div>\n\t\t\t\t\t<\/div>\n\n\t\t<div class=\"box-text text-center\" >\n\t\t\t<div class=\"box-text-inner\">\n\t\t\t\t\n<p style=\"text-align: center;\"><span style=\"color: #0000ff; font-family: verdana, geneva, sans-serif; font-size: 140%;\">Th\u01b0\u1ee3ng t\u00e1 L\u00ea H\u1ed3ng Quang<\/span><br \/><span style=\"color: #0000ff; font-family: verdana, geneva, sans-serif; font-size: 140%;\">Ph\u00f3 Ch\u00ednh \u1ee7y<\/span><\/p>\n\t\t\t<\/div>\n\t\t<\/div>\n\t<\/div>\n\t\n<div class=\"text-center\"><div class=\"is-divider divider clearfix\" style=\"margin-top:30px;margin-bottom:30px;max-width:100px;background-color:rgb(175, 23, 64);\"><\/div><\/div>\n\t<div class=\"box has-hover   has-hover box-text-bottom\" >\n\n\t\t<div class=\"box-image\" >\n\t\t\t\t\t\t<div class=\"\" >\n\t\t\t\t<img loading=\"lazy\" decoding=\"async\" width=\"300\" height=\"400\" src=\"https:\/\/ludoan125.com\/wp-content\/uploads\/2024\/11\/ANH-CHAN-DUNG.jpg\" class=\"attachment- size-\" alt=\"\" srcset=\"https:\/\/ludoan125.com\/wp-content\/uploads\/2024\/11\/ANH-CHAN-DUNG.jpg 300w, https:\/\/ludoan125.com\/wp-content\/uploads\/2024\/11\/ANH-CHAN-DUNG-225x300.jpg 225w\" sizes=\"auto, (max-width: 300px) 100vw, 300px\" \/>\t\t\t\t\t\t\t\t\t\t\t<\/div>\n\t\t\t\t\t<\/div>\n\n\t\t<div class=\"box-text text-center\" >\n\t\t\t<div class=\"box-text-inner\">\n\t\t\t\t\n<p style=\"text-align: center;\"><span style=\"color: #0000ff; font-family: verdana, geneva, sans-serif; font-size: 140%;\">Th\u01b0\u1ee3ng t\u00e1 H\u00e0 V\u0103n H\u1eadu<\/span><br \/><span style=\"color: #0000ff; font-family: verdana, geneva, sans-serif; font-size: 140%;\">Ph\u00f3 Ch\u00ednh \u1ee7y<\/span><\/p>\n\t\t\t<\/div>\n\t\t<\/div>\n\t<\/div>\n\t\n","protected":false},"excerpt":{"rendered":"<p>L\u00e3nh \u0111\u1ea1o hi\u1ec7n nay<\/p>\n","protected":false},"author":1,"featured_media":0,"parent":26,"menu_order":0,"comment_status":"closed","ping_status":"closed","template":"","meta":{"footnotes":""},"class_list":["post-302","page","type-page","status-publish","hentry"],"_links":{"self":[{"href":"https:\/\/ludoan125.com\/index.php\/wp-json\/wp\/v2\/pages\/302","targetHints":{"allow":["GET"]}}],"collection":[{"href":"https:\/\/ludoan125.com\/index.php\/wp-json\/wp\/v2\/pages"}],"about":[{"href":"https:\/\/ludoan125.com\/index.php\/wp-json\/wp\/v2\/types\/page"}],"author":[{"embeddable":true,"href":"https:\/\/ludoan125.com\/index.php\/wp-json\/wp\/v2\/users\/1"}],"replies":[{"embeddable":true,"href":"https:\/\/ludoan125.com\/index.php\/wp-json\/wp\/v2\/comments?post=302"}],"version-history":[{"count":8,"href":"https:\/\/ludoan125.com\/index.php\/wp-json\/wp\/v2\/pages\/302\/revisions"}],"predecessor-version":[{"id":523,"href":"https:\/\/ludoan125.com\/index.php\/wp-json\/wp\/v2\/pages\/302\/revisions\/523"}],"up":[{"embeddable":true,"href":"https:\/\/ludoan125.com\/index.php\/wp-json\/wp\/v2\/pages\/26"}],"wp:attachment":[{"href":"https:\/\/ludoan125.com\/index.php\/wp-json\/wp\/v2\/media?parent=302"}],"curies":[{"name":"wp","href":"https:\/\/api.w.org\/{rel}","templated":true}]}}