{"id":26,"date":"2024-11-11T08:55:13","date_gmt":"2024-11-11T08:55:13","guid":{"rendered":"https:\/\/ludoan125.com\/?page_id=26"},"modified":"2024-12-19T06:52:46","modified_gmt":"2024-12-19T06:52:46","slug":"gioi-thieu-chung","status":"publish","type":"page","link":"https:\/\/ludoan125.com\/index.php\/trang-chu\/gioi-thieu-chung\/","title":{"rendered":"Gi\u1edbi thi\u1ec7u chung"},"content":{"rendered":"<p style=\"text-align: center;\"><span style=\"font-size: 160%; color: #0000ff; font-family: helvetica, arial, sans-serif;\"><strong>Gi\u1edbi thi\u1ec7u chung<\/strong><\/span><\/p>\n<div class=\"text-center\"><div class=\"is-divider divider clearfix\" style=\"margin-top:30px;margin-bottom:30px;max-width:200px;background-color:rgb(175, 23, 64);\"><\/div><\/div>\n<div class=\"row\"  id=\"row-109262094\">\n\n\t<div id=\"col-2086402582\" class=\"col small-12 large-12\"  >\n\t\t\t\t<div class=\"col-inner text-center\" style=\"background-color:#af1740;\" >\n\t\t\t\n\t\t\t\n<p style=\"text-align: center;\"><a href=\"https:\/\/ludoan125.com\/index.php\/trang-chu\/gioi-thieu-chung\/1-lich-su-hinh-thanh-va-phat-trien-cua-lu-doan-125\/\"><span style=\"font-family: helvetica, arial, sans-serif; font-size: 140%;\"><strong><span style=\"color: #ffffff;\">L\u1ecbch s\u1eed h\u00ecnh th\u00e0nh v\u00e0 ph\u00e1t tri\u1ec3n<\/span><\/strong><\/span><\/a><\/p>\n\t\t<\/div>\n\t\t\t\t\n<style>\n#col-2086402582 > .col-inner {\n  padding: 20px 0px 5px 0px;\n  border-radius: 10px;\n}\n<\/style>\n\t<\/div>\n\n\t\n<\/div>\n<div class=\"row\"  id=\"row-75032498\">\n\n\t<div id=\"col-1174981807\" class=\"col small-12 large-12\"  >\n\t\t\t\t<div class=\"col-inner text-center\" style=\"background-color:#cc2b52;\" >\n\t\t\t\n\t\t\t\n<p style=\"text-align: center;\"><a href=\"https:\/\/ludoan125.com\/index.php\/trang-chu\/gioi-thieu-chung\/2-cac-don-vi-truc-thuoc-lu-doan\/\"><span style=\"font-size: 140%; font-family: helvetica, arial, sans-serif; color: #ffffff;\"><strong>C\u00e1c \u0111\u01a1n v\u1ecb tr\u1ef1c thu\u1ed9c<\/strong><\/span><\/a><\/p>\n\t\t<\/div>\n\t\t\t\t\n<style>\n#col-1174981807 > .col-inner {\n  padding: 20px 0px 5px 0px;\n  border-radius: 10px;\n}\n<\/style>\n\t<\/div>\n\n\t\n\n<style>\n#row-75032498 > .col > .col-inner {\n  background-color: #cc2b52;\n}\n<\/style>\n<\/div>\n<div class=\"row\"  id=\"row-1490918674\">\n\n\t<div id=\"col-354031773\" class=\"col small-12 large-12\"  >\n\t\t\t\t<div class=\"col-inner text-center\" style=\"background-color:#e74038;\" >\n\t\t\t\n\t\t\t\n<p style=\"text-align: center;\"><a href=\"https:\/\/ludoan125.com\/index.php\/trang-chu\/gioi-thieu-chung\/3-lanh-dao-hien-nay\/\"><span style=\"color: #ffffff; font-family: helvetica, arial, sans-serif; font-size: 140%;\"><strong>L\u00e3nh \u0111\u1ea1o hi\u1ec7n nay<\/strong><\/span><\/a><\/p>\n\t\t<\/div>\n\t\t\t\t\n<style>\n#col-354031773 > .col-inner {\n  padding: 20px 0px 5px 0px;\n  border-radius: 10px;\n}\n<\/style>\n\t<\/div>\n\n\t\n\n<style>\n#row-1490918674 > .col > .col-inner {\n  background-color: #cc2b52;\n}\n<\/style>\n<\/div>\n<div class=\"row\"  id=\"row-237397492\">\n\n\t<div id=\"col-667086549\" class=\"col small-12 large-12\"  >\n\t\t\t\t<div class=\"col-inner text-center\" style=\"background-color:#78206e;\" >\n\t\t\t\n\t\t\t\n<p style=\"text-align: center;\"><span style=\"font-size: 120%;\"><a href=\"https:\/\/ludoan125.com\/index.php\/trang-chu\/gioi-thieu-chung\/4-cac-danh-hieu-cao-quy-da-dat-duoc\/\"><span style=\"font-family: helvetica, arial, sans-serif;\"><span style=\"color: #ffffff;\"><strong>C\u00e1c danh hi\u1ec7u cao qu\u00fd \u0111\u00e3 \u0111\u1ea1t \u0111\u01b0\u1ee3c<\/strong><\/span><\/span><\/a><\/span><\/p>\n\t\t<\/div>\n\t\t\t\t\n<style>\n#col-667086549 > .col-inner {\n  padding: 20px 0px 5px 0px;\n  border-radius: 10px;\n}\n<\/style>\n\t<\/div>\n\n\t\n\n<style>\n#row-237397492 > .col > .col-inner {\n  background-color: #cc2b52;\n}\n<\/style>\n<\/div>\n","protected":false},"excerpt":{"rendered":"<p>Gi\u1edbi thi\u1ec7u chung<\/p>\n","protected":false},"author":1,"featured_media":0,"parent":10,"menu_order":0,"comment_status":"closed","ping_status":"closed","template":"","meta":{"footnotes":""},"class_list":["post-26","page","type-page","status-publish","hentry"],"_links":{"self":[{"href":"https:\/\/ludoan125.com\/index.php\/wp-json\/wp\/v2\/pages\/26","targetHints":{"allow":["GET"]}}],"collection":[{"href":"https:\/\/ludoan125.com\/index.php\/wp-json\/wp\/v2\/pages"}],"about":[{"href":"https:\/\/ludoan125.com\/index.php\/wp-json\/wp\/v2\/types\/page"}],"author":[{"embeddable":true,"href":"https:\/\/ludoan125.com\/index.php\/wp-json\/wp\/v2\/users\/1"}],"replies":[{"embeddable":true,"href":"https:\/\/ludoan125.com\/index.php\/wp-json\/wp\/v2\/comments?post=26"}],"version-history":[{"count":68,"href":"https:\/\/ludoan125.com\/index.php\/wp-json\/wp\/v2\/pages\/26\/revisions"}],"predecessor-version":[{"id":1313,"href":"https:\/\/ludoan125.com\/index.php\/wp-json\/wp\/v2\/pages\/26\/revisions\/1313"}],"up":[{"embeddable":true,"href":"https:\/\/ludoan125.com\/index.php\/wp-json\/wp\/v2\/pages\/10"}],"wp:attachment":[{"href":"https:\/\/ludoan125.com\/index.php\/wp-json\/wp\/v2\/media?parent=26"}],"curies":[{"name":"wp","href":"https:\/\/api.w.org\/{rel}","templated":true}]}}