{"id":1665,"date":"2024-12-31T15:38:15","date_gmt":"2024-12-31T15:38:15","guid":{"rendered":"https:\/\/ludoan125.com\/?page_id=1665"},"modified":"2024-12-31T16:03:13","modified_gmt":"2024-12-31T16:03:13","slug":"khau-hieu-tuyen-truyen-dai-hoi-dang","status":"publish","type":"page","link":"https:\/\/ludoan125.com\/index.php\/trang-chu\/giao-duc-chinh-tri\/3-hoc-tap-nghi-quyet-chi-thi-thong-tu\/huong-dan-dai-hoi-dang-cac-cap-lan-thu-xiv\/khau-hieu-tuyen-truyen-dai-hoi-dang\/","title":{"rendered":"Kh\u1ea9u hi\u1ec7u tuy\u00ean truy\u1ec1n \u0111\u1ea1i h\u1ed9i \u0111\u1ea3ng"},"content":{"rendered":"<p style=\"text-align: center;\"><span style=\"color: #0000ff; font-family: helvetica, arial, sans-serif;\"><span style=\"font-size: 18.72px;\"><b>Kh\u1ea9u hi\u1ec7u tuy\u00ean truy\u1ec1n \u0111\u1ea1i h\u1ed9i \u0111\u1ea3ng<\/b><\/span><\/span><\/p>\n<div class=\"text-center\"><div class=\"is-divider divider clearfix\" style=\"margin-top:30px;margin-bottom:30px;max-width:200px;background-color:rgb(175, 23, 64);\"><\/div><\/div>\n<p style=\"text-align: justify;\"><span style=\"color: #0000ff;\"><strong><span style=\"font-family: helvetica, arial, sans-serif; font-size: 105%;\">Kh\u1ea9u hi\u1ec7u tuy\u00ean truy\u1ec1n \u0111\u1ea1i h\u1ed9i \u0111\u1ea3ng c\u00e1c c\u1ea5p nhi\u1ec7m k\u1ef3 2025 &#8211; 2030:<\/span><\/strong><\/span><br \/><span style=\"font-family: helvetica, arial, sans-serif; font-size: 105%; color: #000000;\">Theo C\u00f4ng v\u0103n 9743-CV\/BTGTW n\u0103m 2024 trang tr\u00ed kh\u00e1nh ti\u1ebft \u0111\u1ea1i h\u1ed9i \u0111\u1ea3ng b\u1ed9 c\u00e1c c\u1ea5p nhi\u1ec7m k\u1ef3 2025-2030 do Ban Tuy\u00ean gi\u00e1o Trung \u01b0\u01a1ng ban h\u00e0nh, m\u1ed9t s\u1ed1 kh\u1ea9u hi\u1ec7u tuy\u00ean truy\u1ec1n \u0111\u1ea1i h\u1ed9i \u0111\u1ea3ng c\u00e1c c\u1ea5p nhi\u1ec7m k\u1ef3 2025 \u2013 2030 nh\u01b0 sau:<\/span><\/p>\n<p style=\"text-align: justify;\"><span style=\"font-family: helvetica, arial, sans-serif; font-size: 105%; color: #000000;\">&#8211; Nhi\u1ec7t li\u1ec7t ch\u00e0o m\u1eebng \u0110\u1ea1i h\u1ed9i \u0111\u1ea3ng b\u1ed9 c\u00e1c c\u1ea5p nhi\u1ec7m k\u1ef3 2025 &#8211; 2030!<\/span><\/p>\n<p style=\"text-align: justify;\"><span style=\"font-family: helvetica, arial, sans-serif; font-size: 105%; color: #000000;\">&#8211; Nhi\u1ec7t li\u1ec7t ch\u00e0o m\u1eebng \u0110\u1ea1i h\u1ed9i \u0111\u1ea1i bi\u1ec3u to\u00e0n qu\u1ed1c l\u1ea7n th\u1ee9 XIV c\u1ee7a \u0110\u1ea3ng C\u1ed9ng s\u1ea3n Vi\u1ec7t Nam!<\/span><\/p>\n<p style=\"text-align: justify;\"><span style=\"font-family: helvetica, arial, sans-serif; font-size: 105%; color: #000000;\">&#8211; S\u00e1ng su\u1ed1t l\u1ef1a ch\u1ecdn nh\u1eefng \u0111\u1ed3ng ch\u00ed ti\u00eau bi\u1ec3u v\u1ec1 b\u1ea3n l\u0129nh ch\u00ednh tr\u1ecb, tr\u00ed tu\u1ec7, ph\u1ea9m ch\u1ea5t, \u0111\u1ea1o \u0111\u1ee9c, l\u1ed1i s\u1ed1ng, n\u0103ng l\u1ef1c, uy t\u00edn b\u1ea7u v\u00e0o c\u1ea5p \u1ee7y c\u00e1c c\u1ea5p!<\/span><\/p>\n<p style=\"text-align: justify;\"><span style=\"font-family: helvetica, arial, sans-serif; font-size: 105%; color: #000000;\">&#8211; Ki\u00ean \u0111\u1ecbnh m\u1ee5c ti\u00eau \u0111\u1ed9c l\u1eadp d\u00e2n t\u1ed9c g\u1eafn li\u1ec1n v\u1edbi ch\u1ee7 ngh\u0129a x\u00e3 h\u1ed9i tr\u00ean n\u1ec1n t\u1ea3ng ch\u1ee7 ngh\u0129a M\u00e1c &#8211; L\u00eanin, t\u01b0 t\u01b0\u1edfng H\u1ed3 Ch\u00ed Minh!<\/span><\/p>\n<p style=\"text-align: justify;\"><span style=\"font-family: helvetica, arial, sans-serif; font-size: 105%; color: #000000;\">&#8211; X\u00e2y d\u1ef1ng, ph\u00e1t tri\u1ec3n \u0111\u1ea5t n\u01b0\u1edbc tr\u00ean tinh th\u1ea7n \u201ct\u1ef1 ch\u1ee7, t\u1ef1 tin, t\u1ef1 l\u1ef1c, t\u1ef1 c\u01b0\u1eddng, t\u1ef1 h\u00e0o d\u00e2n t\u1ed9c\u201d!<\/span><\/p>\n<p style=\"text-align: justify;\"><span style=\"font-family: helvetica, arial, sans-serif; font-size: 105%; color: #000000;\">&#8211; Ph\u00e1t huy \u00fd ch\u00ed v\u00e0 s\u1ee9c m\u1ea1nh \u0111\u1ea1i \u0111o\u00e0n k\u1ebft d\u00e2n t\u1ed9c k\u1ebft h\u1ee3p v\u1edbi s\u1ee9c m\u1ea1nh th\u1eddi \u0111\u1ea1i \u0111\u1ec3 x\u00e2y d\u1ef1ng v\u00e0 b\u1ea3o v\u1ec7 v\u1eefng ch\u1eafc T\u1ed5 qu\u1ed1c Vi\u1ec7t Nam x\u00e3 h\u1ed9i ch\u1ee7 ngh\u0129a!<\/span><\/p>\n<p style=\"text-align: justify;\"><span style=\"font-family: helvetica, arial, sans-serif; font-size: 105%; color: #000000;\">&#8211; \u0110\u1ea3ng C\u1ed9ng s\u1ea3n Vi\u1ec7t Nam &#8211; Ng\u01b0\u1eddi l\u00e3nh \u0111\u1ea1o, t\u1ed5 ch\u1ee9c m\u1ecdi th\u1eafng l\u1ee3i c\u1ee7a c\u00e1ch m\u1ea1ng Vi\u1ec7t Nam!<\/span><\/p>\n<p style=\"text-align: justify;\"><span style=\"font-family: helvetica, arial, sans-serif; font-size: 105%; color: #000000;\">&#8211; To\u00e0n \u0110\u1ea3ng, to\u00e0n d\u00e2n, to\u00e0n qu\u00e2n \u0111\u1ed3ng l\u00f2ng chung s\u1ee9c x\u00e2y d\u1ef1ng v\u00e0 b\u1ea3o v\u1ec7 T\u1ed5 qu\u1ed1c Vi\u1ec7t Nam x\u00e3 h\u1ed9i ch\u1ee7 ngh\u0129a gi\u00e0u \u0111\u1eb9p, v\u0103n minh!<\/span><\/p>\n<p style=\"text-align: justify;\"><span style=\"font-family: helvetica, arial, sans-serif; font-size: 105%; color: #000000;\">&#8211; \u0110\u1ea9y m\u1ea1nh c\u00e1c phong tr\u00e0o thi \u0111ua y\u00eau n\u01b0\u1edbc, l\u1eadp th\u00e0nh t\u00edch ch\u00e0o m\u1eebng \u0111\u1ea1i h\u1ed9i \u0111\u1ea3ng b\u1ed9 c\u00e1c c\u1ea5p v\u00e0 \u0110\u1ea1i h\u1ed9i \u0111\u1ea1i bi\u1ec3u to\u00e0n qu\u1ed1c l\u1ea7n th\u1ee9 XIV c\u1ee7a \u0110\u1ea3ng!<\/span><\/p>\n<p style=\"text-align: justify;\"><span style=\"font-family: helvetica, arial, sans-serif; font-size: 105%; color: #000000;\">&#8211; \u0110\u1ea1i h\u1ed9i \u0111\u1ea1i bi\u1ec3u to\u00e0n qu\u1ed1c l\u1ea7n th\u1ee9 XIV c\u1ee7a \u0110\u1ea3ng &#8211; D\u1ea5u m\u1ed1c quan tr\u1ecdng tr\u00ean con \u0111\u01b0\u1eddng ph\u00e1t tri\u1ec3n c\u1ee7a \u0111\u1ea5t n\u01b0\u1edbc v\u00e0 d\u00e2n t\u1ed9c ta!<\/span><\/p>\n<p style=\"text-align: justify;\"><span style=\"font-family: helvetica, arial, sans-serif; font-size: 105%; color: #000000;\">&#8211; Th\u1eddi \u0111i\u1ec3m l\u1ecbch s\u1eed m\u1edbi, k\u1ef7 nguy\u00ean m\u1edbi &#8211; k\u1ef7 nguy\u00ean v\u01b0\u01a1n m\u00ecnh c\u1ee7a d\u00e2n t\u1ed9c Vi\u1ec7t Nam!<\/span><\/p>\n<p style=\"text-align: justify;\"><span style=\"font-family: helvetica, arial, sans-serif; font-size: 105%; color: #000000;\">&#8211; \u0110o\u00e0n k\u1ebft, \u0111o\u00e0n k\u1ebft, \u0111\u1ea1i \u0111o\u00e0n k\u1ebft &#8211; Th\u00e0nh c\u00f4ng, th\u00e0nh c\u00f4ng, \u0111\u1ea1i th\u00e0nh c\u00f4ng!<\/span><\/p>\n<p style=\"text-align: justify;\"><span style=\"font-family: helvetica, arial, sans-serif; font-size: 105%; color: #000000;\">&#8211; D\u00e2n t\u1ed9c c\u01b0\u1eddng th\u1ecbnh, tr\u01b0\u1eddng t\u1ed3n &#8211; \u0110\u1ea5t n\u01b0\u1edbc ph\u1ed3n vinh, h\u1ea1nh ph\u00fac!<\/span><\/p>\n<p style=\"text-align: justify;\"><span style=\"font-family: helvetica, arial, sans-serif; font-size: 105%; color: #000000;\">&#8211; \u0110\u1ea3ng l\u00e3nh \u0111\u1ea1o, Nh\u00e0 n\u01b0\u1edbc qu\u1ea3n l\u00fd, M\u1eb7t tr\u1eadn T\u1ed5 qu\u1ed1c v\u00e0 c\u00e1c t\u1ed5 ch\u1ee9c ch\u00ednh tr\u1ecb &#8211; x\u00e3 h\u1ed9i l\u00e0m n\u00f2ng c\u1ed1t \u0111\u1ec3 Nh\u00e2n d\u00e2n l\u00e0m ch\u1ee7!<\/span><\/p>\n<p style=\"text-align: justify;\"><span style=\"font-family: helvetica, arial, sans-serif; font-size: 105%; color: #000000;\">&#8211; X\u00e2y d\u1ef1ng \u0110\u1ea3ng v\u00e0 h\u1ec7 th\u1ed1ng ch\u00ednh tr\u1ecb trong s\u1ea1ch, v\u1eefng m\u1ea1nh to\u00e0n di\u1ec7n!<\/span><\/p>\n<p style=\"text-align: justify;\"><span style=\"font-family: helvetica, arial, sans-serif; font-size: 105%; color: #000000;\">&#8211; \u0110\u1ea3ng g\u1eafn b\u00f3 m\u1eadt thi\u1ebft v\u1edbi Nh\u00e2n d\u00e2n, d\u1ef1a v\u00e0o Nh\u00e2n d\u00e2n \u0111\u1ec3 x\u00e2y d\u1ef1ng \u0110\u1ea3ng!<\/span><\/p>\n<p style=\"text-align: justify;\"><span style=\"font-family: helvetica, arial, sans-serif; font-size: 105%; color: #000000;\">&#8211; \u0110\u1ea3ng quang vinh, d\u00e2n t\u1ed9c anh h\u00f9ng, B\u00e1c H\u1ed3 v\u0129 \u0111\u1ea1i!<\/span><\/p>\n<p style=\"text-align: justify;\"><span style=\"font-family: helvetica, arial, sans-serif; font-size: 105%; color: #000000;\">&#8211; Vinh quang \u0111\u1eddi \u0111\u1eddi thu\u1ed9c v\u1ec1 d\u00e2n t\u1ed9c Vi\u1ec7t Nam v\u0103n hi\u1ebfn v\u00e0 anh h\u00f9ng!<\/span><\/p>\n<p style=\"text-align: justify;\"><span style=\"font-family: helvetica, arial, sans-serif; font-size: 105%; color: #000000;\">&#8211; T\u1ea5t c\u1ea3 v\u00ec m\u1ee5c ti\u00eau d\u00e2n gi\u00e0u, n\u01b0\u1edbc m\u1ea1nh, d\u00e2n ch\u1ee7, c\u00f4ng b\u1eb1ng, v\u0103n minh!<\/span><\/p>\n<p style=\"text-align: justify;\"><span style=\"font-family: helvetica, arial, sans-serif; font-size: 105%; color: #000000;\">&#8211; \u0110\u1ea3ng C\u1ed9ng s\u1ea3n Vi\u1ec7t Nam quang vinh mu\u00f4n n\u0103m!<\/span><\/p>\n<p style=\"text-align: justify;\"><span style=\"font-family: helvetica, arial, sans-serif; font-size: 105%; color: #000000;\">&#8211; N\u01b0\u1edbc C\u1ed9ng h\u00f2a x\u00e3 h\u1ed9i ch\u1ee7 ngh\u0129a Vi\u1ec7t Nam mu\u00f4n n\u0103m!<\/span><\/p>\n<p style=\"text-align: justify;\"><span style=\"font-family: helvetica, arial, sans-serif; font-size: 105%; color: #000000;\">&#8211; Ch\u1ee7 t\u1ecbch H\u1ed3 Ch\u00ed Minh v\u0129 \u0111\u1ea1i s\u1ed1ng m\u00e3i trong s\u1ef1 nghi\u1ec7p c\u1ee7a ch\u00fang ta!<\/span><\/p>\n","protected":false},"excerpt":{"rendered":"<p>Kh\u1ea9u hi\u1ec7u tuy\u00ean truy\u1ec1n \u0111\u1ea1i h\u1ed9i \u0111\u1ea3ng Kh\u1ea9u hi\u1ec7u tuy\u00ean truy\u1ec1n \u0111\u1ea1i h\u1ed9i \u0111\u1ea3ng c\u00e1c c\u1ea5p nhi\u1ec7m k\u1ef3 2025 &#8211; 2030:Theo C\u00f4ng v\u0103n 9743-CV\/BTGTW n\u0103m 2024 trang tr\u00ed kh\u00e1nh ti\u1ebft \u0111\u1ea1i h\u1ed9i \u0111\u1ea3ng b\u1ed9 c\u00e1c c\u1ea5p nhi\u1ec7m k\u1ef3 2025-2030 do Ban Tuy\u00ean gi\u00e1o Trung \u01b0\u01a1ng ban h\u00e0nh, m\u1ed9t s\u1ed1 kh\u1ea9u hi\u1ec7u tuy\u00ean truy\u1ec1n \u0111\u1ea1i h\u1ed9i [&#8230;]\n","protected":false},"author":1,"featured_media":0,"parent":1183,"menu_order":0,"comment_status":"closed","ping_status":"closed","template":"","meta":{"footnotes":""},"class_list":["post-1665","page","type-page","status-publish","hentry"],"_links":{"self":[{"href":"https:\/\/ludoan125.com\/index.php\/wp-json\/wp\/v2\/pages\/1665","targetHints":{"allow":["GET"]}}],"collection":[{"href":"https:\/\/ludoan125.com\/index.php\/wp-json\/wp\/v2\/pages"}],"about":[{"href":"https:\/\/ludoan125.com\/index.php\/wp-json\/wp\/v2\/types\/page"}],"author":[{"embeddable":true,"href":"https:\/\/ludoan125.com\/index.php\/wp-json\/wp\/v2\/users\/1"}],"replies":[{"embeddable":true,"href":"https:\/\/ludoan125.com\/index.php\/wp-json\/wp\/v2\/comments?post=1665"}],"version-history":[{"count":6,"href":"https:\/\/ludoan125.com\/index.php\/wp-json\/wp\/v2\/pages\/1665\/revisions"}],"predecessor-version":[{"id":1672,"href":"https:\/\/ludoan125.com\/index.php\/wp-json\/wp\/v2\/pages\/1665\/revisions\/1672"}],"up":[{"embeddable":true,"href":"https:\/\/ludoan125.com\/index.php\/wp-json\/wp\/v2\/pages\/1183"}],"wp:attachment":[{"href":"https:\/\/ludoan125.com\/index.php\/wp-json\/wp\/v2\/media?parent=1665"}],"curies":[{"name":"wp","href":"https:\/\/api.w.org\/{rel}","templated":true}]}}