{"id":1628,"date":"2024-12-29T02:16:17","date_gmt":"2024-12-29T02:16:17","guid":{"rendered":"https:\/\/ludoan125.com\/?page_id=1628"},"modified":"2024-12-29T02:19:01","modified_gmt":"2024-12-29T02:19:01","slug":"hai-doi-1","status":"publish","type":"page","link":"https:\/\/ludoan125.com\/index.php\/trang-chu\/gioi-thieu-chung\/2-cac-don-vi-truc-thuoc-lu-doan\/hai-doi-1\/","title":{"rendered":"H\u1ea3i \u0111\u1ed9i 1"},"content":{"rendered":"<p style=\"text-align: center;\"><span style=\"font-size: 150%; color: #0000ff;\"><strong><span style=\"font-family: helvetica, arial, sans-serif;\">H\u1ea3i \u0111\u1ed9i 1<\/span><\/strong><\/span><\/p>\n<div class=\"text-center\"><div class=\"is-divider divider clearfix\" style=\"margin-top:30px;margin-bottom:30px;max-width:200px;background-color:rgb(175, 23, 64);\"><\/div><\/div>\n<p><span style=\"color: #0000ff;\"><strong>1. Ch\u1ee9c n\u0103ng<\/strong><\/span><br \/><span style=\"color: #000000;\">L\u00e0 \u0111\u01a1n v\u1ecb&#8230;.<\/span><\/p>\n","protected":false},"excerpt":{"rendered":"<p>H\u1ea3i \u0111\u1ed9i 1 1. Ch\u1ee9c n\u0103ngL\u00e0 \u0111\u01a1n v\u1ecb&#8230;.<\/p>\n","protected":false},"author":1,"featured_media":0,"parent":300,"menu_order":0,"comment_status":"closed","ping_status":"closed","template":"","meta":{"footnotes":""},"class_list":["post-1628","page","type-page","status-publish","hentry"],"_links":{"self":[{"href":"https:\/\/ludoan125.com\/index.php\/wp-json\/wp\/v2\/pages\/1628","targetHints":{"allow":["GET"]}}],"collection":[{"href":"https:\/\/ludoan125.com\/index.php\/wp-json\/wp\/v2\/pages"}],"about":[{"href":"https:\/\/ludoan125.com\/index.php\/wp-json\/wp\/v2\/types\/page"}],"author":[{"embeddable":true,"href":"https:\/\/ludoan125.com\/index.php\/wp-json\/wp\/v2\/users\/1"}],"replies":[{"embeddable":true,"href":"https:\/\/ludoan125.com\/index.php\/wp-json\/wp\/v2\/comments?post=1628"}],"version-history":[{"count":3,"href":"https:\/\/ludoan125.com\/index.php\/wp-json\/wp\/v2\/pages\/1628\/revisions"}],"predecessor-version":[{"id":1632,"href":"https:\/\/ludoan125.com\/index.php\/wp-json\/wp\/v2\/pages\/1628\/revisions\/1632"}],"up":[{"embeddable":true,"href":"https:\/\/ludoan125.com\/index.php\/wp-json\/wp\/v2\/pages\/300"}],"wp:attachment":[{"href":"https:\/\/ludoan125.com\/index.php\/wp-json\/wp\/v2\/media?parent=1628"}],"curies":[{"name":"wp","href":"https:\/\/api.w.org\/{rel}","templated":true}]}}