{"id":1422,"date":"2024-12-19T10:01:43","date_gmt":"2024-12-19T10:01:43","guid":{"rendered":"https:\/\/ludoan125.com\/?page_id=1422"},"modified":"2024-12-19T14:38:05","modified_gmt":"2024-12-19T14:38:05","slug":"thi-dua-khen-thuong-thuong-xuyen","status":"publish","type":"page","link":"https:\/\/ludoan125.com\/index.php\/trang-chu\/thi-dua-khen-thuong\/3-tai-lieu-cong-tac-tdkt\/thi-dua-khen-thuong-thuong-xuyen\/","title":{"rendered":"Thi \u0111ua khen th\u01b0\u1edfng th\u01b0\u1eddng xuy\u00ean"},"content":{"rendered":"<p style=\"text-align: center;\"><span style=\"font-size: 120%; color: #0000ff;\"><strong><span style=\"font-family: helvetica, arial, sans-serif;\">Thi \u0111ua khen th\u01b0\u1edfng th\u01b0\u1eddng xuy\u00ean<\/span><\/strong><\/span><\/p>\n<div class=\"text-center\"><div class=\"is-divider divider clearfix\" style=\"margin-top:30px;margin-bottom:30px;max-width:200px;background-color:rgb(175, 23, 64);\"><\/div><\/div>\n<div class=\"row\"  id=\"row-1360615024\">\n\n\t<div id=\"col-1489509841\" class=\"col small-12 large-12\"  >\n\t\t\t\t<div class=\"col-inner\" style=\"background-color:rgb(204, 43, 82);\" >\n\t\t\t\n\t\t\t\n<p style=\"text-align: center;\"><a href=\"https:\/\/3s0745-my.sharepoint.com\/:f:\/g\/personal\/vancong_3s0745_onmicrosoft_com\/EjztQGZAw1RIlHnixvZe8jQB6W5GvQNdYaaLJ0RiDs8XIA?e=qwBlMr\" target=\"_blank\" rel=\"noopener\"><span style=\"font-size: 120%; color: #ffffff;\"><strong><span style=\"font-family: helvetica, arial, sans-serif;\"><span style=\"font-size: 110%;\">T\u00e0i li\u1ec7u PTT\u0110QT n\u0103m 2025<\/span><br \/><\/span><\/strong><span style=\"font-family: helvetica, arial, sans-serif;\"><span style=\"font-family: helvetica, arial, sans-serif; font-size: 110%;\">(Nh\u1ea5n v\u00e0o \u0111\u00e2y \u0111\u1ec3 xem v\u00e0 t\u1ea3i v\u1ec1)<\/span><\/span><strong><span style=\"font-family: helvetica, arial, sans-serif;\"><br \/><\/span><\/strong><\/span><\/a><\/p>\n\t\t<\/div>\n\t\t\t\t\n<style>\n#col-1489509841 > .col-inner {\n  padding: 20px 0px 5px 0px;\n  border-radius: 10px;\n}\n<\/style>\n\t<\/div>\n\n\t\n<\/div>\n<div class=\"row\"  id=\"row-180378881\">\n\n\t<div id=\"col-1872495541\" class=\"col small-12 large-12\"  >\n\t\t\t\t<div class=\"col-inner\" style=\"background-color:rgb(120, 32, 110);\" >\n\t\t\t\n\t\t\t\n<p style=\"text-align: center;\"><a href=\"_wp_link_placeholder\" data-wplink-edit=\"true\"><span style=\"font-size: 120%; color: #ffffff;\"><span style=\"font-size: 110%;\"><strong><span style=\"font-family: helvetica, arial, sans-serif;\">T\u00e0i li\u1ec7u phong tr\u00e0o thi \u0111ua <br \/>trong hu\u1ea5n luy\u1ec7n n\u0103m 2025<br \/><\/span><\/strong><span style=\"font-family: helvetica, arial, sans-serif;\"><span style=\"font-family: helvetica, arial, sans-serif;\">(Nh\u1ea5n v\u00e0o \u0111\u00e2y \u0111\u1ec3 xem v\u00e0 t\u1ea3i v\u1ec1)<\/span><\/span><\/span><strong><span style=\"font-family: helvetica, arial, sans-serif;\"><br \/><\/span><\/strong><\/span><\/a><\/p>\n\t\t<\/div>\n\t\t\t\t\n<style>\n#col-1872495541 > .col-inner {\n  padding: 20px 0px 5px 0px;\n  border-radius: 10px;\n}\n<\/style>\n\t<\/div>\n\n\t\n<\/div>\n<div class=\"row\"  id=\"row-177625534\">\n\n\t<div id=\"col-1802267969\" class=\"col small-12 large-12\"  >\n\t\t\t\t<div class=\"col-inner\" style=\"background-color:#2e3033;\" >\n\t\t\t\n\t\t\t\n<p style=\"text-align: center;\"><a href=\"https:\/\/3s0745-my.sharepoint.com\/:f:\/g\/personal\/vancong_3s0745_onmicrosoft_com\/EucoK39qEl5Li_yF9xV1NR4BgIciuhKvJLGNkXo1hs-iOw?e=vfyAyD\" target=\"_blank\" rel=\"noopener\"><span style=\"font-size: 120%; color: #ffffff;\"><span style=\"font-size: 110%;\"><strong><span style=\"font-family: helvetica, arial, sans-serif;\">T\u00e0i li\u1ec7u h\u01b0\u1edfng \u1ee9ng PTT\u0110 <br \/>\u201cB\u1ea3o \u0111\u1ea3m tr\u1eadt t\u1ef1 ATGT n\u0103m 2025\u201d<br \/><\/span><\/strong><span style=\"font-family: helvetica, arial, sans-serif;\"><span style=\"font-family: helvetica, arial, sans-serif;\">(Nh\u1ea5n v\u00e0o \u0111\u00e2y \u0111\u1ec3 xem v\u00e0 t\u1ea3i v\u1ec1)<\/span><\/span><\/span><strong><span style=\"font-family: helvetica, arial, sans-serif;\"><br \/><\/span><\/strong><\/span><\/a><\/p>\n\t\t<\/div>\n\t\t\t\t\n<style>\n#col-1802267969 > .col-inner {\n  padding: 20px 0px 5px 0px;\n  border-radius: 10px;\n}\n<\/style>\n\t<\/div>\n\n\t\n<\/div>\n<div class=\"row\"  id=\"row-382081592\">\n\n\t<div id=\"col-1948268737\" class=\"col small-12 large-12\"  >\n\t\t\t\t<div class=\"col-inner\" style=\"background-color:rgb(204, 43, 82);\" >\n\t\t\t\n\t\t\t\n<p style=\"text-align: center;\"><a href=\"https:\/\/3s0745-my.sharepoint.com\/:f:\/g\/personal\/vancong_3s0745_onmicrosoft_com\/Er1v6kokSxNMu3eW72bhYYQBVLR9H5r5jBNe6xPNB-QZqA?e=v1xERY\" target=\"_blank\" rel=\"noopener\"><span style=\"font-size: 120%; color: #ffffff;\"><span style=\"font-size: 110%;\"><span style=\"font-size: 100%;\"><strong><span style=\"font-family: helvetica, arial, sans-serif;\">T\u00e0i li\u1ec7u Cu\u1ed9c v\u1eadn \u0111\u1ed9ng \u201cPh\u00e1t huy truy\u1ec1n th\u1ed1ng, c\u1ed1ng hi\u1ebfn t\u00e0i n\u0103ng, x\u1ee9ng danh B\u1ed9 \u0111\u1ed9i C\u1ee5 H\u1ed3 <\/span><span style=\"font-family: helvetica, arial, sans-serif;\">&#8211;<\/span><\/strong><\/span><strong><span style=\"font-family: helvetica, arial, sans-serif;\"><span style=\"font-size: 100%;\"> Ng\u01b0\u1eddi chi\u1ebfn s\u0129 H\u1ea3i qu\u00e2n\u201d<\/span><br \/><\/span><\/strong><span style=\"font-family: helvetica, arial, sans-serif;\"><span style=\"font-family: helvetica, arial, sans-serif;\">(Nh\u1ea5n v\u00e0o \u0111\u00e2y \u0111\u1ec3 xem v\u00e0 t\u1ea3i v\u1ec1)<\/span><\/span><\/span><strong><span style=\"font-family: helvetica, arial, sans-serif;\"><br \/><\/span><\/strong><\/span><\/a><\/p>\n\t\t<\/div>\n\t\t\t\t\n<style>\n#col-1948268737 > .col-inner {\n  padding: 20px 0px 5px 0px;\n  border-radius: 10px;\n}\n<\/style>\n\t<\/div>\n\n\t\n<\/div>\n<div class=\"row\"  id=\"row-927233836\">\n\n\t<div id=\"col-2147179386\" class=\"col small-12 large-12\"  >\n\t\t\t\t<div class=\"col-inner\" style=\"background-color:#78206e;\" >\n\t\t\t\n\t\t\t\n<p style=\"text-align: center;\"><a href=\"https:\/\/3s0745-my.sharepoint.com\/:f:\/g\/personal\/vancong_3s0745_onmicrosoft_com\/Ev3krIawfGBDhnHyj-i_GtMBAYCkjhibhiQYMEKwFGFUkA?e=hKjJoE\" target=\"_blank\" rel=\"noopener\"><span style=\"font-size: 120%; color: #ffffff;\"><span style=\"font-size: 110%;\"><span style=\"font-size: 95%;\"><strong><span style=\"font-family: helvetica, arial, sans-serif;\">T\u00e0i li\u1ec7u Cu\u1ed9c v\u1eadn \u0111\u1ed9ng 50 v\u00e0 2 kh\u00e2u \u0111\u1ed9t ph\u00e1 c\u1ee7a ng\u00e0nh K\u1ef9 thu\u1eadt<\/span><\/strong><\/span><strong><span style=\"font-family: helvetica, arial, sans-serif;\"><br \/><\/span><\/strong><span style=\"font-family: helvetica, arial, sans-serif;\"><span style=\"font-family: helvetica, arial, sans-serif;\">(Nh\u1ea5n v\u00e0o \u0111\u00e2y \u0111\u1ec3 xem v\u00e0 t\u1ea3i v\u1ec1)<\/span><\/span><\/span><strong><span style=\"font-family: helvetica, arial, sans-serif;\"><br \/><\/span><\/strong><\/span><\/a><\/p>\n\t\t<\/div>\n\t\t\t\t\n<style>\n#col-2147179386 > .col-inner {\n  padding: 20px 0px 5px 0px;\n  border-radius: 10px;\n}\n<\/style>\n\t<\/div>\n\n\t\n<\/div>\n<div class=\"row\"  id=\"row-1943544888\">\n\n\t<div id=\"col-1563469159\" class=\"col small-12 large-12\"  >\n\t\t\t\t<div class=\"col-inner\" style=\"background-color:#2e3033;\" >\n\t\t\t\n\t\t\t\n<p style=\"text-align: center;\"><a href=\"https:\/\/3s0745-my.sharepoint.com\/:f:\/g\/personal\/vancong_3s0745_onmicrosoft_com\/EqmzBEWQj-RPnFPYYhObYU8B8859WNoT7DawMbPuzaI9Lg?e=VTfQqn\" target=\"_blank\" rel=\"noopener\"><span style=\"font-size: 120%; color: #ffffff;\"><span style=\"font-size: 110%;\"><span style=\"font-size: 95%;\"><strong><span style=\"font-family: helvetica, arial, sans-serif;\">T\u00e0i li\u1ec7u c\u00e1c phong tr\u00e0o thi \u0111ua, kh\u00e2u \u0111\u1ed9t ph\u00e1 c\u1ee7a ng\u00e0nh H\u1eadu c\u1ea7n<\/span><\/strong><\/span><strong><span style=\"font-family: helvetica, arial, sans-serif;\"><br \/><\/span><\/strong><span style=\"font-family: helvetica, arial, sans-serif;\"><span style=\"font-family: helvetica, arial, sans-serif;\">(Nh\u1ea5n v\u00e0o \u0111\u00e2y \u0111\u1ec3 xem v\u00e0 t\u1ea3i v\u1ec1)<\/span><\/span><\/span><strong><span style=\"font-family: helvetica, arial, sans-serif;\"><br \/><\/span><\/strong><\/span><\/a><\/p>\n\t\t<\/div>\n\t\t\t\t\n<style>\n#col-1563469159 > .col-inner {\n  padding: 20px 0px 5px 0px;\n  border-radius: 10px;\n}\n<\/style>\n\t<\/div>\n\n\t\n<\/div>\n","protected":false},"excerpt":{"rendered":"<p>Thi \u0111ua khen th\u01b0\u1edfng th\u01b0\u1eddng xuy\u00ean<\/p>\n","protected":false},"author":1,"featured_media":0,"parent":530,"menu_order":0,"comment_status":"closed","ping_status":"closed","template":"","meta":{"footnotes":""},"class_list":["post-1422","page","type-page","status-publish","hentry"],"_links":{"self":[{"href":"https:\/\/ludoan125.com\/index.php\/wp-json\/wp\/v2\/pages\/1422","targetHints":{"allow":["GET"]}}],"collection":[{"href":"https:\/\/ludoan125.com\/index.php\/wp-json\/wp\/v2\/pages"}],"about":[{"href":"https:\/\/ludoan125.com\/index.php\/wp-json\/wp\/v2\/types\/page"}],"author":[{"embeddable":true,"href":"https:\/\/ludoan125.com\/index.php\/wp-json\/wp\/v2\/users\/1"}],"replies":[{"embeddable":true,"href":"https:\/\/ludoan125.com\/index.php\/wp-json\/wp\/v2\/comments?post=1422"}],"version-history":[{"count":18,"href":"https:\/\/ludoan125.com\/index.php\/wp-json\/wp\/v2\/pages\/1422\/revisions"}],"predecessor-version":[{"id":1448,"href":"https:\/\/ludoan125.com\/index.php\/wp-json\/wp\/v2\/pages\/1422\/revisions\/1448"}],"up":[{"embeddable":true,"href":"https:\/\/ludoan125.com\/index.php\/wp-json\/wp\/v2\/pages\/530"}],"wp:attachment":[{"href":"https:\/\/ludoan125.com\/index.php\/wp-json\/wp\/v2\/media?parent=1422"}],"curies":[{"name":"wp","href":"https:\/\/api.w.org\/{rel}","templated":true}]}}