{"id":1317,"date":"2024-12-19T06:58:42","date_gmt":"2024-12-19T06:58:42","guid":{"rendered":"https:\/\/ludoan125.com\/?page_id=1317"},"modified":"2024-12-25T16:47:17","modified_gmt":"2024-12-25T16:47:17","slug":"3-van-hoa-van-nghe","status":"publish","type":"page","link":"https:\/\/ludoan125.com\/index.php\/trang-chu\/van-hoa-co-so\/3-van-hoa-van-nghe\/","title":{"rendered":"3. V\u0103n h\u00f3a v\u0103n ngh\u1ec7"},"content":{"rendered":"<p style=\"text-align: center;\"><span style=\"color: #0000ff;\"><strong><span style=\"font-family: helvetica, arial, sans-serif; font-size: 160%;\">V\u0103n h\u00f3a v\u0103n ngh\u1ec7<\/span><\/strong><\/span><\/p>\n<div class=\"text-center\"><div class=\"is-divider divider clearfix\" style=\"margin-top:30px;margin-bottom:30px;max-width:200px;background-color:rgb(175, 23, 64);\"><\/div><\/div>\n<div class=\"row\"  id=\"row-735878188\">\n\n\t<div id=\"col-1672427811\" class=\"col small-12 large-12\"  >\n\t\t\t\t<div class=\"col-inner\" style=\"background-color:rgb(204, 43, 82);\" >\n\t\t\t\n\t\t\t\n<p style=\"text-align: center;\"><a href=\"https:\/\/ludoan125.com\/index.php\/trang-chu\/van-hoa-co-so\/3-bang-ron-khau-hieu-truyen-truyen\/15-bai-hat-quy-dinh-trong-quan-doi\/\"><span style=\"color: #ffffff; font-family: helvetica, arial, sans-serif; font-size: 150%;\"><strong>15 b\u00e0i h\u00e1t quy \u0111\u1ecbnh<\/strong><\/span><\/a><\/p>\n\t\t<\/div>\n\t\t\t\t\n<style>\n#col-1672427811 > .col-inner {\n  padding: 20px 0px 5px 0px;\n  border-radius: 10px;\n}\n<\/style>\n\t<\/div>\n\n\t\n<\/div>\n<div class=\"row\"  id=\"row-1703578720\">\n\n\t<div id=\"col-560005061\" class=\"col small-12 large-12\"  >\n\t\t\t\t<div class=\"col-inner\" style=\"background-color:rgb(120, 32, 110);\" >\n\t\t\t\n\t\t\t\n<p style=\"text-align: center;\"><a href=\"https:\/\/ludoan125.com\/index.php\/trang-chu\/van-hoa-co-so\/3-bang-ron-khau-hieu-truyen-truyen\/05-vu-dieu-sinh-hoat-tap-the\/\"><span style=\"color: #ffffff; font-family: helvetica, arial, sans-serif; font-size: 140%;\"><strong>05 v\u0169 \u0111i\u1ec7u sinh ho\u1ea1t t\u1eadp th\u1ec3<\/strong><\/span><\/a><\/p>\n\t\t<\/div>\n\t\t\t\t\n<style>\n#col-560005061 > .col-inner {\n  padding: 20px 0px 5px 0px;\n  border-radius: 10px;\n}\n<\/style>\n\t<\/div>\n\n\t\n<\/div>\n<div class=\"row\"  id=\"row-1911460171\">\n\n\t<div id=\"col-1313181212\" class=\"col small-12 large-12\"  >\n\t\t\t\t<div class=\"col-inner\" style=\"background-color:#16191c;\" >\n\t\t\t\n\t\t\t\n<p style=\"text-align: center;\"><a href=\"https:\/\/ludoan125.com\/index.php\/trang-chu\/van-hoa-co-so\/3-van-hoa-van-nghe\/bai-hat-truyen-thong-cua-quan-chung-vung-lu-doan\/\"><span style=\"font-family: helvetica, arial, sans-serif; font-size: 140%; color: #ffffff;\"><strong>B\u00e0i h\u00e1t truy\u1ec1n th\u1ed1ng c\u1ee7a <br \/>Qu\u00e2n ch\u1ee7ng, V\u00f9ng, L\u1eef \u0111o\u00e0n<\/strong><\/span><\/a><\/p>\n\t\t<\/div>\n\t\t\t\t\n<style>\n#col-1313181212 > .col-inner {\n  padding: 20px 0px 5px 0px;\n  border-radius: 10px;\n}\n<\/style>\n\t<\/div>\n\n\t\n<\/div>\n","protected":false},"excerpt":{"rendered":"<p>V\u0103n h\u00f3a v\u0103n ngh\u1ec7<\/p>\n","protected":false},"author":1,"featured_media":0,"parent":344,"menu_order":0,"comment_status":"closed","ping_status":"closed","template":"","meta":{"footnotes":""},"class_list":["post-1317","page","type-page","status-publish","hentry"],"_links":{"self":[{"href":"https:\/\/ludoan125.com\/index.php\/wp-json\/wp\/v2\/pages\/1317","targetHints":{"allow":["GET"]}}],"collection":[{"href":"https:\/\/ludoan125.com\/index.php\/wp-json\/wp\/v2\/pages"}],"about":[{"href":"https:\/\/ludoan125.com\/index.php\/wp-json\/wp\/v2\/types\/page"}],"author":[{"embeddable":true,"href":"https:\/\/ludoan125.com\/index.php\/wp-json\/wp\/v2\/users\/1"}],"replies":[{"embeddable":true,"href":"https:\/\/ludoan125.com\/index.php\/wp-json\/wp\/v2\/comments?post=1317"}],"version-history":[{"count":16,"href":"https:\/\/ludoan125.com\/index.php\/wp-json\/wp\/v2\/pages\/1317\/revisions"}],"predecessor-version":[{"id":1495,"href":"https:\/\/ludoan125.com\/index.php\/wp-json\/wp\/v2\/pages\/1317\/revisions\/1495"}],"up":[{"embeddable":true,"href":"https:\/\/ludoan125.com\/index.php\/wp-json\/wp\/v2\/pages\/344"}],"wp:attachment":[{"href":"https:\/\/ludoan125.com\/index.php\/wp-json\/wp\/v2\/media?parent=1317"}],"curies":[{"name":"wp","href":"https:\/\/api.w.org\/{rel}","templated":true}]}}