{"id":1265,"date":"2024-12-08T09:48:35","date_gmt":"2024-12-08T09:48:35","guid":{"rendered":"https:\/\/ludoan125.com\/?page_id=1265"},"modified":"2024-12-25T18:19:57","modified_gmt":"2024-12-25T18:19:57","slug":"bai-hat-nhu-co-bac-trong-ngay-vui-dai-thang","status":"publish","type":"page","link":"https:\/\/ludoan125.com\/index.php\/trang-chu\/van-hoa-co-so\/3-van-hoa-van-nghe\/15-bai-hat-quy-dinh-trong-quan-doi\/bai-hat-nhu-co-bac-trong-ngay-vui-dai-thang\/","title":{"rendered":"B\u00e0i h\u00e1t Nh\u01b0 c\u00f3 B\u00e1c trong ng\u00e0y vui \u0111\u1ea1i th\u1eafng"},"content":{"rendered":"<p style=\"text-align: center;\"><span style=\"font-size: 130%; color: #0000ff;\"><strong><span style=\"font-family: helvetica, arial, sans-serif;\">B\u00e0i h\u00e1t: Nh\u01b0 c\u00f3 B\u00e1c<br \/>trong ng\u00e0y vui \u0111\u1ea1i th\u1eafng<\/span><\/strong><\/span><\/p>\n<div class=\"text-center\"><div class=\"is-divider divider clearfix\" style=\"margin-top:30px;margin-bottom:30px;max-width:200px;background-color:rgb(175, 23, 64);\"><\/div><\/div>\n<p style=\"text-align: center;\"><span style=\"font-family: helvetica, arial, sans-serif; font-size: 105%; color: #ed1c24;\"><em>N\u1ed9i dung \u0111ang ti\u1ebfp t\u1ee5c \u0111\u01b0\u1ee3c c\u1eadp nh\u1eadt&#8230;<\/em><\/span><\/p>\n","protected":false},"excerpt":{"rendered":"<p>B\u00e0i h\u00e1t: Nh\u01b0 c\u00f3 B\u00e1ctrong ng\u00e0y vui \u0111\u1ea1i th\u1eafng N\u1ed9i dung \u0111ang ti\u1ebfp t\u1ee5c \u0111\u01b0\u1ee3c c\u1eadp nh\u1eadt&#8230;<\/p>\n","protected":false},"author":1,"featured_media":0,"parent":847,"menu_order":0,"comment_status":"closed","ping_status":"closed","template":"","meta":{"footnotes":""},"class_list":["post-1265","page","type-page","status-publish","hentry"],"_links":{"self":[{"href":"https:\/\/ludoan125.com\/index.php\/wp-json\/wp\/v2\/pages\/1265","targetHints":{"allow":["GET"]}}],"collection":[{"href":"https:\/\/ludoan125.com\/index.php\/wp-json\/wp\/v2\/pages"}],"about":[{"href":"https:\/\/ludoan125.com\/index.php\/wp-json\/wp\/v2\/types\/page"}],"author":[{"embeddable":true,"href":"https:\/\/ludoan125.com\/index.php\/wp-json\/wp\/v2\/users\/1"}],"replies":[{"embeddable":true,"href":"https:\/\/ludoan125.com\/index.php\/wp-json\/wp\/v2\/comments?post=1265"}],"version-history":[{"count":4,"href":"https:\/\/ludoan125.com\/index.php\/wp-json\/wp\/v2\/pages\/1265\/revisions"}],"predecessor-version":[{"id":1580,"href":"https:\/\/ludoan125.com\/index.php\/wp-json\/wp\/v2\/pages\/1265\/revisions\/1580"}],"up":[{"embeddable":true,"href":"https:\/\/ludoan125.com\/index.php\/wp-json\/wp\/v2\/pages\/847"}],"wp:attachment":[{"href":"https:\/\/ludoan125.com\/index.php\/wp-json\/wp\/v2\/media?parent=1265"}],"curies":[{"name":"wp","href":"https:\/\/api.w.org\/{rel}","templated":true}]}}