{"id":1259,"date":"2024-12-08T09:47:07","date_gmt":"2024-12-08T09:47:07","guid":{"rendered":"https:\/\/ludoan125.com\/?page_id=1259"},"modified":"2024-12-25T18:13:09","modified_gmt":"2024-12-25T18:13:09","slug":"bai-hat-bac-dang-cung-chung-chau-hanh-quan","status":"publish","type":"page","link":"https:\/\/ludoan125.com\/index.php\/trang-chu\/van-hoa-co-so\/3-van-hoa-van-nghe\/15-bai-hat-quy-dinh-trong-quan-doi\/bai-hat-bac-dang-cung-chung-chau-hanh-quan\/","title":{"rendered":"B\u00e0i h\u00e1t B\u00e1c \u0111ang c\u00f9ng ch\u00fang ch\u00e1u h\u00e0nh qu\u00e2n"},"content":{"rendered":"<p style=\"text-align: center;\"><span style=\"font-size: 130%; color: #0000ff;\"><strong><span style=\"font-family: helvetica, arial, sans-serif;\">B\u00e0i h\u00e1t: B\u00e1c \u0111ang c\u00f9ng <br \/>ch\u00fang ch\u00e1u h\u00e0nh qu\u00e2n<\/span><\/strong><\/span><\/p>\n<div class=\"text-center\"><div class=\"is-divider divider clearfix\" style=\"margin-top:30px;margin-bottom:30px;max-width:200px;background-color:rgb(175, 23, 64);\"><\/div><\/div>\n<p style=\"text-align: center;\"><span style=\"font-family: helvetica, arial, sans-serif; font-size: 105%; color: #ed1c24;\"><em>N\u1ed9i dung \u0111ang ti\u1ebfp t\u1ee5c \u0111\u01b0\u1ee3c c\u1eadp nh\u1eadt&#8230;<\/em><\/span><\/p>\n","protected":false},"excerpt":{"rendered":"<p>B\u00e0i h\u00e1t: B\u00e1c \u0111ang c\u00f9ng ch\u00fang ch\u00e1u h\u00e0nh qu\u00e2n N\u1ed9i dung \u0111ang ti\u1ebfp t\u1ee5c \u0111\u01b0\u1ee3c c\u1eadp nh\u1eadt&#8230;<\/p>\n","protected":false},"author":1,"featured_media":0,"parent":847,"menu_order":0,"comment_status":"closed","ping_status":"closed","template":"","meta":{"footnotes":""},"class_list":["post-1259","page","type-page","status-publish","hentry"],"_links":{"self":[{"href":"https:\/\/ludoan125.com\/index.php\/wp-json\/wp\/v2\/pages\/1259","targetHints":{"allow":["GET"]}}],"collection":[{"href":"https:\/\/ludoan125.com\/index.php\/wp-json\/wp\/v2\/pages"}],"about":[{"href":"https:\/\/ludoan125.com\/index.php\/wp-json\/wp\/v2\/types\/page"}],"author":[{"embeddable":true,"href":"https:\/\/ludoan125.com\/index.php\/wp-json\/wp\/v2\/users\/1"}],"replies":[{"embeddable":true,"href":"https:\/\/ludoan125.com\/index.php\/wp-json\/wp\/v2\/comments?post=1259"}],"version-history":[{"count":4,"href":"https:\/\/ludoan125.com\/index.php\/wp-json\/wp\/v2\/pages\/1259\/revisions"}],"predecessor-version":[{"id":1570,"href":"https:\/\/ludoan125.com\/index.php\/wp-json\/wp\/v2\/pages\/1259\/revisions\/1570"}],"up":[{"embeddable":true,"href":"https:\/\/ludoan125.com\/index.php\/wp-json\/wp\/v2\/pages\/847"}],"wp:attachment":[{"href":"https:\/\/ludoan125.com\/index.php\/wp-json\/wp\/v2\/media?parent=1259"}],"curies":[{"name":"wp","href":"https:\/\/api.w.org\/{rel}","templated":true}]}}