{"id":1238,"date":"2024-12-08T09:18:28","date_gmt":"2024-12-08T09:18:28","guid":{"rendered":"https:\/\/ludoan125.com\/?page_id=1238"},"modified":"2024-12-25T17:43:43","modified_gmt":"2024-12-25T17:43:43","slug":"bai-hat-chao-mung-dang-cong-san-viet-nam","status":"publish","type":"page","link":"https:\/\/ludoan125.com\/index.php\/trang-chu\/van-hoa-co-so\/3-van-hoa-van-nghe\/15-bai-hat-quy-dinh-trong-quan-doi\/bai-hat-chao-mung-dang-cong-san-viet-nam\/","title":{"rendered":"B\u00e0i h\u00e1t Ch\u00e0o m\u1eebng \u0110\u1ea3ng c\u1ed9ng s\u1ea3n Vi\u1ec7t Nam"},"content":{"rendered":"<p style=\"text-align: center;\"><span style=\"font-size: 130%; color: #0000ff;\"><strong><span style=\"font-family: helvetica, arial, sans-serif;\">B\u00e0i h\u00e1t: Ch\u00e0o m\u1eebng \u0110CS Vi\u1ec7t Nam<\/span><\/strong><\/span><\/p>\n<div class=\"text-center\"><div class=\"is-divider divider clearfix\" style=\"margin-top:30px;margin-bottom:30px;max-width:200px;background-color:rgb(175, 23, 64);\"><\/div><\/div>\n<div class=\"row\"  id=\"row-754735864\">\n\n\t<div id=\"col-1624222637\" class=\"col small-12 large-12\"  >\n\t\t\t\t<div class=\"col-inner\" style=\"background-color:rgb(120, 32, 110);\" >\n\t\t\t\n\t\t\t\n<p style=\"text-align: center;\"><span style=\"font-family: helvetica, arial, sans-serif; font-size: 140%; color: #ffffff;\"><strong>File nh\u1ea1c kh\u00f4ng l\u1eddi<\/strong><\/span><\/p>\n\t\t<\/div>\n\t\t\t\t\n<style>\n#col-1624222637 > .col-inner {\n  padding: 20px 0px 5px 0px;\n  border-radius: 10px;\n}\n<\/style>\n\t<\/div>\n\n\t\n<\/div>\n<audio class=\"wp-audio-shortcode\" id=\"audio-1238-1\" preload=\"none\" style=\"width: 100%;\" controls=\"controls\"><source type=\"audio\/mpeg\" src=\"http:\/\/ludoan125.com\/wp-content\/uploads\/2024\/12\/Chao-mung-Dang-cong-san-Viet-Nam-karaoke-Chao-mung-dang-cong-san-Viet-Nam-beat1.mp3?_=1\" \/><a href=\"http:\/\/ludoan125.com\/wp-content\/uploads\/2024\/12\/Chao-mung-Dang-cong-san-Viet-Nam-karaoke-Chao-mung-dang-cong-san-Viet-Nam-beat1.mp3\">http:\/\/ludoan125.com\/wp-content\/uploads\/2024\/12\/Chao-mung-Dang-cong-san-Viet-Nam-karaoke-Chao-mung-dang-cong-san-Viet-Nam-beat1.mp3<\/a><\/audio>\n<p>\u00a0<\/p>\n<div class=\"row\"  id=\"row-2039194832\">\n\n\t<div id=\"col-13581347\" class=\"col small-12 large-12\"  >\n\t\t\t\t<div class=\"col-inner\" style=\"background-color:#00a0d2;\" >\n\t\t\t\n\t\t\t\n<p style=\"text-align: center;\"><span style=\"font-family: helvetica, arial, sans-serif; font-size: 140%; color: #ffffff;\"><strong>File nh\u1ea1c c\u00f3 l\u1eddi<\/strong><\/span><\/p>\n\t\t<\/div>\n\t\t\t\t\n<style>\n#col-13581347 > .col-inner {\n  padding: 20px 0px 5px 0px;\n  border-radius: 10px;\n}\n<\/style>\n\t<\/div>\n\n\t\n<\/div>\n<audio class=\"wp-audio-shortcode\" id=\"audio-1238-2\" preload=\"none\" style=\"width: 100%;\" controls=\"controls\"><source type=\"audio\/mpeg\" src=\"http:\/\/ludoan125.com\/wp-content\/uploads\/2024\/12\/Chao-Mung-Dang-Cong-San-Viet-Nam-Various-Artists.mp3?_=2\" \/><a href=\"http:\/\/ludoan125.com\/wp-content\/uploads\/2024\/12\/Chao-Mung-Dang-Cong-San-Viet-Nam-Various-Artists.mp3\">http:\/\/ludoan125.com\/wp-content\/uploads\/2024\/12\/Chao-Mung-Dang-Cong-San-Viet-Nam-Various-Artists.mp3<\/a><\/audio>\n<p style=\"text-align: center;\"><span style=\"color: #000000; font-family: helvetica, arial, sans-serif; font-size: 100%;\"><span style=\"color: #0000ff; font-family: helvetica, arial, sans-serif;\"><span style=\"font-size: 20.16px;\"><b><br \/>L\u1eddi b\u00e0i h\u00e1t: Ch\u00e0o m\u1eebng <br \/>\u0110\u1ea3ng C\u1ed9ng s\u1ea3n Vi\u1ec7t Nam<\/b><\/span><\/span><\/span><\/p>\n<p><span style=\"color: #0000ff; font-family: helvetica, arial, sans-serif; font-size: 100%;\">Nh\u1ea1c v\u00e0 l\u1eddi: \u0110\u1ed7 Minh<\/span><\/p>\n<p><span style=\"color: #000000; font-family: helvetica, arial, sans-serif; font-size: 105%;\">V\u1eebng tr\u1eddi \u0111\u00f4ng, \u00e1nh h\u1ed3ng t\u01b0\u01a1i s\u00e1ng b\u1eebng l\u00ean<\/span><br \/><span style=\"color: #000000; font-family: helvetica, arial, sans-serif; font-size: 105%;\">\u0110\u00e0n b\u1ed3 c\u00e2u tr\u1eafng bay v\u1ec1 trong n\u1eafng m\u1edbi<\/span><br \/><span style=\"color: #000000; font-family: helvetica, arial, sans-serif; font-size: 105%;\">Ng\u00e0n tri\u1ec7u d\u00e2n si\u1ebft tay nhau<\/span><br \/><span style=\"color: #000000; font-family: helvetica, arial, sans-serif; font-size: 105%;\">\u0110\u1ee9ng quanh \u0110\u1ea3ng C\u1ed9ng S\u1ea3n Vi\u1ec7t Nam<\/span><br \/><span style=\"color: #000000; font-family: helvetica, arial, sans-serif; font-size: 105%;\">Kh\u1ed1i k\u1ebft \u0111o\u00e0n c\u00f4ng n\u00f4ng b\u1ec1n v\u1eefng.<\/span><\/p>\n<p><span style=\"color: #000000; font-family: helvetica, arial, sans-serif; font-size: 105%;\">\u0110\u1eddi c\u1ea7n lao \u1ea5m t\u00ecnh y\u00eau ch\u00f3i ni\u1ec1m tin<\/span><br \/><span style=\"color: #000000; font-family: helvetica, arial, sans-serif; font-size: 105%;\">V\u00ec ng\u00e0y mai, \u1ea5m no t\u1ef1 do h\u1ea1nh ph\u00fac<\/span><br \/><span style=\"color: #000000; font-family: helvetica, arial, sans-serif; font-size: 105%;\">N\u00e0o c\u1ea7m tay s\u00e1t vai nhau<\/span><br \/><span style=\"color: #000000; font-family: helvetica, arial, sans-serif; font-size: 105%;\">S\u00fang b\u00faa li\u1ec1m tr\u00ean \u0111\u01b0\u1eddng tranh \u0111\u1ea5u<\/span><br \/><span style=\"color: #000000; font-family: helvetica, arial, sans-serif; font-size: 105%;\">T\u1edbi h\u00f2a b\u00ecnh, nh\u00e0 m\u00e1y b\u00faa r\u1ec1n<\/span><br \/><span style=\"color: #000000; font-family: helvetica, arial, sans-serif; font-size: 105%;\">L\u00faa v\u00e0ng ng\u1eadp \u0111\u1ed3ng.<\/span><\/p>\n<p><span style=\"color: #000000; font-family: helvetica, arial, sans-serif; font-size: 105%;\">\u0110\u1ea3ng C\u1ed9ng S\u1ea3n Vi\u1ec7t Nam<\/span><br \/><span style=\"color: #000000; font-family: helvetica, arial, sans-serif; font-size: 105%;\">V\u00ec nh\u00e2n d\u00e2n ti\u1ec1n phong \u0111\u1ea5u tranh.<\/span><\/p>\n<p style=\"text-align: left;\">\u00a0<\/p>\n<div class=\"text-center\"><div class=\"is-divider divider clearfix\" style=\"margin-top:30px;margin-bottom:30px;max-width:200px;background-color:rgb(175, 23, 64);\"><\/div><\/div>\n<p style=\"text-align: center;\"><span style=\"color: #000000; font-family: helvetica, arial, sans-serif; font-size: 100%;\"><span style=\"color: #0000ff; font-family: helvetica, arial, sans-serif;\"><span style=\"font-size: 20.16px;\"><b>S\u01a1 l\u01b0\u1ee3c v\u1ec1 t\u00e1c gi\u1ea3 v\u00e0 t\u00e1c ph\u1ea9m<\/b><\/span><\/span><\/span><\/p>\n\t<div class=\"box has-hover   has-hover box-text-bottom\" >\n\n\t\t<div class=\"box-image\" >\n\t\t\t\t\t\t<div class=\"\" >\n\t\t\t\t<img loading=\"lazy\" decoding=\"async\" width=\"719\" height=\"781\" src=\"https:\/\/ludoan125.com\/wp-content\/uploads\/2024\/12\/nhacsidominh.png\" class=\"attachment- size-\" alt=\"\" srcset=\"https:\/\/ludoan125.com\/wp-content\/uploads\/2024\/12\/nhacsidominh.png 719w, https:\/\/ludoan125.com\/wp-content\/uploads\/2024\/12\/nhacsidominh-276x300.png 276w\" sizes=\"auto, (max-width: 719px) 100vw, 719px\" \/>\t\t\t\t\t\t\t\t\t\t\t<\/div>\n\t\t\t\t\t<\/div>\n\n\t\t<div class=\"box-text text-center\" >\n\t\t\t<div class=\"box-text-inner\">\n\t\t\t\t\n<p style=\"text-align: center;\"><span style=\"font-family: helvetica, arial, sans-serif; font-size: 140%; color: #0000ff;\">Nh\u1ea1c s\u0129 \u0110\u1ed7 Minh (1925- 4\/2008)<\/span><\/p>\n\t\t\t<\/div>\n\t\t<\/div>\n\t<\/div>\n\t\n<p style=\"text-align: justify;\"><span style=\"font-family: helvetica, arial, sans-serif; font-size: 105%; color: #000000;\">Ca kh\u00fac \u201cV\u1eebng tr\u1eddi \u0111\u00f4ng\u201d, sau \u0111\u1ed5i th\u00e0nh \u201cCh\u00e0o m\u1eebng \u0110\u1ea3ng Lao \u0111\u1ed9ng Vi\u1ec7t Nam\u201d &#8211; nay l\u00e0 \u201cCh\u00e0o m\u1eebng \u0110\u1ea3ng C\u1ed9ng s\u1ea3n Vi\u1ec7t Nam\u201d, \u0111\u01b0\u1ee3c \u00f4ng vi\u1ebft trong th\u1eddi gian tham gia c\u00e1c chi\u1ebfn d\u1ecbch Bi\u00ean gi\u1edbi.<\/span><\/p>\n<p style=\"text-align: justify;\"><span style=\"font-family: helvetica, arial, sans-serif; font-size: 105%; color: #000000;\">N\u0103m 1951, trong kh\u00f4ng kh\u00ed ph\u1ea5n kh\u1edfi, t\u1ef1 h\u00e0o v\u00ec \u0110\u1ea3ng chu\u1ea9n b\u1ecb \u0110\u1ea1i h\u1ed9i to\u00e0n qu\u1ed1c l\u1ea7n th\u1ee9 2, ch\u00ednh th\u1ee9c tuy\u00ean b\u1ed1 ra c\u00f4ng khai, ti\u1ebfp t\u1ee5c l\u00e3nh \u0111\u1ea1o to\u00e0n d\u00e2n kh\u00e1ng chi\u1ebfn c\u1ee9u n\u01b0\u1edbc. Ngay \u0111\u00eam h\u00f4m \u0111\u00f3, \u0110\u1ed7 Minh \u0111\u00e3 ho\u00e0n th\u00e0nh ca kh\u00fac ban \u0111\u1ea7u l\u1ea5y t\u00ean \u201cV\u1eebng tr\u1eddi \u0111\u00f4ng\u201d, sau \u0111\u1ed3i th\u00e0nh \u201cCh\u00e0o m\u1eebng \u0110\u1ea3ng Lao \u0111\u1ed9ng Vi\u1ec7t Nam\u201d (v\u00e0 nay l\u00e0 \u201cCh\u00e0o m\u1eebng \u0110\u1ea3ng C\u1ed9ng s\u1ea3n Vi\u1ec7t Nam\u201d). L\u00fac \u0111\u00f3, nh\u1ea1c s\u0129 &#8211; chi\u1ebfn s\u0129 \u0110\u1ed7 Minh m\u1edbi 25 tu\u1ed5i, ch\u01b0a ph\u1ea3i \u0110\u1ea3ng vi\u00ean nh\u01b0ng v\u1edbi c\u1ea3m x\u00fac v\u1ec1 \u0110\u1ea3ng s\u00e2u s\u1eafc, d\u1ea1t d\u00e0o t\u1eeb tr\u00e1i tim, v\u1eeba \u0111\u00e0n v\u1eeba x\u01b0\u1edbng \u00e2m v\u00e0 gh\u00e9p l\u1eddi c\u1ee7a ca kh\u00fac \u0111\u1ec3 ho\u00e0n th\u00e0nh. Cu\u1ed9c kh\u00e1ng chi\u1ebfn do \u0110\u1ea3ng ta l\u00e3nh \u0111\u1ea1o nh\u01b0 m\u1ed9t l\u00e0n gi\u00f3 m\u1edbi th\u1ed5i v\u00e0o t\u00e2m h\u1ed3n \u00f4ng. V\u00e0 th\u1ebf l\u00e0 l\u1eddi ca b\u1ed7ng nh\u01b0 \u0111\u01b0\u1ee3c tung c\u00e1nh bay l\u00ean.<\/span><\/p>\n<p style=\"text-align: justify;\"><span style=\"font-family: helvetica, arial, sans-serif; font-size: 105%; color: #000000;\">Ca kh\u00fac ra \u0111\u1eddi ngay l\u1eadp t\u1ee9c \u0111\u01b0\u1ee3c c\u00f4ng ch\u00fang \u0111\u00f3n nh\u1eadn. Ban \u0111\u1ea7u, \u0111\u1ed3ng \u0111\u1ed9i trong \u0111\u01a1n v\u1ecb y\u00eau c\u1ea7u \u00f4ng d\u1ea1y, t\u1eadp h\u00e1t. Kh\u00f4ng ng\u1edd sau \u0111\u00f3 l\u1ea1i c\u00f3 s\u1ee9c lan t\u1ecfa ng\u00e0y c\u00e0ng r\u1ed9ng r\u00e3i. Ca kh\u00fac ng\u1eafn g\u1ecdn, d\u1ec5 thu\u1ed9c, d\u1ec5 h\u00e1t, th\u00edch h\u1ee3p v\u1edbi m\u1ecdi \u0111\u1ed1i t\u01b0\u1ee3ng. Giai \u0111i\u1ec7u v\u00e0 ca t\u1eeb trong s\u00e1ng, trang tr\u1ecdng, c\u00f3 t\u00ednh kh\u00e1i qu\u00e1t cao, c\u00f3 s\u1ee9c lay \u0111\u1ed9ng, c\u1ed5 v\u0169 m\u1ea1nh m\u1ebd c\u00e1c th\u1ebf h\u1ec7 qu\u1ea7n ch\u00fang c\u00e1ch m\u1ea1ng. T\u1ed5ng c\u1ee5c Ch\u00ednh tr\u1ecb ngay ng\u00e0y \u1ea5y \u0111\u00e3 ra ch\u1ec9 th\u1ecb in, sao l\u1ea1i \u0111\u1ec3 ph\u1ed5 bi\u1ebfn cho t\u1ea5t c\u1ea3 c\u00e1c \u0111\u01a1n v\u1ecb trong to\u00e0n qu\u00e2n nh\u1eb1m c\u1ed5 v\u0169, \u0111\u1ed9ng vi\u00ean tinh th\u1ea7n chi\u1ebfn \u0111\u1ea5u c\u1ee7a qu\u00e2n v\u00e0 d\u00e2n ta.<\/span><\/p>\n<p style=\"text-align: right;\"><span style=\"font-size: 95%; font-family: helvetica, arial, sans-serif; color: #0000ff;\"><em>S\u01b0u t\u1ea7m v\u00e0 bi\u00ean t\u1eadp: Ph\u1ea1m S\u01a1n H\u1ea3i &#8211; CT23.<\/em><\/span><\/p>\n","protected":false},"excerpt":{"rendered":"<p>B\u00e0i h\u00e1t: Ch\u00e0o m\u1eebng \u0110CS Vi\u1ec7t Nam \u00a0 L\u1eddi b\u00e0i h\u00e1t: Ch\u00e0o m\u1eebng \u0110\u1ea3ng C\u1ed9ng s\u1ea3n Vi\u1ec7t Nam Nh\u1ea1c v\u00e0 l\u1eddi: \u0110\u1ed7 Minh V\u1eebng tr\u1eddi \u0111\u00f4ng, \u00e1nh h\u1ed3ng t\u01b0\u01a1i s\u00e1ng b\u1eebng l\u00ean\u0110\u00e0n b\u1ed3 c\u00e2u tr\u1eafng bay v\u1ec1 trong n\u1eafng m\u1edbiNg\u00e0n tri\u1ec7u d\u00e2n si\u1ebft tay nhau\u0110\u1ee9ng quanh \u0110\u1ea3ng C\u1ed9ng S\u1ea3n Vi\u1ec7t NamKh\u1ed1i k\u1ebft \u0111o\u00e0n c\u00f4ng n\u00f4ng [&#8230;]\n","protected":false},"author":1,"featured_media":0,"parent":847,"menu_order":0,"comment_status":"closed","ping_status":"closed","template":"","meta":{"footnotes":""},"class_list":["post-1238","page","type-page","status-publish","hentry"],"_links":{"self":[{"href":"https:\/\/ludoan125.com\/index.php\/wp-json\/wp\/v2\/pages\/1238","targetHints":{"allow":["GET"]}}],"collection":[{"href":"https:\/\/ludoan125.com\/index.php\/wp-json\/wp\/v2\/pages"}],"about":[{"href":"https:\/\/ludoan125.com\/index.php\/wp-json\/wp\/v2\/types\/page"}],"author":[{"embeddable":true,"href":"https:\/\/ludoan125.com\/index.php\/wp-json\/wp\/v2\/users\/1"}],"replies":[{"embeddable":true,"href":"https:\/\/ludoan125.com\/index.php\/wp-json\/wp\/v2\/comments?post=1238"}],"version-history":[{"count":18,"href":"https:\/\/ludoan125.com\/index.php\/wp-json\/wp\/v2\/pages\/1238\/revisions"}],"predecessor-version":[{"id":1538,"href":"https:\/\/ludoan125.com\/index.php\/wp-json\/wp\/v2\/pages\/1238\/revisions\/1538"}],"up":[{"embeddable":true,"href":"https:\/\/ludoan125.com\/index.php\/wp-json\/wp\/v2\/pages\/847"}],"wp:attachment":[{"href":"https:\/\/ludoan125.com\/index.php\/wp-json\/wp\/v2\/media?parent=1238"}],"curies":[{"name":"wp","href":"https:\/\/api.w.org\/{rel}","templated":true}]}}