{"id":1183,"date":"2024-12-05T14:16:31","date_gmt":"2024-12-05T14:16:31","guid":{"rendered":"https:\/\/ludoan125.com\/?page_id=1183"},"modified":"2024-12-31T15:51:30","modified_gmt":"2024-12-31T15:51:30","slug":"huong-dan-dai-hoi-dang-cac-cap-lan-thu-xiv","status":"publish","type":"page","link":"https:\/\/ludoan125.com\/index.php\/trang-chu\/giao-duc-chinh-tri\/3-hoc-tap-nghi-quyet-chi-thi-thong-tu\/huong-dan-dai-hoi-dang-cac-cap-lan-thu-xiv\/","title":{"rendered":"H\u01b0\u1edbng d\u1eabn \u0111\u1ea1i h\u1ed9i \u0111\u1ea3ng c\u00e1c c\u1ea5p l\u1ea7n th\u1ee9 XIV"},"content":{"rendered":"<p style=\"text-align: center;\"><span style=\"color: #0000ff; font-size: 130%; font-family: helvetica, arial, sans-serif;\"><strong>H\u01b0\u1edbng d\u1eabn \u0111\u1ea1i h\u1ed9i \u0111\u1ea3ng c\u00e1c c\u1ea5p l\u1ea7n th\u1ee9 XIV<\/strong><\/span><\/p>\n<div class=\"text-center\"><div class=\"is-divider divider clearfix\" style=\"margin-top:30px;margin-bottom:30px;max-width:200px;background-color:rgb(175, 23, 64);\"><\/div><\/div>\n<div class=\"row\"  id=\"row-1655309716\">\n\n\t<div id=\"col-834647101\" class=\"col small-12 large-12\"  >\n\t\t\t\t<div class=\"col-inner\" style=\"background-color:rgb(171, 16, 16);\" >\n\t\t\t\n\t\t\t\n<p style=\"text-align: center;\"><a href=\"https:\/\/3s0745-my.sharepoint.com\/:f:\/g\/personal\/vancong_3s0745_onmicrosoft_com\/En0vd-kN9ENBqE47Dz-5MLcBPa5qo48sUCXIQyBh7GvT9g?e=3cLRJR\" target=\"_blank\" rel=\"noopener\"><span style=\"font-family: helvetica, arial, sans-serif; font-size: 130%; color: #ffffff;\"><strong>T\u00e0i li\u1ec7u h\u01b0\u1edbng d\u1eabn <br \/>\u0111\u1ea1i h\u1ed9i \u0111\u1ea3ng c\u00e1c c\u1ea5p<br \/><\/strong>(Nh\u1ea5n v\u00e0o \u0111\u00e2y \u0111\u1ec3 xem v\u00e0 t\u1ea3i v\u1ec1)<\/span><\/a><\/p>\n\t\t<\/div>\n\t\t\t\t\n<style>\n#col-834647101 > .col-inner {\n  padding: 20px 0px 5px 0px;\n  border-radius: 10px;\n}\n<\/style>\n\t<\/div>\n\n\t\n<\/div>\n<div class=\"row\"  id=\"row-483157323\">\n\n\t<div id=\"col-1215495465\" class=\"col small-12 large-12\"  >\n\t\t\t\t<div class=\"col-inner\" style=\"background-color:rgb(6, 104, 234);\" >\n\t\t\t\n\t\t\t\n<p style=\"text-align: center;\"><a href=\"https:\/\/ludoan125.com\/index.php\/trang-chu\/giao-duc-chinh-tri\/3-hoc-tap-nghi-quyet-chi-thi-thong-tu\/3-3-thong-tin-ve-cac-ky-dai-hoi-dang-toan-quoc\/quy-dinh-do-tuoi-cap-uy-vien\/\"><span style=\"color: #ffffff;\"><strong><span style=\"font-family: helvetica, arial, sans-serif; font-size: 130%;\">Quy \u0111\u1ecbnh \u0111\u1ed9 tu\u1ed5i c\u1ea5p \u1ee7y vi\u00ean <br \/>nhi\u1ec7m k\u1ef3 2025-2030<\/span><\/strong><\/span><\/a><\/p>\n\t\t<\/div>\n\t\t\t\t\n<style>\n#col-1215495465 > .col-inner {\n  padding: 20px 0px 5px 0px;\n  border-radius: 10px;\n}\n<\/style>\n\t<\/div>\n\n\t\n<\/div>\n<div class=\"row\"  id=\"row-663633945\">\n\n\t<div id=\"col-1940342884\" class=\"col small-12 large-12\"  >\n\t\t\t\t<div class=\"col-inner\" style=\"background-color:#16191c;\" >\n\t\t\t\n\t\t\t\n<p style=\"text-align: center;\"><a href=\"https:\/\/ludoan125.com\/index.php\/trang-chu\/giao-duc-chinh-tri\/3-hoc-tap-nghi-quyet-chi-thi-thong-tu\/huong-dan-dai-hoi-dang-cac-cap-lan-thu-xiv\/khau-hieu-tuyen-truyen-dai-hoi-dang\/\"><span style=\"color: #ffffff; font-family: helvetica, arial, sans-serif;\"><span style=\"font-size: 18.72px;\"><b>Kh\u1ea9u hi\u1ec7u tuy\u00ean truy\u1ec1n \u0111\u1ea1i h\u1ed9i \u0111\u1ea3ng<\/b><\/span><\/span><\/a><\/p>\n\t\t<\/div>\n\t\t\t\t\n<style>\n#col-1940342884 > .col-inner {\n  padding: 20px 0px 5px 0px;\n  border-radius: 10px;\n}\n<\/style>\n\t<\/div>\n\n\t\n<\/div>\n","protected":false},"excerpt":{"rendered":"<p>H\u01b0\u1edbng d\u1eabn \u0111\u1ea1i h\u1ed9i \u0111\u1ea3ng c\u00e1c c\u1ea5p l\u1ea7n th\u1ee9 XIV<\/p>\n","protected":false},"author":1,"featured_media":0,"parent":324,"menu_order":0,"comment_status":"closed","ping_status":"closed","template":"","meta":{"footnotes":""},"class_list":["post-1183","page","type-page","status-publish","hentry"],"_links":{"self":[{"href":"https:\/\/ludoan125.com\/index.php\/wp-json\/wp\/v2\/pages\/1183","targetHints":{"allow":["GET"]}}],"collection":[{"href":"https:\/\/ludoan125.com\/index.php\/wp-json\/wp\/v2\/pages"}],"about":[{"href":"https:\/\/ludoan125.com\/index.php\/wp-json\/wp\/v2\/types\/page"}],"author":[{"embeddable":true,"href":"https:\/\/ludoan125.com\/index.php\/wp-json\/wp\/v2\/users\/1"}],"replies":[{"embeddable":true,"href":"https:\/\/ludoan125.com\/index.php\/wp-json\/wp\/v2\/comments?post=1183"}],"version-history":[{"count":18,"href":"https:\/\/ludoan125.com\/index.php\/wp-json\/wp\/v2\/pages\/1183\/revisions"}],"predecessor-version":[{"id":1678,"href":"https:\/\/ludoan125.com\/index.php\/wp-json\/wp\/v2\/pages\/1183\/revisions\/1678"}],"up":[{"embeddable":true,"href":"https:\/\/ludoan125.com\/index.php\/wp-json\/wp\/v2\/pages\/324"}],"wp:attachment":[{"href":"https:\/\/ludoan125.com\/index.php\/wp-json\/wp\/v2\/media?parent=1183"}],"curies":[{"name":"wp","href":"https:\/\/api.w.org\/{rel}","templated":true}]}}