{"id":10,"date":"2024-11-09T04:50:42","date_gmt":"2024-11-09T04:50:42","guid":{"rendered":"https:\/\/ludoan125.com\/?page_id=10"},"modified":"2024-12-15T13:58:01","modified_gmt":"2024-12-15T13:58:01","slug":"trang-chu","status":"publish","type":"page","link":"https:\/\/ludoan125.com\/","title":{"rendered":"Trang Ch\u1ee7"},"content":{"rendered":"<div class=\"row\"  id=\"row-1695420107\">\n\n\t<div id=\"col-169651275\" class=\"col small-12 large-12\"  >\n\t\t\t\t<div class=\"col-inner text-center\"  >\n\t\t\t\n\t\t\t\n\t<div class=\"img has-hover x md-x lg-x y md-y lg-y\" id=\"image_629329616\">\n\t\t\t\t\t\t\t\t<div class=\"img-inner dark\" >\n\t\t\t<img loading=\"lazy\" decoding=\"async\" width=\"1041\" height=\"1041\" src=\"https:\/\/ludoan125.com\/wp-content\/uploads\/2024\/11\/LOGO-LU-DOAN.jpg\" class=\"attachment-original size-original\" alt=\"\" srcset=\"https:\/\/ludoan125.com\/wp-content\/uploads\/2024\/11\/LOGO-LU-DOAN.jpg 1041w, https:\/\/ludoan125.com\/wp-content\/uploads\/2024\/11\/LOGO-LU-DOAN-300x300.jpg 300w, https:\/\/ludoan125.com\/wp-content\/uploads\/2024\/11\/LOGO-LU-DOAN-1024x1024.jpg 1024w, https:\/\/ludoan125.com\/wp-content\/uploads\/2024\/11\/LOGO-LU-DOAN-150x150.jpg 150w, https:\/\/ludoan125.com\/wp-content\/uploads\/2024\/11\/LOGO-LU-DOAN-768x768.jpg 768w\" sizes=\"auto, (max-width: 1041px) 100vw, 1041px\" \/>\t\t\t\t\t\t\n\t\t\t\t\t<\/div>\n\t\t\t\t\t\t\t\t\n<style>\n#image_629329616 {\n  width: 75%;\n}\n<\/style>\n\t<\/div>\n\t\n\t\t<\/div>\n\t\t\t\t\t<\/div>\n\n\t\n<\/div>\n\t<div id=\"text-3803298132\" class=\"text\">\n\t\t\n<p><span style=\"font-size: 100%; color: #003300; font-family: arial, helvetica, sans-serif;\"><span style=\"color: #0000ff;\">https:\/\/ludoan125.com<\/span><br \/><span style=\"color: #003300;\"><span style=\"color: #000080; font-size: 110%;\"><b>L\u1eee \u0110O\u00c0N 125 V\u00d9NG 2 H\u1ea2I QU\u00c2N<\/b><\/span><br \/><span style=\"color: #0000ff; font-size: 90%;\"><strong>TRANG TH\u00d4NG TIN \u0110I\u1ec6N T\u1eec NG\u00c0NH TUY\u00caN HU\u1ea4N<\/strong><\/span><\/span><\/span><\/p>\n\t\t\n<style>\n#text-3803298132 {\n  line-height: 1.75;\n  text-align: center;\n}\n<\/style>\n\t<\/div>\n\t\n<div class=\"text-center\"><div class=\"is-divider divider clearfix\" style=\"margin-top:35px;margin-bottom:35px;max-width:250px;background-color:#de7c7d;\"><\/div><\/div>\n<div class=\"row row-small\"  id=\"row-983694379\">\n\n\t<div id=\"col-1149139492\" class=\"col small-12 large-12\"  >\n\t\t\t\t<div class=\"col-inner text-center\" style=\"background-color:#740938;\" >\n\t\t\t\n\t\t\t\n\t<div id=\"text-630918956\" class=\"text\">\n\t\t\n<p style=\"text-align: center;\"><a href=\"https:\/\/ludoan125.com\/index.php\/trang-chu\/gioi-thieu-chung\/\"><span style=\"color: #ffffff; font-size: 150%;\"><strong><span style=\"font-family: helvetica, arial, sans-serif;\">GI\u1edaI THI\u1ec6U CHUNG<\/span><\/strong><\/span><\/a><\/p>\n\t\t\n<style>\n#text-630918956 {\n  font-size: 1rem;\n  line-height: 1.5;\n  text-align: center;\n}\n<\/style>\n\t<\/div>\n\t\n\t\t<\/div>\n\t\t\t\t\n<style>\n#col-1149139492 > .col-inner {\n  padding: 20px 0px 2px 0px;\n  margin: 0px 0px 0px 0px;\n  border-radius: 10px;\n}\n<\/style>\n\t<\/div>\n\n\t\n<\/div>\n<div class=\"row\"  id=\"row-867597819\">\n\n\t<div id=\"col-646802140\" class=\"col small-12 large-12\"  >\n\t\t\t\t<div class=\"col-inner text-center\" style=\"background-color:rgb(175, 23, 64);\" >\n\t\t\t\n\t\t\t\n<p style=\"text-align: center;\"><a href=\"https:\/\/ludoan125.com\/index.php\/trang-chu\/giao-duc-chinh-tri\/\"><span style=\"font-size: 150%; color: #ffffff;\"><strong><span style=\"font-family: helvetica, arial, sans-serif;\">GI\u00c1O D\u1ee4C CH\u00cdNH TR\u1eca<\/span><\/strong><\/span><\/a><\/p>\n\t\t<\/div>\n\t\t\t\t\n<style>\n#col-646802140 > .col-inner {\n  padding: 20px 0px 2px 0px;\n  border-radius: 10px;\n}\n<\/style>\n\t<\/div>\n\n\t\n<\/div>\n<div class=\"row\"  id=\"row-450820009\">\n\n\t<div id=\"col-1968168153\" class=\"col small-12 large-12\"  >\n\t\t\t\t<div class=\"col-inner\" style=\"background-color:rgb(204, 43, 82);\" >\n\t\t\t\n\t\t\t\n<p style=\"text-align: center;\"><a href=\"https:\/\/ludoan125.com\/index.php\/trang-chu\/tuyen-truyen-co-dong\/\"><strong><span style=\"font-family: helvetica, arial, sans-serif; font-size: 150%; color: #ffffff;\">TUY\u00caN TRUY\u1ec0N C\u1ed4 \u0110\u1ed8NG<\/span><\/strong><\/a><\/p>\n\t\t<\/div>\n\t\t\t\t\n<style>\n#col-1968168153 > .col-inner {\n  padding: 20px 0px 2px 0px;\n  border-radius: 10px;\n}\n<\/style>\n\t<\/div>\n\n\t\n<\/div>\n<div class=\"row\"  id=\"row-1049663822\">\n\n\t<div id=\"col-15575914\" class=\"col small-12 large-12\"  >\n\t\t\t\t<div class=\"col-inner\" style=\"background-color:rgb(222, 124, 125);\" >\n\t\t\t\n\t\t\t\n<p style=\"text-align: center;\"><a href=\"https:\/\/ludoan125.com\/index.php\/trang-chu\/van-hoa-co-so\/\"><span style=\"font-family: helvetica, arial, sans-serif; font-size: 150%; color: #ffffff;\"><strong>V\u0102N H\u00d3A C\u01a0 S\u1ede<\/strong><\/span><\/a><\/p>\n\t\t<\/div>\n\t\t\t\t\n<style>\n#col-15575914 > .col-inner {\n  padding: 20px 0px 2px 0px;\n  border-radius: 10px;\n}\n<\/style>\n\t<\/div>\n\n\t\n<\/div>\n<div class=\"row\"  id=\"row-1707848327\">\n\n\t<div id=\"col-1973595561\" class=\"col small-12 large-12\"  >\n\t\t\t\t<div class=\"col-inner\" style=\"background-color:#78206e;\" >\n\t\t\t\n\t\t\t\n<p style=\"text-align: center;\"><a href=\"https:\/\/ludoan125.com\/index.php\/trang-chu\/thi-dua-khen-thuong\/\"><span style=\"color: #ffffff;\"><strong><span style=\"font-family: helvetica, arial, sans-serif; font-size: 150%;\">THI \u0110UA KHEN TH\u01af\u1edeNG<\/span><\/strong><\/span><\/a><\/p>\n\t\t<\/div>\n\t\t\t\t\n<style>\n#col-1973595561 > .col-inner {\n  padding: 20px 0px 2px 0px;\n  border-radius: 10px;\n}\n<\/style>\n\t<\/div>\n\n\t\n<\/div>\n<div class=\"row\"  id=\"row-2038710163\">\n\n\t<div id=\"col-1266575000\" class=\"col small-12 large-12\"  >\n\t\t\t\t<div class=\"col-inner\" style=\"background-color:rgb(231, 64, 56);\" >\n\t\t\t\n\t\t\t\n<p style=\"text-align: center;\"><a href=\"https:\/\/ludoan125.com\/index.php\/trang-chu\/thong-tin-huu-ich\/\"><span style=\"color: #ffffff;\"><strong><span style=\"font-family: helvetica, arial, sans-serif; font-size: 150%;\">TH\u00d4NG TIN H\u1eeeU \u00cdCH<\/span><\/strong><\/span><\/a><\/p>\n\t\t<\/div>\n\t\t\t\t\n<style>\n#col-1266575000 > .col-inner {\n  padding: 20px 0px 2px 0px;\n  border-radius: 10px;\n}\n<\/style>\n\t<\/div>\n\n\t\n<\/div>\n","protected":false},"excerpt":{"rendered":"","protected":false},"author":1,"featured_media":0,"parent":0,"menu_order":0,"comment_status":"closed","ping_status":"closed","template":"","meta":{"footnotes":""},"class_list":["post-10","page","type-page","status-publish","hentry"],"_links":{"self":[{"href":"https:\/\/ludoan125.com\/index.php\/wp-json\/wp\/v2\/pages\/10","targetHints":{"allow":["GET"]}}],"collection":[{"href":"https:\/\/ludoan125.com\/index.php\/wp-json\/wp\/v2\/pages"}],"about":[{"href":"https:\/\/ludoan125.com\/index.php\/wp-json\/wp\/v2\/types\/page"}],"author":[{"embeddable":true,"href":"https:\/\/ludoan125.com\/index.php\/wp-json\/wp\/v2\/users\/1"}],"replies":[{"embeddable":true,"href":"https:\/\/ludoan125.com\/index.php\/wp-json\/wp\/v2\/comments?post=10"}],"version-history":[{"count":90,"href":"https:\/\/ludoan125.com\/index.php\/wp-json\/wp\/v2\/pages\/10\/revisions"}],"predecessor-version":[{"id":493,"href":"https:\/\/ludoan125.com\/index.php\/wp-json\/wp\/v2\/pages\/10\/revisions\/493"}],"wp:attachment":[{"href":"https:\/\/ludoan125.com\/index.php\/wp-json\/wp\/v2\/media?parent=10"}],"curies":[{"name":"wp","href":"https:\/\/api.w.org\/{rel}","templated":true}]}}